{"id":76140,"date":"2020-11-07T15:57:16","date_gmt":"2020-11-07T13:57:16","guid":{"rendered":"https:\/\/nefertiti-eg.com\/shop\/non%20class\u00e9\/kit-perte-de-poids\/"},"modified":"2022-05-28T14:09:55","modified_gmt":"2022-05-28T12:09:55","slug":"weight-loss-kit","status":"publish","type":"product","link":"https:\/\/nefertiti-eg.com\/fr\/shop\/oil-kits\/weight-loss-kit\/","title":{"rendered":"Kit Perte de Poids"},"content":{"rendered":"<p><span style=\"font-weight: 400;\">La lutte contre l&rsquo;exc\u00e8s de poids peut \u00eatre difficile pour beaucoup. C&rsquo;est pourquoi nous avons s\u00e9lectionn\u00e9 cette gamme sp\u00e9ciale d&rsquo;huiles, qui peuvent favoriser une perte de poids saine et efficace.<\/span><\/p>\n<p><b>L&rsquo;huile de graines de rucola<\/b><span style=\"font-weight: 400;\"> est une aide naturelle dans la lutte contre le surpoids. Cette huile est \u00e9galement connue comme un br\u00fbleur de graisse naturel, elle est riche en calcium et en iode, ainsi qu&rsquo;en vitamines C et K, et a un effet positif sur le m\u00e9tabolisme, facilite le processus digestif en lib\u00e9rant des enzymes qui facilitent la digestion et \u00e9liminent la congestion intestinale, favorisant ainsi la perte de poids.\u00a0<\/span><\/p>\n<p><b>L&rsquo;huile de p\u00e9pins de laitue<\/b><span style=\"font-weight: 400;\"> contient des vitamines A, C et K, ainsi que des min\u00e9raux et surtout de l&rsquo;acide folique, ce qui favorise une digestion efficace et am\u00e9liore le m\u00e9tabolisme des graisses. En tant que diur\u00e9tique naturel, cette huile soutient la lutte contre le surpoids li\u00e9 \u00e0 la r\u00e9tention d&rsquo;eau. Une autre aide \u00e0 l&rsquo;amincissement est la capacit\u00e9 de cette huile \u00e0 supprimer une sensation de faim.<\/span><\/p>\n<p><b>L&rsquo;huile de graines noires<\/b><span style=\"font-weight: 400;\">, riche en vitamines, min\u00e9raux et acides gras essentiels, poss\u00e8de des propri\u00e9t\u00e9s antibact\u00e9riennes et anti-inflammatoires. Il est connu pour aider au traitement des affections du tube digestif et pour r\u00e9duire l&rsquo;inflammation associ\u00e9e \u00e0 l&rsquo;ob\u00e9sit\u00e9 et pour r\u00e9duire les ballonnements.<\/span><\/p>\n","protected":false},"excerpt":{"rendered":"<p><strong>Kit Perte de Poids <\/strong><br \/>\n<strong>Huile de Graine de Rucola 200ml <\/strong><br \/>\n<strong>Huile de Graine de Laitue 125 ml<\/strong><br \/>\n<strong>Huile de Graine Noire 200ml<\/strong><\/p>\n","protected":false},"featured_media":276369,"comment_status":"open","ping_status":"closed","template":"","meta":[],"product_brand":[],"product_cat":[667],"product_tag":[],"class_list":{"0":"post-76140","1":"product","2":"type-product","3":"status-publish","4":"has-post-thumbnail","6":"product_cat-oil-kits","7":"product_shipping_class-free-shipping-fr","9":"first","10":"instock","11":"sale","12":"shipping-taxable","13":"purchasable","14":"product-type-simple"},"_links":{"self":[{"href":"https:\/\/nefertiti-eg.com\/fr\/wp-json\/wp\/v2\/product\/76140","targetHints":{"allow":["GET"]}}],"collection":[{"href":"https:\/\/nefertiti-eg.com\/fr\/wp-json\/wp\/v2\/product"}],"about":[{"href":"https:\/\/nefertiti-eg.com\/fr\/wp-json\/wp\/v2\/types\/product"}],"replies":[{"embeddable":true,"href":"https:\/\/nefertiti-eg.com\/fr\/wp-json\/wp\/v2\/comments?post=76140"}],"wp:featuredmedia":[{"embeddable":true,"href":"https:\/\/nefertiti-eg.com\/fr\/wp-json\/wp\/v2\/media\/276369"}],"wp:attachment":[{"href":"https:\/\/nefertiti-eg.com\/fr\/wp-json\/wp\/v2\/media?parent=76140"}],"wp:term":[{"taxonomy":"product_brand","embeddable":true,"href":"https:\/\/nefertiti-eg.com\/fr\/wp-json\/wp\/v2\/product_brand?post=76140"},{"taxonomy":"product_cat","embeddable":true,"href":"https:\/\/nefertiti-eg.com\/fr\/wp-json\/wp\/v2\/product_cat?post=76140"},{"taxonomy":"product_tag","embeddable":true,"href":"https:\/\/nefertiti-eg.com\/fr\/wp-json\/wp\/v2\/product_tag?post=76140"}],"curies":[{"name":"wp","href":"https:\/\/api.w.org\/{rel}","templated":true}]}}