{"id":76141,"date":"2019-09-07T17:36:02","date_gmt":"2019-09-07T15:36:02","guid":{"rendered":"https:\/\/nefertiti-eg.com\/shop\/non%20class\u00e9\/kit-de-soins-de-sante\/"},"modified":"2022-05-28T13:27:31","modified_gmt":"2022-05-28T11:27:31","slug":"kit-de-soins-de-sante","status":"publish","type":"product","link":"https:\/\/nefertiti-eg.com\/fr\/shop\/oil-kits\/kit-de-soins-de-sante\/","title":{"rendered":"Kit de soins de sant\u00e9"},"content":{"rendered":"<p><span style=\"font-weight: 400;\">Une s\u00e9lection sp\u00e9ciale d&rsquo;huiles, chacune d&rsquo;entre elles favorisant la sant\u00e9 naturelle gr\u00e2ce \u00e0 leurs propri\u00e9t\u00e9s de lutte contre les maladies. Ces huiles sont sp\u00e9cifiquement choisies pour prot\u00e9ger le corps de l&rsquo;int\u00e9rieur, elles peuvent gu\u00e9rir les maux existants et avoir de merveilleux bienfaits pour les cheveux et les soins de la peau.<\/span><\/p>\n<p><b>L&rsquo;huile de graine noire<\/b><span style=\"font-weight: 400;\"> fait des merveilles pour votre sant\u00e9! Compar\u00e9 aux 5 meilleurs antibiotiques par les scientifiques, son utilisation pour la sant\u00e9 est vaste : \u00c9crase les calculs r\u00e9naux, lutte contre le cancer, abaisse le cholest\u00e9rol sanguin, aide aux affections bronchiques et am\u00e9liore le syst\u00e8me digestif pour n&rsquo;en nommer que quelques-uns. L&rsquo;huile de graine noire renforce globalement le syst\u00e8me immunitaire. Cette huile est un rem\u00e8de parfait pour les affections cutan\u00e9es et les plaies, elle favorise \u00e9galement la croissance rapide de cheveux forts et sains. C\u2019est aussi un excellent produit pour les hommes, afin de sublimer leurs moments intimes.<\/span><\/p>\n<p><b>L&rsquo;huile de noix<\/b><span style=\"font-weight: 400;\"> est pleine d&rsquo;acides gras et est riche en vitamines K et E, en phosphore et en zinc. D\u00e9toxifiante et nourrissante, elle stimule le cerveau, augmente les capacit\u00e9s de concentration et am\u00e9liore la m\u00e9moire. Elle nettoie les parois des vaisseaux sanguins, prot\u00e8ge le c\u0153ur et r\u00e9duit le cholest\u00e9rol. L&rsquo;huile de noix a un effet antitumoral, aide \u00e0 la pr\u00e9vention des maladies des os et des articulations et aide aux troubles du syst\u00e8me digestif.<\/span><\/p>\n<p><b>L&rsquo;huile de graines de carotte<\/b><span style=\"font-weight: 400;\"> offre des propri\u00e9t\u00e9s antimicrobiennes, antioxydantes et anti-inflammatoires, renforce le syst\u00e8me immunitaire, nettoie le syst\u00e8me sanguin et lymphatique et est un diur\u00e9tique efficace. C&rsquo;est une huile particuli\u00e8rement b\u00e9n\u00e9fique pour les yeux. En plus de cicatriser les \u00e9ruptions cutan\u00e9es et de soulager les \u00e9ruptions cutan\u00e9es, l&rsquo;huile de carotte rajeunit la peau, la resserre et la raffermit. Les vitamines A et E contenues dans cette huile, renforcent les cheveux, pr\u00e9viennent la chute des cheveux et exaltent leur brillance naturelle.<\/span><\/p>\n","protected":false},"excerpt":{"rendered":"<p><b>Kit de soins de sant\u00e9<br \/>\n<\/b><b>L&rsquo;huile de graine noire<br \/>\n<\/b><b>Huile de noix<br \/>\n<\/b><b>Huile de graine de carotte<\/b><\/p>\n","protected":false},"featured_media":282646,"comment_status":"open","ping_status":"closed","template":"","meta":[],"product_brand":[],"product_cat":[667],"product_tag":[],"class_list":{"0":"post-76141","1":"product","2":"type-product","3":"status-publish","4":"has-post-thumbnail","6":"product_cat-oil-kits","7":"product_shipping_class-free-shipping-fr","9":"first","10":"outofstock","11":"sale","12":"shipping-taxable","13":"purchasable","14":"product-type-simple"},"_links":{"self":[{"href":"https:\/\/nefertiti-eg.com\/fr\/wp-json\/wp\/v2\/product\/76141","targetHints":{"allow":["GET"]}}],"collection":[{"href":"https:\/\/nefertiti-eg.com\/fr\/wp-json\/wp\/v2\/product"}],"about":[{"href":"https:\/\/nefertiti-eg.com\/fr\/wp-json\/wp\/v2\/types\/product"}],"replies":[{"embeddable":true,"href":"https:\/\/nefertiti-eg.com\/fr\/wp-json\/wp\/v2\/comments?post=76141"}],"wp:featuredmedia":[{"embeddable":true,"href":"https:\/\/nefertiti-eg.com\/fr\/wp-json\/wp\/v2\/media\/282646"}],"wp:attachment":[{"href":"https:\/\/nefertiti-eg.com\/fr\/wp-json\/wp\/v2\/media?parent=76141"}],"wp:term":[{"taxonomy":"product_brand","embeddable":true,"href":"https:\/\/nefertiti-eg.com\/fr\/wp-json\/wp\/v2\/product_brand?post=76141"},{"taxonomy":"product_cat","embeddable":true,"href":"https:\/\/nefertiti-eg.com\/fr\/wp-json\/wp\/v2\/product_cat?post=76141"},{"taxonomy":"product_tag","embeddable":true,"href":"https:\/\/nefertiti-eg.com\/fr\/wp-json\/wp\/v2\/product_tag?post=76141"}],"curies":[{"name":"wp","href":"https:\/\/api.w.org\/{rel}","templated":true}]}}