{"id":82890,"date":"2020-11-09T17:43:33","date_gmt":"2020-11-09T15:43:33","guid":{"rendered":"https:\/\/nefertiti-eg.com\/shop\/non%20class\u00e9\/82890\/"},"modified":"2024-11-13T16:47:49","modified_gmt":"2024-11-13T14:47:49","slug":"soins-des-pieds","status":"publish","type":"product","link":"https:\/\/nefertiti-eg.com\/fr\/shop\/oil-kits\/soins-des-pieds\/","title":{"rendered":"Soins des pieds"},"content":{"rendered":"<p><span style=\"font-weight: 400;\">Nous prenons souvent nos pieds pour acquis, en abusant et en les n\u00e9gligeant r\u00e9guli\u00e8rement, en oubliant que les pieds sont essentiels \u00e0 notre qualit\u00e9 de vie. Nous avons rassembl\u00e9 cet ensemble d&rsquo;huiles indispensables pour aider \u00e0 r\u00e9soudre et \u00e0 pr\u00e9venir les probl\u00e8mes, en veillant \u00e0 ce que ces pieds heureux dansent avec sant\u00e9 et soient toujours pr\u00eats \u00e0 nous servir.<br \/>\n<\/span><span style=\"font-weight: 400;\">Nos pieds sont les parties de notre corps les plus n\u00e9glig\u00e9es lorsqu&rsquo;il s&rsquo;agit de soins appropri\u00e9s. Pourtant, nous leur demandons beaucoup, oubliant que les pieds sont essentiels \u00e0 notre qualit\u00e9 de vie. Gardez ces pieds heureux en les nourrissant avec ces huiles soigneusement formul\u00e9es afin de r\u00e9soudre et de pr\u00e9venir les probl\u00e8mes, en veillant \u00e0 ce qu&rsquo;ils continuent \u00e0 bien nous servir.<br \/>\n<\/span><b>L&rsquo;huile d&rsquo;eucalyptus<\/b><span style=\"font-weight: 400;\"> aide \u00e0 raviver ces pieds endoloris. Ses propri\u00e9t\u00e9s anti-inflammatoires soulagent la douleur et les courbatures. Pendant ce temps, la <\/span><span style=\"font-weight: 400;\">d\u00e9sodorisante capacit\u00e9 de l&rsquo;huile d&rsquo;eucalyptus, en plus des propri\u00e9t\u00e9s antimicrobiennes et antibact\u00e9riennes, tiendra \u00e0 distance les odeurs et les troubles fongiques.<br \/>\n<\/span><b>L&rsquo;huile de lavande<\/b><span style=\"font-weight: 400;\"> est apaisante, calmante et l\u00e9g\u00e8rement s\u00e9dative, ce qui, combin\u00e9e \u00e0 ses propri\u00e9t\u00e9s antiseptiques, antifongiques, cicatrisantes et d\u00e9sodorisantes, en fait l&rsquo;huile parfaite pour chouchouter ses pieds maltrait\u00e9s. Cette huile aide \u00e9galement \u00e0 apaiser les muscles endoloris et \u00e0 combattre les infections des ongles ou des pieds.<br \/>\n<\/span><b>L&rsquo;huile d&rsquo;arbre \u00e0 th\u00e9<\/b><span style=\"font-weight: 400;\"> est utilis\u00e9e depuis des si\u00e8cles pour combattre les bact\u00e9ries, les virus et les champignons. Elle a des effets anti-inflammatoires, antiseptiques et apaisants. En tant qu&rsquo;antiseptique naturel, L\u2019arbre \u00e0 th\u00e9 peut \u00e9liminer les inflammations chroniques et aigu\u00ebs, \u00e9liminer les poches et les d\u00e9mangeaisons, les rougeurs et les irritations. Laissez ses pouvoirs revigorants raviver vos pieds.<br \/>\n<\/span><b>L&rsquo;huile d&rsquo;encens<\/b><span style=\"font-weight: 400;\">, \u00e9galement connue sous le nom de \u00abreine des huiles\u00bb,<\/span><span style=\"font-weight: 400;\"> celle-ci favorise le renouvellement cutan\u00e9, augmente les propri\u00e9t\u00e9s r\u00e9g\u00e9n\u00e9rantes, gu\u00e9rit les blessures, les coupures et les inflammations et emp\u00eache la croissance des microbes sur la peau. Appliquez sur la plante de vos pieds pour ressentir une chaleur instantan\u00e9e, apaisant et <\/span><span style=\"font-weight: 400;\">rajeunissant les pieds, tout en <\/span><span style=\"font-weight: 400;\">relaxant l&rsquo;esprit et le corps.<br \/>\n<\/span><b>L&rsquo;huile de menthe poivr\u00e9e<\/b> <span style=\"font-weight: 400;\">procure instantan\u00e9ment une sensation de refroidissement, d&rsquo;apaisement et de fra\u00eecheur aux pieds douloureux, irrit\u00e9s ou br\u00fblants. Cette huile a des propri\u00e9t\u00e9s analg\u00e9siques, antispasmodiques et anti-inflammatoires, et est un analg\u00e9sique naturel pour les pieds et les muscles endoloris.<br \/>\n<\/span><b>L&rsquo;huile de romarin<\/b><span style=\"font-weight: 400;\"> a des propri\u00e9t\u00e9s analg\u00e9siques pour les pieds et les muscles endoloris. Riche en propri\u00e9t\u00e9s anti-inflammatoires, antibact\u00e9riennes et antifongiques, cette huile stimule la circulation sanguine, soulage la douleur et acc\u00e9l\u00e8re la cicatrisation des plaies.<br \/>\n<\/span><b>Huile de citronnelle<\/b> <span style=\"font-weight: 400;\">poss\u00e8de des propri\u00e9t\u00e9s antibact\u00e9riennes, antifongiques et antiseptiques. Mieux encore, il est plus efficace que de nombreux d\u00e9odorants synth\u00e9tiques. Cette huile \u00e9quilibre la production de sueur, tout en \u00e9liminant et en \u00e9vitant toute autre odeur.\u00a0\u00a0<\/span><\/p>\n","protected":false},"excerpt":{"rendered":"<p><b>Kit de soins des pieds<br \/>\n<\/b><b>Huile d&rsquo;eucalyptus 50 ml<br \/>\n<\/b><b>Huile de lavande 50 ml<br \/>\n<\/b><b>Huile d&rsquo;arbre \u00e0 th\u00e9 50 ml<br \/>\n<\/b><b>Huile d&rsquo;encens 50ml<br \/>\n<\/b><b>Huile de menthe poivr\u00e9e 50 ml<br \/>\n<\/b><b>Huile de romarin 50 ml<br \/>\n<\/b><b>Huile de Citronnelle 60 ml<br \/>\n<\/b><b>35 + 40 + 45 + 40 + 35 + 38 + 40 + 14 = 287 $ &lt;200 $ Poids 1200&gt;<\/b><\/p>\n","protected":false},"featured_media":288455,"comment_status":"open","ping_status":"closed","template":"","meta":[],"product_brand":[],"product_cat":[667],"product_tag":[],"class_list":{"0":"post-82890","1":"product","2":"type-product","3":"status-publish","4":"has-post-thumbnail","6":"product_cat-oil-kits","7":"product_shipping_class-free-shipping-fr","9":"first","10":"instock","11":"sale","12":"shipping-taxable","13":"purchasable","14":"product-type-simple"},"_links":{"self":[{"href":"https:\/\/nefertiti-eg.com\/fr\/wp-json\/wp\/v2\/product\/82890","targetHints":{"allow":["GET"]}}],"collection":[{"href":"https:\/\/nefertiti-eg.com\/fr\/wp-json\/wp\/v2\/product"}],"about":[{"href":"https:\/\/nefertiti-eg.com\/fr\/wp-json\/wp\/v2\/types\/product"}],"replies":[{"embeddable":true,"href":"https:\/\/nefertiti-eg.com\/fr\/wp-json\/wp\/v2\/comments?post=82890"}],"wp:featuredmedia":[{"embeddable":true,"href":"https:\/\/nefertiti-eg.com\/fr\/wp-json\/wp\/v2\/media\/288455"}],"wp:attachment":[{"href":"https:\/\/nefertiti-eg.com\/fr\/wp-json\/wp\/v2\/media?parent=82890"}],"wp:term":[{"taxonomy":"product_brand","embeddable":true,"href":"https:\/\/nefertiti-eg.com\/fr\/wp-json\/wp\/v2\/product_brand?post=82890"},{"taxonomy":"product_cat","embeddable":true,"href":"https:\/\/nefertiti-eg.com\/fr\/wp-json\/wp\/v2\/product_cat?post=82890"},{"taxonomy":"product_tag","embeddable":true,"href":"https:\/\/nefertiti-eg.com\/fr\/wp-json\/wp\/v2\/product_tag?post=82890"}],"curies":[{"name":"wp","href":"https:\/\/api.w.org\/{rel}","templated":true}]}}