{"id":83864,"date":"2015-05-29T15:47:39","date_gmt":"2015-05-29T13:47:39","guid":{"rendered":"https:\/\/nefertiti-eg.com\/shop\/non%20class\u00e9\/83864\/"},"modified":"2024-12-10T16:33:59","modified_gmt":"2024-12-10T14:33:59","slug":"hazelnut-oil","status":"publish","type":"product","link":"https:\/\/nefertiti-eg.com\/fr\/shop\/essential-oils\/hazelnut-oil\/","title":{"rendered":"Huile de noisette"},"content":{"rendered":"<h3><b>Huile de noisette &#8211; propri\u00e9t\u00e9s<\/b><\/h3>\n<p><span style=\"font-weight: 400;\">Cette huile merveilleuse emp\u00eache une augmentation du taux de cholest\u00e9rol, pr\u00e9vient les maladies vasculaires, a un effet de renforcement g\u00e9n\u00e9ral sur un corps affaibli ou en d\u00e9veloppement, aide \u00e0 \u00e9liminer les n\u00e9vroses et est efficace pour les probl\u00e8mes articulaires. L&rsquo;huile de noisette a une teneur en prot\u00e9ines tr\u00e8s \u00e9lev\u00e9e, qui peut \u00eatre assimil\u00e9e aux produits carn\u00e9s. C&rsquo;est un produit nutritionnel id\u00e9al avec un rapport impeccable de min\u00e9raux et d&rsquo;acides amin\u00e9s pour favoriser une absorption compl\u00e8te. Avec une utilisation r\u00e9guli\u00e8re d&rsquo;huile de noisette, un m\u00e9tabolisme complet et un ralentissement du processus de vieillissement sont garantis. Cette huile peut \u00eatre prise m\u00eame avec les r\u00e9gimes les plus stricts en raison de sa teneur en glucides presque nulle. En tant qu&rsquo;agent prophylactique, il pr\u00e9vient les maladies musculaires et cardiaques, les varices, le cancer des organes digestifs, favorise l&rsquo;\u00e9limination des toxines et stimule le nettoyage du corps. Il est recommand\u00e9 d&rsquo;utiliser r\u00e9guli\u00e8rement l&rsquo;huile de noisette naturelle et en raison de la forte concentration de calcium &#8211; pour renforcer le tissu osseux et les dents, la plaque des ongles et les paroies des vaisseaux sanguins. L&rsquo;huile de noisette naturelle contient du cuivre, du phosphore, du potassium, du calcium, du zinc, de l&rsquo;iode, du fer, du soufre, des vitamines A, E, des om\u00e9ga-3,6,9, des vitamines B, ce qui est utile dans le traitement complexe des maladies cardiaques, de la fatigue chronique, de l&rsquo;hypertension , angine de poitrine, ath\u00e9roscl\u00e9rose, an\u00e9mie. L&rsquo;huile essentielle de noisette apporte une am\u00e9lioration significative de la sant\u00e9 psychologique et physique d&rsquo;une personne. Il aide \u00e0 lutter contre l&rsquo;excitabilit\u00e9 nerveuse \u00e9lev\u00e9e et les effets du stress, et augmente l&rsquo;efficacit\u00e9.\u00a0<\/span><\/p>\n<h3><b>Huile de noisette &#8211; pr\u00e9vention et traitement du cancer<\/b><\/h3>\n<p><span style=\"font-weight: 400;\">L\u2019huile de noisette contient une substance unique qui combat les cellules canc\u00e9reuses : le paclitaxel. Des recherches scientifiques r\u00e9centes ont montr\u00e9 que l&rsquo;huile de noisette naturelle peut aider \u00e0 ralentir la prolif\u00e9ration des cellules canc\u00e9reuses. L&rsquo;utilisation interne \u00e0 long terme et r\u00e9guli\u00e8re d&rsquo;huile de noisette naturelle emp\u00eache la croissance des cellules canc\u00e9reuses. <\/span><span style=\"font-weight: 400;\">\u00a0<\/span><\/p>\n<h3><b>Huile de noisette Antioxydante\u00a0<\/b><\/h3>\n<p><span style=\"font-weight: 400;\">Les propri\u00e9t\u00e9s antioxydantes de l&rsquo;huile de noisette naturelle ralentissent le processus de vieillissement et prot\u00e8gent le corps humain des effets n\u00e9fastes des radicaux libres.<\/span><\/p>\n<h3><b>Huile essentielle de noisette pour les soins de la peau<\/b><\/h3>\n<p><span style=\"font-weight: 400;\">L&rsquo;huile naturelle de noisette agit comme un excellent \u00e9mollient et hydratant car elle contient un certain nombre d&rsquo;acides gras essentiels. L&rsquo;huile essentielle de noisette peut \u00eatre utilis\u00e9e seule ou ajout\u00e9e aux produits de beaut\u00e9. L&rsquo;huile est instantan\u00e9ment absorb\u00e9e, procurant un effet rafra\u00eechissant, matifiant et resserrant les pores. Elle r\u00e9tablit l&rsquo;\u00e9quilibre normal des graisses de la peau. Cet effet est plus prononc\u00e9 sur les peaux grasses et \u00e0 probl\u00e8mes.<\/span><span style=\"font-weight: 400;\"> Mais cette huile convient \u00e0 tous les types de peau. Il poss\u00e8de d&rsquo;excellentes propri\u00e9t\u00e9s toniques, nourrissantes et hydratantes. Un effet lifting est perceptible sur la peau vieillissante. On pense que la noisette est l&rsquo;une des meilleures huiles pour le traitement de la rosac\u00e9e. Parfait pour le soin des l\u00e8vres et des peaux sensibles du contour des yeux. L&rsquo;huile de noisette rajeunit, hydrate, tonifie la peau, la soulage de la desquamation et des rougeurs.<\/span><\/p>\n<h3><b>Huile de noisette pour la nourriture<\/b><\/h3>\n<p><span style=\"font-weight: 400;\">Le go\u00fbt sucr\u00e9 d\u00e9licat de l&rsquo;huile de noisette naturelle souligne ses excellentes propri\u00e9t\u00e9s en tant qu&rsquo;additif alimentaire dans divers plats. Il peut \u00eatre utilis\u00e9 dans de nombreuses salades ou sauces diff\u00e9rentes et dans les produits de boulangerie. La saveur de l&rsquo;huile de noisette se marie bien avec les agrumes, les framboises et d&rsquo;autres ingr\u00e9dients naturels. L&rsquo;huile de noisette naturelle est populaire aupr\u00e8s des grands chefs, et ils l&rsquo;utilisent souvent dans les salades compos\u00e9es d\u2019une vari\u00e9t\u00e9 d&rsquo;aliments sains.<\/span><span style=\"font-weight: 400;\">\u00a0<\/span><\/p>\n<h3><b>Huile de noisette pour les cheveux<\/b><\/h3>\n<p><span style=\"font-weight: 400;\">Le frottement r\u00e9gulier de cette huile sur le cuir chevelu emp\u00eache la chute des cheveux, renforce les follicules pileux et nourrit en profondeur les cheveux et le cuir chevelu. L&rsquo;huile de noisette peut \u00eatre utilis\u00e9e comme exhausteur de couleur naturel pour les cheveux color\u00e9s. Il pr\u00e9vient la chute des cheveux et les pellicules.<\/span><\/p>\n<p>&nbsp;<\/p>\n","protected":false},"excerpt":{"rendered":"<p><strong>Huile essentielle de noisette.<br \/>\n<\/strong><strong>Marque :<\/strong>\u00a0N\u00e9fertiti pour les huiles naturelles et les herbes<br \/>\n<strong>Livraison\u00a0:<\/strong>\u00a0Calcul\u00e9 \u00e0 la caisse<br \/>\n<strong>Pays d\u2019origine :<\/strong>\u00a0Europe et Asie occidentale, des \u00eeles britanniques du sud \u00e0 la p\u00e9ninsule ib\u00e9rique, en passant par la Gr\u00e8ce, la Turquie et Chypre, du nord au centre de la Scandinavie et \u00e0 l\u2019est du centre de l\u2019Oural, le Caucase.<br \/>\n<strong>Nom botanique :<\/strong>\u00a0Corylus avellana.<br \/>\n<strong>Nom de famille :<\/strong>\u00a0Corylus.<br \/>\n<strong>INCI :<\/strong>\u00a0huile de graines de Corylus Avellana (Noisette).<br \/>\n<strong>Noms communs :<\/strong>\u00a0Aveline, Cobnut, \u0456\u0449\u0438\u043d\u0430, F\u0131nd\u0131k, Leszczyna, \u0444\u0443\u043d\u0434\u0443\u043a, \u30b7 \u30d0 \u30df \u5c5e, etc.<br \/>\n<strong>Parties utilis\u00e9es :<\/strong>\u00a0Noix.<br \/>\n<strong>M\u00e9thode d\u2019extraction :<\/strong>\u00a0distillation \u00e0 la vapeur.<br \/>\n<strong>Odeur :<\/strong>\u00a0L\u00e9g\u00e8re saveur de noisette.<br \/>\n<strong>Apparence :<\/strong>\u00a0jaune p\u00e2le.<br \/>\n<strong>Etat physique :<\/strong>\u00a0liquide<br \/>\n<strong>Naturel :<\/strong>\u00a0oui<br \/>\n<strong>Puret\u00e9 :<\/strong>\u00a0100%<br \/>\n<strong>Certifi\u00e9 ISO :<\/strong>\u00a0oui<\/p>\n","protected":false},"featured_media":56912,"comment_status":"open","ping_status":"closed","template":"","meta":[],"product_brand":[],"product_cat":[273],"product_tag":[],"class_list":{"0":"post-83864","1":"product","2":"type-product","3":"status-publish","4":"has-post-thumbnail","6":"product_cat-essential-oils","7":"pa_bottle-size-200-ml","8":"pa_bottle-size-300-ml","10":"first","11":"outofstock","12":"shipping-taxable","13":"purchasable","14":"product-type-variable","15":"has-default-attributes"},"_links":{"self":[{"href":"https:\/\/nefertiti-eg.com\/fr\/wp-json\/wp\/v2\/product\/83864","targetHints":{"allow":["GET"]}}],"collection":[{"href":"https:\/\/nefertiti-eg.com\/fr\/wp-json\/wp\/v2\/product"}],"about":[{"href":"https:\/\/nefertiti-eg.com\/fr\/wp-json\/wp\/v2\/types\/product"}],"replies":[{"embeddable":true,"href":"https:\/\/nefertiti-eg.com\/fr\/wp-json\/wp\/v2\/comments?post=83864"}],"wp:featuredmedia":[{"embeddable":true,"href":"https:\/\/nefertiti-eg.com\/fr\/wp-json\/wp\/v2\/media\/56912"}],"wp:attachment":[{"href":"https:\/\/nefertiti-eg.com\/fr\/wp-json\/wp\/v2\/media?parent=83864"}],"wp:term":[{"taxonomy":"product_brand","embeddable":true,"href":"https:\/\/nefertiti-eg.com\/fr\/wp-json\/wp\/v2\/product_brand?post=83864"},{"taxonomy":"product_cat","embeddable":true,"href":"https:\/\/nefertiti-eg.com\/fr\/wp-json\/wp\/v2\/product_cat?post=83864"},{"taxonomy":"product_tag","embeddable":true,"href":"https:\/\/nefertiti-eg.com\/fr\/wp-json\/wp\/v2\/product_tag?post=83864"}],"curies":[{"name":"wp","href":"https:\/\/api.w.org\/{rel}","templated":true}]}}