{"id":58115,"date":"2019-11-21T18:41:24","date_gmt":"2019-11-21T16:41:24","guid":{"rendered":"https:\/\/wordpress-237795-1094026.cloudwaysapps.com\/atsaukimo-politika\/"},"modified":"2021-08-07T17:01:38","modified_gmt":"2021-08-07T15:01:38","slug":"atsaukimo-politika","status":"publish","type":"page","link":"https:\/\/nefertiti-eg.com\/lt\/atsaukimo-politika\/","title":{"rendered":"at\u0161aukimo politika"},"content":{"rendered":"<p>Jei gausime prane\u0161im\u0105 apie at\u0161aukim\u0105 ir u\u017esakymas nebuvo i\u0161si\u0173stas, mes at\u0161auksime u\u017esakym\u0105 ir gr\u0105\u017einsime vis\u0105 sum\u0105. Jau i\u0161si\u0173sti u\u017esakymai nebus at\u0161aukti.<\/p>\n<p>Tam tikromis aplinkyb\u0117mis mums gali b\u016bti ne\u012fmanoma priimti u\u017esakymo ir mes galime b\u016bti priversti t\u0105 pat\u012f at\u0161aukti. Mes pasiliekame teis\u0119 atsisakyti arba at\u0161aukti bet kok\u012f u\u017esakym\u0105 d\u0117l bet kokios prie\u017easties savo nuo\u017ei\u016bra. Kai kurios situacijos, d\u0117l kuri\u0173 j\u016bs\u0173 u\u017esakymas gali b\u016bti at\u0161auktas, gali b\u016bti:<\/p>\n<p>&#8211; Galim\u0173 \u012fsigyti kieki\u0173 apribojimai<\/p>\n<p>&#8211; Informacijos apie produkt\u0105 ar kain\u0173 netikslumai ar klaidos<\/p>\n<p>&#8211; M\u016bs\u0173 kredito ir suk\u010diavimo vengimo skyriaus nustatytos problemos<\/p>\n<p>Mes taip pat galime papra\u0161yti papildomo patvirtinimo ar informacijos prie\u0161 priimdami ir apdorodami bet kok\u012f u\u017esakym\u0105. M\u016bs\u0173 klient\u0173 aptarnavimo tarnyba susisieks su jumis, jei visa ar bet kuri j\u016bs\u0173 u\u017esakymo dalis bus at\u0161aukta arba jei mums reik\u0117s papildomos informacijos, kad gal\u0117tume priimti j\u016bs\u0173 u\u017esakym\u0105.<\/p>\n<p>Jei u\u017esakymas at\u0161aukiamas po to, kai j\u016bs\u0173 kredito kortel\u0117\/debeto kortel\u0117 jau buvo apmokestinta, apmokestinta suma bus gr\u0105\u017einta \u012f j\u016bs\u0173 kortel\u0117s s\u0105skait\u0105. Klientas sutinka negin\u010dyti m\u016bs\u0173 priimto sprendimo ir priimti m\u016bs\u0173 sprendim\u0105 d\u0117l at\u0161aukimo.<\/p>\n<h3><strong>PRISTATYMO IR PRISTATYMO POLITIKA<\/strong><\/h3>\n<p>Nefertiti\u201c nat\u016braliems aliejams ir \u017eolel\u0117ms tiekia ir pristato savo produktus beveik visose pasaulio dalyse.<br \/>\nVisi i\u0161ankstinio apmok\u0117jimo u\u017esakymai bus i\u0161si\u0173sti per 3-4 dienas nuo gauto mok\u0117jimo. U\u017etikrinama, kad b\u016bt\u0173 siun\u010diami \u0161vie\u017ei produktai.<br \/>\nSiun\u010diame visas dienas, i\u0161skyrus penktadien\u012f ir valstybines \u0161ventes.<br \/>\nPristatymo metu nepasiekiamas: m\u016bs\u0173 pristatymo partneriai bandys pristatyti paket\u0105 tris kartus, kol jis nebus gr\u0105\u017eintas \u012f m\u016bs\u0173 sand\u0117l\u012f. Rekomenduojame pristatymo adrese nurodyti vis\u0105 adres\u0105 ir mobiliojo telefono numer\u012f, kad pristatymas b\u016bt\u0173 greitesnis.<br \/>\nPristatymo kainos ir laikas<br \/>\nVisose aptarnaujamose srityse pristatymo laikas b\u016bt\u0173 ma\u017edaug 5\u20139 darbo dienos, kai apdorosime pristatym\u0105.<\/p>\n<h3><strong>MOK\u0116JIMO POLITIKA<\/strong><\/h3>\n<p>J\u016bs\u0173 pirkini\u0173 krep\u0161elis yra priglobtas ir apsaugotas \u201ePayPal\u201c. U\u017e pirkinius galite sumok\u0117ti:<\/p>\n<p>Kredito kortele, nereikalaujant tur\u0117ti \u201ePayPal\u201c s\u0105skaitos.<\/p>\n<p>\u201ePayPal\u201c mok\u0117jimo modulis padeda apsaugoti j\u016bs\u0173 kredito kortel\u0117s informacij\u0105, naudojant geriausias rinkoje esan\u010dias saugumo ir apsisaugojimo nuo suk\u010diavimo sistemas. Kai naudojate \u201ePayPal\u201c, j\u016bs\u0173 finansin\u0117 informacija niekada nebendrinama su prekybininku.<\/p>\n<p>Naudojant \u201ePayPal\u201c s\u0105skait\u0105. Operacija bus rodoma j\u016bs\u0173 paskyroje.<\/p>\n<p>Jei neturite kredito kortel\u0117s ar \u201ePayPal\u201c s\u0105skaitos, u\u017esakymo kain\u0105 galite apmok\u0117ti banko pavedimu, \u0161iuo atveju pervedimo mokestis priklauso klientui.<\/p>\n<div id=\"gtx-trans\" style=\"position: absolute; left: 84px; top: 49px;\">\n<div class=\"gtx-trans-icon\"><\/div>\n<\/div>\n","protected":false},"excerpt":{"rendered":"<p>Jei gausime prane\u0161im\u0105 apie at\u0161aukim\u0105 ir u\u017esakymas nebuvo i\u0161si\u0173stas, mes at\u0161auksime u\u017esakym\u0105 ir gr\u0105\u017einsime vis\u0105 sum\u0105. Jau i\u0161si\u0173sti u\u017esakymai nebus at\u0161aukti. Tam tikromis aplinkyb\u0117mis mums gali b\u016bti ne\u012fmanoma priimti u\u017esakymo ir mes galime b\u016bti priversti t\u0105 pat\u012f at\u0161aukti. Mes pasiliekame teis\u0119 atsisakyti arba at\u0161aukti bet kok\u012f u\u017esakym\u0105 d\u0117l bet kokios prie\u017easties savo nuo\u017ei\u016bra. Kai kurios [&hellip;]<\/p>\n","protected":false},"author":5,"featured_media":0,"parent":0,"menu_order":0,"comment_status":"closed","ping_status":"closed","template":"","meta":{"footnotes":""},"class_list":["post-58115","page","type-page","status-publish","hentry"],"_links":{"self":[{"href":"https:\/\/nefertiti-eg.com\/lt\/wp-json\/wp\/v2\/pages\/58115","targetHints":{"allow":["GET"]}}],"collection":[{"href":"https:\/\/nefertiti-eg.com\/lt\/wp-json\/wp\/v2\/pages"}],"about":[{"href":"https:\/\/nefertiti-eg.com\/lt\/wp-json\/wp\/v2\/types\/page"}],"author":[{"embeddable":true,"href":"https:\/\/nefertiti-eg.com\/lt\/wp-json\/wp\/v2\/users\/5"}],"replies":[{"embeddable":true,"href":"https:\/\/nefertiti-eg.com\/lt\/wp-json\/wp\/v2\/comments?post=58115"}],"version-history":[{"count":0,"href":"https:\/\/nefertiti-eg.com\/lt\/wp-json\/wp\/v2\/pages\/58115\/revisions"}],"wp:attachment":[{"href":"https:\/\/nefertiti-eg.com\/lt\/wp-json\/wp\/v2\/media?parent=58115"}],"curies":[{"name":"wp","href":"https:\/\/api.w.org\/{rel}","templated":true}]}}