{"id":53638,"date":"2015-06-15T00:39:56","date_gmt":"2015-06-14T22:39:56","guid":{"rendered":"https:\/\/wordpress-237795-1094026.cloudwaysapps.com\/shop\/be-kategorijos\/sesame-oil\/"},"modified":"2023-01-09T15:54:11","modified_gmt":"2023-01-09T13:54:11","slug":"sesame-oil","status":"publish","type":"product","link":"https:\/\/nefertiti-eg.com\/lt\/shop\/natural-oils\/sesame-oil\/","title":{"rendered":"Sezamo s\u0117kl\u0173 aliejus"},"content":{"rendered":"<h3><span style=\"font-size: 12pt;\"><strong>Vitaminai ir mineralai<\/strong><\/span><\/h3>\n<p><span style=\"font-size: 12pt;\">Sezamo s\u0117klos \u2013 tai nat\u016bralus daugyb\u0117s maistini\u0173 med\u017eiag\u0173 ir vitamin\u0173, o taip pat skaidul\u0173 \u0161altinis, kuris yra neatsiejamas \u012fvairi\u0173 lig\u0173 prevencijos ir gydymo pagrindas. Sezamo s\u0117kl\u0173 aliejus turtingas vitaminais A, B grupe, C, E, K.\u00a0 \u0160is aliejus pasi\u017eymi \u017emogaus organizmui b\u016btin\u0173 mikroelement\u0173 gausa, toki\u0173 kaip: kalcis, varis, fosforas, gele\u017eis, magnis, cinkas).\u00a0 Sezamo s\u0117kl\u0173 aliejuje sutinkamas nema\u017eas kiekis fitoestrogen\u0173 ir nepakei\u010diam\u0173 omega-3 riebal\u0173 r\u016bg\u0161\u010di\u0173: so\u010di\u0173j\u0173, mononeso\u010di\u0173j\u0173, polineso\u010di\u0173j\u0173 riebal\u0173 r\u016bg\u0161\u010di\u0173. Sezamo s\u0117kl\u0173 aliejus yra puikus vitamino E (antioksidantas) \u0161altinis .<\/span><\/p>\n<h3><span style=\"font-size: 14pt;\"><strong>Kaip tai veikia<\/strong><\/span><\/h3>\n<p><span style=\"font-size: 12pt;\">Lyginant su kitais augaliniais aliejais, sezamo s\u0117kl\u0173 aliejuje yra did\u017eiausias kiekis kalcio. Kalcis ir fitoestrogenai nepakei\u010diami gydant kaul\u0173 strukt\u016bros pa\u017eeidim\u0173 ligas ir b\u016btini siekiant \u0161i\u0173 lig\u0173 i\u0161vengti. Sezamo s\u0117kl\u0173 aliejus ypatingai rekomenduojamas ir pla\u010diai naudojamas gydant daugelio jungiamojo audinio ir raumen\u0173, bei kaul\u0173-skeleto strukt\u016btros pakitim\u0173 ar pa\u017eeidim\u0173\u00a0 ligas. Reguliariai vartojamas nedidelis sezamo s\u0117kl\u0173 aliejaus kiekis kasdien apr\u016bpina \u017emogaus organizm\u0105 paros kalcio norma. Jis pripa\u017eintas geriausiu nat\u016braliu preparatu osteoporoz\u0117s prevencijai ir gydymui. Reguliarus sezamo s\u0117kl\u0173 aliejaus vartojimas atkuria pa\u017eeist\u0105 kaulinio audinio strukt\u016br\u0105. Sezamo s\u0117kl\u0173 aliejus yra rekomenduojamas po mechanini\u0173 kaul\u0173 ir mink\u0161t\u0173j\u0173 auduni\u0173 traum\u0173. Ypatingai rekomenduojamas vyresnio am\u017eiaus\u00a0 \u017emon\u0117ms, taip pat vaikams ir paaugliams- j\u0173 augimo laikotarpiu.<\/span><\/p>\n<h3><span style=\"font-size: 14pt;\"><strong>Sezamo s\u0117kl\u0173 aliejus medicinoje<\/strong><\/span><\/h3>\n<p><span style=\"font-size: 12pt;\">Sezamo s\u0117kl\u0173 aliejus labai populiarus kaip sud\u0117tin\u0117 kompleksinio \u0161irdies \u2013kraujagysli\u0173 lig\u0173, kasos veiklos sutrikim\u0173, kaul\u0173 osteoporoz\u0117s (kaul\u0173 i\u0161ret\u0117jimo) gydymo dalis. Turtingas vitaminais ir mirkoelementais ir tod\u0117l rekomenduojamas i\u0161sekinto organizmo atstatymui. Turi \u0161veln\u0173 raminamaj\u012f poveik\u012f ir padeda \u0161alinant pneumonijos, bronchin\u0117s astmos, sauso kosulio, ir dusulio simptomus. Ypatingai rekomenduojamas daugelyje dietini\u0173 program\u0173 ir turi savyb\u0119 ma\u017einti skrand\u017eio sul\u010di\u0173 r\u016bg\u0161tingum\u0105. Sezamo s\u0117kl\u0173 aliejus labai pla\u010diai naudojamas \u0161irdies ir kraujagysli\u0173 lig\u0173 prevencijai ir gydymui , nes stiprina kraujagysli\u0173 sieneles ir didina j\u0173 elastingum\u0105. Gana da\u017enai naudojamas kepen\u0173 lig\u0173 ir tul\u017eies p\u016bsl\u0117s diskinezijos gydyme, kadangi turi \u012ftakos savalaikiam tul\u017eies nutek\u0117jimui. Taip pat gan da\u017enai sezamo s\u0117kl\u0173 aliejus naudojamas kompleksiniame skydliauk\u0117s, anemijos, ir hemoroidini\u0173 mazg\u0173 tromboz\u0117s gydyme.<\/span><\/p>\n<h3><span style=\"font-size: 14pt;\"><strong>Burnos erm\u0117s ir rykl\u0117s ligos<\/strong><\/span><\/h3>\n<p><span style=\"font-size: 12pt;\">Sezamo aliejus turi antibakterini\u0173 ir prie\u0161u\u017edegimini\u0173 savybi\u0173, tod\u0117l rekomenduojamas gingivito ir periodontito gydymui \u00a0ir dant\u0173 akmen\u0173 \u0161alinimui. Burnos infekcijos atveju rekomenduojamas burnos skalavimas naudojant sezamo s\u0117kl\u0173 aliej\u0173.<\/span><\/p>\n<p><span style=\"font-size: 14pt;\"><strong>\u0160veln<\/strong><strong>ios odos prie\u017ei\u016br<\/strong><strong>a<\/strong><\/span><\/p>\n<p><span style=\"font-size: 12pt;\">Puikiai mink\u0161tina ir maitina od\u0105. Sezamo s\u0117kl\u0173 aliejus idealiai tinka naudoti kaip bazinis aliejus masa\u017eui ir yra ypatingai rekomenduojamas \u0161velnios k\u016bdiki\u0173 odos prie\u017ei\u016brai. \u0160is aliejus yra naudojamas \u017ealing\u0173 saul\u0117s spinduli\u0173 pa\u017eeistos ar nudegintos odos strukt\u016bros atk\u016brimui. Reguliarus sezamo s\u0117kl\u0173 aliejaus naudojimas padeda gydyti \u017eaizdas, kaul\u0173 strukt\u016bros pa\u017eeidimus,taip pat ramina sudirgusi\u0105 od\u0105.<\/span><\/p>\n","protected":false},"excerpt":{"rendered":"<h3 style=\"font-weight: initial; font-size: 20px;\">Sezamo s\u0117kl\u0173 aliejus<\/h3>\n<p><span style=\"font-size: 12pt;\"><b>Gamintojas:<\/b><span style=\"font-weight: 400;\"> Nefertiti nat\u016bral\u016bs aliejai ir vaista\u017eol\u0117s<\/span><\/span><br \/>\n<span style=\"font-size: 12pt;\"><b>Pristatymo kaina:<\/b><span style=\"font-weight: 400;\"> apskai\u010diuojama atsiskaitant u\u017e pirkinius<\/span><\/span><br \/>\n<span style=\"font-size: 12pt;\"><b>Kilm\u0117s \u0161alis:<\/b><span style=\"font-weight: 400;\"> Indija<\/span><\/span><br \/>\n<span style=\"font-size: 12pt;\"><b>Botaninis pavadinimas:<\/b><span style=\"font-weight: 400;\"> Sezamas (lot. Sesamum)<\/span><\/span><br \/>\n<span style=\"font-size: 12pt;\"><b>\u0160eima:<\/b><span style=\"font-weight: 400;\"> Pedalijiniai<\/span><\/span><br \/>\n<span style=\"font-size: 12pt;\"><b>INCI:<\/b><span style=\"font-weight: 400;\"> Sesamum Indicum (Sesame) Seed Oil<\/span><\/span><br \/>\n<span style=\"font-size: 12pt;\"><b>Kiti pavadinimai:<\/b><span style=\"font-weight: 400;\"> beniseed, Gingelly, Simsim \u062c\u0644\u062c\u0644\u0627\u0646 , \u829d\u9ebb, Harilik seesam, Sezam indyjski, Ajonjol\u00ed, indinis sezamas, vakarinis sezamas.<\/span><\/span><br \/>\n<span style=\"font-size: 12pt;\"><b>Naudojamos dalys:<\/b><span style=\"font-weight: 400;\"> s\u0117klos<\/span><\/span><br \/>\n<span style=\"font-size: 12pt;\"><b>I\u0161gavimo metodas:<\/b><span style=\"font-weight: 400;\"> \u0161altas spaudimas<\/span><\/span><br \/>\n<span style=\"font-size: 12pt;\"><b>Kvapas:<\/b><span style=\"font-weight: 400;\"> \u0161velnus rie\u0161ut\u0173<\/span><\/span><br \/>\n<span style=\"font-size: 12pt;\"><b>Spalva:<\/b><span style=\"font-weight: 400;\"> \u0161viesiai geltona<\/span><\/span><br \/>\n<span style=\"font-size: 12pt;\"><b>Fizin\u0117 b\u016bkl\u0117:<\/b><span style=\"font-weight: 400;\"> skystis<\/span><\/span><br \/>\n<span style=\"font-size: 12pt;\"><b>Nat\u016bralus:<\/b><span style=\"font-weight: 400;\"> Taip<\/span><\/span><br \/>\n<span style=\"font-size: 12pt;\"><b>Grynumas:<\/b><span style=\"font-weight: 400;\"> 100%<\/span><\/span><br \/>\n<span style=\"font-size: 12pt;\"><b>ISO sertifikatas:<\/b><span style=\"font-weight: 400;\"> sertifikuota<\/span><\/span><\/p>\n","protected":false},"featured_media":275222,"comment_status":"open","ping_status":"closed","template":"","meta":[],"product_brand":[],"product_cat":[186],"product_tag":[],"class_list":{"0":"post-53638","1":"product","2":"type-product","3":"status-publish","4":"has-post-thumbnail","6":"product_cat-natural-oils","7":"pa_bottle-size-125-ml-lt","8":"pa_bottle-size-200-ml-lt","9":"pa_bottle-size-300-ml-lt","10":"pa_bottle-size-500-ml-lt","12":"first","13":"instock","14":"sale","15":"shipping-taxable","16":"purchasable","17":"product-type-variable","18":"has-default-attributes"},"_links":{"self":[{"href":"https:\/\/nefertiti-eg.com\/lt\/wp-json\/wp\/v2\/product\/53638","targetHints":{"allow":["GET"]}}],"collection":[{"href":"https:\/\/nefertiti-eg.com\/lt\/wp-json\/wp\/v2\/product"}],"about":[{"href":"https:\/\/nefertiti-eg.com\/lt\/wp-json\/wp\/v2\/types\/product"}],"replies":[{"embeddable":true,"href":"https:\/\/nefertiti-eg.com\/lt\/wp-json\/wp\/v2\/comments?post=53638"}],"wp:featuredmedia":[{"embeddable":true,"href":"https:\/\/nefertiti-eg.com\/lt\/wp-json\/wp\/v2\/media\/275222"}],"wp:attachment":[{"href":"https:\/\/nefertiti-eg.com\/lt\/wp-json\/wp\/v2\/media?parent=53638"}],"wp:term":[{"taxonomy":"product_brand","embeddable":true,"href":"https:\/\/nefertiti-eg.com\/lt\/wp-json\/wp\/v2\/product_brand?post=53638"},{"taxonomy":"product_cat","embeddable":true,"href":"https:\/\/nefertiti-eg.com\/lt\/wp-json\/wp\/v2\/product_cat?post=53638"},{"taxonomy":"product_tag","embeddable":true,"href":"https:\/\/nefertiti-eg.com\/lt\/wp-json\/wp\/v2\/product_tag?post=53638"}],"curies":[{"name":"wp","href":"https:\/\/api.w.org\/{rel}","templated":true}]}}