{"id":53645,"date":"2015-06-08T17:00:58","date_gmt":"2015-06-08T15:00:58","guid":{"rendered":"https:\/\/wordpress-237795-1094026.cloudwaysapps.com\/shop\/be-kategorijos\/flax-seed-oil\/"},"modified":"2022-05-28T15:45:12","modified_gmt":"2022-05-28T13:45:12","slug":"flax-seed-oil","status":"publish","type":"product","link":"https:\/\/nefertiti-eg.com\/lt\/shop\/natural-oils\/flax-seed-oil\/","title":{"rendered":"Lin\u0173 s\u0117men\u0173 aliejus"},"content":{"rendered":"<p><img fetchpriority=\"high\" decoding=\"async\" class=\"aligncenter size-full wp-image-39177\" src=\"https:\/\/nefertiti-eg.com\/wp-content\/uploads\/2017\/09\/flax-seed-li.jpg\" alt=\"\" width=\"900\" height=\"500\" title=\"\"><strong>Privalumai ir chemin\u0117 sud\u0117tis<\/strong><\/p>\n<p>Lin\u0173 s\u0117m\u0117n\u0173 aliejus dar vadinamas tieisog Lin\u0173 aliejumi. Lin\u0173 s\u0117m\u0117n\u0173 aliejaus sud\u0117tyje yra didelis kiekis maistini\u0173 skaidul\u0173, lignan\u0173, mikroelement\u0173 ir omega-3 riebi\u0173j\u0173 r\u016bg\u0161\u010di\u0173. Aliejus turtingas B grup\u0117s vitamin\u0173 kompleksu, kaliu, lecitinu, magniu, l\u0105steliena, baltymais ir cinku. Tyrimais \u012frodyta, kad lin\u0173 s\u0117menys paj\u0117g\u016bs sureguliuoti cholesterolio balans\u0105 ir stabilizuoti cukraus kiek\u012f kraujyje. Lin\u0173 s\u0117men\u0173 aliejus ma\u017eina prostatos v\u0117\u017eio rizik\u0105, saugo nuo kr\u016bties ir storosios \u017earnos v\u0117\u017eio. Tai nat\u016bralus preparatas turintis stulbinant\u012f poveik\u012f gydant \u0161irdies kraujagysli\u0173 ligas, aritmij\u0105, vidaus organ\u0173 l\u0117tinius susirgimus, ir artrit\u0105. Reguliaraus lin\u0173 s\u0117men\u0173 aliejaus vartojimas \u017eenkliai suma\u017eina insulto rizik\u0105, taip pat ma\u017eina blogojo cholesterolio kiek\u012f kraujyje.<\/p>\n<p><strong>Onkologini\u0173 lig\u0173 proflaktika<\/strong><\/p>\n<p>Lin\u0173 s\u0117men\u0173 aliejus stabdo v\u0117\u017eini\u0173 l\u0105steli\u0173 proliferacij\u0105 ir yra s\u0117kmingai taikomas kr\u016bties ir storosios \u017earnos onkologini\u0173 lig\u0173 profilaktikai ir gydymui.<\/p>\n<p><strong>Omega riebalini\u0173 r\u016bg\u0161\u010di\u0173 \u0161altinis<\/strong><\/p>\n<p>Lin\u0173 s\u0117m\u0117n\u0173 aliejaus sud\u0117tyje dominuoja omega-3 (gydo u\u017edegiminius procesus) ir omega-6 riebiosios r\u016bg\u0161tys, kuri\u0173 \u017emogaus organizmas pats nesintezuoja ir jos turi patekti \u012f \u017emogaus organizm\u0105 su maistu. Taip pat lin\u0173 s\u0117m\u0117n\u0173 aliejus turtingas nepakei\u010diamomis riebalin\u0117mis r\u016bg\u0161timis: alfa-linoleno r\u016bg\u0161tis (ALA), kuri patekusi \u012f \u017emogaus organizm\u0105 virsta eikozapentaeno (EPR) ir dokozaheksaeno (DHA) r\u016bg\u0161timis, esan\u010diomis \u017euv\u0173 tauk\u0173 sud\u0117tyje ir b\u016btinomis sveikam kraujagysli\u0173 funkcionavimui.<\/p>\n<p><strong>Nutukimas<\/strong><\/p>\n<p>Lin\u0173 s\u0117men\u0173 aliejuje esantis unikalus riebi\u0173j\u0173 r\u016bg\u0161\u010di\u0173 derinys skatina metabolizmo procesus ir padeda \u017emogaus organizmui deginti riebalus. \u0160is aliejus pla\u010diai naudojamas daugelyje dietini\u0173 program\u0173 ir padeda nuo vir\u0161svorio ken\u010diantiems \u017emon\u0117ms. Lin\u0173 s\u0117men\u0173 aliejus padeda atsikratyti vir\u0161svorio.<\/p>\n","protected":false},"excerpt":{"rendered":"<h2 style=\"font-weight: initial; font-size: 20px;\">Lin\u0173 s\u0117men\u0173 aliejus<\/h2>\n<p><b>Gamintojas:<\/b><span style=\"font-weight: 400;\"> Nefertiti nat\u016bral\u016bs aliejai ir vaista\u017eol\u0117s<\/span><br \/>\n<b>Pristatymo kaina:<\/b><span style=\"font-weight: 400;\"> apskai\u010diuojama atsiskaitant u\u017e pirkinius<\/span><br \/>\n<b>Kilm\u0117s \u0161alis:<\/b><span style=\"font-weight: 400;\"> Indija<\/span><br \/>\n<b>Botaninis pavadinimas:<\/b><span style=\"font-weight: 400;\"> S\u0117jamasis linas (lot. Linum usitatissimum)<\/span><br \/>\n<b>\u0160eima:<\/b><span style=\"font-weight: 400;\"> Lininiai<\/span><br \/>\n<b>INCI:<\/b><span style=\"font-weight: 400;\"> Linum Usitatissimum Seed Oil<\/span><br \/>\n<b>Kiti pavadinimai:<\/b><span style=\"font-weight: 400;\"> Aceite de Linaza, Acide Alpha-Linol\u00e9nique, Acide Gras Om\u00e9ga 3, Acide Gras N-3, ALA, Aliviraaii, Alpha-Linolenic Acid, Alasi, Brown Flaxseed Oil, Brown-Seeded Flax Oil, Common Flax Oil, Echter Lein, Flachs, Flachssamen, Golden Flax Oil, Graine de Lin, Huile de Lin, Kattan, Keten, Lin, Lin Commun, Lin Ol\u00e9agineux, Linho, Lino, Lino Comune, Lino Mazzese, Lino Usuale, Linseed Flax Oil, Linseed Oil, Linum crepitans, Linum humile, Linum usitatissimum, Malsag, Saatlein, Ta Ma, Tisii.<\/span><br \/>\n<b>Naudojamos dalys:<\/b><span style=\"font-weight: 400;\"> s\u0117klos<\/span><br \/>\n<b>I\u0161gavimo metodas:<\/b><span style=\"font-weight: 400;\"> \u0161altas spaudimas<\/span><br \/>\n<b>Kvapas:<\/b><span style=\"font-weight: 400;\"> \u0161velnus rie\u0161utinis \u017eem\u0117s aromatas su \u017euv\u0173 tauk\u0173 natomis<\/span><br \/>\n<b>Spalva:<\/b><span style=\"font-weight: 400;\"> nuo \u0161viesiai gelsvos iki gintarin\u0117s<\/span><br \/>\n<b>Fizin\u0117 b\u016bkl\u0117:<\/b><span style=\"font-weight: 400;\"> skystis<\/span><br \/>\n<b>Nat\u016bralus:<\/b><span style=\"font-weight: 400;\"> Taip<\/span><br \/>\n<b>Grynumas:<\/b><span style=\"font-weight: 400;\"> 100%<\/span><br \/>\n<b>ISO sertifikatas:<\/b><span style=\"font-weight: 400;\"> sertifikuota<\/span><\/p>\n","protected":false},"featured_media":284007,"comment_status":"open","ping_status":"closed","template":"","meta":[],"product_brand":[],"product_cat":[186],"product_tag":[],"class_list":{"0":"post-53645","1":"product","2":"type-product","3":"status-publish","4":"has-post-thumbnail","6":"product_cat-natural-oils","7":"pa_bottle-size-200-ml-lt","8":"pa_bottle-size-300-ml-lt","9":"pa_bottle-size-500-ml-lt","11":"first","12":"outofstock","13":"shipping-taxable","14":"purchasable","15":"product-type-variable"},"_links":{"self":[{"href":"https:\/\/nefertiti-eg.com\/lt\/wp-json\/wp\/v2\/product\/53645","targetHints":{"allow":["GET"]}}],"collection":[{"href":"https:\/\/nefertiti-eg.com\/lt\/wp-json\/wp\/v2\/product"}],"about":[{"href":"https:\/\/nefertiti-eg.com\/lt\/wp-json\/wp\/v2\/types\/product"}],"replies":[{"embeddable":true,"href":"https:\/\/nefertiti-eg.com\/lt\/wp-json\/wp\/v2\/comments?post=53645"}],"wp:featuredmedia":[{"embeddable":true,"href":"https:\/\/nefertiti-eg.com\/lt\/wp-json\/wp\/v2\/media\/284007"}],"wp:attachment":[{"href":"https:\/\/nefertiti-eg.com\/lt\/wp-json\/wp\/v2\/media?parent=53645"}],"wp:term":[{"taxonomy":"product_brand","embeddable":true,"href":"https:\/\/nefertiti-eg.com\/lt\/wp-json\/wp\/v2\/product_brand?post=53645"},{"taxonomy":"product_cat","embeddable":true,"href":"https:\/\/nefertiti-eg.com\/lt\/wp-json\/wp\/v2\/product_cat?post=53645"},{"taxonomy":"product_tag","embeddable":true,"href":"https:\/\/nefertiti-eg.com\/lt\/wp-json\/wp\/v2\/product_tag?post=53645"}],"curies":[{"name":"wp","href":"https:\/\/api.w.org\/{rel}","templated":true}]}}