{"id":53660,"date":"2015-05-29T15:33:00","date_gmt":"2015-05-29T13:33:00","guid":{"rendered":"https:\/\/wordpress-237795-1094026.cloudwaysapps.com\/shop\/be-kategorijos\/olive-oil\/"},"modified":"2024-12-10T16:47:39","modified_gmt":"2024-12-10T14:47:39","slug":"olive-oil","status":"publish","type":"product","link":"https:\/\/nefertiti-eg.com\/lt\/shop\/natural-hair-care-lt\/olive-oil\/","title":{"rendered":"Alyvuogi\u0173 aliejus"},"content":{"rendered":"<p><span style=\"font-size: 12pt;\"><img fetchpriority=\"high\" decoding=\"async\" class=\"aligncenter size-full wp-image-39186\" src=\"https:\/\/nefertiti-eg.com\/wp-content\/uploads\/2017\/09\/Olive-li.jpg\" alt=\"\" width=\"900\" height=\"500\" title=\"\"><strong style=\"font-size: 14pt;\">Privalumai<\/strong><\/span><\/p>\n<p><span style=\"font-size: 12pt;\">Alyvuogi\u0173 aliejus yra puikiai \u017einomas ir naudojamas vis\u0173 pasaulio \u0161ali\u0173 virtuv\u0117se. Teigiama, kad antioksidant\u0173 kiekis alyvuogi\u0173 aliejuje yra didesnis, nei bet kuriame kitame augaliniame aliejuje. Tyrimai parod\u0117, kad reguliarus alyvuogi\u0173 aliejaus vartojimas u\u017etikrina kr\u016bties, prostatos, endometrijos, ir vir\u0161kinamojo trakto onkologini\u0173 lig\u0173 profilaktik\u0105 ir ma\u017eina kai kuri\u0173 gerybini\u0173 ir netgi piktybini\u0173 augli\u0173 atsiradim\u0105 ir pl\u0117tim\u0105si.<\/span><\/p>\n<h3><\/h3>\n<h3><span style=\"font-size: 14pt;\"><strong>Alyvuogi\u0173 aliejus medicinoje<\/strong><\/span><\/h3>\n<p><span style=\"font-size: 12pt;\">Tyrimai parod\u0117, kad reguliarus alyvuogi\u0173 aliejaus vartojimas gali sumazinti blogojo cholesterolio kiek\u012f kraujyje. Taip pat reguliarus \u0161io aliejaus vartojimas gali tur\u0117ti \u012ftakos reguliuojant sistolin\u012f ir diastolin\u012f kraujo spaudim\u0105, palaikydamas j\u012f normos ribose. Alyvuogi\u0173 aliejus rekomenduojamas diabetikams, kaip idealus ir labiausiai tinkamas dietinis produktas, padedantis reguliuoti cukraus kiek\u012f kraujyje ir padidindamas jautrum\u0105 insulinui. Gan da\u017enai alyvuogi\u0173 aliejus naudojamas osteoporoz\u0117s gydyme, nes reguliarus jo vartojimas padeda organizmui geriau pasisavinti kalc\u012f, o tai turi \u012ftakos kaul\u0173 mineralizacijai ir kalcifikacijai (kaul\u0173 stiprinimui).<\/span><\/p>\n<h3><\/h3>\n<h3><span style=\"font-size: 14pt;\"><strong>Sud\u0117tis<\/strong><\/span><\/h3>\n<p><span style=\"font-size: 12pt;\">Alyvuogi\u0173 aliejus ypatingai turtingas polineso\u010diosiomis riebal\u0173 r\u016bg\u0161timis ir polifenoliais. Kaip \u017einoma mononeso\u010diosios riebal\u0173 r\u016bg\u0161tys (ypa\u010d oleino r\u016bg\u0161tis) turi ypa\u010d reik\u0161ming\u0105 vaidmen\u012f v\u0117\u017eio prevencijai, tod\u0117l \u00a0\u017eenkliai suma\u017eina rizik\u0105 susirgti kr\u016bties v\u0117\u017eiu. Be to, alyvuogi\u0173 aliejus kupinas \u012fvairi\u0173 verting\u0173 antioksidant\u0173, kurie nerandami (ar tik labai ma\u017eais kiekiais randami) kituose augaliniuose aliejuose. Alyvuogi\u0173 aliejus- tai puiki so\u010di\u0173j\u0173 riebal\u0173 r\u016bg\u0161\u010di\u0173 ir neso\u010di\u0173j\u0173 riebal\u0173 r\u016bg\u0161\u010di\u0173 kompozicija , turinti ne\u012fkainuojam\u0105 poveik\u012f \u0161irdies ir kraujagysli\u0173 lig\u0173 prevencijai ir gydymui.<\/span><\/p>\n<h3><\/h3>\n<h3><span style=\"font-size: 14pt;\"><strong>Alyvuogi\u0173 aliejus kosmetologijoje<\/strong><\/span><\/h3>\n<p><span style=\"font-size: 12pt;\">Alyvuogi\u0173 aliejus yra vienas i\u0161 da\u017eniausiai naudojam\u0173 kosmetikos pramon\u0117je. Pla\u010diai taikomas nat\u016brali\u0173 aliej\u0173 mi\u0161ini\u0173 odos ir plauk\u0173 prie\u017ei\u016brai gamyboje. \u012eeina \u012f nesuskai\u010diuojamos daugyb\u0117s kosmetini\u0173 produkt\u0173 sud\u0117t\u012f: losjonai, \u0161amp\u016bnai, kremai aki\u0173 sri\u010diai, veidui ir k\u016bnui, valikliai skirti veidui ir k\u016bnui. Alyvuogi\u0173 aliejus yra naudojamas nat\u016bralaus muilo gamyboje. Alyvuogi\u0173 aliejus yra turtingas vitaminais A ir E, kurie u\u017etikrina jaunatvi\u0161k\u0105 ir skais\u010di\u0105 od\u0105. Sodrus ir \u0161velnus alyvuogi\u0173 aliejus puikiai maitina veido, kaklo, dekolte bei viso k\u016bno od\u0105, j\u0105 i\u0161lygindamas ir puosel\u0117damas. Unikalios sud\u0117ties d\u0117ka alyvuogi\u0173 aliejus neu\u017ekem\u0161a odos por\u0173, bet dr\u0117kina od\u0105 ir palaiko odos l\u0105stel\u0117se reikiam\u0105 kiek\u012f dr\u0117gm\u0117s.<\/span><\/p>\n","protected":false},"excerpt":{"rendered":"<h3 style=\"font-weight: initial; font-size: 20px;\">Alyvuogi\u0173 aliejus<\/h3>\n<p><span style=\"font-size: 12pt;\"><b>Gamintojas:<\/b><span style=\"font-weight: 400;\"> Nefertiti nat\u016bral\u016bs aliejai ir vaista\u017eol\u0117s<\/span><\/span><br \/>\n<span style=\"font-size: 12pt;\"><b>Pristatymo kaina:<\/b><span style=\"font-weight: 400;\"> apskai\u010diuojama atsiskaitant u\u017e pirkinius<\/span><\/span><br \/>\n<span style=\"font-size: 12pt;\"><b>Kilm\u0117s \u0161alis:<\/b><span style=\"font-weight: 400;\"> Vidur\u017eemio j\u016bros regionas, Azija ir Afrika<\/span><\/span><br \/>\n<span style=\"font-size: 12pt;\"><b>Botaninis pavadinimas:<\/b><span style=\"font-weight: 400;\"> Europinis alyvmedis (lot. Olea europa)<\/span><\/span><br \/>\n<span style=\"font-size: 12pt;\"><b>\u0160eima:<\/b><span style=\"font-weight: 400;\"> Alyvmediniai<\/span><\/span><br \/>\n<span style=\"font-size: 12pt;\"><b>INCI:<\/b><span style=\"font-weight: 400;\"> Olea Europaea (Olive) Extra virgin Olive Oil<\/span><\/span><br \/>\n<span style=\"font-size: 12pt;\"><b>Kiti pavadinimai:<\/b><span style=\"font-weight: 400;\"> Zeytun \u0632\u064a\u062a\u0648\u0646 , maslina, oastre, \u6728\u7280\u6984, Olijf, \u00d6lbaum Olivenbaum, \u30aa\u30ea\u30fc\u30d6.<\/span><\/span><br \/>\n<span style=\"font-size: 12pt;\"><b>Naudojamos dalys:<\/b><span style=\"font-weight: 400;\"> vaisiai<\/span><\/span><br \/>\n<span style=\"font-size: 12pt;\"><b>I\u0161gavimo metodas:<\/b><span style=\"font-weight: 400;\"> \u0161altas spaudimas<\/span><\/span><br \/>\n<span style=\"font-size: 12pt;\"><b>Kvapas:<\/b><span style=\"font-weight: 400;\"> \u0161velnus kartokas skonis<\/span><\/span><br \/>\n<span style=\"font-size: 12pt;\"><b>Spalva:<\/b><span style=\"font-weight: 400;\"> \u017eemi\u0161kai geltona<\/span><\/span><br \/>\n<span style=\"font-size: 12pt;\"><b>Fizin\u0117 b\u016bkl\u0117:<\/b><span style=\"font-weight: 400;\"> skystis<\/span><\/span><br \/>\n<span style=\"font-size: 12pt;\"><b>Nat\u016bralus:<\/b><span style=\"font-weight: 400;\"> Taip<\/span><\/span><br \/>\n<span style=\"font-size: 12pt;\"><b>Grynumas:<\/b><span style=\"font-weight: 400;\"> 100%<\/span><\/span><br \/>\n<span style=\"font-size: 12pt;\"><b>ISO sertifikatas:<\/b><span style=\"font-weight: 400;\"> sertifikuota<\/span><\/span><\/p>\n","protected":false},"featured_media":283954,"comment_status":"open","ping_status":"closed","template":"","meta":[],"product_brand":[],"product_cat":[663,186],"product_tag":[],"class_list":{"0":"post-53660","1":"product","2":"type-product","3":"status-publish","4":"has-post-thumbnail","6":"product_cat-natural-hair-care-lt","7":"product_cat-natural-oils","8":"pa_bottle-size-300-ml-lt","9":"pa_bottle-size-500-ml-lt","11":"first","12":"outofstock","13":"shipping-taxable","14":"purchasable","15":"product-type-variable"},"_links":{"self":[{"href":"https:\/\/nefertiti-eg.com\/lt\/wp-json\/wp\/v2\/product\/53660","targetHints":{"allow":["GET"]}}],"collection":[{"href":"https:\/\/nefertiti-eg.com\/lt\/wp-json\/wp\/v2\/product"}],"about":[{"href":"https:\/\/nefertiti-eg.com\/lt\/wp-json\/wp\/v2\/types\/product"}],"replies":[{"embeddable":true,"href":"https:\/\/nefertiti-eg.com\/lt\/wp-json\/wp\/v2\/comments?post=53660"}],"wp:featuredmedia":[{"embeddable":true,"href":"https:\/\/nefertiti-eg.com\/lt\/wp-json\/wp\/v2\/media\/283954"}],"wp:attachment":[{"href":"https:\/\/nefertiti-eg.com\/lt\/wp-json\/wp\/v2\/media?parent=53660"}],"wp:term":[{"taxonomy":"product_brand","embeddable":true,"href":"https:\/\/nefertiti-eg.com\/lt\/wp-json\/wp\/v2\/product_brand?post=53660"},{"taxonomy":"product_cat","embeddable":true,"href":"https:\/\/nefertiti-eg.com\/lt\/wp-json\/wp\/v2\/product_cat?post=53660"},{"taxonomy":"product_tag","embeddable":true,"href":"https:\/\/nefertiti-eg.com\/lt\/wp-json\/wp\/v2\/product_tag?post=53660"}],"curies":[{"name":"wp","href":"https:\/\/api.w.org\/{rel}","templated":true}]}}