{"id":53873,"date":"2015-06-25T16:15:25","date_gmt":"2015-06-25T14:15:25","guid":{"rendered":"https:\/\/wordpress-237795-1094026.cloudwaysapps.com\/shop\/be-kategorijos\/sun-tan-oil-blend\/"},"modified":"2023-01-09T15:56:51","modified_gmt":"2023-01-09T13:56:51","slug":"sun-tan-oil-blend","status":"publish","type":"product","link":"https:\/\/nefertiti-eg.com\/lt\/shop\/cosmetics\/sun-tan-oil-blend\/","title":{"rendered":"Aliejus sveikam \u012fdegiui"},"content":{"rendered":"<h3><span style=\"font-size: 14pt;\">Naudingosios savyb\u0117s<\/span><\/h3>\n<p><span style=\"font-size: 12pt;\">Unikali formul\u0117 panaudota gaminant \u0161\u012f sveikam \u012fdegiui skirt\u0105 aliej\u0173 mi\u0161in\u012f, u\u017etikrina puik\u0173 apsaugin\u012f poveik\u012f. \u0160is aliej\u0173 mi\u0161inys idealiai susigeria \u012f od\u0105 tuo tarpu i\u0161laikydamas ilgalaik\u012f teigiam\u0105 poveik\u012f ir u\u017etikrindamas tobul\u0105 \u012fdeg\u012f. Saugo od\u0105 nuo saul\u0117s nudegim\u0173 ir \u017ealing\u0173j\u0173 saul\u0117s spinduli\u0173 poveikio. Aliej\u0173 mi\u0161inys sveikam \u012fdegiui stimuliuoja vitamino D pasisavinim\u0105 per \u017emogaus od\u0105.<\/span><\/p>\n<h3><span style=\"font-size: 14pt;\">Odos prie\u017ei\u016bra<\/span><\/h3>\n<p><span style=\"font-size: 12pt;\">Subalansuotas ir gilus odos dr\u0117kinimas ir maitinimas u\u017etikrina odos apsaug\u0105 nuo saul\u0117s nudegim\u0173 ir padeda j\u0173 i\u0161vengti. Aliej\u0173 mi\u0161inys sveikam \u012fdegiui puikiai susigeria net \u012f giliuosius odos sluoksnius, tuo u\u017etikrindamas efektyviausi\u0105 odos maitinim\u0105 ir dr\u0117kinim\u0105. \u0160is aliej\u0173 mi\u0161inys stimuliuoja sveik\u0105 \u012fdegio proces\u0105 ir skatina gra\u017eaus, tolygaus, ir gan greito bei ilgai i\u0161liekan\u010dio \u012fdegio proces\u0105. Apsaugo od\u0105 nuo i\u0161saus\u0117jimo, pa\u017eeidim\u0173 ir pigmentini\u0173 d\u0117mi\u0173 formavimosi.<\/span><\/p>\n<h3><span style=\"font-size: 14pt;\">Sud\u0117tis ir naudingosios savyb\u0117s<\/span><\/h3>\n<p><span style=\"font-size: 12pt;\">Aliej\u0173 mi\u0161inys sveikam \u012fdegiui taip pat praturtintas odai b\u016btinais vitaminais ir mineralais, tod\u0117l oda gauna pilnavert\u012f kompleksin\u012f maitinim\u0105. Unikali \u0161io aliej\u0173 mi\u0161inio formul\u0117, kurios pagrindin\u0117s dalys yra: jojobos (simondsij\u0173) aliejus, mork\u0173 s\u0117kl\u0173 aliejus, migdol\u0173 aliejus ir kiti ne ma\u017eiau svarb\u016bs komponentai, puikiai apr\u016bpina od\u0105 visais odai reikalingais mikroelementais ir riebalin\u0117mis r\u016bg\u0161timis. \u0160is mi\u0161inys apsaugo, o taip pat \u00a0intensyviai maitina ir dr\u0117kina od\u0105. Saugo od\u0105 nuo prie\u0161laikio sen\u0117jimo ir pigmentini\u0173 d\u0117mi\u0173 formavimosi.<\/span><\/p>\n","protected":false},"excerpt":{"rendered":"<p><span style=\"font-size: 12pt;\"><b>Gamintojas:<\/b><span style=\"font-weight: 400;\"> Nefertiti nat\u016bral\u016bs aliejai ir vaista\u017eol\u0117s<\/span><\/span><br \/>\n<span style=\"font-size: 12pt;\"><b>Pristatymo kaina:<\/b><span style=\"font-weight: 400;\"> apskai\u010diuojama atsiskaitant u\u017e pirkinius<\/span><\/span><br \/>\n<span style=\"font-size: 12pt;\"><b>Kilm\u0117s \u0161alis:<\/b><span style=\"font-weight: 400;\"> Egiptas<\/span><\/span><br \/>\n<span style=\"font-size: 12pt;\"><b>Botanin\u0117 sud\u0117tis:<\/b><span style=\"font-weight: 400;\"> Sezamo s\u0117kl\u0173 aliejus, migdol\u0173 aliejus, jojobos aliejus, argano aliejus, pa\u010diuli\u0173 aliejus, eteriniai aliejai.<\/span><\/span><br \/>\n<span style=\"font-size: 12pt;\"><b>Naudojimas:<\/b><span style=\"font-weight: 400;\"> kosmetika; SPF 12<\/span><\/span><br \/>\n<span style=\"font-size: 12pt;\"><b>INCI:<\/b><span style=\"font-weight: 400;\"> Aliej\u0173 mi\u0161inys sveikam \u012fdegiui<\/span><\/span><br \/>\n<span style=\"font-size: 12pt;\"><b>Spalva:<\/b><span style=\"font-weight: 400;\"> gintarin\u0117<\/span><\/span><br \/>\n<span style=\"font-size: 12pt;\"><b>Kvapas:<\/b><span style=\"font-weight: 400;\"> \u0161vie\u017eias citrusini\u0173 ir g\u0117li\u0173 su rie\u0161utin\u0117mis natomis<\/span><\/span><br \/>\n<span style=\"font-size: 12pt;\"><b>Fizin\u0117 b\u016bkl\u0117:<\/b><span style=\"font-weight: 400;\"> skystis<\/span><\/span><br \/>\n<span style=\"font-size: 12pt;\"><b>Nat\u016bralus:<\/b><span style=\"font-weight: 400;\"> Taip<\/span><\/span><br \/>\n<span style=\"font-size: 12pt;\"><b>Grynumas:<\/b><span style=\"font-weight: 400;\"> 100%<\/span><\/span><br \/>\n<span style=\"font-size: 12pt;\"><b>ISO sertifikatas:<\/b><span style=\"font-weight: 400;\"> sertifikuota<\/span><\/span><\/p>\n","protected":false},"featured_media":279578,"comment_status":"open","ping_status":"closed","template":"","meta":[],"product_brand":[],"product_cat":[183,664],"product_tag":[],"class_list":{"0":"post-53873","1":"product","2":"type-product","3":"status-publish","4":"has-post-thumbnail","6":"product_cat-cosmetics","7":"product_cat-natural-skin-care-lt","8":"pa_bottle-size-125-ml-lt","10":"first","11":"instock","12":"sale","13":"shipping-taxable","14":"purchasable","15":"product-type-variable"},"_links":{"self":[{"href":"https:\/\/nefertiti-eg.com\/lt\/wp-json\/wp\/v2\/product\/53873","targetHints":{"allow":["GET"]}}],"collection":[{"href":"https:\/\/nefertiti-eg.com\/lt\/wp-json\/wp\/v2\/product"}],"about":[{"href":"https:\/\/nefertiti-eg.com\/lt\/wp-json\/wp\/v2\/types\/product"}],"replies":[{"embeddable":true,"href":"https:\/\/nefertiti-eg.com\/lt\/wp-json\/wp\/v2\/comments?post=53873"}],"wp:featuredmedia":[{"embeddable":true,"href":"https:\/\/nefertiti-eg.com\/lt\/wp-json\/wp\/v2\/media\/279578"}],"wp:attachment":[{"href":"https:\/\/nefertiti-eg.com\/lt\/wp-json\/wp\/v2\/media?parent=53873"}],"wp:term":[{"taxonomy":"product_brand","embeddable":true,"href":"https:\/\/nefertiti-eg.com\/lt\/wp-json\/wp\/v2\/product_brand?post=53873"},{"taxonomy":"product_cat","embeddable":true,"href":"https:\/\/nefertiti-eg.com\/lt\/wp-json\/wp\/v2\/product_cat?post=53873"},{"taxonomy":"product_tag","embeddable":true,"href":"https:\/\/nefertiti-eg.com\/lt\/wp-json\/wp\/v2\/product_tag?post=53873"}],"curies":[{"name":"wp","href":"https:\/\/api.w.org\/{rel}","templated":true}]}}