{"id":53917,"date":"2015-07-24T18:10:45","date_gmt":"2015-07-24T16:10:45","guid":{"rendered":"https:\/\/wordpress-237795-1094026.cloudwaysapps.com\/shop\/be-kategorijos\/orange-oil\/"},"modified":"2022-07-23T15:12:58","modified_gmt":"2022-07-23T13:12:58","slug":"orange-oil","status":"publish","type":"product","link":"https:\/\/nefertiti-eg.com\/lt\/shop\/aroma-oils\/orange-oil\/","title":{"rendered":"Apelsin\u0173 eterinis aliejus"},"content":{"rendered":"<h3><span style=\"font-size: 14pt;\">Masa\u017einis aliejus<\/span><\/h3>\n<p><span style=\"font-size: 12pt;\">Apelsin\u0173 aliejus naudojamas kaip vienas i\u0161 masa\u017eini\u0173 mi\u0161ini\u0173 ingridient\u0173. Jo aromato d\u0117ka k\u016bn\u0105 ir siel\u0105 u\u017epildo \u0161viesus ir nepakartojamas palaimos jausmas. Rekomenduojamas gydomajam masa\u017eui kompleksiniame neuralgijos, antsvorio, celiulito ir miozito (skeleto raumen\u0173 u\u017edegimas), gydyme.<\/span><\/p>\n<h3><\/h3>\n<h3><span style=\"font-size: 14pt;\">Aromaterapija<\/span><\/h3>\n<p><span style=\"font-size: 12pt;\">Apelsin\u0173 aliejus itin da\u017enai naudojamas aromaterapijos seans\u0173 metu ir puikiausiai dera prakti\u0161kai su visais kitais masa\u017einiais aliejais. Itin auk\u0161tas limoneno (90%) koeficientas u\u017etikrina ypa\u010d stipr\u0173 ir ilgalaik\u012f aromat\u0105 naudojant apelsin\u0173 aliej\u0173 saunoje, pirtyje, kvap\u0173 lempose ir parfumerijos industrijoje.<\/span><\/p>\n<h3><\/h3>\n<h3><span style=\"font-size: 14pt;\">Antioksidantas ir anticeliulitin\u0117 priemon\u0117<\/span><\/h3>\n<p><span style=\"font-size: 12pt;\">Apelsin\u0173 aliejus pripa\u017eintas vienu i\u0161 efektyviausi\u0173 anticeliulitini\u0173 preparat\u0173 su ry\u0161kiai i\u0161skiriamu greitalaikiu efektu. Reguliarus \u0161io aliejaus naudojimas didina odos elastingum\u0105 ir skatina nat\u016bral\u0173 toksin\u0173 pasi\u0161alinim\u0105 i\u0161 \u017emogaus organizmo. Ma\u017eina patinim\u0105 susiformuojant\u012f d\u0117l hormon\u0173 balanso sutrikim\u0173.<\/span><\/p>\n<h3><\/h3>\n<h3><span style=\"font-size: 14pt;\">Panaudojimas kosmetikoje ir parfumerijoje<\/span><\/h3>\n<p><span style=\"font-size: 12pt;\">Eterinis apelsin\u0173 aliejus yra labai pla\u010diai naudojamas kosmetikos pramon\u0117je. \u0160iuo aliejumi praturtinami: tonizuojantys kremai skirti veido ir k\u016bno prie\u017ei\u016brai; \u0161amp\u016bnai; losjonai; masa\u017einiai kremai ir taip pat aliej\u0173 mi\u0161iniai masa\u017eui. Apelsin\u0173 aliejus taip pat populiarus kosmetikos pramon\u0117je bei valymo ir oro gaivinimo priemoni\u0173 gamyboje.<\/span><\/p>\n<p><strong><span style=\"font-size: 12pt;\">D\u0117mesio!<\/span><\/strong><\/p>\n<p><span style=\"font-size: 12pt;\">Eteriniai aliejai nerekomenduojami n\u0117\u0161tumo laikotarpiu.<\/span><\/p>\n","protected":false},"excerpt":{"rendered":"<p><span style=\"font-size: 12pt;\">Citrus sinensis L. Feel the magical aroma of &#8222;paradise apples&#8221;, that&#8217;s how the orange fruits were called in ancient times. Most of all is popular because of its antidepressant and aphrodisiacal properties on human nervous system.<\/span><\/p>\n","protected":false},"featured_media":275539,"comment_status":"open","ping_status":"closed","template":"","meta":[],"product_brand":[],"product_cat":[171],"product_tag":[],"class_list":{"0":"post-53917","1":"product","2":"type-product","3":"status-publish","4":"has-post-thumbnail","6":"product_cat-aroma-oils","7":"pa_bottle-size-1000-ml-2-lt","8":"pa_bottle-size-125-ml-lt","9":"pa_bottle-size-250-ml","10":"pa_bottle-size-50-ml-lt","11":"pa_bottle-size-500-ml-lt","13":"first","14":"instock","15":"sale","16":"shipping-taxable","17":"purchasable","18":"product-type-variable"},"_links":{"self":[{"href":"https:\/\/nefertiti-eg.com\/lt\/wp-json\/wp\/v2\/product\/53917","targetHints":{"allow":["GET"]}}],"collection":[{"href":"https:\/\/nefertiti-eg.com\/lt\/wp-json\/wp\/v2\/product"}],"about":[{"href":"https:\/\/nefertiti-eg.com\/lt\/wp-json\/wp\/v2\/types\/product"}],"replies":[{"embeddable":true,"href":"https:\/\/nefertiti-eg.com\/lt\/wp-json\/wp\/v2\/comments?post=53917"}],"wp:featuredmedia":[{"embeddable":true,"href":"https:\/\/nefertiti-eg.com\/lt\/wp-json\/wp\/v2\/media\/275539"}],"wp:attachment":[{"href":"https:\/\/nefertiti-eg.com\/lt\/wp-json\/wp\/v2\/media?parent=53917"}],"wp:term":[{"taxonomy":"product_brand","embeddable":true,"href":"https:\/\/nefertiti-eg.com\/lt\/wp-json\/wp\/v2\/product_brand?post=53917"},{"taxonomy":"product_cat","embeddable":true,"href":"https:\/\/nefertiti-eg.com\/lt\/wp-json\/wp\/v2\/product_cat?post=53917"},{"taxonomy":"product_tag","embeddable":true,"href":"https:\/\/nefertiti-eg.com\/lt\/wp-json\/wp\/v2\/product_tag?post=53917"}],"curies":[{"name":"wp","href":"https:\/\/api.w.org\/{rel}","templated":true}]}}