{"id":54360,"date":"2015-05-29T15:43:12","date_gmt":"2015-05-29T13:43:12","guid":{"rendered":"https:\/\/wordpress-237795-1094026.cloudwaysapps.com\/shop\/be-kategorijos\/carrot-seed-oil-1\/"},"modified":"2023-01-09T15:54:07","modified_gmt":"2023-01-09T13:54:07","slug":"carrot-seed-oil-1","status":"publish","type":"product","link":"https:\/\/nefertiti-eg.com\/lt\/shop\/natural-oils\/carrot-seed-oil-1\/","title":{"rendered":"Mork\u0173 s\u0117kl\u0173 aliejus"},"content":{"rendered":"<h2>Organizmo atstatymas<\/h2>\n<p>Mork\u0173 s\u0117kl\u0173 aliejus \u017einomas kaip stipriausias nat\u016bralus preparatas i\u0161sekinto ir nualinto organizmo atstatymui. Jis aktyvina vidin\u0117s l\u0105steli\u0173 oksidacijos-redukcijos procesus, apr\u016bpina l\u0105steles deguonimi. Reguliarus mork\u0173 s\u0117kl\u0173 aliejaus vartojimas u\u017etikrina vandens ir drusk\u0173 koncentracijos palaikym\u0105 ir\u00a0 angliavandeni\u0173 apykait\u0105. Mork\u0173 s\u0117kl\u0173 aliejus skatina baltym\u0173 jungini\u0173 susidarym\u0105 ir tokiu b\u016bdu atstato lig\u0173 i\u0161sekint\u0105 organizm\u0105.<\/p>\n<h2><span style=\"font-size: 14pt;\"><strong>Gydomosios savyb\u0117s<\/strong><\/span><\/h2>\n<p><span style=\"font-size: 12pt;\">Naudojant mork\u0173 s\u0117kl\u0173 aliej\u0173 kompleksin\u0117je terapijoje pasiekiami \u017eymiai geresni rezultatai gydant \u0161ias ligas: skydliauk\u0117s, inkst\u0173, antinks\u010di\u0173, kepen\u0173, vir\u0161kinimo trakto, \u0161lapimo tak\u0173 ir kt. Mork\u0173 s\u0117kl\u0173 aliejus yra nepakei\u010diamas nat\u016bralus produktas atsatantis organizm\u0105 po sunki\u0173 lig\u0173, chirurgin\u0117s intervencijos, anemijos, ir lig\u0173 kurias i\u0161\u0161aukia vitamin\u0173 (ypa\u010d vitamino A) tr\u016bkumas organizme. Kaip nat\u016bralus karotinoid\u0173 \u0161altinis mork\u0173 s\u0117kl\u0173 aliejus ypatingai rekomenduojamas pirmosiomis dienomis po miokardo infarkto.<\/span><\/p>\n<h2><span style=\"font-size: 14pt;\"><strong>Kepen\u0173 ir inkst\u0173 funkcija<\/strong><\/span><\/h2>\n<p><span style=\"font-size: 12pt;\">Mork\u0173 s\u0117kl\u0173 aliejus naudojamas kompleksin\u0117je terapijoje valant akmenis i\u0161 inkst\u0173, nes stimuliuoja smulki\u0173 akmenuk\u0173 ir sm\u0117lio valym\u0105 i\u0161 \u0161i\u0173 organ\u0173. \u0160is aliejus pasi\u017eymi puikiomis kepen\u0173 valymo savyb\u0117mis ir kepen\u0173 l\u0105steli\u0173 regeneracijos stimuliavimu.<\/span><\/p>\n<h2><span style=\"font-size: 14pt;\"><strong>Antioksidacin\u0117s savyb\u0117s<\/strong><\/span><\/h2>\n<p><span style=\"font-size: 12pt;\">Mork\u0173 s\u0117kl\u0173 aliejus turtingas karotinoidais, kurie apsaugo \u017emogaus organizm\u0105 nuo \u017eudan\u010dio laisv\u0173j\u0173 radikal\u0173 poveikio ir liekam\u0173j\u0173, tabako d\u016bm\u0173 sukelt\u0173 rei\u0161kini\u0173.<\/span><\/p>\n<h2><span style=\"font-size: 14pt;\"><strong>Akys ir rega<\/strong><\/span><\/h2>\n<p><span style=\"font-size: 12pt;\">Mork\u0173 s\u0117kl\u0173 aliejus rekomenduojamas kataraktos (akies l\u0119\u0161iuko drumst\u0117jimas) ir senatvin\u0117s makuliarin\u0117s aki\u0173 degeneracijos kompleksiniame gydyme. Tai nat\u016bralus produktas stiprinantis naktin\u012f matym\u0105 ir reguliuojantis padid\u0117jus\u012f jautrum\u0105 \u0161viesai. Reguliarus mork\u0173 s\u0117kl\u0173 aliejaus vartojimas gerina akies gleivin\u0117s membranos b\u016bkl\u0119.<\/span><\/p>\n<h2><span style=\"font-size: 14pt;\"><strong>Kosmetinis panaudojimas<\/strong><\/span><\/h2>\n<p><span style=\"font-size: 12pt;\">Mork\u0173 s\u0117kl\u0173 aliejus da\u017enai naudojamas gydom\u0173j\u0173 kosmetikos priemoni\u0173 gamyboje. Skatina odos epitelio regeneracij\u0105, \u017eaizd\u0173 gijim\u0105, \u0161alina odos b\u0117rim\u0105 ir gerina odos spalv\u0105.<\/span><\/p>\n","protected":false},"excerpt":{"rendered":"<p><span style=\"font-size: 12pt;\"><b>Gamintojas:<\/b><span style=\"font-weight: 400;\"> Nefertiti nat\u016bral\u016bs aliejai ir vaista\u017eol\u0117s<\/span><\/span><br \/>\n<span style=\"font-size: 12pt;\"><b>Pristatymo kaina:<\/b><span style=\"font-weight: 400;\"> apskai\u010diuojama atsiskaitant u\u017e pirkinius<\/span><\/span><br \/>\n<span style=\"font-size: 12pt;\"><b>Kilm\u0117s \u0161alis:<\/b><span style=\"font-weight: 400;\"> Europa ir Pietvakari\u0173 Azija<\/span><\/span><br \/>\n<span style=\"font-size: 12pt;\"><b>Botaninis pavadinimas:<\/b><span style=\"font-weight: 400;\"> Daucus carota subsp. sativus<br \/>\nL.<\/span><\/span> <span style=\"font-size: 12pt;\"><b>\u0160eima:<\/b><span style=\"font-weight: 400;\"> Valgomoji morka (lot. Daucus carota var. sativa)<\/span><\/span><br \/>\n<span style=\"font-size: 12pt;\"><b>INCI:<\/b><span style=\"font-weight: 400;\"> Daucus Carota Sativa (Carrot) Seed Oil<\/span><\/span><br \/>\n<span style=\"font-size: 12pt;\"><b>Kiti pavadinimai:<\/b><span style=\"font-weight: 400;\"> bird&#8217;s nest, Queen Anne&#8217;s lace, Ceelwortel, \u91ce\u80e1\u7f57\u535c, Carotte cultiv\u00e9e, carotte potagere, carotte, carotte commune, carotte douce, M\u00f6hre, morkov.<\/span><\/span><br \/>\n<span style=\"font-size: 12pt;\"><b>Naudojamos dalys:<\/b><span style=\"font-weight: 400;\"> s\u0117klos<\/span><\/span><br \/>\n<span style=\"font-size: 12pt;\"><b>I\u0161gavimo metodas:<\/b><span style=\"font-weight: 400;\"> garin\u0117 distiliacija<\/span><\/span><br \/>\n<span style=\"font-size: 12pt;\"><b>Kvapas:<\/b><span style=\"font-weight: 400;\"> kartokas \u017eem\u0117s aromatas<\/span><\/span><br \/>\n<span style=\"font-size: 12pt;\"><b>Spalva:<\/b><span style=\"font-weight: 400;\"> Geltona link \u0161viesiai rudos<\/span><\/span><br \/>\n<span style=\"font-size: 12pt;\"><b>Fizin\u0117 b\u016bkl\u0117:<\/b><span style=\"font-weight: 400;\"> skystis<\/span><\/span><br \/>\n<span style=\"font-size: 12pt;\"><b>Nat\u016bralus:<\/b><span style=\"font-weight: 400;\"> Taip<\/span><\/span><br \/>\n<span style=\"font-size: 12pt;\"><b>Grynumas:<\/b><span style=\"font-weight: 400;\"> 100%<\/span><\/span><br \/>\n<span style=\"font-size: 12pt;\"><b>ISO sertifikatas:<\/b><span style=\"font-weight: 400;\"> sertifikuota<\/span><\/span><\/p>\n","protected":false},"featured_media":274516,"comment_status":"open","ping_status":"closed","template":"","meta":[],"product_brand":[],"product_cat":[186],"product_tag":[],"class_list":{"0":"post-54360","1":"product","2":"type-product","3":"status-publish","4":"has-post-thumbnail","6":"product_cat-natural-oils","7":"pa_bottle-size-11-1000-ml-lt","8":"pa_bottle-size-11-500-ml-lt","9":"pa_bottle-size-1000-ml-2-lt","10":"pa_bottle-size-125-ml-lt","11":"pa_bottle-size-200-ml-lt","12":"pa_bottle-size-300-ml-lt","13":"pa_bottle-size-500-ml-lt","15":"first","16":"instock","17":"sale","18":"shipping-taxable","19":"purchasable","20":"product-type-variable","21":"has-default-attributes"},"_links":{"self":[{"href":"https:\/\/nefertiti-eg.com\/lt\/wp-json\/wp\/v2\/product\/54360","targetHints":{"allow":["GET"]}}],"collection":[{"href":"https:\/\/nefertiti-eg.com\/lt\/wp-json\/wp\/v2\/product"}],"about":[{"href":"https:\/\/nefertiti-eg.com\/lt\/wp-json\/wp\/v2\/types\/product"}],"replies":[{"embeddable":true,"href":"https:\/\/nefertiti-eg.com\/lt\/wp-json\/wp\/v2\/comments?post=54360"}],"wp:featuredmedia":[{"embeddable":true,"href":"https:\/\/nefertiti-eg.com\/lt\/wp-json\/wp\/v2\/media\/274516"}],"wp:attachment":[{"href":"https:\/\/nefertiti-eg.com\/lt\/wp-json\/wp\/v2\/media?parent=54360"}],"wp:term":[{"taxonomy":"product_brand","embeddable":true,"href":"https:\/\/nefertiti-eg.com\/lt\/wp-json\/wp\/v2\/product_brand?post=54360"},{"taxonomy":"product_cat","embeddable":true,"href":"https:\/\/nefertiti-eg.com\/lt\/wp-json\/wp\/v2\/product_cat?post=54360"},{"taxonomy":"product_tag","embeddable":true,"href":"https:\/\/nefertiti-eg.com\/lt\/wp-json\/wp\/v2\/product_tag?post=54360"}],"curies":[{"name":"wp","href":"https:\/\/api.w.org\/{rel}","templated":true}]}}