{"id":54368,"date":"2015-06-08T16:52:41","date_gmt":"2015-06-08T14:52:41","guid":{"rendered":"https:\/\/wordpress-237795-1094026.cloudwaysapps.com\/shop\/be-kategorijos\/graikiniu-riesutu-aliejus\/"},"modified":"2023-06-06T09:51:00","modified_gmt":"2023-06-06T06:51:00","slug":"walnut-oil","status":"publish","type":"product","link":"https:\/\/nefertiti-eg.com\/lt\/shop\/natural-oils\/walnut-oil\/","title":{"rendered":"Graikini\u0173 rie\u0161ut\u0173 aliejus"},"content":{"rendered":"<h2>Nerv\u0173 sistemos ir smegen\u0173 veiklos aktyvumas<\/h2>\n<p><span style=\"font-size: 12pt;\">Reguliarus graikini\u0173 rie\u0161ut\u0173 aliejaus vartojimas padeda geriau sukoncentruoti d\u0117mes\u012f ir atstatyti atmint\u012f. \u0160is aliejus ypa\u010d rekomenduojamas su dideliu informacijos kiekiu dirbantiems \u017emon\u0117ms . Tiesiog idealus vitamin\u0173, b\u016btin\u0173 geram nervin\u0117s sistemos funkcionavimui, derinys. Teigiamai veikia nerv\u0173 sistem\u0105, \u0161alina nuovarg\u012f ir puikiai subalansuoja miego re\u017eim\u0105. Rekomenduojamas vaikams ir paaugliams augimo ir brendimo metu, nes u\u017etikrina pinavert\u012f psichologin\u012f ir fiziologin\u012f brendimo proces\u0105. Taip pat rekomenduojamas garbaus am\u017eiaus \u017emon\u0117ms kaip puikiai subalansuotas vitamin\u0173 ir mikroelement\u0173 papildas.<\/span><\/p>\n<h3><span style=\"font-size: 14pt;\"><strong>\u0160irdies lig\u0173 gydymui<\/strong><\/span><\/h3>\n<p><span style=\"font-size: 12pt;\">Reguliarus graikini\u0173 rie\u0161ut\u0173 aliejaus vartojimas stiprina \u0161irdies raumen\u012f ir kraujagysli\u0173 sieneles, didindamas j\u0173 elastingum\u0105 ir pralaidum\u0105, tod\u0117 rekomeduojamas kaip puiki nat\u016brali priemon\u0117 \u0161irdies ir kraujagysli\u0173 lig\u0173 prevencijai ir gydymui. \u0160is aliejus ple\u010dia kraujagysli\u0173 kapiliarus ir u\u017ekerta keli\u0105 tromb\u0173 formavimuisi. Puikus pagalbininkas aritmijos ir tachikardijos simptom\u0173 \u0161alinimui ir prevencija \u0161i\u0173 lig\u0173 atsiradimui. Rekomenduojamas esant aterosklerozei ir i\u0161eminei \u0161irdies ligai. Graikini\u0173 rie\u0161ut\u0173 aliejus turi poveik\u012f kraujo spaudimo stabilizavimui.<\/span><\/p>\n<h3><span style=\"font-size: 14pt;\"><strong>\u0160eimos planavimas<\/strong><\/span><\/h3>\n<p><span style=\"font-size: 12pt;\">Graikini\u0173 rie\u0161ut\u0173 aliejus meiliai vadinamas skaniausiu preparatu \u0161eimos planavimo programoje. \u0160alto spaudimo graikini\u0173 rie\u0161ut\u0173 aliejus stimuliuoja spermatogenez\u0119.<\/span><\/p>\n<h3><span style=\"font-size: 14pt;\"><strong>Graikini\u0173 rie\u0161ut\u0173 aliejus medicinoje<\/strong><\/span><\/h3>\n<p><span style=\"font-size: 12pt;\">Vir\u0161kinamojo trakto lig\u0173 gydymas taip pat ne\u012fsivaizduojamas be graikini\u0173 rie\u0161ut\u0173 aliejaus pagalbos. Jis ma\u017eina skrand\u017eio sul\u010di\u0173 r\u016bg\u0161tingum\u0105 ir naudojamas skrand\u017eio u\u017edegimo, kolito, ir skrand\u017eio opos kompleksiniame gydyme. Reguliarus graikini\u0173 rie\u0161ut\u0173 aliejaus vartojimas ma\u017eina onkologini\u0173 lig\u0173 atsiradim\u0105, o ypa\u010d: kr\u016bties , kiau\u0161id\u017ei\u0173, storosios \u017earnos ir prie\u0161in\u0117s liaukos v\u0117\u017eio rizik\u0105. Graikini\u0173 rie\u0161ut\u0173 aliejus gerina inkst\u0173 funkcij\u0105. Taip pat rekomenduojamas kaul\u0173 ir s\u0105nari\u0173 lig\u0173 profilaktikai, kadangi palaiko reikiam\u0105 sinovijos(s\u0105nari\u0173) skys\u010dio klampum\u0105. Atstato ir stiprina kepen\u0173 l\u0105steles ir da\u017enai rekomenduojamas hepatito gydymui. Graikini\u0173 rie\u0161ut\u0173 aliejus didna tul\u017eies latak\u0173 elastingum\u0105 ir stimuliuoja savalaik\u012f tul\u017eies nutek\u0117jim\u0105.<\/span><\/p>\n<h3><span style=\"font-size: 14pt;\"><strong>D\u0117mesio!\u00a0 Kod\u0117l graikinius rie\u0161utus reikia pakeisti \u0161alto spaudimo graikini\u0173 rie\u0161ut\u0173 aliejumi:<\/strong><\/span><\/h3>\n<p><span style=\"font-size: 12pt;\">Graikini\u0173 rie\u0161ut\u0173 branduolius nerekomenduojama valgyti sergant \u0161iomis ligomis: kosulys, bronchitas, angina, diatez\u0117, alergija, astma, pneumonija, dilg\u0117lin\u0117, ekzema, psoriaz\u0117, atopinis dermatitas. Taip pat graikiniai rei\u0161utai nerekomenduojami skrand\u017eio u\u017edegimo, kolito, enterokolito, skrand\u017eio ir dvylikapir\u0161t\u0117s \u017earnos op\u0173 varginamiems \u017emon\u0117ms. Graikini\u0173 rie\u0161ut\u0173 vartojimas gali i\u0161\u0161aukti galvos skausm\u0105 ir netgi v\u0117mim\u0105.<\/span><\/p>\n<p><span style=\"font-size: 12pt;\">Tuo tarpu \u0161alto spaudimo graikini\u0173 rie\u0161ut\u0173 aliejus turi terapin\u012f poveik\u012f ne tik \u0161i\u0173 lig\u0173 profilaktikai, bet ir jas gydant. Valgant pa\u010dius rie\u0161utus neigiam\u0105 poveik\u012f turi rie\u0161uto branduol\u012f supantis plau\u0161as. Savo sud\u0117tyje jis turi labai daug rauginam\u0173j\u0173 ir kar\u010di\u0173j\u0173 komponent\u0173, kas turi didel\u0119 \u012ftak\u0105 kasos ir kepen\u0173 veiklai. Atspaud\u017eiant aliej\u0173 i\u0161 graikini\u0173 rie\u0161ut\u0173 \u0161altuoju spaudimo b\u016bdu \u0161ie plau\u0161ai yra pa\u0161alinami ir nepatenka \u012f aliej\u0173.<\/span><\/p>\n","protected":false},"excerpt":{"rendered":"<p><span style=\"font-size: 12pt;\"><b>Gamintojas:<\/b><span style=\"font-weight: 400;\"> Nefertiti nat\u016bral\u016bs aliejai ir vaista\u017eol\u0117s<\/span><\/span><br \/>\n<span style=\"font-size: 12pt;\"><b>Pristatymo kaina:<\/b><span style=\"font-weight: 400;\"> apskai\u010diuojama atsiskaitant u\u017e pirkinius<\/span><\/span><br \/>\n<span style=\"font-size: 12pt;\"><b>Kilm\u0117s \u0161alis:<\/b><span style=\"font-weight: 400;\"> Persija, Anglija<\/span><\/span><br \/>\n<span style=\"font-size: 12pt;\"><b>Botaninis pavadinimas:<\/b><span style=\"font-weight: 400;\"> Graikinis rie\u0161utmedis (lot. Juglans regia).<\/span><\/span><br \/>\n<span style=\"font-size: 12pt;\"><b>\u0160eima:<\/b><span style=\"font-weight: 400;\"> Rie\u0161utmediniai<\/span><\/span><br \/>\n<span style=\"font-size: 12pt;\"><b>INCI:<\/b><span style=\"font-weight: 400;\"> Juglans Regia (Walnut) Seed Oil<\/span><\/span><br \/>\n<span style=\"font-size: 12pt;\"><b>Kiti pavadinimai:<\/b><span style=\"font-weight: 400;\"> Tropical walnut (tropinis rie\u0161utas), Colombian walnut (kolumbinis rie\u0161utas), nogal, Ecuadorian walnut (ekvadoro rie\u0161utas), nogal Bogotano , \u062c\u0648\u0632<\/span><\/span><br \/>\n<span style=\"font-size: 12pt;\"><b>Naudojamos dalys:<\/b><span style=\"font-weight: 400;\"> rie\u0161utai<\/span><\/span><br \/>\n<span style=\"font-size: 12pt;\"><b>I\u0161gavimo metodas:<\/b><span style=\"font-weight: 400;\"> garin\u0117 distiliacija<\/span><\/span><br \/>\n<span style=\"font-size: 12pt;\"><b>Kvapas:<\/b><span style=\"font-weight: 400;\"> intensyvus rie\u0161ut\u0173 skonis<\/span><\/span><br \/>\n<span style=\"font-size: 12pt;\"><b>Spalva:<\/b><span style=\"font-weight: 400;\"> Nuo geltonos link gintarin\u0117s<\/span><\/span><br \/>\n<span style=\"font-size: 12pt;\"><b>Fizin\u0117 b\u016bkl\u0117:<\/b><span style=\"font-weight: 400;\"> skystis<\/span><\/span><br \/>\n<span style=\"font-size: 12pt;\"><b>Nat\u016bralus:<\/b><span style=\"font-weight: 400;\"> Taip<\/span><\/span><br \/>\n<span style=\"font-size: 12pt;\"><b>Grynumas:<\/b><span style=\"font-weight: 400;\"> 100%<\/span><\/span><br \/>\n<span style=\"font-size: 12pt;\"><b>ISO sertifikatas:<\/b><span style=\"font-weight: 400;\"> sertifikuota<\/span><\/span><\/p>\n","protected":false},"featured_media":275914,"comment_status":"open","ping_status":"closed","template":"","meta":[],"product_brand":[],"product_cat":[186],"product_tag":[],"class_list":{"0":"post-54368","1":"product","2":"type-product","3":"status-publish","4":"has-post-thumbnail","6":"product_cat-natural-oils","7":"pa_bottle-size-11-1000-ml-lt","8":"pa_bottle-size-11-500-ml-lt","9":"pa_bottle-size-1000-ml-2-lt","10":"pa_bottle-size-125-ml-lt","11":"pa_bottle-size-200-ml-lt","12":"pa_bottle-size-300-ml-lt","13":"pa_bottle-size-500-ml-lt","15":"first","16":"instock","17":"sale","18":"shipping-taxable","19":"purchasable","20":"product-type-variable","21":"has-default-attributes"},"_links":{"self":[{"href":"https:\/\/nefertiti-eg.com\/lt\/wp-json\/wp\/v2\/product\/54368","targetHints":{"allow":["GET"]}}],"collection":[{"href":"https:\/\/nefertiti-eg.com\/lt\/wp-json\/wp\/v2\/product"}],"about":[{"href":"https:\/\/nefertiti-eg.com\/lt\/wp-json\/wp\/v2\/types\/product"}],"replies":[{"embeddable":true,"href":"https:\/\/nefertiti-eg.com\/lt\/wp-json\/wp\/v2\/comments?post=54368"}],"wp:featuredmedia":[{"embeddable":true,"href":"https:\/\/nefertiti-eg.com\/lt\/wp-json\/wp\/v2\/media\/275914"}],"wp:attachment":[{"href":"https:\/\/nefertiti-eg.com\/lt\/wp-json\/wp\/v2\/media?parent=54368"}],"wp:term":[{"taxonomy":"product_brand","embeddable":true,"href":"https:\/\/nefertiti-eg.com\/lt\/wp-json\/wp\/v2\/product_brand?post=54368"},{"taxonomy":"product_cat","embeddable":true,"href":"https:\/\/nefertiti-eg.com\/lt\/wp-json\/wp\/v2\/product_cat?post=54368"},{"taxonomy":"product_tag","embeddable":true,"href":"https:\/\/nefertiti-eg.com\/lt\/wp-json\/wp\/v2\/product_tag?post=54368"}],"curies":[{"name":"wp","href":"https:\/\/api.w.org\/{rel}","templated":true}]}}