{"id":54372,"date":"2015-06-15T00:30:39","date_gmt":"2015-06-14T22:30:39","guid":{"rendered":"https:\/\/wordpress-237795-1094026.cloudwaysapps.com\/shop\/be-kategorijos\/wheat-germ-oil\/"},"modified":"2025-05-26T13:25:02","modified_gmt":"2025-05-26T10:25:02","slug":"wheat-germ-oil","status":"publish","type":"product","link":"https:\/\/nefertiti-eg.com\/lt\/shop\/natural-hair-care-lt\/wheat-germ-oil\/","title":{"rendered":"Kvie\u010di\u0173 gemal\u0173 aliejus"},"content":{"rendered":"<p><span style=\"font-size: 14pt;\"><strong>Chemin\u0117 sud\u0117tis<\/strong><\/span><\/p>\n<p><span style=\"font-size: 12pt;\">Kvie\u010di\u0173 gemal\u0173 aliejus pasi\u017eymi gan tir\u0161ta strukt\u016brine sud\u0117timi ir i\u0161siskiria sitpriu aromatu ir ry\u0161kia spalva. \u0160io aliejaus sud\u0117tyje daugyb\u0117 nauding\u0173 riebi\u0173j\u0173 r\u016bg\u0161\u010di\u0173, vitamino E, Beta-karotino, lecitino, B grup\u0117s vitaminai, vitaminas A, folin\u0117 r\u016bg\u0161tis, baltymai, mikrolementai (cinkas, gele\u017eis, kalis, siera, fosforas).<\/span><\/p>\n<h3><span style=\"font-size: 14pt;\"><strong>Nauda odos sveikatai<\/strong><\/span><\/h3>\n<p><span style=\"font-size: 12pt;\">Labiausiai kvie\u010di\u0173 gemal\u0173 aliejus rekomenduojamas rimt\u0173 odos lig\u0173, toki\u0173 kaip egzema ir psoriaz\u0117 gydymui ir reguliariai naudojant turi ilgalaik\u012f teigiam\u0105 poveik\u012f j\u0173 simptomams \u0161alinti. Taip pat \u0161is aliejus puikiai gydo odos nudegimus ir nedideles odos opas. I\u0161oriniam naudojimui kvie\u010di\u0173 gemal\u0173 aliej\u0173 reikt\u0173 pavadinti tinkamiausiu sausos ir brand\u017eios odos prie\u017ei\u016brai. Kvie\u010di\u0173 gemal\u0173 aliejaus naudojimas stimuliuoja kraujo cirkuliacij\u0105 odos audiniuose ir skatina l\u0105steli\u0173 regeneracij\u0105 ir kolageno sintez\u0119. Efektyviai naikina \u017ealingo aplinkos ir UV spinduli\u0173 poveikio sukeltus odos pa\u017eeidimus, stabdo odos sen\u0117jim\u0105. Kompresai arba kauk\u0117s paruo\u0161ti kvie\u010di\u0173 gemal\u0173 aliejaus pagrindu gydo dermatit\u0105, lygina odos rauk\u0161les ir naikina negilius randus. Reguliarus kvie\u010di\u0173 gemal\u0173 aliejaus naudojimas atitolina odos sen\u0117jim\u0105, reguliuoja odos pigmentacijos proces\u0105 ir saugo od\u0105 nuo rauk\u0161li\u0173 formavimosi.<\/span><\/p>\n<p><span style=\"font-size: 14pt;\"><strong>Medicininis panaudojimas<\/strong><\/span><\/p>\n<p><span style=\"font-size: 12pt;\">Vidinis kvie\u010di\u0173 gemal\u0173 aliejaus vartojimas pagerina \u0161irdies kraujagysli\u0173 sistemos funkcin\u0119 veikl\u0105. Po daugyb\u0117s atlikt\u0173 tyrim\u0173 buvo \u012frodytas \u0161iame aliejuje gausiai randamo oktakosanolio (ma\u017eina ma\u017eo tankio ir didina didelio tankio cholesterolio kiek\u012f) teigiamas poveikis \u0161irdies ir kraujagysli\u0173 sistemos funkcijai gerinti. Oktakosanolis u\u017etikrina cholesterolio balans\u0105 ir apsaugo \u017emogaus organizm\u0105 nuo ateroskleroz\u0117s atsiradimo. Kvie\u010di\u0173 gemal\u0173 aliejus taip pat labai gerai \u017einomas kaip efektyvus antioksidantas ir vartojamas organizmo apsaugai nuo \u017ealingo aplinkos poveikio u\u017etikrinti.<\/span><\/p>\n<h3><span style=\"font-size: 14pt;\"><strong>Kasdienin\u0117 odos prie\u017ei\u016bra<\/strong><\/span><\/h3>\n<p><span style=\"font-size: 12pt;\">Prabangi sausos ir jautrios odos prie\u017ei\u016bra u\u017etikrinama i\u0161skirtinai reguliariai naudojant kvie\u010di\u0173 gemal\u0173 aliej\u0173. Jis naudojamas neskiestas ir tepamas tiesiogiai ant problemati\u0161kos odos ar tiesiog veido ir kaklo odos sri\u010di\u0173. Kvie\u010di\u0173 gemal\u0173 aliejumi galima praturtinti visas odos prie\u017ei\u016brai skirtas priemones. Puikiai atstato pa\u017eeistos odos strukt\u016br\u0105, suteikia odai elastingumo, lygina rauk\u0161les, jaunina ir dr\u0117kina od\u0105. Kvie\u010di\u0173 gemal\u0173 aliejuje esantis did\u017eiulis vitamino E kiekis patvirtina jo antioksidacines ir apsaugines savybes, atitolinan\u010dias ir sul\u0117tinan\u010dias odos sen\u0117jimo proces\u0105, bei stabdan\u010dias u\u017edegiminius procesus. Puikiai tinka rank\u0173 odos prie\u017ei\u016brai.<\/span><\/p>\n","protected":false},"excerpt":{"rendered":"<h2 style=\"font-weight: initial; font-size: 20px;\">Kvie\u010di\u0173 gemal\u0173 aliejus<\/h2>\n<p><span style=\"font-size: 12pt;\"><b>Gamintojas:<\/b><span style=\"font-weight: 400;\"> Nefertiti nat\u016bral\u016bs aliejai ir vaista\u017eol\u0117s<\/span><\/span><br \/>\n<span style=\"font-size: 12pt;\"><b>Pristatymo kaina:<\/b><span style=\"font-weight: 400;\"> apskai\u010diuojama atsiskaitant u\u017e pirkinius<\/span><\/span><br \/>\n<span style=\"font-size: 12pt;\"><b>Kilm\u0117s \u0161alis:<\/b><span style=\"font-weight: 400;\"> Pietvakari\u0173 Azija<\/span><\/span><br \/>\n<span style=\"font-size: 12pt;\"><b>Botaninis pavadinimas:<\/b><span style=\"font-weight: 400;\"> Kvietys (lot. Triticum).<\/span><\/span><br \/>\n<span style=\"font-size: 12pt;\"><b>\u0160eima:<\/b><span style=\"font-weight: 400;\"> Migliniai<\/span><\/span><br \/>\n<span style=\"font-size: 12pt;\"><b>INCI:<\/b><span style=\"font-weight: 400;\"> Triticum vulgare (Wheat) Germ Oil)<\/span><\/span><br \/>\n<span style=\"font-size: 12pt;\"><b>Kiti pavadinimai:<\/b><span style=\"font-weight: 400;\"> Triticum aestivum, wheat oil, Triticum durum, Triticum aestivum Linn, \u062c\u0631\u062b\u0648\u0645\u0629 \u0627\u0644\u0642\u0645\u062d<\/span><\/span><br \/>\n<span style=\"font-size: 12pt;\"><b>Naudojamos dalys:<\/b><span style=\"font-weight: 400;\"> daiginti gr\u016bdai<\/span><\/span><br \/>\n<span style=\"font-size: 12pt;\"><b>I\u0161gavimo metodas:<\/b><span style=\"font-weight: 400;\"> ma\u017eos temperat\u016bros ekstrahavimas<\/span><\/span><br \/>\n<span style=\"font-size: 12pt;\"><b>Kvapas:<\/b><span style=\"font-weight: 400;\"> \u0161velnus \u017eemi\u0161kas<\/span><\/span><br \/>\n<span style=\"font-size: 12pt;\"><b>Spalva:<\/b><span style=\"font-weight: 400;\"> gintarin\u0117 link rudos<\/span><\/span><br \/>\n<span style=\"font-size: 12pt;\"><b>Fizin\u0117 b\u016bkl\u0117:<\/b><span style=\"font-weight: 400;\"> skystis<\/span><\/span><br \/>\n<span style=\"font-size: 12pt;\"><b>Nat\u016bralus:<\/b><span style=\"font-weight: 400;\"> Taip<\/span><\/span><br \/>\n<span style=\"font-size: 12pt;\"><b>Grynumas:<\/b><span style=\"font-weight: 400;\"> 100%<\/span><\/span><br \/>\n<span style=\"font-size: 12pt;\"><b>ISO sertifikatas:<\/b><span style=\"font-weight: 400;\"> sertifikuota<\/span><\/span><\/p>\n","protected":false},"featured_media":275904,"comment_status":"open","ping_status":"closed","template":"","meta":[],"product_brand":[],"product_cat":[663,186],"product_tag":[],"class_list":{"0":"post-54372","1":"product","2":"type-product","3":"status-publish","4":"has-post-thumbnail","6":"product_cat-natural-hair-care-lt","7":"product_cat-natural-oils","8":"pa_bottle-size-125-ml-lt","9":"pa_bottle-size-60-ml","11":"first","12":"instock","13":"sale","14":"shipping-taxable","15":"purchasable","16":"product-type-variable","17":"has-default-attributes"},"_links":{"self":[{"href":"https:\/\/nefertiti-eg.com\/lt\/wp-json\/wp\/v2\/product\/54372","targetHints":{"allow":["GET"]}}],"collection":[{"href":"https:\/\/nefertiti-eg.com\/lt\/wp-json\/wp\/v2\/product"}],"about":[{"href":"https:\/\/nefertiti-eg.com\/lt\/wp-json\/wp\/v2\/types\/product"}],"replies":[{"embeddable":true,"href":"https:\/\/nefertiti-eg.com\/lt\/wp-json\/wp\/v2\/comments?post=54372"}],"wp:featuredmedia":[{"embeddable":true,"href":"https:\/\/nefertiti-eg.com\/lt\/wp-json\/wp\/v2\/media\/275904"}],"wp:attachment":[{"href":"https:\/\/nefertiti-eg.com\/lt\/wp-json\/wp\/v2\/media?parent=54372"}],"wp:term":[{"taxonomy":"product_brand","embeddable":true,"href":"https:\/\/nefertiti-eg.com\/lt\/wp-json\/wp\/v2\/product_brand?post=54372"},{"taxonomy":"product_cat","embeddable":true,"href":"https:\/\/nefertiti-eg.com\/lt\/wp-json\/wp\/v2\/product_cat?post=54372"},{"taxonomy":"product_tag","embeddable":true,"href":"https:\/\/nefertiti-eg.com\/lt\/wp-json\/wp\/v2\/product_tag?post=54372"}],"curies":[{"name":"wp","href":"https:\/\/api.w.org\/{rel}","templated":true}]}}