{"id":54383,"date":"2015-06-24T16:27:51","date_gmt":"2015-06-24T14:27:51","guid":{"rendered":"https:\/\/wordpress-237795-1094026.cloudwaysapps.com\/shop\/be-kategorijos\/lemongrass-oil\/"},"modified":"2023-02-13T19:46:52","modified_gmt":"2023-02-13T17:46:52","slug":"lemongrass-oil","status":"publish","type":"product","link":"https:\/\/nefertiti-eg.com\/lt\/shop\/essential-oils\/lemongrass-oil\/","title":{"rendered":"Citrin\u017eol\u0117s aliejus"},"content":{"rendered":"<h3><span style=\"font-size: 14pt;\"><strong>I\u0161gavimo b\u016bdas<\/strong><\/span><\/h3>\n<p><span style=\"font-size: 12pt;\">Eterinis lanks\u010di\u0173j\u0173 citrin\u017eoli\u0173 (Cymbopogon flexuosus L.) aliejus yra i\u0161gaunamas garin\u0117s distiliacijos b\u016bdu, i\u0161garinant \u0161\u012f aliej\u0173 i\u0161 saus\u0173, d\u017eiovint\u0173 citrin\u017eol\u0117s augal\u0173.<\/span><\/p>\n<h3><span style=\"font-size: 14pt;\"><strong>Panaudojimas ir privalumai<\/strong><\/span><\/h3>\n<p><span style=\"font-size: 12pt;\">Teigiama eterinio citrin\u017eol\u0117s aliejaus \u012ftaka \u017emogaus sveikatai pasirei\u0161kia daugeliu veiksni\u0173, toki\u0173 kaip: nuskausminantis, antidepresinis, prie\u0161grybelinis, antiseptinis, sutraukiantis, baktericidinis, deodoruojantis, fungicidinis, insekticidinis, ir tonizuojantis poveikiai. Gali suma\u017einti auk\u0161t\u0105 k\u016bno temperat\u016br\u0105. Citrin\u017eol\u0117s aliejus turi nuostab\u0173 tonizuojant\u012f poveik\u012f, gaivina organizm\u0105 ir lengvai \u0161alina nuovarg\u012f. Padeda atstayti organizmo j\u0117gas ir skatina aktyvum\u0105. Citrin\u017eoli\u0173 eterinis aliejus rekomenduojamas kaip veiksminga uodus atbaidanti priemon\u0117.<\/span><\/p>\n<h3><span style=\"font-size: 14pt;\"><strong>Puikus oro gaiviklis<\/strong><\/span><\/h3>\n<p><span style=\"font-size: 12pt;\">Eterinis citrin\u017eol\u0117s aliejus populiarus ne tik aromaterapini\u0173 proced\u016br\u0173 metu. \u0160is aliejus puikiausiai tinka naudojimui pirtyse ir saunose, be to efektyviai gaivina ofis\u0173 ir automobilio salono or\u0105. Padeda geriau sukoncentruoti d\u0117m\u0117s\u012f\u00a0 ir greitina reakcij\u0105. Eterinis citrin\u017eol\u0117s aliejus rekomenduojamas ken\u010diantiems nuo hipotenzijos, taip pat padeda atsikratyti galvos svaigulio. Labai da\u017enai naudojamas vabzd\u017ei\u0173 atbaidymui ir efektyviai naikina nemalonius kvapus.<\/span><\/p>\n<h3><span style=\"font-size: 14pt;\"><strong>Preparatas galvos skausmo mal\u0161inimui<\/strong><\/span><\/h3>\n<p><span style=\"font-size: 12pt;\">Eterinis citrin\u017eol\u0117s aliejus pasi\u017eymi puikiu neinvaziniu efektu galvos skausmo mal\u0161inimui. Lengvai ir greitai i\u0161vaduoja nuo galvos skausmo, migrenos priepuoli\u0173, taip pat \u0161alina pagiri\u0173 sindromo simptomus.<\/span><\/p>\n<h3><span style=\"font-size: 14pt;\"><strong>Virusin\u0117s ir kv\u0117pavimo tak\u0173 ligos<\/strong><\/span><\/h3>\n<p><span style=\"font-size: 12pt;\">Eterinis citrin\u017eol\u0117s aliejus padeda per\u0161alimo ir virusini\u0173 lig\u0173 gydyme. Jis puikiai ma\u017eina simptomus, ramina skausm\u0105, skatina prakaitavim\u0105, ir gerina bendr\u0105 organizmo b\u016bkl\u0119.<\/span><\/p>\n<h3><span style=\"font-size: 14pt;\"><strong>Kosmetinis panaudojimas<\/strong><\/span><\/h3>\n<p><span style=\"font-size: 12pt;\">Naudojamas kaip itin aktyvus komponentas ir \u012feina \u012f daugelio kosmetikos produkt\u0173 sud\u0117t\u012f. Juo praturtinami kremai, kauk\u0117s ir losjonai riebiai odai. Nepakei\u010diamas produktuose, skirtuose spuog\u0173 gydymui, kadangi \u00a0eterinis cintrin\u017eol\u0117s aliejus pasi\u017eymi itin stipriomis antibakterin\u0117mis, prie\u0161grybelin\u0117mis ir valomosiomis savyb\u0117mis. D\u0117l savo unikalaus ilgai i\u0161liekan\u010dio aromato citrin\u017eoli\u0173 aliejus naudojamas parfumerijos pramon\u0117je bei oro gaivikli\u0173 gamyboje.<\/span><\/p>\n<h3><span style=\"font-size: 14pt;\"><strong>Masa\u017eo aliejus<\/strong><\/span><\/h3>\n<p><span style=\"font-size: 12pt;\">Eterinis citrin\u017eoli\u0173 aliejus stiprina jungiamuosius odos audinius, tod\u0117l lygiomis dalimis mai\u0161omas su jojobos (simondsij\u0173) ir sandalmed\u017eio aliejais, ir \u0161is mi\u0161inys yra naudojamias celiulito gydymui.<\/span><\/p>\n<h3><span style=\"font-size: 14pt;\"><strong>Riebaluotis linkusi\u0173 plauk\u0173 prie\u017ei\u016bra<\/strong><\/span><\/h3>\n<p><span style=\"font-size: 12pt;\">Eterinis citrin\u017eoli\u0173 aliejus padeda suma\u017einti sebumo i\u0161siskyrim\u0105 galvos odoje, tod\u0117l juo da\u017enai praturtinamos kauk\u0117s, losjonai ir kremai skirti riebi\u0173 plauk\u0173 prie\u017ei\u016brai.<\/span><\/p>\n","protected":false},"excerpt":{"rendered":"<p><span style=\"font-size: 12pt;\"><b>Gamintojas:<\/b><span style=\"font-weight: 400;\"> Nefertiti nat\u016bral\u016bs aliejai ir vaista\u017eol\u0117s<\/span><\/span><br \/>\n<span style=\"font-size: 12pt;\"><b>Pristatymo kaina:<\/b><span style=\"font-weight: 400;\"> apskai\u010diuojama atsiskaitant u\u017e pirkinius<br \/>\n<\/span><\/span> <span style=\"font-size: 12pt;\"><b>Kilm\u0117s \u0161alis:<\/b><span style=\"font-weight: 400;\"> Kambod\u017ea, Vietnamas, Laosas, Indija, \u0160ri Lanka, Birmos salos ir Tailandas<\/span><\/span> <span style=\"font-size: 12pt;\"><b>Botaninis pavadinimas:<\/b><span style=\"font-weight: 400;\"> Citrin\u017eol\u0117 (lot. Cymbopogon).<br \/>\n<\/span><\/span> <span style=\"font-size: 12pt;\"><b>\u0160eima:<\/b><span style=\"font-weight: 400;\"> Migliniai<\/span><\/span><br \/>\n<span style=\"font-size: 12pt;\"><b>INCI:<\/b><span style=\"font-weight: 400;\"> Lemongrass (Cymbopogon Schoenanthus) Oil Lemongrass oil<\/span><\/span><br \/>\n<span style=\"font-size: 12pt;\"><b>Kiti pavadinimai:<\/b><span style=\"font-weight: 400;\"> lemon grass, lemongrass, barbed wire grass, \u0161ilkines smilgos, citronella \u017eol\u0117, cha de Dartigalongue, kar\u0161toji \u017eol\u0117, tanglad, hierba Luisa, gavati chahapati<\/span><\/span><br \/>\n<span style=\"font-size: 12pt;\"><b>Naudojamos dalys:<\/b><span style=\"font-weight: 400;\"> ant\u017eemin\u0117 augalo dalis<\/span><\/span> <span style=\"font-size: 12pt;\"><b>I\u0161gavimo metodas:<\/b><span style=\"font-weight: 400;\"> garin\u0117 distiliacija<\/span><\/span><br \/>\n<span style=\"font-size: 12pt;\"><b>Kvapas:<\/b><span style=\"font-weight: 400;\"> intensyvus citrusinis aromatas su \u017eem\u0117s natomis<\/span><\/span> <span style=\"font-size: 12pt;\"><b>Spalva:<\/b><span style=\"font-weight: 400;\"> tamsiai geltona<\/span><\/span> <span style=\"font-size: 12pt;\"><b>Fizin\u0117 b\u016bkl\u0117:<\/b><span style=\"font-weight: 400;\"> skystis<\/span><\/span> <span style=\"font-size: 12pt;\"><b>Nat\u016bralus:<\/b><span style=\"font-weight: 400;\"> Taip<\/span><\/span> <span style=\"font-size: 12pt;\"><b>Grynumas:<\/b><span style=\"font-weight: 400;\"> 100%<\/span><\/span> <span style=\"font-size: 12pt;\"><b>ISO sertifikatas:<\/b><span style=\"font-weight: 400;\"> sertifikuota<\/span><\/span><\/p>\n","protected":false},"featured_media":274917,"comment_status":"open","ping_status":"closed","template":"","meta":[],"product_brand":[],"product_cat":[174],"product_tag":[],"class_list":{"0":"post-54383","1":"product","2":"type-product","3":"status-publish","4":"has-post-thumbnail","6":"product_cat-essential-oils","7":"pa_bottle-size-30-ml","8":"pa_bottle-size-60-ml","10":"first","11":"instock","12":"sale","13":"shipping-taxable","14":"purchasable","15":"product-type-variable","16":"has-default-attributes"},"_links":{"self":[{"href":"https:\/\/nefertiti-eg.com\/lt\/wp-json\/wp\/v2\/product\/54383","targetHints":{"allow":["GET"]}}],"collection":[{"href":"https:\/\/nefertiti-eg.com\/lt\/wp-json\/wp\/v2\/product"}],"about":[{"href":"https:\/\/nefertiti-eg.com\/lt\/wp-json\/wp\/v2\/types\/product"}],"replies":[{"embeddable":true,"href":"https:\/\/nefertiti-eg.com\/lt\/wp-json\/wp\/v2\/comments?post=54383"}],"wp:featuredmedia":[{"embeddable":true,"href":"https:\/\/nefertiti-eg.com\/lt\/wp-json\/wp\/v2\/media\/274917"}],"wp:attachment":[{"href":"https:\/\/nefertiti-eg.com\/lt\/wp-json\/wp\/v2\/media?parent=54383"}],"wp:term":[{"taxonomy":"product_brand","embeddable":true,"href":"https:\/\/nefertiti-eg.com\/lt\/wp-json\/wp\/v2\/product_brand?post=54383"},{"taxonomy":"product_cat","embeddable":true,"href":"https:\/\/nefertiti-eg.com\/lt\/wp-json\/wp\/v2\/product_cat?post=54383"},{"taxonomy":"product_tag","embeddable":true,"href":"https:\/\/nefertiti-eg.com\/lt\/wp-json\/wp\/v2\/product_tag?post=54383"}],"curies":[{"name":"wp","href":"https:\/\/api.w.org\/{rel}","templated":true}]}}