{"id":81420,"date":"2015-06-24T16:58:26","date_gmt":"2015-06-24T14:58:26","guid":{"rendered":"https:\/\/nefertiti-eg.com\/shop\/niet-gecategoriseerd\/marjoram-oil\/"},"modified":"2023-01-09T15:56:51","modified_gmt":"2023-01-09T13:56:51","slug":"marjoram-oil","status":"publish","type":"product","link":"https:\/\/nefertiti-eg.com\/nl\/shop\/essential-oils\/marjoram-oil\/","title":{"rendered":"Marjolein Olie"},"content":{"rendered":"<h3><b>Voordelen van Marjolein Olie<\/b><\/h3>\n<p><span style=\"font-weight: 400;\">Marjolein heeft krachtige bacteriedodende, antiseptische, pijn- en krampstillende effecten. Marjolein etherische olie heeft een breed scala aan kalmerende en ontspannende eigenschappen die rechtstreeks op het lichaam inwerken en de psychologische toestand van een persoon be\u00efnvloeden. De anti-hypertensieve en kalmerende eigenschappen maken essenti\u00eble olie van marjolein onmisbaar bij de complexe behandeling van verschillende ziekten. Het gebruik van essenti\u00eble olie van marjolein is effectief bij hoofdpijn, sinusitis, verkoudheid, stress, slapeloosheid en vermoeidheid.<\/span><span style=\"font-weight: 400;\">\u00a0<\/span><\/p>\n<h3><b>Marjolein olie als pijnstiller<\/b><\/h3>\n<p><span style=\"font-weight: 400;\">Marjolein etherische olie vermindert pijn die wordt veroorzaakt door bijvoorbeeld verkoudheid, koorts, ontstekingen, spierspanning en heeft geen bijwerkingen. Lokaal gebruikt, kan natuurlijke marjolein olie krampen en alle soorten spasmen verminderen of verlichten. De essenti\u00eble olie van marjolein zorgt voor een onmiddellijk en langdurig rustgevend effect bij elk gebruik. Onmisbaar bij het verlichten van hoofdpijn en migraine.<\/span><\/p>\n<h3><b>Marjolein olie bij verkoudheid<\/b><\/h3>\n<p><span style=\"font-weight: 400;\">Natuurlijke marjolein olie wordt veel gebruikt om virale infecties, verkoudheid, griep en gerelateerde symptomen zoals hoest en verstopte neus te behandelen. Marjolein etherische olie is effectief bij het verlichten van hoest; bevordert de afscheiding van slijm en voorkomt de ophoping ervan in de sinussen, het strottenhoofd, de bronchi\u00ebn en longen. Inademing met essenti\u00eble olie van marjolein helpt de ademhaling te vergemakkelijken. Marjolein olie is uitstekend geschikt voor het verdrijven van neusslijm en voorkomt de vorming van nieuw slijm in de luchtwegen.<\/span><span style=\"font-weight: 400;\">\u00a0<\/span><\/p>\n<h3><b>Marjolein etherische olie voor slaap<\/b><\/h3>\n<p><span style=\"font-weight: 400;\">Bij gebruik in aromatherapie heeft essenti\u00eble olie van marjolein een kalmerend en ontspannend effect op de psychologische toestand van een persoon. Marjolein olie verlicht stress en angst gemakkelijk en langdurig en geeft een gevoel van welzijn zodat situaties van woede of depressie wordt vermeden. Marjolein etherische olie wordt aanbevolen voor koude en warme inademing; gebruik in sauna&#8217;s, stoombaden, aromalampen.<\/span><span style=\"font-weight: 400;\">\u00a0<\/span><\/p>\n<h3><b>Marjolein etherische olie tegen snurken<\/b><\/h3>\n<p><span style=\"font-weight: 400;\">Essenti\u00eble olie van marjolein kan helpen bij snurken door de zwelling van de luchtwegen te verlichten en de elasticiteit van de spieren in de bovenste luchtwegen te behouden.<\/span><\/p>\n<h3><b>Marjolein etherische olie voor de huid<\/b><\/h3>\n<p><span style=\"font-weight: 400;\">Natuurlijke marjolein olie heeft schimmelwerende en bacteriedodende effecten, het wordt aanbevolen voor uitwendig gebruik in de strijd tegen wratten en eelt wanneer het rechtstreeks op de aangetaste huid wordt aangebracht.<\/span><\/p>\n","protected":false},"excerpt":{"rendered":"<p><span style=\"font-size: 12pt;\"><span style=\"font-weight: 400;\"><b>Merk:<\/b> Nefertiti for natural oils and herbs<br \/>\n<b>Land van herkomst:<\/b> Cyprus en Zuid-Turkije<br \/>\n<b>Botanische naam:<\/b> Origanum majorana<br \/>\n<b>Familienaam:<\/b> Lamiaceae<br \/>\n<b>INCI: <\/b>Origanum majorana bladolie<br \/>\n<b>Andere namen:<\/b> Majoraan, symbool van geluk, wilde marjolein, Franse marjolein<br \/>\n<b>Gebruikte delen:<\/b> plant<br \/>\n<b>Extractiemethode:<\/b> stoomdestillatie<br \/>\n<b>Geur:<\/b> zoet dennen- en citrusachtig<br \/>\n<b>Uiterlijk:<\/b> geel tot donker geel<br \/>\n<b>Fysische toestand:<\/b> vloeibaar<br \/>\n<b>Natuurlijk:<\/b> ja<br \/>\n<b>Zuiverheid:<\/b> 100% puur<br \/>\n<b>Certificaten:<\/b> ISO, COA &amp; MSDS<br \/>\n<b>Verzending:<\/b> berekend bij het afrekenen<\/span><\/span><\/p>\n","protected":false},"featured_media":275031,"comment_status":"open","ping_status":"closed","template":"","meta":[],"product_brand":[],"product_cat":[817,801],"product_tag":[],"class_list":{"0":"post-81420","1":"product","2":"type-product","3":"status-publish","4":"has-post-thumbnail","6":"product_cat-essential-oils","7":"product_cat-natural-health-care-nl","8":"pa_bottle-size-125-ml-nl","9":"pa_bottle-size-30-ml","10":"pa_bottle-size-60ml","12":"first","13":"instock","14":"sale","15":"shipping-taxable","16":"purchasable","17":"product-type-variable","18":"has-default-attributes"},"_links":{"self":[{"href":"https:\/\/nefertiti-eg.com\/nl\/wp-json\/wp\/v2\/product\/81420","targetHints":{"allow":["GET"]}}],"collection":[{"href":"https:\/\/nefertiti-eg.com\/nl\/wp-json\/wp\/v2\/product"}],"about":[{"href":"https:\/\/nefertiti-eg.com\/nl\/wp-json\/wp\/v2\/types\/product"}],"replies":[{"embeddable":true,"href":"https:\/\/nefertiti-eg.com\/nl\/wp-json\/wp\/v2\/comments?post=81420"}],"wp:featuredmedia":[{"embeddable":true,"href":"https:\/\/nefertiti-eg.com\/nl\/wp-json\/wp\/v2\/media\/275031"}],"wp:attachment":[{"href":"https:\/\/nefertiti-eg.com\/nl\/wp-json\/wp\/v2\/media?parent=81420"}],"wp:term":[{"taxonomy":"product_brand","embeddable":true,"href":"https:\/\/nefertiti-eg.com\/nl\/wp-json\/wp\/v2\/product_brand?post=81420"},{"taxonomy":"product_cat","embeddable":true,"href":"https:\/\/nefertiti-eg.com\/nl\/wp-json\/wp\/v2\/product_cat?post=81420"},{"taxonomy":"product_tag","embeddable":true,"href":"https:\/\/nefertiti-eg.com\/nl\/wp-json\/wp\/v2\/product_tag?post=81420"}],"curies":[{"name":"wp","href":"https:\/\/api.w.org\/{rel}","templated":true}]}}