{"id":81701,"date":"2015-06-25T16:16:38","date_gmt":"2015-06-25T14:16:38","guid":{"rendered":"https:\/\/nefertiti-eg.com\/shop\/niet-gecategoriseerd\/hair-food-oil\/"},"modified":"2023-01-09T15:57:04","modified_gmt":"2023-01-09T13:57:04","slug":"hair-food-oil","status":"publish","type":"product","link":"https:\/\/nefertiti-eg.com\/nl\/shop\/natural-cosmetics\/hair-food-oil\/","title":{"rendered":"Haar-voedende Olie"},"content":{"rendered":"<h3><b>Voordelen van natuurlijke haar-voedende olie<\/b><\/h3>\n<p><span style=\"font-weight: 400;\">Natuurlijke haarolie is \u200b\u200bzeer zorgvuldig samengesteld van een aantal hoogwaardige natuurlijke oli\u00ebn. Natuurlijke vochtinbrengende ingredi\u00ebnten verhogen de activiteit van de natuurlijke haar-voedende olie om beschadigd haar diep te voeden en te herstellen. De mix van kruiden in deze olie heeft een natuurlijke beschermende SPF en kan worden gebruikt om het haar te beschermen tegen de schadelijke effecten van UV-straling. Een indrukwekkende cocktail van zorgvuldig geselecteerde ingredi\u00ebnten om het haar te voeden en te behandelen met alle noodzakelijke heilzame voedingsstoffen, permanent vocht en volume van het haar te waarborgen, en biedt de herstellende eigenschappen die essentieel zijn voor gezond haar.<\/span><\/p>\n<h3><b>Natuurlijke Olie mix als conditioner<\/b><\/h3>\n<p><span style=\"font-weight: 400;\">Deze natuurlijke mix van oli\u00ebn is geweldig voor diepe conditionering en versteviging van het haar, en om het een verzorgde en gezonde uitstraling te geven. Onze mix van natuurlijke oli\u00ebn is een zeer effectieve vochtinbrengende cr\u00e8me voor droog, broos en beschadigd haar. Het mengsel voedt en hydrateert het haar en cre\u00ebert een laag om te helpen beschermen tegen schadelijke omgevingsfactoren.<\/span><\/p>\n<h3><b>Natuurlijke mix van oli\u00ebn voor haarverzorging<\/b><\/h3>\n<p><span style=\"font-weight: 400;\">Dit mengsel van uitgelezen oli\u00ebn heeft een uitstekend effect op het haar. Door de lichte textuur, wordt het eenvoudig perfect uitgewassen, wordt niet vettig <\/span><span style=\"font-weight: 400;\">en verzwaart het haar niet. Het oliecomplex voorkomt haaruitval, versterkt de haarzakjes, gaat roos tegen, helpt broos en droog haar te voorkomen, bestrijdt gespleten haarpunten en he<\/span><span style=\"font-weight: 400;\">rstelt de structuur van beschadigd en gekleurd haar. Deze olie bestrijdt schimmelinfecties en huidirritaties en helpt grijs haar te voorkomen vanwege de hoge biologische activiteit. Deze oliemix stimuleert de natuurlijke haargroei en kan worden gebruikt om maximale haardichtheid en lengte te bereiken. Bij regelmatig gebruik van de blend krijgt het haar glans en zijde-zachtheid, wordt het haar aanzienlijk versterkt en dichter, gladder en elastischer.<\/span><\/p>\n<h3><b>Voedende eigenschappen van natuurlijk haar-olie<\/b><\/h3>\n<p><span style=\"font-weight: 400;\">Deze natuurlijke haarolie zit boordevol essenti\u00eble<\/span><span style=\"font-weight: 400;\"> vitamines zoals vitamine A, B, D en E. Het bevat ook eiwitten, aminozuren, ijzer, koper, magnesium en foliumzuur. Dit zijn de voedingsstoffen die onze haar-olie tot een ideaal product maken dat schade kan voorkomen en gezonde haargroei kan bevorderen.<\/span><\/p>\n<h3><b>Toepassing van natuurlijke haar-olie<\/b><\/h3>\n<p><span style=\"font-weight: 400;\">Masseer de hoofdhuid met een kleine hoeveelheid olie en verdeel gelijkmatig over de gehele lengte van het haar, 30 minuten voor het shamponeren.<\/span><\/p>\n","protected":false},"excerpt":{"rendered":"<p><b>Merk:<\/b><span style=\"font-weight: 400;\"> Nefertiti for natural oils and herbs<\/span><span style=\"font-weight: 400;\"><br \/>\n<\/span><b>Land van herkomst:<\/b><span style=\"font-weight: 400;\"> Egypte<\/span><span style=\"font-weight: 400;\"><br \/>\n<\/span><b>Samenstelling:<\/b><span style=\"font-weight: 400;\"> rucola-olie, zwart zaadolie, arganolie, tarwekiemolie, kokosolie, etherische oli\u00ebn<\/span><span style=\"font-weight: 400;\"><br \/>\n<\/span><b>INCI: <\/b><span style=\"font-weight: 400;\">mengsel van natuurlijke oli\u00ebn voor haarverzorging<\/span><span style=\"font-weight: 400;\"><br \/>\n<\/span><b>Toepassing:<\/b><span style=\"font-weight: 400;\"> cosmetisch, haarverzorging<\/span><span style=\"font-weight: 400;\"><br \/>\n<\/span><b>Geur:<\/b><span style=\"font-weight: 400;\"> aards kruidachtig<\/span><span style=\"font-weight: 400;\"><br \/>\n<\/span><b>Uiterlijk:<\/b><span style=\"font-weight: 400;\"> donkergroen tot bruin<\/span><span style=\"font-weight: 400;\"><br \/>\n<\/span><b>Fysische toestand:<\/b><span style=\"font-weight: 400;\"> vloeibaar<\/span><span style=\"font-weight: 400;\"><br \/>\n<\/span><b>Natuurlijk:<\/b><span style=\"font-weight: 400;\"> ja<\/span><span style=\"font-weight: 400;\"><br \/>\n<\/span><b>Zuiverheid:<\/b><span style=\"font-weight: 400;\"> 100% puur<\/span><span style=\"font-weight: 400;\"><br \/>\n<\/span><b>Certificaten:<\/b><span style=\"font-weight: 400;\"> ISO, COA &amp; MSDS<\/span><span style=\"font-weight: 400;\"><br \/>\n<\/span><b>Verzending:<\/b><span style=\"font-weight: 400;\"> berekend bij het afrekenen<\/span><span style=\"font-weight: 400;\"><br \/>\n<\/span><\/p>\n","protected":false},"featured_media":288499,"comment_status":"open","ping_status":"closed","template":"","meta":[],"product_brand":[],"product_cat":[826],"product_tag":[],"class_list":{"0":"post-81701","1":"product","2":"type-product","3":"status-publish","4":"has-post-thumbnail","6":"product_cat-natural-cosmetics","7":"pa_bottle-size-11-1000-ml-nl","8":"pa_bottle-size-11-300-ml-nl","9":"pa_bottle-size-11-500-ml-nl","10":"pa_bottle-size-1000-ml-2-nl","11":"pa_bottle-size-125-ml-nl","12":"pa_bottle-size-200-ml","13":"pa_bottle-size-300-ml","14":"pa_bottle-size-500-ml","16":"first","17":"instock","18":"sale","19":"shipping-taxable","20":"purchasable","21":"product-type-variable","22":"has-default-attributes"},"_links":{"self":[{"href":"https:\/\/nefertiti-eg.com\/nl\/wp-json\/wp\/v2\/product\/81701","targetHints":{"allow":["GET"]}}],"collection":[{"href":"https:\/\/nefertiti-eg.com\/nl\/wp-json\/wp\/v2\/product"}],"about":[{"href":"https:\/\/nefertiti-eg.com\/nl\/wp-json\/wp\/v2\/types\/product"}],"replies":[{"embeddable":true,"href":"https:\/\/nefertiti-eg.com\/nl\/wp-json\/wp\/v2\/comments?post=81701"}],"wp:featuredmedia":[{"embeddable":true,"href":"https:\/\/nefertiti-eg.com\/nl\/wp-json\/wp\/v2\/media\/288499"}],"wp:attachment":[{"href":"https:\/\/nefertiti-eg.com\/nl\/wp-json\/wp\/v2\/media?parent=81701"}],"wp:term":[{"taxonomy":"product_brand","embeddable":true,"href":"https:\/\/nefertiti-eg.com\/nl\/wp-json\/wp\/v2\/product_brand?post=81701"},{"taxonomy":"product_cat","embeddable":true,"href":"https:\/\/nefertiti-eg.com\/nl\/wp-json\/wp\/v2\/product_cat?post=81701"},{"taxonomy":"product_tag","embeddable":true,"href":"https:\/\/nefertiti-eg.com\/nl\/wp-json\/wp\/v2\/product_tag?post=81701"}],"curies":[{"name":"wp","href":"https:\/\/api.w.org\/{rel}","templated":true}]}}