{"id":81720,"date":"2015-06-24T20:59:12","date_gmt":"2015-06-24T18:59:12","guid":{"rendered":"https:\/\/nefertiti-eg.com\/shop\/niet-gecategoriseerd\/aloe-vera-lotion\/"},"modified":"2025-10-07T04:12:04","modified_gmt":"2025-10-07T01:12:04","slug":"aloe-vera-lotion","status":"publish","type":"product","link":"https:\/\/nefertiti-eg.com\/nl\/shop\/natural-skin-care-nl\/aloe-vera-lotion\/","title":{"rendered":"Alo\u00eb Vera Lotion"},"content":{"rendered":"<h3><b>Actieve ingredi\u00ebnten en eigenschappen van Alo\u00eb Vera Lotion<\/b><b><br \/>\n<\/b><b><\/b><\/h3>\n<p><b><\/b><span style=\"font-weight: 400;\">\u25cf Alo\u00eb Vera bevat een uitgebalanceerde groep biologisch actieve stoffen.<\/span><span style=\"font-weight: 400;\"><br \/>\n<\/span><span style=\"font-weight: 400;\">\u25cf Organische zuren helpen de huid jeugdig te houden.<\/span><span style=\"font-weight: 400;\"><br \/>\n<\/span><span style=\"font-weight: 400;\">\u25cf Tannines die antimicrobi\u00eble eigenschappen hebben (van belang bij behandeling van acne).<\/span><span style=\"font-weight: 400;\"><br \/>\n<\/span><span style=\"font-weight: 400;\">\u25cf Pectine helpt de drogere huid te hydrateren.<\/span><span style=\"font-weight: 400;\"><br \/>\n<\/span><span style=\"font-weight: 400;\">\u25cf Caroteno\u00efden zijn essentieel voor het behoud van een natuurlijke teint.<\/span><span style=\"font-weight: 400;\"><br \/>\n<\/span><span style=\"font-weight: 400;\">\u25cf Allanto\u00efne <\/span><span style=\"font-weight: 400;\">heeft vele g<\/span><span style=\"font-weight: 400;\">unstige effecten op de huid: het verzacht het stratum corneum, bevordert de afscheiding van dode cellen en stimuleert de regeneratie van huidweefsel. Vernauwt de pori\u00ebn en verzacht de huid, ook schrale of verbrande huid.<\/span><span style=\"font-weight: 400;\"><br \/>\n<\/span><span style=\"font-weight: 400;\">\u25cf Vitaminecomplex (vitamine A, C, E, en B-groep vitamine), foliumzuur, mineralen zoals calcium, kalium, natrium, zink, koper, chroom, selenium voeden de cellen. Alo\u00eb Vera is een eersteklas antioxidant die het oxidatieproces remt en de vernietiging van cellen tegengaat, waardoor huidveroudering wordt vertraagd.<\/span><span style=\"font-weight: 400;\"><br \/>\n<\/span><span style=\"font-weight: 400;\">\u25cf Alo\u00eb Vera dringt 4 keer sneller in de huid dan water, hydrateert diep en voorkomt uitdroging, waardoor de optimale hoeveelheid vocht in de epidermislagen blijft.<\/span><span style=\"font-weight: 400;\"><br \/>\n<\/span><span style=\"font-weight: 400;\">\u25cf Beschermt en herstelt de natuurlijke huidbarri\u00e8re, <\/span><span style=\"font-weight: 400;\">dit zorgt voor een verbeterde bloedcirculatie en verhoogde weerstand tegen schadelijke externe factoren.<\/span><span style=\"font-weight: 400;\"> Alo\u00eb Vera wordt snel opgenomen, maar cre\u00ebert tegelijkertijd een onzichtbare barri\u00e8re op de huid die gedurende de dag perfect beschermt tegen weersinvloeden en andere externe factoren.<\/span><span style=\"font-weight: 400;\"><br \/>\n<\/span><span style=\"font-weight: 400;\">\u25cf Geschikt voor alle huidtypes.<\/span><span style=\"font-weight: 400;\"><br \/>\n<\/span><span style=\"font-weight: 400;\">\u25cf Verstevigt de huid. Al na de eerste toepassing ziet de huid er frisser uit door een boost aan vitamines, antioxidanten en het nodige vocht te ontvangen.<\/span><span style=\"font-weight: 400;\"><br \/>\n<\/span><b><\/b><\/p>\n<h3><b>Toepassing van Alo\u00eb Vera lotion<br \/>\n<\/b><b><\/b><\/h3>\n<p><span style=\"font-weight: 400;\">Alo\u00eb Vera heeft een gunstig effect op de opperhuid: het desinfecteert, kalmeert, verzacht, hydrateert, verlicht ontstekingen en irritaties, roodheid en jeuk, geneest kleine wondjes en krassen. Helpt bij brandwonden, snijwonden en insectenbeten. Dankzij de ontstekingsremmende eigenschappen vermindert Alo\u00eb Vera roodheid veroorzaakt door Uv-stralen, versnelt het de celregeneratie en vormt een beschermende laag zodat vocht in de cellen wordt vastgehouden &#8211; vocht dat vooral belangrijk is bij een beschadigde huid.<\/span><span style=\"font-weight: 400;\"><br \/>\n<\/span><span style=\"font-weight: 400;\"><br \/>\n<\/span><span style=\"font-weight: 400;\">\u25cf Voor de droge en gevoelige huid wordt dagelijkse verzorging met Alo\u00eb Vera lotion aanbevolen, zowel in de ochtend als avond aanbrengen. Het kan eenvoudig gebruikt worden in plaats van een dagcr\u00e8me, want het past zich goed aan cosmetica aan.<\/span><span style=\"font-weight: 400;\"><br \/>\n<\/span><span style=\"font-weight: 400;\">\u25cf Ochtendbehandeling met Alo\u00eb Vera lotion beschermt tegen schadelijke omgevingsfactoren. Verzorging in de avond zorgt voor hydratatie en voeding voor de diepere lagen van de opperhuid.<\/span><span style=\"font-weight: 400;\"><br \/>\n<\/span><span style=\"font-weight: 400;\">\u25cf Alo\u00eb Vera lotion wordt aanbevolen voor een normale, vette en ontstoken huid. Het helpt om vergrote pori\u00ebn te reinigen, de huid te hydrateren, irritatie te verminderen en het ontstaan van mee-eters en acne te voorkomen.<\/span><span style=\"font-weight: 400;\"><br \/>\n<\/span><span style=\"font-weight: 400;\">\u25cf Alo\u00eb Vera is een redder in nood bij brandwonden. Bij verbranding of zonnebrand, breng je de Alo\u00eb Vera lotion aan op het aangetaste deel van de huid &#8211; het kalmeert de huid direct, het verzacht en heeft een verkoelend effect. De pijn zal snel verdwijnen en de volgende dag is de brandwond duidelijk minder zichtbaar.<\/span><span style=\"font-weight: 400;\"><br \/>\n<\/span><span style=\"font-weight: 400;\">\u25cf Alo\u00efne staat bekend om zijn zonwerende eigenschappen, waardoor het geschikt is om de huid te beschermen tegen directe blootstelling aan Uv-straling. Ideaal tijdens en na het zonnen. Door dagelijks gebruik van Alo\u00eb Vera behoudt je een egaal bruine kleur.<\/span><span style=\"font-weight: 400;\"><br \/>\n<\/span><span style=\"font-weight: 400;\">\u25cf Alo\u00eb Vera lotion heeft eigenschappen die beschadigde huidcellen snel weer herstellen, het verzacht ge\u00efrriteerde huid en cre\u00ebert een natuurlijk laagje dat beschermt tegen opnieuw ontsteken. Daarom is Alo\u00eb Vera lotion ideaal voor het verlichten van huidirritaties die ontstaan na het epileren of scheren.<\/span><span style=\"font-weight: 400;\"><br \/>\n<\/span><span style=\"font-weight: 400;\">\u25cf Het dragen van bijvoorbeeld huishoudelijke handschoenen, beschadigt de huid van de handen en kan leiden tot vroegtijdige veroudering. Door Alo\u00eb Vera Lotion aan te brengen bl<\/span><span style=\"font-weight: 400;\">ijven je han<\/span><span style=\"font-weight: 400;\">den lang mooi.<\/span><span style=\"font-weight: 400;\"><br \/>\n<\/span><span style=\"font-weight: 400;\">\u25cf Alo\u00eb Vera fungeert als de perfecte vochtinbrengende cr\u00e8me voor lichaam en gezicht. <\/span><span style=\"font-weight: 400;\">Breng na het douchen<\/span><span style=\"font-weight: 400;\"> een dunne laag aan &#8211; de lotion wordt onmiddellijk opgenomen zonder een plakkerig gevoel achter te laten en maakt de huid erg glad en fluweelzacht.<\/span><span style=\"font-weight: 400;\"><br \/>\n<\/span><span style=\"font-weight: 400;\">\u25cf Alo\u00eb Vera helpt blauwe plekken snel te laten verdwijnen.<\/span><span style=\"font-weight: 400;\"><br \/>\n<\/span><span style=\"font-weight: 400;\"><br \/>\n<\/span><span style=\"font-weight: 400;\">Over het algemeen biedt Alo\u00eb <\/span><span style=\"font-weight: 400;\">Vera Lotio<\/span><span style=\"font-weight: 400;\">n veelzijdige verzorging voor alle huidtypes:<\/span><span style=\"font-weight: 400;\"><br \/>\n<\/span><span style=\"font-weight: 400;\">&#8211; Het hydrateert, verzacht en beschermt de <\/span><i><span style=\"font-weight: 400;\">droge en normale huid<\/span><\/i><span style=\"font-weight: 400;\">.<\/span><span style=\"font-weight: 400;\"><br \/>\n<\/span><span style=\"font-weight: 400;\">&#8211; Het kalmeert en verlicht stress bij <\/span><i><span style=\"font-weight: 400;\">gevoelige huid.<\/span><\/i><i><span style=\"font-weight: 400;\"><br \/>\n<\/span><\/i><span style=\"font-weight: 400;\">&#8211; De revitaliserende werking verhoogt de elasticiteit van de <\/span><i><span style=\"font-weight: 400;\">rijpere huid.<\/span><\/i><span style=\"font-weight: 400;\"><br \/>\n<\/span><span style=\"font-weight: 400;\">&#8211; Het reinigt en ontsmet de <\/span><i><span style=\"font-weight: 400;\">vettige en problematische huid<\/span><\/i><span style=\"font-weight: 400;\">.<\/span><span style=\"font-weight: 400;\"><br \/>\n<\/span><span style=\"font-weight: 400;\">&#8211; Het verlicht ontstekingen.<\/span><span style=\"font-weight: 400;\"><br \/>\n<\/span><span style=\"font-weight: 400;\">&#8211; Het reinigt de huid van acne en mee-eters, en voorkomt dat nieuwe ontstaan.<\/span><\/p>\n","protected":false},"excerpt":{"rendered":"<p><b>Merk:<\/b><span style=\"font-weight: 400;\"> Nefertiti for natural oils and herbs<\/span><span style=\"font-weight: 400;\"><br \/>\n<\/span><b>Land van herkomst:<\/b><span style=\"font-weight: 400;\"> Egypte<\/span><span style=\"font-weight: 400;\"><br \/>\n<\/span><b>Botanische naam:<\/b><span style=\"font-weight: 400;\"> Aloe barbadensis miller<\/span><span style=\"font-weight: 400;\"><br \/>\n<\/span><b>Familienaam:<\/b><span style=\"font-weight: 400;\"> Asphodelaceae (Liliaceae)<\/span><span style=\"font-weight: 400;\"><br \/>\n<\/span><b>INCI: <\/b><span style=\"font-weight: 400;\">Aloe Barbadensis Leaf Juice<\/span><span style=\"font-weight: 400;\"><br \/>\n<\/span><b>Samenstelling: <\/b><span style=\"font-weight: 400;\">Alo\u00eb Vera bladsap, aroma oli\u00ebn, organische stabilisator<\/span><span style=\"font-weight: 400;\"><br \/>\n<\/span><b>Toepassing:<\/b><span style=\"font-weight: 400;\"> cosmetisch<\/span><span style=\"font-weight: 400;\"><br \/>\n<\/span><b>Geur:<\/b><span style=\"font-weight: 400;\"> frisse citrusbloesem<\/span><span style=\"font-weight: 400;\"><br \/>\n<\/span><b>Uiterlijk:<\/b><span style=\"font-weight: 400;\"> roomwit<\/span><span style=\"font-weight: 400;\"><br \/>\n<\/span><b>Fysische toestand:<\/b><span style=\"font-weight: 400;\"> vloeibaar<\/span><span style=\"font-weight: 400;\"><br \/>\n<\/span><b>Natuurlijk:<\/b><span style=\"font-weight: 400;\"> ja<\/span><span style=\"font-weight: 400;\"><br \/>\n<\/span><b>Zuiverheid:<\/b><span style=\"font-weight: 400;\"> 100% puur<\/span><span style=\"font-weight: 400;\"><br \/>\n<\/span><b>Certificaten:<\/b><span style=\"font-weight: 400;\"> ISO, COA &amp; MSDS<\/span><span style=\"font-weight: 400;\"><br \/>\n<\/span><b>Verzending:<\/b><span style=\"font-weight: 400;\"> berekend bij het afrekenen<\/span><\/p>\n","protected":false},"featured_media":279530,"comment_status":"open","ping_status":"closed","template":"","meta":[],"product_brand":[],"product_cat":[810,826],"product_tag":[862,858,859,860,861],"class_list":{"0":"post-81720","1":"product","2":"type-product","3":"status-publish","4":"has-post-thumbnail","6":"product_cat-natural-skin-care-nl","7":"product_cat-natural-cosmetics","8":"product_tag-uncategorized-nl-9","9":"product_tag-uncategorized-nl-5","10":"product_tag-uncategorized-nl-6","11":"product_tag-uncategorized-nl-7","12":"product_tag-uncategorized-nl-8","13":"pa_bottle-size-11-1000-ml-nl","14":"pa_bottle-size-11-500-ml-nl","15":"pa_bottle-size-1000-ml-2-nl","16":"pa_bottle-size-125-ml-nl","17":"pa_bottle-size-200-ml","18":"pa_bottle-size-300-ml","19":"pa_bottle-size-500-ml","21":"first","22":"instock","23":"sale","24":"shipping-taxable","25":"purchasable","26":"product-type-variable","27":"has-default-attributes"},"_links":{"self":[{"href":"https:\/\/nefertiti-eg.com\/nl\/wp-json\/wp\/v2\/product\/81720","targetHints":{"allow":["GET"]}}],"collection":[{"href":"https:\/\/nefertiti-eg.com\/nl\/wp-json\/wp\/v2\/product"}],"about":[{"href":"https:\/\/nefertiti-eg.com\/nl\/wp-json\/wp\/v2\/types\/product"}],"replies":[{"embeddable":true,"href":"https:\/\/nefertiti-eg.com\/nl\/wp-json\/wp\/v2\/comments?post=81720"}],"wp:featuredmedia":[{"embeddable":true,"href":"https:\/\/nefertiti-eg.com\/nl\/wp-json\/wp\/v2\/media\/279530"}],"wp:attachment":[{"href":"https:\/\/nefertiti-eg.com\/nl\/wp-json\/wp\/v2\/media?parent=81720"}],"wp:term":[{"taxonomy":"product_brand","embeddable":true,"href":"https:\/\/nefertiti-eg.com\/nl\/wp-json\/wp\/v2\/product_brand?post=81720"},{"taxonomy":"product_cat","embeddable":true,"href":"https:\/\/nefertiti-eg.com\/nl\/wp-json\/wp\/v2\/product_cat?post=81720"},{"taxonomy":"product_tag","embeddable":true,"href":"https:\/\/nefertiti-eg.com\/nl\/wp-json\/wp\/v2\/product_tag?post=81720"}],"curies":[{"name":"wp","href":"https:\/\/api.w.org\/{rel}","templated":true}]}}