{"id":82799,"date":"2019-07-18T22:14:35","date_gmt":"2019-07-18T20:14:35","guid":{"rendered":"https:\/\/nefertiti-eg.com\/shop\/niet-gecategoriseerd\/frankincense-oil\/"},"modified":"2021-07-27T16:17:01","modified_gmt":"2021-07-27T14:17:01","slug":"frankincense-oil","status":"publish","type":"product","link":"https:\/\/nefertiti-eg.com\/nl\/shop\/aroma-oils\/frankincense-oil\/","title":{"rendered":"Wierookolie"},"content":{"rendered":"<p><span style=\"font-weight: 400;\">Wierookhars en etherische olie van wierook waren in de oudheid &#8220;het goud der karavanen&#8221;. Wierook werd voornamelijk gebruikt bij religieuze riten en op plaatsen van gebed en meditatie, en werd beschouwd als een kostbaar en heilig goed.<\/span><\/p>\n<p><span style=\"font-weight: 400;\">Wierook staat van oudsher bekend als een cosmetisch en therapeutisch middel en is altijd in verband gebracht met een lang leven en geheugen. De hars werd verbrand om boze geesten te verdrijven en contact te maken met &#8220;het hogere&#8221;. Wierook heeft een aangenaam bedwelmende, kruidige, houtachtige geur. Het zoete, warme balsamico-aroma stimuleert en doet de geest opleven.<\/span><\/p>\n<h3><b>Wierook Oorsprong &amp; Kenmerken<\/b><\/h3>\n<p><span style=\"font-weight: 400;\">Wierook is een geurige hars, ook wel &#8220;olibanum&#8221; genoemd, afkomstig van de Boswellia Sacra-boom. Het woord olibanum is waarschijnlijk afgeleid van het Arabische al-lub\u00e1n, wat melk betekent &#8211; als mogelijke verwijzing naar de melkachtige vloeistof die uit de boswellia-boom stroomt nadat deze is gekapt. De naam zou ook een samentrekking kunnen zijn voor &#8220;olie uit Libanon&#8221;, aangezien olibanum vanuit Libanon werd verkocht aan Europese handelaren. De hars van olibanum is een van de oudste wierookharsen die bestaan. In de Arabische woestijn zijn oude handelsroutes en steden ontdekt die hun rijkdom te danken hebben gehad aan de handel in wierook en mirre. Tot de 20e eeuw was Arabische wierook net zo kostbaar als goud.<\/span><\/p>\n<p><span style=\"font-weight: 400;\">Boswellia sacra is een kleine bladverliezende boom met \u00e9\u00e9n of meerdere stammen. De bast heeft een papierachtige textuur en is eenvoudig te verwijderen. De samengestelde bladeren groeien tegenover elkaar langs de takken en de kleine bloemen, geelachtig wit, verzamelen zich in trossen. Individuele bomen die op een steile helling groeien, hebben de neiging steunwortels te ontwikkelen: grote, brede wortels naar alle kanten die voorkomen dat de boom omvalt, terwijl ze tegelijkertijd meer voedingsstoffen kunnen verzamelen.<\/span><\/p>\n<p><span style=\"font-weight: 400;\">De natuurlijke functie van hars is om de boom te beschermen wanneer de schors is beschadigd, hars beschermt de boom tegen indringers die ziekten of schimmels kunnen veroorzaken. Voor een hogere harsopbrengst worden diepe incisies gemaakt in de bast en wordt de lekkende hars opgevangen.<\/span><\/p>\n<h3><b>Wierookolie &amp; Voordelen<\/b><\/h3>\n<p><span style=\"font-weight: 400;\">Wierookolie, bekend als koning van de etherische oli\u00ebn, heeft verschillende opmerkelijke toepassingen en voordelen. Deze krachtige olie wordt vereerd vanwege het vermogen om de huid te verfraaien en te verjongen, door het topisch aan te brengen. Net als in het gekoesterde verleden, toen wierook zeer gewaardeerd werd voor gebruik tijdens religieuze ceremonies, en in verzachtende huidzalf en parfum, blijft het een van de meest populaire etherische oli\u00ebn. Het verspreide aroma van wierook bevordert gevoelens van tevredenheid, rust en ontspanning.<\/span><\/p>\n<p><span style=\"font-weight: 400;\">De wierookolie, verkregen uit de hars door stoomdestillatie, is lichtgeel van kleur. Als verzorgende olie is wierook vooral geschikt voor de droge en ouder wordende huid. De grote hoeveelheden monoterpenen en sesquiterpenen in wierookolie zijn zeer antibacterieel en bevorderen genezing van de huid. Bovendien heeft wierookolie ontstekingsremmende, antiseptische, samentrekkende, wondgenezende, immuun-stimulerende, slijmoplossende, anti-depressieve, kalmerende en mogelijk anti-tumorale effecten.<\/span><\/p>\n<h3><b>Wierookolie voor huidverzorging<\/b><\/h3>\n<p><span style=\"font-weight: 400;\">Wierookolie wordt al sinds de oudheid gebruikt voor huidverzorging. Met name voor de rijpere huid is aangetoond dat het uitstekende verzorgende eigenschappen heeft en het natuurlijke verouderingsproces van de huid vertraagt. Omdat wierookolie boordevol antioxidanten zit, bevordert het de genezing van zweren en huiduitslag, brandwonden, snijwonden en krassen.<\/span><\/p>\n<p><span style=\"font-weight: 400;\">Wierookolie is in feite onmisbaar voor huidverzorging, vaak gebruikt in cosmetische producten om celvernieuwing te stimuleren, elasticiteit te bevorderen en rimpelvorming te vertragen. De olie wordt gebruikt om striae te voorkomen en littekens te verminderen en helpt ook bij jeuk en zwelling door insectenbeten. Wierook reguleert de talgproductie, waardoor het geschikt is voor de vette huid.<\/span><\/p>\n<p><b><i>Verzachtend <\/i><\/b><span style=\"font-weight: 400;\">&#8211; De krachtige zuiverende eigenschappen van etherische wierookolie maken het effectief voor het kalmeren van de huid. Het heeft het vermogen om de beschermende functie van de opperhuid te versterken en tegelijkertijd de aangetaste delen van de huid te verzachten en te voeden. Onvolkomenheden en irritaties van de huid, waaronder scheeruitslag, kunnen worden verzacht met wierookolie. Deze verzachtende eigenschappen kunnen de ge\u00efrriteerde huid ten goede komen door de olie simpelweg te verdunnen met gebruikelijke aftershave-producten en het plaatselijk aan te brengen.<\/span><\/p>\n<p><b><i>Verjongend <\/i><\/b><span style=\"font-weight: 400;\">&#8211; Wierookolie is bij uitstek geschikt als antiverouderingsproduct voor de rijpere huid, het vermindert fijne lijntjes en rimpels door de opperhuid te voeden en te verstevigen, waardoor de huid er fris en jeugdig uitziet.<\/span><\/p>\n<p><span style=\"font-weight: 400;\">Droge handen of een gebarsten huid door koude winterlucht? Het uiterlijk van ruwe handen verbeteren? Wierook kan hier ook helpen! Door een paar druppels wierookolie aan je favoriete vochtinbrengende cr\u00e8me toe te voegen, worden je handen gehydrateerd en verjongd. Met een druppel van deze etherische olie op je vingernagels, zien ook deze er weer glanzend en gezond uit.<\/span><\/p>\n<p><b><i>Vochtbalans <\/i><\/b><span style=\"font-weight: 400;\">&#8211; Wierook etherische olie is effectief tegen onzuiverheden van de huid of zelfs tegen pigmentvlekken. Deze effectieve olie zuivert de vette huid en stabiliseert de opperhuid voor een gezond ogende gloed. Wierook heeft een versterkende en samentrekkende werking en is geschikt voor zowel de droge huid, de oudere huid en ter voorkoming van striae. De olie kalmeert en geneest kleine wondjes, littekens en zweren. Zweren veroorzaakt door spataderen kunnen ook worden behandeld met wierook.<\/span><span style=\"font-weight: 400;\"><br \/>\n<\/span><span style=\"font-weight: 400;\">Wierook heeft ontstekingsremmende en antimicrobi\u00eble effecten, waardoor het ook gunstig is bij acne en eczeem.<\/span><\/p>\n<h3><b>Wierookolie voor luchtwegen<\/b><b><br \/>\n<\/b><\/h3>\n<p><span style=\"font-weight: 400;\">Van wierookolie is ook aangetoond dat het een effectief middel is bij het bestrijden van verkoudheid. Het maakt vastzittend slijm los, helpt de luchtwegen vrij te maken en verhoogt de natuurlijke weerstand. Gebruikt als massageolie, werkt het ontstekingsremmend en vermindert daardoor het risico op infecties.<\/span><\/p>\n<h3><b>Wierookolie en artritis<\/b><span style=\"font-weight: 400;\"><br \/>\n<\/span><\/h3>\n<p><span style=\"font-weight: 400;\">De triterpeenzuren in wierookolie blijken verantwoordelijk te zijn voor het ontstekingsremmende effect. Wierook wordt in India al eeuwenlang in traditionele remedies gebruikt voor artritis. Onderzoek toonde aan dat verschillende stoffen in wierook daadwerkelijk de vorming van collageen stimuleren en artritis veroorzakende ontstekingen bestrijdt. Enkele andere wetenschappelijke studies concludeerden dat de effecten van wierook op ontstekingsziekten zoals astma, artritis en osteoartritis gunstig kunnen bijdragen aan de reguliere behandeling.<\/span><\/p>\n<h3><b>Wierookolie &amp; Aromatherapie<\/b><\/h3>\n<p><span style=\"font-weight: 400;\">Net als andere essenti\u00eble oli\u00ebn en aroma-oli\u00ebn, heeft ook wierookolie een scala aan\u00a0 toepassingen, zowel in huidverzorging als lichamelijke en geestelijke gezondheid. Wierookolie heeft een krachtig zuiverend effect op lichaam en geest, maar ook op de omgeving en atmosfeer.<\/span><\/p>\n<p><span style=\"font-weight: 400;\">Wierookolie is daarom vooral populair in de aromatherapie. Aangezien deze olie zijn gunstige effect op de geestelijke gezondheid verliest bij verhitting in een oliebrander, wordt aanbevolen om een koude vernevelaar te gebruiken voor het verspreiden van de geur. Wierookolie werkt rustgevend bij gevoelens van spanning, helpt bij het verlichten van hoofdpijn en bevordert goede nachtrust. Het ontspant de geest en is zeer geschikt voor gebruik bij meditatie en yoga.<\/span><\/p>\n<h3><b>Ontspannend en stimulerend<\/b><\/h3>\n<p><span style=\"font-weight: 400;\">Van etherische wierookolie is aangetoond dat het een opmerkelijk positief effect heeft op stressgerelateerde symptomen en het is zeer effectief om de focus en concentratie te verhogen. De kalmerende eigenschappen van wierookolie kunnen het emotionele evenwicht herstellen en helpen bij het overwinnen van stress en gevoelens van wanhoop.<\/span><span style=\"font-weight: 400;\"><br \/>\n<\/span><span style=\"font-weight: 400;\"><br \/>\n<\/span><span style=\"font-weight: 400;\">Wierookolie is geschikt om in te ademen of te verstuiven, of om plaatselijk op de huid aan te brengen voor een diepere ademhaling en een rustgevend gevoel. In een aromaverdamper geeft wierook een frisse aromatische harsgeur, het is ook geschikt om te vermengen met andere etherische oli\u00ebn. Wierook heeft de eigenschap andere geuren rijker en intrigerend te maken. Door verdamping wordt bronchitis (astmatisch en catarraal) gekalmeerd, overtollig slijm gereguleerd en de ademhaling verdiept.<\/span><\/p>\n<p><span style=\"font-weight: 400;\">Wierookolie is een zeer veelzijdige etherische olie die in elk huishouden beschikbaar zou moeten zijn.<\/span><\/p>\n","protected":false},"excerpt":{"rendered":"<p><b>Merk: <\/b><span style=\"font-weight: 400;\">Nefertiti for natural oils and herbs<\/span><span style=\"font-weight: 400;\"><br \/>\n<\/span><b>Land van herkomst: <\/b><span style=\"font-weight: 400;\">Egypte<\/span><span style=\"font-weight: 400;\"><br \/>\n<\/span><b>Botanische naam: <\/b><span style=\"font-weight: 400;\">Boswellia sacra<\/span><span style=\"font-weight: 400;\"><br \/>\n<\/span><b>Familie: <\/b><span style=\"font-weight: 400;\">Burseraceae<\/span><span style=\"font-weight: 400;\"><br \/>\n<\/span><b>INCI: <\/b><span style=\"font-weight: 400;\">Boswellia sacra<\/span><span style=\"font-weight: 400;\"> Pure Aroma Olie<\/span><span style=\"font-weight: 400;\"><br \/>\n<\/span><b>Gebruikte delen: <\/b><span style=\"font-weight: 400;\">hars<\/span><span style=\"font-weight: 400;\"><br \/>\n<\/span><b>Extractiemethode: <\/b><span style=\"font-weight: 400;\">stoomdestillatie<\/span><span style=\"font-weight: 400;\"><br \/>\n<\/span><b>Geur: <\/b><span style=\"font-weight: 400;\">kruidig houtachtig<\/span><span style=\"font-weight: 400;\"><br \/>\n<\/span><b>Uiterlijk: <\/b><span style=\"font-weight: 400;\">lichtgeel<\/span><span style=\"font-weight: 400;\"><br \/>\n<\/span><b>Fysische toestand: <\/b><span style=\"font-weight: 400;\">vloeibaar<\/span><span style=\"font-weight: 400;\"><br \/>\n<\/span><b>Natuurlijk: <\/b><span style=\"font-weight: 400;\">ja<\/span><span style=\"font-weight: 400;\"><br \/>\n<\/span><b>Zuiverheid: <\/b><span style=\"font-weight: 400;\">100% puur<\/span><span style=\"font-weight: 400;\"><br \/>\n<\/span><b>Certificaten: <\/b><span style=\"font-weight: 400;\">ISO &amp; MSDS<\/span><span style=\"font-weight: 400;\"><br \/>\n<\/span><b>Samenstelling:<\/b><span style=\"font-weight: 400;\"> pure aroma olie<\/span><span style=\"font-weight: 400;\"><br \/>\n<\/span><b>Verzending: <\/b><span style=\"font-weight: 400;\">berekend bij het afrekenen<\/span><\/p>\n","protected":false},"featured_media":275379,"comment_status":"open","ping_status":"closed","template":"","meta":[],"product_brand":[],"product_cat":[823],"product_tag":[],"class_list":{"0":"post-82799","1":"product","2":"type-product","3":"status-publish","4":"has-post-thumbnail","6":"product_cat-aroma-oils","7":"pa_bottle-size-125-ml-nl","8":"pa_bottle-size-250ml","9":"pa_bottle-size-50ml","11":"first","12":"instock","13":"shipping-taxable","14":"purchasable","15":"product-type-variable"},"_links":{"self":[{"href":"https:\/\/nefertiti-eg.com\/nl\/wp-json\/wp\/v2\/product\/82799","targetHints":{"allow":["GET"]}}],"collection":[{"href":"https:\/\/nefertiti-eg.com\/nl\/wp-json\/wp\/v2\/product"}],"about":[{"href":"https:\/\/nefertiti-eg.com\/nl\/wp-json\/wp\/v2\/types\/product"}],"replies":[{"embeddable":true,"href":"https:\/\/nefertiti-eg.com\/nl\/wp-json\/wp\/v2\/comments?post=82799"}],"wp:featuredmedia":[{"embeddable":true,"href":"https:\/\/nefertiti-eg.com\/nl\/wp-json\/wp\/v2\/media\/275379"}],"wp:attachment":[{"href":"https:\/\/nefertiti-eg.com\/nl\/wp-json\/wp\/v2\/media?parent=82799"}],"wp:term":[{"taxonomy":"product_brand","embeddable":true,"href":"https:\/\/nefertiti-eg.com\/nl\/wp-json\/wp\/v2\/product_brand?post=82799"},{"taxonomy":"product_cat","embeddable":true,"href":"https:\/\/nefertiti-eg.com\/nl\/wp-json\/wp\/v2\/product_cat?post=82799"},{"taxonomy":"product_tag","embeddable":true,"href":"https:\/\/nefertiti-eg.com\/nl\/wp-json\/wp\/v2\/product_tag?post=82799"}],"curies":[{"name":"wp","href":"https:\/\/api.w.org\/{rel}","templated":true}]}}