{"id":97462,"date":"2020-05-03T14:09:39","date_gmt":"2020-05-03T12:09:39","guid":{"rendered":"https:\/\/nefertiti-eg.com\/shop\/niet-gecategoriseerd\/mango-shea-butter\/"},"modified":"2022-06-04T14:34:16","modified_gmt":"2022-06-04T12:34:16","slug":"mango-shea-butter","status":"publish","type":"product","link":"https:\/\/nefertiti-eg.com\/nl\/shop\/butter\/mango-shea-butter\/","title":{"rendered":"Sheaboter met Mango olie"},"content":{"rendered":"<p><span style=\"font-weight: 400;\">Sheaboter wordt gewonnen uit de noten van de sheaboom. Het bevat voornamelijk vet- en oliezuren en vitamine E, waardoor het een populair huidverzorgingsproduct is omdat het de huid hydrateert en beschermt. Sheaboter dringt diep door in de huid en de actieve ingredi\u00ebnten voeden de huid effectief, bevorderen wondgenezing en stimuleren de celactiviteit, waardoor de huid wordt beschermd tegen uitdroging en rimpelvorming. Een uitstekende allround bescherming tegen kou, wind, zon en alledaagse omgevingsfactoren.<\/span><b><\/b><\/p>\n<h3><b>Mango olie<\/b><b><\/b><\/h3>\n<p><span style=\"font-weight: 400;\">Mango olie wordt gewonnen uit het mango zaad (de pit). Het bestaat voor 50% uit verzadigde en onverzadigde vetzuren en is een triester van glycerol en bevat sterolen zoals \u00df-sitosterol 73,9%, stigmaterol (16,5%) en campesterol (10,5%). Mango olie is rijk aan vitamine E, caroteno\u00efden en antioxidanten. Deze olie is een populair huidverzorgingsproduct vanwege de hydraterende, regenererende en helende eigenschappen.<\/span><b><\/b><\/p>\n<h3><b>Wat is het effect van de combinatie Sheaboter met mango olie?<\/b><b><\/b><\/h3>\n<p><span style=\"font-weight: 400;\">Ze vullen elkaars therapeutische eigenschappen aan en tesamen\u00a0 herstellen ze aandoeningen zoals acne, eczeem of psoriasis, terwijl ze de huid in het algemeen voeden. Zowel sheaboter als mango olie zijn sterke antioxidanten en kunnen het effect van vrije radicalen verminderen en tegengaan, en helpen beschermen tegen huidbeschadiging, waaronder ontstekingen en vroegtijdige veroudering. Dit is een bijzonder goede combinatie voor de acne-gevoelige en probleemhuid.<\/span><b><\/b><\/p>\n<h3><b>Sheaboter met mango olie voor huidverzorging<\/b><b><\/b><\/h3>\n<p><span style=\"font-weight: 400;\">De beschermende functie van Shea boter met mango olie geeft op de huid een natuurlijke barri\u00e8re tegen milieu-invloeden en bacteri\u00ebn. De hydraterende, exfoli\u00ebrende en antioxiderende eigenschappen maken dit product tot een middel tegen huidveroudering. Deze boter kalmeert de ge\u00efrriteerde huid en de antibacteri\u00eble werking maakt Shea boter met mango olie ook geschikt voor de behandeling van acne en een probleemhuid. Breng hiervoor voorzichtig wat Shea boter met mango olie aan op je gezicht.<\/span><\/p>\n<h3><b>Shea boter met mango olie voor haarverzorging<\/b><b><\/b><\/h3>\n<p><span style=\"font-weight: 400;\">Shea boter met mango olie kan worden gebruikt om het haar te hydrateren en elasticiteit te geven. Voor zeer droog haar en droge hoofdhuid is het aan te raden om een \u200b\u200bbeetje Shea boter met mango olie op de vingertoppen aan te brengen, in de hoofdhuid te wrijven en vervolgens voorzichtig door het haar te laten glijden. Om gespleten punten te voorkomen, wrijf je de boter lichtjes in de punten van je haar na het wassen en drogen.<\/span><b><\/b><\/p>\n<h3><b>Shea boter met mango olie voor handen en nagels<\/b><b><\/b><\/h3>\n<p><span style=\"font-weight: 400;\">Shea boter met mango olie is een uitstekend middel om op een eenvoudige en snelle manier je handen, nagelriemen en nagels te herstellen. Met een druk leven worden de handen en nagels vaak vergeten en verwaarloosd, maar gun jezelf een moment om wat van deze boter op handen, nagels en nagelriemen te masseren, het zal helpen om de huid en nagels te regenereren. Het hoge gehalte aan vetzuren helpt de nagelriemen en nagels te genezen, te herstellen en te versterken, waardoor ze minder snel breken en beschadigen en hun algehele gezondheid verbetert. De handen worden gehydrateerd en profiteren van een beschermende barri\u00e8re, om verdere schade en uitdroging te voorkomen, zonder een plakkerig residu achter te laten.<\/span><\/p>\n<h3><b>Shea boter met mango olie voor cosmetische zorg<\/b><b><\/b><\/h3>\n<p><span style=\"font-weight: 400;\">We cre\u00eberden deze mix van Shea boter met mango olie voor de meest effectieve huidverzorging. De voedende en hydraterende eigenschappen zijn de beste dagelijkse verzorging voor je gezicht, lichaam en je handen.<\/span><\/p>\n<p><b>\u00a0<\/b><\/p>\n","protected":false},"excerpt":{"rendered":"<p><span style=\"font-weight: 400;\">Een natuurlijk verzachtend middel met een verscheidenheid aan reinigende, verzachtende, helende en beschermende eigenschappen. Bij uitstek geschikt om handen en nagels te verwennen en te beschermen. Mango-Sheaboter laat geen vettig laagje achter op de huid.<br \/>\n<\/span><b>Merk:<\/b><span style=\"font-weight: 400;\"> Nefertiti voor natuurlijke oli\u00ebn en kruiden<br \/>\n<\/span><b>Land van herkomst:<\/b><span style=\"font-weight: 400;\"> Egypte<br \/>\n<\/span><b>Botanische naam:<\/b><span style=\"font-weight: 400;\"> Vitellaria paradoxa\/ Mangifera indica<br \/>\n<\/span><b>Familie:<\/b><span style=\"font-weight: 400;\"> Sapotaceae\/ Mangifera<br \/>\n<\/span><b>Gebruikte delen:<\/b> <span style=\"font-weight: 400;\">pitten<br \/>\n<\/span><b>Natuurlijk:<\/b><span style=\"font-weight: 400;\"> ja<br \/>\n<\/span><b>Zuiverheid:<\/b><span style=\"font-weight: 400;\"> 100% puur<br \/>\n<\/span><b>Certificering:<\/b><span style=\"font-weight: 400;\"> ISO, COA &amp; MSDS<br \/>\n<\/span><b>Botanische samenstelling: <\/b><span style=\"font-weight: 400;\">triterpenen, triterpeenalcoholen, stearinezuur, allanto\u00efne, linoleenzuur, vitamine E, palmitinezuur, b\u00e8tacaroteen, sterolen zoals \u00df-sitosterol, stigmasterol campesterol, caroteno\u00efden en antioxidanten<\/span><\/p>\n","protected":false},"featured_media":292504,"comment_status":"open","ping_status":"closed","template":"","meta":[],"product_brand":[],"product_cat":[835,826],"product_tag":[],"class_list":{"0":"post-97462","1":"product","2":"type-product","3":"status-publish","4":"has-post-thumbnail","6":"product_cat-butter","7":"product_cat-natural-cosmetics","8":"pa_bottle-size-100-g-nl","10":"first","11":"instock","12":"sale","13":"shipping-taxable","14":"purchasable","15":"product-type-variable"},"_links":{"self":[{"href":"https:\/\/nefertiti-eg.com\/nl\/wp-json\/wp\/v2\/product\/97462","targetHints":{"allow":["GET"]}}],"collection":[{"href":"https:\/\/nefertiti-eg.com\/nl\/wp-json\/wp\/v2\/product"}],"about":[{"href":"https:\/\/nefertiti-eg.com\/nl\/wp-json\/wp\/v2\/types\/product"}],"replies":[{"embeddable":true,"href":"https:\/\/nefertiti-eg.com\/nl\/wp-json\/wp\/v2\/comments?post=97462"}],"wp:featuredmedia":[{"embeddable":true,"href":"https:\/\/nefertiti-eg.com\/nl\/wp-json\/wp\/v2\/media\/292504"}],"wp:attachment":[{"href":"https:\/\/nefertiti-eg.com\/nl\/wp-json\/wp\/v2\/media?parent=97462"}],"wp:term":[{"taxonomy":"product_brand","embeddable":true,"href":"https:\/\/nefertiti-eg.com\/nl\/wp-json\/wp\/v2\/product_brand?post=97462"},{"taxonomy":"product_cat","embeddable":true,"href":"https:\/\/nefertiti-eg.com\/nl\/wp-json\/wp\/v2\/product_cat?post=97462"},{"taxonomy":"product_tag","embeddable":true,"href":"https:\/\/nefertiti-eg.com\/nl\/wp-json\/wp\/v2\/product_tag?post=97462"}],"curies":[{"name":"wp","href":"https:\/\/api.w.org\/{rel}","templated":true}]}}