{"id":258623,"date":"2015-06-24T16:31:14","date_gmt":"2015-06-24T14:31:14","guid":{"rendered":"https:\/\/nefertiti-eg.com\/shop\/\u043d\u0435\u043a\u0430\u0442\u0435\u0433\u043e\u0440\u0438\u0437\u043e\u0432\u0430\u043d\u043e\/lupine-oil\/"},"modified":"2023-05-25T13:31:03","modified_gmt":"2023-05-25T10:31:03","slug":"lupine-oil","status":"publish","type":"product","link":"https:\/\/nefertiti-eg.com\/sr\/shop\/essential-oils-sr\/lupine-oil\/","title":{"rendered":"Lupinovo ulje"},"content":{"rendered":"<h3><b>Prednosti ulja semena lupina<\/b><\/h3>\n<p><span style=\"font-weight: 400;\">Korisna svojstva ulja lupine su zbog visokog sadr\u017eaja proteina, gvo\u017e\u0111a, peptida i vitamina A, PP i E. Ulje lupine je sna\u017ean antioksidans, mo\u017ee da ubla\u017ei upale i pru\u017ea za\u0161titu od \u0161tetnih UVA i B zraka.<\/span><\/p>\n<h3><b>Osobine i upotreba esencijalnog ulja lupina<\/b><\/h3>\n<p><span style=\"font-weight: 400;\">Razli\u010dite studije pokazuju efikasnost esencijalnog ulja lupine za kozmeti\u010dku upotrebu. Kao glavni aktivni sastojak, lupino ulje se koristi u asortimanu kozmeti\u010dkih me\u0161avina uklju\u010dujuc\u0301i antioksidanse, proizvode protiv starenja, izbeljivanje i za\u0161titu ko\u017ee od \u0161tetnog dejstva slobodnih radikala, kao i proizvode za za\u0161titu od UV zra\u010denja.<\/span><\/p>\n<h3><b>Lupin ulje za lice<\/b><\/h3>\n<p><span style=\"font-weight: 400;\">Kori\u0161c\u0301eno nerazre\u0111eno, prirodno ulje lupine osvjetljava i posvjetljuje ko\u017eu, a tako\u0111e poma\u017ee u smanjenju pega i stara\u010dkih pega. Ulje semena lupina preporu\u010duje se za upotrebu kao noc\u0301na maska za lice, vrat, dekolte i ruke. Kada se pome\u0161a sa jednakim delovima ulja jojobe ili prirodnog bademovog ulja, ulje lupine smiruje iritiranu ko\u017eu, zagla\u0111uje bore i vla\u017ei ko\u017eu.<\/span><\/p>\n<p><span style=\"font-weight: 400;\">Lupinovo ulje pru\u017ea efikasnu negu ko\u017ee protiv starenja i ima sna\u017ean efekat zagla\u0111ivanja i zatezanja postojec\u0301ih bora. Antioksidativna svojstva poma\u017eu u odr\u017eavanju mladosti i elasti\u010dnosti ko\u017ee. Ovo ulje \u010dini ton ko\u017ee zdravim i ujedna\u010denim. Koristi se za pobolj\u0161anje boje ko\u017ee i uklanjanje nezdrave tuposti. Redovnom upotrebom ulja lupine ko\u017ea postaje bar\u0161unasta i mat, posebno kod onih sa masnim tipom ko\u017ee. Uprkos svojoj sposobnosti da matira i smanji masni sjaj, pogodno je za suve tipove ko\u017ee jer ne isu\u0161uje dodatno ko\u017eu.<\/span><\/p>\n<h3><b>Lupin ulje za ko\u017eu<\/b><\/h3>\n<p><span style=\"font-weight: 400;\">Lupinovo ulje podsti\u010de brzo zarastanje posekotina i rana, ubla\u017eava upalu ko\u017ee, poma\u017ee u uklanjanju tragova akni, ujedna\u010dava povr\u0161inu ko\u017ee i spre\u010dava dehidraciju ko\u017ee. Nakon upotrebe ovog ulja, ko\u017ea je zasic\u0301ena aktivnim sastojcima, savr\u0161eno navla\u017eena i za\u0161tic\u0301ena od \u0161tetnih spolja\u0161njih faktora i agresivnih elemenata.<\/span><\/p>\n<h3><b>Eteri\u010dno ulje lupina za kosu<\/b><\/h3>\n<p><span style=\"font-weight: 400;\">Prirodno ulje lupine sadr\u017ei sve neophodne hranljive materije za stimulisanje zdravog rasta kose, pobolj\u0161ava cirkulaciju krvi i metabolizam u c\u0301elijama folikula dlake, ubrzava obnavljanje vitalnih funkcija i pokrec\u0301e proces regeneracije. Istovremeno, lupino ulje ispoljava hidratantna, hranljiva i antiinflamatorna svojstva, spre\u010davajuc\u0301i isu\u0161ivanje i podsti\u010duc\u0301i normalno funkcionisanje folikula dlake dok podmla\u0111uje ko\u017eu glave. Redovna upotreba c\u0301e stimulisati rast kose, smanjiti gubitak kose i zna\u010dajno povec\u0301ati debljinu kose. Kosa c\u0301e biti obnovljena po celoj du\u017eini, postajuc\u0301i lak\u0161a za rukovanje, gu\u0161\u0107a i sjajnija.<\/span><\/p>\n","protected":false},"excerpt":{"rendered":"<p><span style=\"font-weight: 400;\">Brend: Nefertiti prirodna ulja i biljke<br \/>\n<\/span><span style=\"font-weight: 400;\"><strong>Zemlja porekla<\/strong>: Egipat<br \/>\n<\/span><span style=\"font-weight: 400;\"><strong>Botani\u010dki naziv<\/strong>: Lupinus albus L.<br \/>\n<\/span><span style=\"font-weight: 400;\"><strong>Porodica biljaka<\/strong>: Fabaceae<br \/>\n<\/span><span style=\"font-weight: 400;\"><strong>INCI<\/strong>: Lupinus Albus Seed Oil<br \/>\n<\/span><span style=\"font-weight: 400;\"><strong>Uobi\u010dajena imena<\/strong>: Tarvi, Chocho, Lupinus mutabilis, Lupinus jaimehintoniana, Bluebonnets, kvekerski \u0161e\u0161iri, \u1ea1ltrms.<br \/>\n<\/span><span style=\"font-weight: 400;\"><strong>Kori\u0161c\u0301eni delovi<\/strong>: Seme<br \/>\n<\/span><span style=\"font-weight: 400;\"><strong>Metoda ekstrakcije<\/strong>: Hladno ce\u0111eno<br \/>\n<\/span><span style=\"font-weight: 400;\"><strong>Miris<\/strong>: slab zemljan<br \/>\n<\/span><span style=\"font-weight: 400;\"><strong>Izgled<\/strong>: \u017euc\u0301kasto-zlatna<br \/>\n<\/span><span style=\"font-weight: 400;\"><strong>Fizi\u010dko stanje<\/strong>: Te\u010dnost<br \/>\n<\/span><span style=\"font-weight: 400;\"><strong>Prirodno<\/strong>: Da<br \/>\n<\/span><span style=\"font-weight: 400;\"><strong>\u010cistoc\u0301a<\/strong>: 100% \u010distoc\u0301a<br \/>\n<\/span><span style=\"font-weight: 400;\"><strong>ISO sertifikat<\/strong>: ISO, COA &amp; MSDS<br \/>\n<\/span><span style=\"font-weight: 400;\"><strong>Dostava<\/strong>: Izra\u010dunava se na blagajni<\/span><\/p>\n","protected":false},"featured_media":274984,"comment_status":"open","ping_status":"closed","template":"","meta":[],"product_brand":[],"product_cat":[1076,1077],"product_tag":[],"class_list":{"0":"post-258623","1":"product","2":"type-product","3":"status-publish","4":"has-post-thumbnail","6":"product_cat-essential-oils-sr","7":"product_cat-natural-skin-care-sr","8":"pa_bottle-size-11-1000-ml-sr","9":"pa_bottle-size-11-500-ml-sr","10":"pa_bottle-size-1000-ml-2-sr","11":"pa_bottle-size-125-ml-sr-2","12":"pa_bottle-size-500-ml","13":"pa_bottle-size-60-ml-sr","15":"first","16":"instock","17":"sale","18":"shipping-taxable","19":"purchasable","20":"product-type-variable","21":"has-default-attributes"},"_links":{"self":[{"href":"https:\/\/nefertiti-eg.com\/sr\/wp-json\/wp\/v2\/product\/258623","targetHints":{"allow":["GET"]}}],"collection":[{"href":"https:\/\/nefertiti-eg.com\/sr\/wp-json\/wp\/v2\/product"}],"about":[{"href":"https:\/\/nefertiti-eg.com\/sr\/wp-json\/wp\/v2\/types\/product"}],"replies":[{"embeddable":true,"href":"https:\/\/nefertiti-eg.com\/sr\/wp-json\/wp\/v2\/comments?post=258623"}],"wp:featuredmedia":[{"embeddable":true,"href":"https:\/\/nefertiti-eg.com\/sr\/wp-json\/wp\/v2\/media\/274984"}],"wp:attachment":[{"href":"https:\/\/nefertiti-eg.com\/sr\/wp-json\/wp\/v2\/media?parent=258623"}],"wp:term":[{"taxonomy":"product_brand","embeddable":true,"href":"https:\/\/nefertiti-eg.com\/sr\/wp-json\/wp\/v2\/product_brand?post=258623"},{"taxonomy":"product_cat","embeddable":true,"href":"https:\/\/nefertiti-eg.com\/sr\/wp-json\/wp\/v2\/product_cat?post=258623"},{"taxonomy":"product_tag","embeddable":true,"href":"https:\/\/nefertiti-eg.com\/sr\/wp-json\/wp\/v2\/product_tag?post=258623"}],"curies":[{"name":"wp","href":"https:\/\/api.w.org\/{rel}","templated":true}]}}