{"id":258628,"date":"2015-06-24T16:58:26","date_gmt":"2015-06-24T14:58:26","guid":{"rendered":"https:\/\/nefertiti-eg.com\/shop\/\u043d\u0435\u043a\u0430\u0442\u0435\u0433\u043e\u0440\u0438\u0437\u043e\u0432\u0430\u043d\u043e\/marjoram-oil\/"},"modified":"2023-05-25T13:49:47","modified_gmt":"2023-05-25T10:49:47","slug":"marjoram-oil","status":"publish","type":"product","link":"https:\/\/nefertiti-eg.com\/sr\/shop\/essential-oils-sr\/marjoram-oil\/","title":{"rendered":"Majoran ulje"},"content":{"rendered":"<h3><b>Prednosti ulja majorana<\/b><\/h3>\n<p><span style=\"font-weight: 400;\">Ulje majorana ima sna\u017eno baktericidno, antisepti\u010dno, analgeti\u010dko i antispazmodi\u010dko dejstvo. Ima \u0161irok spektar umirujuc\u0301ih i opu\u0161tajuc\u0301ih svojstava koja deluju direktno na telo i menjaju psihi\u010dko stanje osobe. Njegova sedativna svojstva \u010dine ulje majorana nezamenljivim u kompleksnom le\u010denju raznih bolesti, a efikasno je protiv glavobolje, upale sinusa, prehlade, stresa, nesanice i umora.<\/span><\/p>\n<h3><b>Ulje majorana za ubla\u017eavanje bolova<\/b><\/h3>\n<p><span style=\"font-weight: 400;\">Ulje majorana smanjuje bol izazvan prehladom, groznicom, upalom i napeto\u0161c\u0301u mi\u0161ic\u0301a i nema ne\u017eeljene efekte. Ako se koristi lokalno, prirodno ulje majorana mo\u017ee smanjiti ili ubla\u017eiti gr\u010deve i sve vrste gr\u010deva. Pru\u017ea trenutni i dugotrajni umirujuc\u0301i efekat sa bilo kojom vrstom upotrebe. Ulje majorana je nezamenljivo za ubla\u017eavanje glavobolje i migrene.<\/span><\/p>\n<h3><b>Ulje majorana za prehladu<\/b><\/h3>\n<p><span style=\"font-weight: 400;\">Ulje majorana se \u0161iroko koristi za le\u010denje virusnih infekcija, prehlade, gripa i srodnih simptoma kao \u0161to su ka\u0161alj i nazalna kongestija. Efikasan je u ubla\u017eavanju ka\u0161lja, podsti\u010de razgradnju sluzi i spre\u010dava njeno nakupljanje u sinusima, larinksu, bronhijama i pluc\u0301ima. Udisanje pomoc\u0301u ulja majorana poma\u017ee da se disanje olak\u0161a. Ovo ulje je odli\u010dno za \u010di\u0161c\u0301enje nosne sluzi i spre\u010dava stvaranje nove sluzi u disajnim putevima.<\/span><\/p>\n<h3><b>Ulje majorana za spavanje<\/b><\/h3>\n<p><span style=\"font-weight: 400;\">Kada se koristi u aromaterapiji, ulje majorana deluje umirujuc\u0301e i opu\u0161tajuc\u0301e na psihi\u010dko stanje \u010doveka. Ulje majorana lako i dugotrajno ubla\u017eava stres i anksioznost, pru\u017eajuc\u0301i osec\u0301aj blagostanja kako bi se izbegli osec\u0301aji besa ili depresije. Eteri\u010dno ulje majorana preporu\u010duje se za toplu i hladnu inhalaciju, a mo\u017ee se koristiti u saunama, parnim kupatilima i aroma lampama.<\/span><\/p>\n<h3><b>Eteri\u010dno ulje majorana za hrkanje<\/b><\/h3>\n<p><span style=\"font-weight: 400;\">Ulje majorana mo\u017ee pomoc\u0301i kod hrkanja tako \u0161to ubla\u017eava upalu disajnih puteva i odr\u017eava elasti\u010dnost mi\u0161ic\u0301a u gornjim disajnim putevima.<\/span><\/p>\n<h3><b>Eteri\u010dno ulje majorana za ko\u017eu<\/b><\/h3>\n<p><span style=\"font-weight: 400;\">Prirodno ulje majorana ima antifungalno i baktericidno dejstvo, a preporu\u010duje se za spoljnu upotrebu u borbi protiv papilona, bradavica i \u017euljeva kada se nanese direktno na zahvac\u0301enu ko\u017eu.<\/span><\/p>\n","protected":false},"excerpt":{"rendered":"<p><span style=\"font-weight: 400;\"><strong>Brend<\/strong>: Nefertiti za prirodna ulja i biljke<br \/>\n<\/span><span style=\"font-weight: 400;\"><strong>Zemlja porekla<\/strong>: Egipat<br \/>\n<\/span><span style=\"font-weight: 400;\"><strong>Botani\u010dki naziv<\/strong>: Origanum majorana.<br \/>\n<\/span><span style=\"font-weight: 400;\"><strong>Porodica biljaka<\/strong>: Lamiaceae.<br \/>\n<\/span><span style=\"font-weight: 400;\"><strong>INCI<\/strong>: Origanum majorana Leaf Oil.<br \/>\n<\/span><span style=\"font-weight: 400;\"><strong>Uobi\u010dajeni nazivi<\/strong>: Majorane, Simbol srec\u0301e, Divlji majoran, Francuski majoran, itd.<br \/>\n<\/span><span style=\"font-weight: 400;\"><strong>Kori\u0161c\u0301eni delovi<\/strong>: biljka.<br \/>\n<\/span><span style=\"font-weight: 400;\"><strong>Metoda ekstrakcije<\/strong>: destilacija parom.<br \/>\n<\/span><span style=\"font-weight: 400;\"><strong>Miris<\/strong>: topao, zeljast, sladak, blago za\u010dinjen<br \/>\n<\/span><span style=\"font-weight: 400;\"><strong>Izgled<\/strong>: \u017duc\u0301kasto do tamno \u017euto.<br \/>\n<\/span><span style=\"font-weight: 400;\"><strong>Fizi\u010dko stanje<\/strong>: Te\u010dnost<br \/>\n<\/span><span style=\"font-weight: 400;\"><strong>Prirodno<\/strong>: Da<br \/>\n<\/span><span style=\"font-weight: 400;\"><strong>\u010cistoc\u0301a<\/strong>: 100% \u010distoc\u0301a<br \/>\n<\/span><span style=\"font-weight: 400;\"><strong>ISO sertifikat<\/strong>: ISO, COA &amp; MSDS<br \/>\n<\/span><span style=\"font-weight: 400;\"><strong>Dostava<\/strong>: Izra\u010dunava se na blagajni<\/span><\/p>\n","protected":false},"featured_media":275036,"comment_status":"open","ping_status":"closed","template":"","meta":[],"product_brand":[],"product_cat":[1076,1084],"product_tag":[],"class_list":{"0":"post-258628","1":"product","2":"type-product","3":"status-publish","4":"has-post-thumbnail","6":"product_cat-essential-oils-sr","7":"product_cat-natural-health-care-sr","8":"pa_bottle-size-125-ml-sr-2","9":"pa_bottle-size-30-ml-sr","10":"pa_bottle-size-60-ml-sr","12":"first","13":"instock","14":"sale","15":"shipping-taxable","16":"purchasable","17":"product-type-variable","18":"has-default-attributes"},"_links":{"self":[{"href":"https:\/\/nefertiti-eg.com\/sr\/wp-json\/wp\/v2\/product\/258628","targetHints":{"allow":["GET"]}}],"collection":[{"href":"https:\/\/nefertiti-eg.com\/sr\/wp-json\/wp\/v2\/product"}],"about":[{"href":"https:\/\/nefertiti-eg.com\/sr\/wp-json\/wp\/v2\/types\/product"}],"replies":[{"embeddable":true,"href":"https:\/\/nefertiti-eg.com\/sr\/wp-json\/wp\/v2\/comments?post=258628"}],"wp:featuredmedia":[{"embeddable":true,"href":"https:\/\/nefertiti-eg.com\/sr\/wp-json\/wp\/v2\/media\/275036"}],"wp:attachment":[{"href":"https:\/\/nefertiti-eg.com\/sr\/wp-json\/wp\/v2\/media?parent=258628"}],"wp:term":[{"taxonomy":"product_brand","embeddable":true,"href":"https:\/\/nefertiti-eg.com\/sr\/wp-json\/wp\/v2\/product_brand?post=258628"},{"taxonomy":"product_cat","embeddable":true,"href":"https:\/\/nefertiti-eg.com\/sr\/wp-json\/wp\/v2\/product_cat?post=258628"},{"taxonomy":"product_tag","embeddable":true,"href":"https:\/\/nefertiti-eg.com\/sr\/wp-json\/wp\/v2\/product_tag?post=258628"}],"curies":[{"name":"wp","href":"https:\/\/api.w.org\/{rel}","templated":true}]}}