{"id":258639,"date":"2015-05-29T15:47:39","date_gmt":"2015-05-29T13:47:39","guid":{"rendered":"https:\/\/nefertiti-eg.com\/shop\/\u043d\u0435\u043a\u0430\u0442\u0435\u0433\u043e\u0440\u0438\u0437\u043e\u0432\u0430\u043d\u043e\/hazelnut-oil\/"},"modified":"2024-12-10T16:33:59","modified_gmt":"2024-12-10T14:33:59","slug":"hazelnut-oil","status":"publish","type":"product","link":"https:\/\/nefertiti-eg.com\/sr\/shop\/essential-oils-sr\/hazelnut-oil\/","title":{"rendered":"Ulje le\u0161nika"},"content":{"rendered":"<h3><b>Zdravstvene koristi od ulja le\u0161nika<\/b><\/h3>\n<p><span style=\"font-weight: 400;\">Ulje le\u0161nika je bogato kalijumom, koji je va\u017ean za funkcionisanje mekih tkiva tela i zdravlje ko\u017ee. \u010cisto ulje le\u0161nika sadr\u017ei kalcijum koji ja\u010da kosti i zube i podr\u017eava funkcionalni kapacitet mi\u0161ic\u0301nog tkiva, nokatne plo\u010de i zidova krvnih sudova. \u010cisto ulje le\u0161nika se koristi u le\u010denju pro\u0161irenih vena i pro\u0161irenja kapilara. Dnevna doza gvo\u017e\u0111a i magnezijuma, koji se nalaze u eteri\u010dnom ulju le\u0161nika, reguli\u0161e prenos nervnih impulsa i kontrakcije mi\u0161ic\u0301a.<\/span><\/p>\n<h3><b>Prirodno ulje le\u0161nika za prevenciju i le\u010denje raka<\/b><\/h3>\n<p><span style=\"font-weight: 400;\">Nau\u010dne studije su pokazale da \u010disto ulje le\u0161nika poma\u017ee u usporavanju proliferacije c\u0301elija raka. Dugotrajna redovna unutra\u0161nja upotreba \u010distog ulja le\u0161nika spre\u010dava rast prekanceroznih i kancerogenih c\u0301elija. Ulje le\u0161nika zna\u010dajno pobolj\u0161ava op\u0161te stanje i op\u0161te zdravlje ljudskog tela.<\/span><\/p>\n<h3><b>Prednosti antioksidansa ulja le\u0161nika<\/b><\/h3>\n<p><span style=\"font-weight: 400;\">Antioksidativna svojstva koja sadr\u017ee vitamin E usporavaju proces starenja i \u0161tite od slobodnih radikala koji su odgovorni za uni\u0161tavanje c\u0301elija, unutra\u0161njih organa i ispucale ko\u017ee.<\/span><\/p>\n<h3><b>Ulje le\u0161nika za zdravlje srca<\/b><\/h3>\n<p><span style=\"font-weight: 400;\">Nekoliko nau\u010dnih studija je potvrdilo da je ulje le\u0161nika dobro za zdravlje srca. Redovno uzimanje ulja le\u0161nika mo\u017ee efikasno smanjiti nivo lo\u0161eg LDL holesterola, \u0161to rezultira zdravijim holesterolom i profilima lipida u krvi. \u0160tavi\u0161e, \u010dini se da tako\u0111e reguli\u0161e krvni pritisak, sveukupno pobolj\u0161avajuc\u0301i biomarkere kardiovaskularnog rizika i smanjuje rizik od sr\u010danih bolesti.<\/span><\/p>\n<h3><b>Ulje le\u0161nika pobolj\u0161ava zdravlje mozga<\/b><\/h3>\n<p><span style=\"font-weight: 400;\">Ulje le\u0161nika sadr\u017ei velike koli\u010dine vitamina E, mangana, folata, tiamina i masnih kiselina koje ga \u010dine moc\u0301nom centrom za ja\u010danje mozga. Nau\u010dne studije su potvrdile da vitamin E pobolj\u0161ava kognitivne performanse i da se veruje da usporava kognitivni pad uzrokovan starenjem, \u010dime poma\u017ee u prevenciji neurodegenerativnih bolesti kao \u0161to su demencija, Alchajmerova i Parkinsonova bolest. Mangan tako\u0111e pobolj\u0161ava mo\u017edanu aktivnost, dok tiamin igra glavnu ulogu u kogniciji, kao i nervnoj funkciji celog tela, zbog \u010dega je poznat kao \u201enervni vitamin\u201c. Studije su dalje potvrdile povec\u0301anu memoriju uz redovnu upotrebu.<\/span><\/p>\n<h3><b>Ulje le\u0161nika za negu ko\u017ee<\/b><\/h3>\n<p><span style=\"font-weight: 400;\">Eteri\u010dno ulje le\u0161nika bogato je kalijumom koji je va\u017ean za funkcionisanje mekih tkiva tela, ali i za zdravlje ko\u017ee. \u010cisto ulje le\u0161nika deluje kao odli\u010dan emolijens i hidratantna krema jer sadr\u017ei niz esencijalnih masnih kiselina kao \u0161to je linolna kiselina koja mo\u017ee rehidrirati ko\u017eu. Mo\u017ee se koristiti u \u010distom obliku ili dodati kozmeti\u010dkim proizvodima za masnu ko\u017eu. Ulje le\u0161nika je jedno od najboljih ulja za masnu, problemati\u010dnu ko\u017eu. Su\u017eava pore i preporu\u010duje se i za le\u010denje rozacee.<\/span><\/p>\n<h3><b>Ulje le\u0161nika za kosu<\/b><\/h3>\n<p><span style=\"font-weight: 400;\">Ulje le\u0161nika je tako\u0111e prikladno koristi za kosu. Mo\u017ee da ubrza\u00a0 rast kose i stimuli\u0161e ja\u010danje folikula dlake.<\/span><\/p>\n<h3><b>Ulje od le\u0161nika za kuvanje<\/b><\/h3>\n<p><span style=\"font-weight: 400;\">Sladak ukus esencijalnog ulja le\u0161nika \u010dini ga odli\u010dnim dodatkom ishrani u va\u0161oj kuc\u0301noj upotrebi. Mo\u017ee se koristiti kao dodatak u mnogim salatama ili sosovima.<\/span><\/p>\n","protected":false},"excerpt":{"rendered":"<p><span style=\"font-weight: 400;\"><strong>Brend<\/strong>: Nefertiti prirodna ulja i biljke<br \/>\n<\/span><span style=\"font-weight: 400;\"><strong>Zemlja porekla<\/strong>: Egipat<br \/>\n<\/span><span style=\"font-weight: 400;\"><strong>Botani\u010dki naziv<\/strong>: Corilus avellana<br \/>\n<\/span><span style=\"font-weight: 400;\"><strong>Porodica biljaka<\/strong>: Corilus<br \/>\n<\/span><span style=\"font-weight: 400;\"><strong>INCI<\/strong>: Corilus Avellana (le\u0161nik) ulje semena<br \/>\n<\/span><span style=\"font-weight: 400;\"><strong>Uobi\u010dajena imena<\/strong>: Filbert, Cobnut, Lisina, F\u0131nd\u0131k, Leszczina, funduk, r\u00ec b\u011bn y\u01d4: hashihami sh\u01d4, itd.<br \/>\n<\/span><span style=\"font-weight: 400;\"><strong>Kori\u0161c\u0301eni delovi<\/strong>: orasi<br \/>\n<\/span><span style=\"font-weight: 400;\"><strong>Metoda ekstrakcije<\/strong>: Hladno ce\u0111eno<br \/>\n<\/span><span style=\"font-weight: 400;\"><strong>Miris<\/strong>: Slabi ukus ora\u0161astih plodova<br \/>\n<\/span><span style=\"font-weight: 400;\"><strong>Izgled<\/strong>: Bledo \u017euta<br \/>\n<\/span><span style=\"font-weight: 400;\"><strong>Fizi\u010dko stanje<\/strong>: Te\u010dnost<br \/>\n<\/span><span style=\"font-weight: 400;\"><strong>Prirodno<\/strong>: Da<br \/>\n<\/span><span style=\"font-weight: 400;\"><strong>\u010cistoc\u0301a<\/strong>: 100% \u010distoc\u0301a<br \/>\n<\/span><span style=\"font-weight: 400;\"><strong>ISO sertifikat<\/strong>: ISO, COA &amp; MSDS<br \/>\n<\/span><span style=\"font-weight: 400;\"><strong>Dostava<\/strong>: Izra\u010dunava se na blagajni<\/span><\/p>\n","protected":false},"featured_media":141944,"comment_status":"open","ping_status":"closed","template":"","meta":[],"product_brand":[],"product_cat":[1076],"product_tag":[],"class_list":{"0":"post-258639","1":"product","2":"type-product","3":"status-publish","4":"has-post-thumbnail","6":"product_cat-essential-oils-sr","7":"pa_bottle-size-200-ml","8":"pa_bottle-size-300-ml","10":"first","11":"outofstock","12":"shipping-taxable","13":"purchasable","14":"product-type-variable","15":"has-default-attributes"},"_links":{"self":[{"href":"https:\/\/nefertiti-eg.com\/sr\/wp-json\/wp\/v2\/product\/258639","targetHints":{"allow":["GET"]}}],"collection":[{"href":"https:\/\/nefertiti-eg.com\/sr\/wp-json\/wp\/v2\/product"}],"about":[{"href":"https:\/\/nefertiti-eg.com\/sr\/wp-json\/wp\/v2\/types\/product"}],"replies":[{"embeddable":true,"href":"https:\/\/nefertiti-eg.com\/sr\/wp-json\/wp\/v2\/comments?post=258639"}],"wp:featuredmedia":[{"embeddable":true,"href":"https:\/\/nefertiti-eg.com\/sr\/wp-json\/wp\/v2\/media\/141944"}],"wp:attachment":[{"href":"https:\/\/nefertiti-eg.com\/sr\/wp-json\/wp\/v2\/media?parent=258639"}],"wp:term":[{"taxonomy":"product_brand","embeddable":true,"href":"https:\/\/nefertiti-eg.com\/sr\/wp-json\/wp\/v2\/product_brand?post=258639"},{"taxonomy":"product_cat","embeddable":true,"href":"https:\/\/nefertiti-eg.com\/sr\/wp-json\/wp\/v2\/product_cat?post=258639"},{"taxonomy":"product_tag","embeddable":true,"href":"https:\/\/nefertiti-eg.com\/sr\/wp-json\/wp\/v2\/product_tag?post=258639"}],"curies":[{"name":"wp","href":"https:\/\/api.w.org\/{rel}","templated":true}]}}