{"id":258645,"date":"2015-06-24T16:35:26","date_gmt":"2015-06-24T14:35:26","guid":{"rendered":"https:\/\/nefertiti-eg.com\/shop\/\u043d\u0435\u043a\u0430\u0442\u0435\u0433\u043e\u0440\u0438\u0437\u043e\u0432\u0430\u043d\u043e\/grape-seed-oil-2\/"},"modified":"2024-07-09T14:02:21","modified_gmt":"2024-07-09T11:02:21","slug":"grape-seed-oil-2","status":"publish","type":"product","link":"https:\/\/nefertiti-eg.com\/sr\/shop\/essential-oils-sr\/grape-seed-oil-2\/","title":{"rendered":"Ulje semenki gro\u017e\u0111a"},"content":{"rendered":"<h3><img fetchpriority=\"high\" decoding=\"async\" class=\"alignnone wp-image-56348 size-full\" title=\"Grape Seed Oil\" src=\"https:\/\/nefertiti-eg.com\/wp-content\/uploads\/2015\/06\/Grape-Seed-discrib.jpg\" alt=\"\" width=\"900\" height=\"500\" srcset=\"https:\/\/nefertiti-eg.com\/wp-content\/uploads\/2015\/06\/Grape-Seed-discrib.jpg 900w, https:\/\/nefertiti-eg.com\/wp-content\/uploads\/2015\/06\/Grape-Seed-discrib-130x72.jpg 130w, https:\/\/nefertiti-eg.com\/wp-content\/uploads\/2015\/06\/Grape-Seed-discrib-700x389.jpg 700w, https:\/\/nefertiti-eg.com\/wp-content\/uploads\/2015\/06\/Grape-Seed-discrib-300x167.jpg 300w, https:\/\/nefertiti-eg.com\/wp-content\/uploads\/2015\/06\/Grape-Seed-discrib-768x427.jpg 768w, https:\/\/nefertiti-eg.com\/wp-content\/uploads\/2015\/06\/Grape-Seed-discrib-600x333.jpg 600w, https:\/\/nefertiti-eg.com\/wp-content\/uploads\/2015\/06\/Grape-Seed-discrib-150x83.jpg 150w\" sizes=\"(max-width: 900px) 100vw, 900px\" \/><\/h3>\n<h3><b>Ulje semenki gro\u017e\u0111a: svojstva i primena<\/b><\/h3>\n<p><span style=\"font-weight: 400;\">Eteri\u010dno ulje semenki gro\u017e\u0111a ima antioksidativna, regenerativna i citoprotektivna svojstva. Ovo ulje je gotovo nezamenljivi kozmeti\u010dki sastojak u proizvodnji proizvoda za negu problemati\u010dne ko\u017ee. Eteri\u010dno ulje semenki gro\u017e\u0111a sadr\u017ei mnogo vi\u0161e linolne kiseline od mnogih drugih prirodnih ulja. Tako\u0111e se preporu\u010duje za ne\u017eno brijanje.<\/span><\/p>\n<h3><b>Ulje semenki gro\u017e\u0111a za ko\u017eu<\/b><\/h3>\n<p><span style=\"font-weight: 400;\">Prirodno ulje semenki gro\u017e\u0111a ima blagi adstringentni efekat koji poma\u017ee da se zategnu pro\u0161irene pore i tonizira ko\u017eu. Linolna kiselina, koja se nalazi u ulju, veoma je korisna i efikasna u le\u010denju problemati\u010dne ko\u017ee sa aknama, dermatitisom i ekcemom. Linolna kiselina tako\u0111e umiruje i hrani ko\u017eu, \u010dinec\u0301i je zdravim. Prirodno ulje semenki gro\u017e\u0111a se lako upija u ko\u017eu i veoma se \u010desto koristi u kozmetologiji. Ovo ulje je odli\u010dno za dubinski vla\u017eenje ko\u017ee, poma\u017ee u smanjenju bora i uklanjanju strija. Ulje semenki gro\u017e\u0111a je tako\u0111e izuzetno bogat izvor vitamina E mladosti i \u010desto je sastavni deo krema protiv starenja, ili sada veoma popularnih vitaminskih kapsula koje se nude kao neophodan dodatak za odr\u017eavanje mladosti i zdravog izgleda ko\u017ee. Ovo ulje je jedan od najmoc\u0301nijih antioksidanata.<\/span><\/p>\n<h3><b>Ulje semenki gro\u017e\u0111a za bore<\/b><\/h3>\n<p><span style=\"font-weight: 400;\">U okviru nege ko\u017ee, ulje semenki gro\u017e\u0111a se koristi zbog svojih emolijentnih svojstava. Nalazi se u mnogim kozmeti\u010dkim proizvodima, kao \u0161to su balzami za usne, kreme za ruke i telo, hidratantni losioni, me\u0161avine ulja i losioni za za\u0161titu od sunca i proizvodi za negu kose. Potrebna je samo mala koli\u010dina ulja od semenki gro\u017e\u0111a da bi se izgladile fine bore i male strije na ko\u017ei. Prirodno ulje semenki gro\u017e\u0111a pobolj\u0161ava elasti\u010dnost ko\u017ee i usporava proces starenja.<\/span><\/p>\n<h3><b>Antioksidativna aktivnost ulja semenki gro\u017e\u0111a<\/b><\/h3>\n<p><span style=\"font-weight: 400;\">Flavonoid, oligomerni proantocijanidin, koji se nalazi u velikim koli\u010dinama u ulju semenki gro\u017e\u0111a, je neverovatno moc\u0301an antioksidans, \u010dak ja\u010di od vitamina C i E. Ovo jedinstveno jedinjenje \u0161titi od o\u0161tec\u0301enja c\u0301elija i tkiva koje obi\u010dno izazivaju slobodni radikali. Zbog svojih antioksidativnih svojstava, ulje semenki gro\u017e\u0111a mo\u017ee pomoc\u0301i u usporavanju starenja ko\u017ee vezivanjem slobodnih radikala u c\u0301elijama.<\/span><\/p>\n<h3><b>Svojstva ulja semena gro\u017e\u0111a<\/b><\/h3>\n<p><span style=\"font-weight: 400;\">Prirodno ulje semenki gro\u017e\u0111a koristi se u nezi problemati\u010dne ko\u017ee, za ja\u010danje i regeneraciju o\u0161tec\u0301enih kapilara i krvnih sudova. Poznato je da aktivna svojstva ovog ulja pobolj\u0161avaju cirkulaciju krvi u venama i malim kapilarama, pa se stoga preporu\u010duje upotreba ulja od semenki gro\u017e\u0111a kod pro\u0161irenih vena i hemoroida. Ulje semena gro\u017e\u0111a se tako\u0111e koristi kao ulje za nosa\u010d u aromaterapiji.<\/span><\/p>\n<h3><b>Eteri\u010dno ulje semenki gro\u017e\u0111a za masa\u017eu<\/b><\/h3>\n<p><span style=\"font-weight: 400;\">Ulje semenki gro\u017e\u0111a idealno je kao bazno ulje za negu ko\u017ee i razne vrste masa\u017ee, prvenstveno zbog svoje svilenkaste, delikatne i glatke konzistencije. Sadr\u017ei mnogo antioksidanata, koji su esencijalni hranljivi sastojci i enzimi koji poma\u017eu u za\u0161titi ko\u017ee od o\u0161tec\u0301enja i starenja. Prirodno ulje semenki gro\u017e\u0111a sadr\u017ei linolnu kiselinu, nezasic\u0301enu masnu kiselinu koja igra klju\u010dnu ulogu u odr\u017eavanju zdravih c\u0301elijskih membrana. Ulje semenki gro\u017e\u0111a se ne\u017eno upija u ko\u017eu, ostavljajuc\u0301i hidratantni sloj koji poma\u017ee u intenzivnoj regeneraciji i restrukturiranju o\u0161tec\u0301enih i napetih ko\u017enih tkiva.<\/span><\/p>\n<h3><b>Ulje semenki gro\u017e\u0111a za kosu<\/b><\/h3>\n<p><span style=\"font-weight: 400;\">Ulje semena gro\u017e\u0111a smatra se jednom od najboljih kozmeti\u010dkih sredstava za kosu. Ni na koji na\u010din nije inferiorno u odnosu na maslinovo, prirodno ulje semenki gro\u017e\u0111a je prirodni regenerator za kosu. Efikasno vla\u017ei kosu, ja\u010da je, pobolj\u0161ava njeno op\u0161te stanje, pored toga \u0161to hidrira ko\u017eu glave. Zahvaljujuc\u0301i prisustvu antioksidanata, ulje semenki gro\u017e\u0111a podsti\u010de rast kose i \u0161titi je od \u0161tetnih uticaja okoline i prirodno vrac\u0301a zdravlje kosi.<\/span><\/p>\n<h3><img decoding=\"async\" class=\"alignnone wp-image-125678 size-full\" src=\"https:\/\/nefertiti-eg.com\/wp-content\/uploads\/2015\/06\/Grappes-Oil-Benfits.jpg\" alt=\"\" width=\"1318\" height=\"1516\" title=\"\" srcset=\"https:\/\/nefertiti-eg.com\/wp-content\/uploads\/2015\/06\/Grappes-Oil-Benfits.jpg 1318w, https:\/\/nefertiti-eg.com\/wp-content\/uploads\/2015\/06\/Grappes-Oil-Benfits-130x150.jpg 130w, https:\/\/nefertiti-eg.com\/wp-content\/uploads\/2015\/06\/Grappes-Oil-Benfits-700x805.jpg 700w, https:\/\/nefertiti-eg.com\/wp-content\/uploads\/2015\/06\/Grappes-Oil-Benfits-261x300.jpg 261w, https:\/\/nefertiti-eg.com\/wp-content\/uploads\/2015\/06\/Grappes-Oil-Benfits-890x1024.jpg 890w, https:\/\/nefertiti-eg.com\/wp-content\/uploads\/2015\/06\/Grappes-Oil-Benfits-768x883.jpg 768w, https:\/\/nefertiti-eg.com\/wp-content\/uploads\/2015\/06\/Grappes-Oil-Benfits-990x1139.jpg 990w, https:\/\/nefertiti-eg.com\/wp-content\/uploads\/2015\/06\/Grappes-Oil-Benfits-441x507.jpg 441w\" sizes=\"(max-width: 1318px) 100vw, 1318px\" \/><\/h3>\n","protected":false},"excerpt":{"rendered":"<p><span style=\"font-weight: 400;\"><strong>Brend<\/strong>: Nefertiti za prirodna ulja i biljke<br \/>\n<\/span><span style=\"font-weight: 400;\"><strong>Zemlja porekla<\/strong>: Egipat<br \/>\n<\/span><span style=\"font-weight: 400;\"><strong>Botani\u010dki naziv<\/strong>: Vitis vinifera L.<br \/>\n<\/span><span style=\"font-weight: 400;\"><strong>Porodica biljaka<\/strong>: Rafflesiaceae<br \/>\n<\/span><span style=\"font-weight: 400;\">INCI: Vitis Vinifera ulje semena gro\u017e\u0111a<br \/>\n<\/span><span style=\"font-weight: 400;\"><strong>Uobi\u010dajeni nazivi<\/strong>: Muskat, Vitis vinifera, Ekstrakt semena Vitis Vinefera (gro\u017e\u0111a), Asma, Auzum, Domac\u0301e gro\u017e\u0111e, Evropsko gro\u017e\u0111e, Gro\u017e\u0111e, Vinova loza, I&#8217;Nab, P&#8217;U T&#8217;Ao, P&#8217;U T&#8217;Ao Chiu, Suvo gro\u017e\u0111e, Roseinekaerne, Trai, Vid, Vigne, Vine, Vite, itd.<br \/>\n<\/span><span style=\"font-weight: 400;\"><strong>Kori\u0161c\u0301eni delovi<\/strong>: Seme<br \/>\n<\/span><span style=\"font-weight: 400;\"><strong>Metoda ekstrakcije<\/strong>: Hladno ce\u0111eno<br \/>\n<\/span><span style=\"font-weight: 400;\"><strong>Miris<\/strong>: slab slatki miris<br \/>\n<\/span><span style=\"font-weight: 400;\"><strong>Izgled<\/strong>: Bledo \u017euta<br \/>\n<\/span><span style=\"font-weight: 400;\"><strong>Fizi\u010dko stanje<\/strong>: Te\u010dnost<br \/>\n<\/span><span style=\"font-weight: 400;\"><strong>Prirodno<\/strong>: Da<br \/>\n<\/span><span style=\"font-weight: 400;\"><strong>\u010cistoc\u0301a<\/strong>: 100% \u010distoc\u0301a<br \/>\n<\/span><span style=\"font-weight: 400;\"><strong>ISO sertifikat<\/strong>: ISO, COA &amp; MSDS<\/span><\/p>\n<p><span style=\"font-weight: 400;\">\u00a0<\/span><\/p>\n","protected":false},"featured_media":274666,"comment_status":"open","ping_status":"closed","template":"","meta":[],"product_brand":[],"product_cat":[1076],"product_tag":[],"class_list":{"0":"post-258645","1":"product","2":"type-product","3":"status-publish","4":"has-post-thumbnail","6":"product_cat-essential-oils-sr","7":"pa_bottle-size-125-ml-sr-2","8":"pa_bottle-size-200-ml","9":"pa_bottle-size-300-ml","11":"first","12":"instock","13":"sale","14":"shipping-taxable","15":"purchasable","16":"product-type-variable","17":"has-default-attributes"},"_links":{"self":[{"href":"https:\/\/nefertiti-eg.com\/sr\/wp-json\/wp\/v2\/product\/258645","targetHints":{"allow":["GET"]}}],"collection":[{"href":"https:\/\/nefertiti-eg.com\/sr\/wp-json\/wp\/v2\/product"}],"about":[{"href":"https:\/\/nefertiti-eg.com\/sr\/wp-json\/wp\/v2\/types\/product"}],"replies":[{"embeddable":true,"href":"https:\/\/nefertiti-eg.com\/sr\/wp-json\/wp\/v2\/comments?post=258645"}],"wp:featuredmedia":[{"embeddable":true,"href":"https:\/\/nefertiti-eg.com\/sr\/wp-json\/wp\/v2\/media\/274666"}],"wp:attachment":[{"href":"https:\/\/nefertiti-eg.com\/sr\/wp-json\/wp\/v2\/media?parent=258645"}],"wp:term":[{"taxonomy":"product_brand","embeddable":true,"href":"https:\/\/nefertiti-eg.com\/sr\/wp-json\/wp\/v2\/product_brand?post=258645"},{"taxonomy":"product_cat","embeddable":true,"href":"https:\/\/nefertiti-eg.com\/sr\/wp-json\/wp\/v2\/product_cat?post=258645"},{"taxonomy":"product_tag","embeddable":true,"href":"https:\/\/nefertiti-eg.com\/sr\/wp-json\/wp\/v2\/product_tag?post=258645"}],"curies":[{"name":"wp","href":"https:\/\/api.w.org\/{rel}","templated":true}]}}