{"id":258650,"date":"2015-05-29T15:40:51","date_gmt":"2015-05-29T13:40:51","guid":{"rendered":"https:\/\/nefertiti-eg.com\/shop\/\u043d\u0435\u043a\u0430\u0442\u0435\u0433\u043e\u0440\u0438\u0437\u043e\u0432\u0430\u043d\u043e\/jojoba-oil\/"},"modified":"2025-05-20T18:57:01","modified_gmt":"2025-05-20T15:57:01","slug":"jojoba-oil","status":"publish","type":"product","link":"https:\/\/nefertiti-eg.com\/sr\/shop\/essential-oils-sr\/jojoba-oil\/","title":{"rendered":"Jojoba ulje"},"content":{"rendered":"<p><img fetchpriority=\"high\" decoding=\"async\" class=\"alignnone wp-image-56329 size-full\" src=\"https:\/\/nefertiti-eg.com\/wp-content\/uploads\/2015\/06\/Jojoba-discrib.jpg\" alt=\"\" width=\"900\" height=\"500\" title=\"\" srcset=\"https:\/\/nefertiti-eg.com\/wp-content\/uploads\/2015\/06\/Jojoba-discrib.jpg 900w, https:\/\/nefertiti-eg.com\/wp-content\/uploads\/2015\/06\/Jojoba-discrib-130x72.jpg 130w, https:\/\/nefertiti-eg.com\/wp-content\/uploads\/2015\/06\/Jojoba-discrib-700x389.jpg 700w, https:\/\/nefertiti-eg.com\/wp-content\/uploads\/2015\/06\/Jojoba-discrib-300x167.jpg 300w, https:\/\/nefertiti-eg.com\/wp-content\/uploads\/2015\/06\/Jojoba-discrib-768x427.jpg 768w, https:\/\/nefertiti-eg.com\/wp-content\/uploads\/2015\/06\/Jojoba-discrib-600x333.jpg 600w, https:\/\/nefertiti-eg.com\/wp-content\/uploads\/2015\/06\/Jojoba-discrib-150x83.jpg 150w\" sizes=\"(max-width: 900px) 100vw, 900px\" \/><\/p>\n<h3><b>Korisna svojstva prirodnog ulja jojobe<\/b><\/h3>\n<p><span style=\"font-weight: 400;\">Hladno ce\u0111eno ulje jojobe (Simmondsia Chinensis) sadr\u017ei mnoge biolo\u0161ke i mineralne supstance koje su neophodne za lepo negovanu ko\u017eu i kosu. Prirodno ulje jojobe elimini\u0161e \u0161tetne uticaje okoline i poma\u017ee u usporavanju procesa starenja ko\u017ee. Duboko prodire, savr\u0161eno se upija i pru\u017ea hidrataciju, ishranu i za\u0161titu ko\u017ei lica i tela. Sadr\u017ei visoku koncentraciju vitamina A i E, \u0161to ga \u010dini odli\u010dnim antioksidansom koji stimuli\u0161e proces regeneracije c\u0301elija i time produ\u017eava mladost ko\u017ee.<\/span><\/p>\n<h3><b>Ulje jojobe za ko\u017eu<\/b><\/h3>\n<p><span style=\"font-weight: 400;\">Sa godinama, koli\u010dina kolagena u ljudskoj ko\u017ei se smanjuje, ko\u017ea bledi, postepeno gubi elasti\u010dnost i \u010dvrstinu. Uz obilje proteina koji uti\u010du na snagu i elasti\u010dnost vezivnog tkiva, ulje jojobe obnavlja prirodni proces proizvodnje kolagena. Generalno, dobro vla\u017ei i neguje ko\u017eu, uklju\u010dujuc\u0301i i ko\u017eu o\u010dnih kapaka, a tako\u0111e pobolj\u0161ava i ujedna\u010dava ten, dajuc\u0301i prirodan sjaj. Ulje jojobe mo\u017ee ubla\u017eiti iritaciju nakon brijanja ili depilacije voskom i umiriti suve, ispucale usne. Prirodno ulje jojobe c\u0301e spre\u010diti pojavu strija i pomoc\u0301i u brzom uklanjanju celulita, \u010dinec\u0301i ko\u017eu elasti\u010dnijom i zategnutijom.<\/span><\/p>\n<h3><b>Jojoba ulje za bore<\/b><\/h3>\n<p><span style=\"font-weight: 400;\">Nau\u010dnici su dokazali da prirodno ulje jojobe, za razliku od drugih kozmeti\u010dkih ulja, ima najvec\u0301u propustljivost u dublje slojeve ko\u017ee i zbog ovih karakteristika se prirodno ulje jojobe naziva \u201ete\u010dnim voskom\u201c. Strukturne karakteristike ulja jojobe uti\u010du na metabolizam, povec\u0301avajuc\u0301i regeneraciju c\u0301elija ko\u017ee i posledi\u010dno usporavajuc\u0301i proces starenja ko\u017ee. Uz redovnu upotrebu, prirodno ulje jojobe izgla\u0111uje stare i spre\u010dava stvaranje novih bora.<\/span><\/p>\n<h3><b>Ulje jojobe SPF faktor<\/b><\/h3>\n<p><span style=\"font-weight: 400;\">Jojoba predstavlja prirodnu za\u0161titu od ultraljubi\u010dastog zra\u010denja. Ima prirodnu odbranu (\u010detvrti faktor) koja optimizuje apsorpciju vitamina D i \u0161titi ko\u017eu od \u0161tetnih zraka, istovremeno pru\u017eajuc\u0301i ujedna\u010den i lep ten. Imajte na umu da ulje jojobe mo\u017ee za\u0161tititi od slu\u010dajnog izlaganja suncu, ali nije namenjeno da zameni SPF kremu za sun\u010danje tokom du\u017eeg izlaganja.<\/span><\/p>\n<h3><b>Jojoba ulje za akne<\/b><\/h3>\n<p><span style=\"font-weight: 400;\">Prirodno ulje jojobe ima antimikrobna i antifungalna svojstva i zahvaljujuc\u0301i dobro izbalansiranom sastavu, pogodno je za sve tipove ko\u017ee i preporu\u010duje se svim starosnim grupama. Ulje jojobe ne za\u010depljuje pore na ko\u017ei, omoguc\u0301avajuc\u0301i im da di\u0161u, i nikada ne ostavlja mastan trag, koji naknadno spre\u010dava nakupljanje prirodnog sebuma u \u200b\u200bporama i uspe\u0161no ubla\u017eava akne.<\/span><\/p>\n<h3><b>Ulje jojobe za masa\u017eu<\/b><\/h3>\n<p><span style=\"font-weight: 400;\">Ulje jojobe je kategorisano kao najne\u017enije prirodno ulje za masa\u017eu. Dubinski hrani ko\u017eu, vodec\u0301i ra\u010duna o njenoj elasti\u010dnosti, a ko\u017ea odmah postaje meka, glatka i \u010dvrsta<\/span><\/p>\n<h3><b>Ulje jojobe za dobrobit kose<\/b><\/h3>\n<p><span style=\"font-weight: 400;\">Koristite prirodno ulje jojobe kao masku za kosu za vla\u017eenje, omek\u0161avanje i negu slabe i o\u0161tec\u0301ene kose. Suva i dosadna kosa c\u0301e povratiti elasti\u010dnost, mekoc\u0301u i zdrav sjaj, a vrhovi kose c\u0301e prestati da se krzaju. Ulje jojobe je idealno za one sa masnom kosom, jer normalizuje metabolizam lipida i poma\u017ee u balansiranju proizvodnje ulja. Tako\u0111e je baktericidan i smiruje iritacije ko\u017ee glave. Ulje jojobe daje kosi lep izgled i \u010dini je sna\u017enom, elasti\u010dnom i sjajnom.<\/span><\/p>\n<p><span style=\"font-weight: 400;\">Ulje jojobe mo\u017eete koristiti u \u010distom obliku ili dodavati u kozmetiku za lice, telo i kosu (krema, losion, \u0161ampon, itd.), \u0161to c\u0301e poja\u010dati njihovu aktivnost.<\/span><\/p>\n<p><img decoding=\"async\" class=\"alignnone wp-image-125640 size-full\" src=\"https:\/\/nefertiti-eg.com\/wp-content\/uploads\/2015\/05\/Jojoba-Oil-BenfitsEn.jpg\" alt=\"\" width=\"1318\" height=\"1384\" title=\"\" srcset=\"https:\/\/nefertiti-eg.com\/wp-content\/uploads\/2015\/05\/Jojoba-Oil-BenfitsEn.jpg 1318w, https:\/\/nefertiti-eg.com\/wp-content\/uploads\/2015\/05\/Jojoba-Oil-BenfitsEn-130x137.jpg 130w, https:\/\/nefertiti-eg.com\/wp-content\/uploads\/2015\/05\/Jojoba-Oil-BenfitsEn-700x735.jpg 700w, https:\/\/nefertiti-eg.com\/wp-content\/uploads\/2015\/05\/Jojoba-Oil-BenfitsEn-286x300.jpg 286w, https:\/\/nefertiti-eg.com\/wp-content\/uploads\/2015\/05\/Jojoba-Oil-BenfitsEn-975x1024.jpg 975w, https:\/\/nefertiti-eg.com\/wp-content\/uploads\/2015\/05\/Jojoba-Oil-BenfitsEn-768x806.jpg 768w, https:\/\/nefertiti-eg.com\/wp-content\/uploads\/2015\/05\/Jojoba-Oil-BenfitsEn-990x1040.jpg 990w, https:\/\/nefertiti-eg.com\/wp-content\/uploads\/2015\/05\/Jojoba-Oil-BenfitsEn-441x463.jpg 441w\" sizes=\"(max-width: 1318px) 100vw, 1318px\" \/><\/p>\n","protected":false},"excerpt":{"rendered":"<p><span style=\"font-weight: 400;\"><strong>Brend<\/strong>: Nefertiti prirodna ulja i biljke<br \/>\n<\/span><span style=\"font-weight: 400;\"><strong>Zemlja porekla<\/strong>: Egipat<br \/>\n<\/span><span style=\"font-weight: 400;\"><strong>Botani\u010dki naziv<\/strong>: Simmondsia chinensis<br \/>\n<\/span><span style=\"font-weight: 400;\"><strong>Porodica biljaka<\/strong>: Simmondsiaceae<br \/>\n<\/span><span style=\"font-weight: 400;\"><strong>INCI<\/strong>: Simmondsia Chinensis Seed Oil<br \/>\n<\/span><span style=\"font-weight: 400;\"><strong>Uobi\u010dajeni nazivi<\/strong>: kozji orah, jelenji orah, pignut, divlji le\u0161nik, kininski orah, kafa i sivi grm.<br \/>\n<\/span><span style=\"font-weight: 400;\"><strong>Kori\u0161c\u0301eni delovi<\/strong>: orasi<br \/>\n<\/span><span style=\"font-weight: 400;\"><strong>Metoda ekstrakcije<\/strong>: Hladno ce\u0111eno<br \/>\n<\/span><span style=\"font-weight: 400;\"><strong>Miris<\/strong>: Bez mirisa<br \/>\n<\/span><span style=\"font-weight: 400;\"><strong>Izgled<\/strong>: sun\u010dano \u017euta<br \/>\n<\/span><span style=\"font-weight: 400;\"><strong>Fizi\u010dko stanje<\/strong>: Te\u010dni estar voska<br \/>\n<\/span><span style=\"font-weight: 400;\"><strong>Prirodno<\/strong>: Da<br \/>\n<\/span><span style=\"font-weight: 400;\"><strong>\u010cistoc\u0301a<\/strong>: 100% \u010distoc\u0301a<br \/>\n<\/span><span style=\"font-weight: 400;\"><strong>ISO sertifikat<\/strong>: ISO, COA &amp; MSDS<br \/>\n<\/span><span style=\"font-weight: 400;\"><strong>Dostava<\/strong>: Izra\u010dunava se na blagajni<\/span><\/p>\n","protected":false},"featured_media":274865,"comment_status":"open","ping_status":"closed","template":"","meta":[],"product_brand":[],"product_cat":[1076,1088,1077,1089],"product_tag":[],"class_list":{"0":"post-258650","1":"product","2":"type-product","3":"status-publish","4":"has-post-thumbnail","6":"product_cat-essential-oils-sr","7":"product_cat-natural-cosmetics-sr","8":"product_cat-natural-skin-care-sr","9":"product_cat-natural-hair-care-sr","10":"pa_bottle-size-11-1000-ml-sr","11":"pa_bottle-size-11-300-ml-sr","12":"pa_bottle-size-11-500-ml-sr","13":"pa_bottle-size-1000-ml-2-sr","14":"pa_bottle-size-125-ml-sr-2","15":"pa_bottle-size-200-ml","16":"pa_bottle-size-300-ml","17":"pa_bottle-size-500-ml","18":"pa_bottle-size-60-ml-sr","20":"first","21":"instock","22":"sale","23":"shipping-taxable","24":"purchasable","25":"product-type-variable","26":"has-default-attributes"},"_links":{"self":[{"href":"https:\/\/nefertiti-eg.com\/sr\/wp-json\/wp\/v2\/product\/258650","targetHints":{"allow":["GET"]}}],"collection":[{"href":"https:\/\/nefertiti-eg.com\/sr\/wp-json\/wp\/v2\/product"}],"about":[{"href":"https:\/\/nefertiti-eg.com\/sr\/wp-json\/wp\/v2\/types\/product"}],"replies":[{"embeddable":true,"href":"https:\/\/nefertiti-eg.com\/sr\/wp-json\/wp\/v2\/comments?post=258650"}],"wp:featuredmedia":[{"embeddable":true,"href":"https:\/\/nefertiti-eg.com\/sr\/wp-json\/wp\/v2\/media\/274865"}],"wp:attachment":[{"href":"https:\/\/nefertiti-eg.com\/sr\/wp-json\/wp\/v2\/media?parent=258650"}],"wp:term":[{"taxonomy":"product_brand","embeddable":true,"href":"https:\/\/nefertiti-eg.com\/sr\/wp-json\/wp\/v2\/product_brand?post=258650"},{"taxonomy":"product_cat","embeddable":true,"href":"https:\/\/nefertiti-eg.com\/sr\/wp-json\/wp\/v2\/product_cat?post=258650"},{"taxonomy":"product_tag","embeddable":true,"href":"https:\/\/nefertiti-eg.com\/sr\/wp-json\/wp\/v2\/product_tag?post=258650"}],"curies":[{"name":"wp","href":"https:\/\/api.w.org\/{rel}","templated":true}]}}