{"id":258661,"date":"2015-06-15T00:32:29","date_gmt":"2015-06-14T22:32:29","guid":{"rendered":"https:\/\/nefertiti-eg.com\/shop\/\u043d\u0435\u043a\u0430\u0442\u0435\u0433\u043e\u0440\u0438\u0437\u043e\u0432\u0430\u043d\u043e\/argan-oil\/"},"modified":"2023-05-25T14:25:35","modified_gmt":"2023-05-25T11:25:35","slug":"argan-oil","status":"publish","type":"product","link":"https:\/\/nefertiti-eg.com\/sr\/shop\/essential-oils-sr\/argan-oil\/","title":{"rendered":"Arganovo ulje"},"content":{"rendered":"<h3><img fetchpriority=\"high\" decoding=\"async\" class=\"alignnone wp-image-56344 size-full\" src=\"https:\/\/nefertiti-eg.com\/wp-content\/uploads\/2015\/06\/Argan-discrib.jpg\" alt=\"\" width=\"900\" height=\"500\" title=\"\" srcset=\"https:\/\/nefertiti-eg.com\/wp-content\/uploads\/2015\/06\/Argan-discrib.jpg 900w, https:\/\/nefertiti-eg.com\/wp-content\/uploads\/2015\/06\/Argan-discrib-130x72.jpg 130w, https:\/\/nefertiti-eg.com\/wp-content\/uploads\/2015\/06\/Argan-discrib-700x389.jpg 700w, https:\/\/nefertiti-eg.com\/wp-content\/uploads\/2015\/06\/Argan-discrib-300x167.jpg 300w, https:\/\/nefertiti-eg.com\/wp-content\/uploads\/2015\/06\/Argan-discrib-768x427.jpg 768w, https:\/\/nefertiti-eg.com\/wp-content\/uploads\/2015\/06\/Argan-discrib-600x333.jpg 600w, https:\/\/nefertiti-eg.com\/wp-content\/uploads\/2015\/06\/Argan-discrib-150x83.jpg 150w\" sizes=\"(max-width: 900px) 100vw, 900px\" \/><\/h3>\n<h3><b>Prednosti prirodnog arganovog ulja<\/b><\/h3>\n<p><span style=\"font-weight: 400;\">Arganovo ulje sadr\u017ei ogromnu koli\u010dinu vitamina E, zapravo tri puta vi\u0161e od maslinovog ulja, plus karotenoide (vitamin A), oleinske i linolne masne kiseline (omega-9 i omega-6). Tako\u0111e ima visok procenat korisnih masnih kiselina: palmitinska \u2013 13-16%, stearinska kiselina \u2013 6-8%), ferulinska kiselina, polifenoli, fitosteroli, triterpenski alkoholi. Skvalen, sna\u017ean prirodni antioksidans, koji se nalazi u arganovu ulju, \u0161titi ko\u017eu od \u0161tetnih uticaja okoline.<\/span><\/p>\n<h3><b>Prirodno arganovo ulje za ko\u017eu<\/b><\/h3>\n<p><span style=\"font-weight: 400;\">Arganovo ulje poma\u017ee u le\u010denju ko\u017enih infekcija i uklanjanju akni. Jedno od glavnih lekovitih svojstava arganovog ulja je prisustvo velike koli\u010dine antioksidativnih vitamina A i E, zdravih omega-6 i 9 masnih kiselina i linolne kiseline. Kada se primenjuje spolja, arganovo ulje pobolj\u0161ava cirkulaciju krvi i mikrocirkulaciju krvi u potko\u017enom sloju, \u0161to ko\u017eu odr\u017eava mladom, zdravom i lepom. Tako\u0111e ima antiinflamatorno dejstvo, aktivira procese granulacije i epitelizacije, ubrzava zarastanje ko\u017enih lezija.<\/span><\/p>\n<h3><b>Prirodno arganovo ulje za zdravlje ko\u017ee<\/b><\/h3>\n<p><span style=\"font-weight: 400;\">Prirodno arganovo ulje deluje antiinflamatorno i preporu\u010duje se u kompleksnom le\u010denju mnogih ko\u017enih oboljenja i stanja. Upotreba nerazbla\u017eenog prirodnog arganovog ulja, u obliku maske za ko\u017eu, preporu\u010duje se u le\u010denju dermatolo\u0161kih oboljenja uklju\u010dujuc\u0301i gljivi\u010dni dermatitis, psorijazu, atopijski dermatitis, suvi ekcem i akne i poma\u017ee u smanjenju njihovih simptoma. Arganovo ulje ubrzava proces prirodne regeneracije ko\u017ee, a pored toga \u0161to je i antiinflamatorno, ima i antibakterijska svojstva.<\/span><\/p>\n<h3><b>Prirodno arganovo ulje za mladala\u010dku ko\u017eu<\/b><\/h3>\n<p><span style=\"font-weight: 400;\">Arganovo ulje lako i brzo upija u ko\u017eu bez ostavljanja lepljivih ostataka. Omek\u0161ava, hrani, osve\u017eava i vla\u017ei ko\u017eu, spre\u010davajuc\u0301i je da se isu\u0161i i lju\u0161ti. Arganovo ulje vrac\u0301a lipidnu ravnote\u017eu ko\u017ee, povec\u0301ava \u010dvrstinu i elasti\u010dnost ko\u017ee, ujedna\u010dava njenu povr\u0161inu, poma\u017ee u izgla\u0111ivanju finih bora i stimuli\u0161e prirodnu proizvodnju kolagena i elastina. Redovnom primenom, ovo ulje mo\u017ee pomoc\u0301i u spre\u010davanju prevremenog starenja ko\u017ee i spre\u010davanju ranog pojavljivanja bora i stara\u010dkih pega.<\/span><\/p>\n<h3><b>Arganovo ulje za masa\u017eu<\/b><\/h3>\n<p><span style=\"font-weight: 400;\">Komponente koje se nalaze u prirodnom arganovu ulju pobolj\u0161avaju limfnu drena\u017eu, cirkulaciju krvi i mikrocirkulaciju krvi u potko\u017enom masnom tkivu. Arganovo ulje se koristi kao glavni sastojak me\u0161avina za masa\u017eu, uklju\u010dujuc\u0301i ulje za masa\u017eu protiv celulita.<\/span><\/p>\n<h3><b>Prirodno arganovo ulje za kosu<\/b><\/h3>\n<p><span style=\"font-weight: 400;\">Arganovo ulje je efikasan prirodni lek za o\u0161tec\u0301enu, lomljivu kosu i ispucale vrhove. Obnavlja strukturu o\u0161tec\u0301ene kose, daje joj prirodan zdrav sjaj, mekoc\u0301u i svilenkastost i poma\u017ee u za\u0161titi kose od \u0161tetnog uticaja faktora okoline i hemikalija. Arganovo ulje se koristi kao deo sveobuhvatnog le\u010denja alopecije, masne peruti i seboreje.<\/span><\/p>\n<h3><b>Arganovo ulje za nokte<\/b><\/h3>\n<p><span style=\"font-weight: 400;\">Upotreba arganovog ulja na rukama poma\u017ee kod lomljivih noktiju. Redovno nano\u0161enje arganovog ulja na nokte i zanoktice poma\u017ee u njihovom ja\u010danju.<\/span><\/p>\n<h3><b>Prirodno arganovo ulje za bradu<\/b><\/h3>\n<p><span style=\"font-weight: 400;\">Arganovo ulje sadr\u017ei nezasic\u0301ene masne kiseline omega-6 i omega-9, plus visoku dozu vitamina E. Ovo obezbe\u0111uje pravilnu hidrataciju ko\u017ee, daje joj elasti\u010dnost i reguli\u0161e rad lojnih \u017elezda. Arganovo ulje \u0161titi bradu od o\u0161tec\u0301enja od sunca, kao i dodaje sjaj i pobolj\u0161ava kvalitet brade.<\/span><\/p>\n<h3><b>Arganovo ulje za sun\u010danje<\/b><\/h3>\n<p><span style=\"font-weight: 400;\">Arganovo ulje nudi nekoliko prednosti za sun\u010danje. Prvo, \u0161titi ko\u017eu od opekotina od sunca, a drugo, poma\u017ee da se dobije lep bronzani ten mnogo br\u017ee nego kod drugih proizvoda. Ko\u017ea ne postaje ru\u017ei\u010dasta, ne crveni, ve\u0107 odmah dobija sme\u0111u nijansu. Ulje je korisno i nakon sun\u010danja, jer umiruje, vla\u017ei i omek\u0161ava ko\u017eu.<\/span><\/p>\n<h3><img decoding=\"async\" class=\"alignnone wp-image-125694 size-full\" src=\"https:\/\/nefertiti-eg.com\/wp-content\/uploads\/2015\/06\/Argan-Oil-Benfits.jpg\" alt=\"\" width=\"1318\" height=\"1672\" title=\"\" srcset=\"https:\/\/nefertiti-eg.com\/wp-content\/uploads\/2015\/06\/Argan-Oil-Benfits.jpg 1318w, https:\/\/nefertiti-eg.com\/wp-content\/uploads\/2015\/06\/Argan-Oil-Benfits-130x165.jpg 130w, https:\/\/nefertiti-eg.com\/wp-content\/uploads\/2015\/06\/Argan-Oil-Benfits-700x888.jpg 700w, https:\/\/nefertiti-eg.com\/wp-content\/uploads\/2015\/06\/Argan-Oil-Benfits-236x300.jpg 236w, https:\/\/nefertiti-eg.com\/wp-content\/uploads\/2015\/06\/Argan-Oil-Benfits-807x1024.jpg 807w, https:\/\/nefertiti-eg.com\/wp-content\/uploads\/2015\/06\/Argan-Oil-Benfits-768x974.jpg 768w, https:\/\/nefertiti-eg.com\/wp-content\/uploads\/2015\/06\/Argan-Oil-Benfits-1211x1536.jpg 1211w, https:\/\/nefertiti-eg.com\/wp-content\/uploads\/2015\/06\/Argan-Oil-Benfits-990x1256.jpg 990w, https:\/\/nefertiti-eg.com\/wp-content\/uploads\/2015\/06\/Argan-Oil-Benfits-441x559.jpg 441w\" sizes=\"(max-width: 1318px) 100vw, 1318px\" \/><\/h3>\n","protected":false},"excerpt":{"rendered":"<p><span style=\"font-weight: 400;\"><strong>Brend<\/strong>: Nefertiti prirodna ulja i biljke<br \/>\n<\/span><span style=\"font-weight: 400;\"><strong>Zemlja porekla<\/strong>: Egipat<br \/>\n<\/span><span style=\"font-weight: 400;\"><strong>Botani\u010dki naziv<\/strong>: Argania spinosa L.<br \/>\n<\/span><span style=\"font-weight: 400;\"><strong>Porodica biljaka<\/strong>: Sapotaceae<br \/>\n<\/span><span style=\"font-weight: 400;\"><strong>INCI<\/strong>: Argania Spinosa Kernel Oil<br \/>\n<\/span><span style=\"font-weight: 400;\"><strong>Uobi\u010dajeni nazivi<\/strong>: amigdala L., od gr\u010dkog amygdal\u0113 (amigdale) (up. amigdala), katalonskog ametlla, francuskog amande, Mandel ili Knack Mandel (nema\u010dki), mandorlo (ital. za drvo), mandorla (ital. za voc\u0301e), amendoa (portugalski) i almendra (\u0161panski).<br \/>\n<\/span><span style=\"font-weight: 400;\"><strong>Kori\u0161c\u0301eni delovi<\/strong>: jezgro<br \/>\n<\/span><span style=\"font-weight: 400;\"><strong>Metoda ekstrakcije<\/strong>: Hladno ce\u0111eno<br \/>\n<\/span><span style=\"font-weight: 400;\"><strong>Miris<\/strong>: Veoma lagan ora\u0161ast<br \/>\n<\/span><span style=\"font-weight: 400;\"><strong>Izgled<\/strong>: Jasno \u017euta<br \/>\n<\/span><span style=\"font-weight: 400;\"><strong>Fizi\u010dko stanje<\/strong>: Te\u010dnost<br \/>\n<\/span><span style=\"font-weight: 400;\"><strong>Prirodno<\/strong>: Da<br \/>\n<\/span><span style=\"font-weight: 400;\"><strong>\u010cistoc\u0301a<\/strong>: 100% \u010distoc\u0301a<br \/>\n<\/span><span style=\"font-weight: 400;\"><strong>ISO sertifikat<\/strong>: ISO, COA &amp; MSDS<br \/>\n<\/span><span style=\"font-weight: 400;\"><strong>Dostava<\/strong>: Izra\u010dunava se na blagajni<\/span><\/p>\n","protected":false},"featured_media":276191,"comment_status":"open","ping_status":"closed","template":"","meta":[],"product_brand":[],"product_cat":[1076,1088,1077,1089],"product_tag":[],"class_list":{"0":"post-258661","1":"product","2":"type-product","3":"status-publish","4":"has-post-thumbnail","6":"product_cat-essential-oils-sr","7":"product_cat-natural-cosmetics-sr","8":"product_cat-natural-skin-care-sr","9":"product_cat-natural-hair-care-sr","10":"pa_bottle-size-125-ml-sr-2","11":"pa_bottle-size-30-ml-sr","12":"pa_bottle-size-60-ml-sr","14":"first","15":"instock","16":"sale","17":"shipping-taxable","18":"purchasable","19":"product-type-variable","20":"has-default-attributes"},"_links":{"self":[{"href":"https:\/\/nefertiti-eg.com\/sr\/wp-json\/wp\/v2\/product\/258661","targetHints":{"allow":["GET"]}}],"collection":[{"href":"https:\/\/nefertiti-eg.com\/sr\/wp-json\/wp\/v2\/product"}],"about":[{"href":"https:\/\/nefertiti-eg.com\/sr\/wp-json\/wp\/v2\/types\/product"}],"replies":[{"embeddable":true,"href":"https:\/\/nefertiti-eg.com\/sr\/wp-json\/wp\/v2\/comments?post=258661"}],"wp:featuredmedia":[{"embeddable":true,"href":"https:\/\/nefertiti-eg.com\/sr\/wp-json\/wp\/v2\/media\/276191"}],"wp:attachment":[{"href":"https:\/\/nefertiti-eg.com\/sr\/wp-json\/wp\/v2\/media?parent=258661"}],"wp:term":[{"taxonomy":"product_brand","embeddable":true,"href":"https:\/\/nefertiti-eg.com\/sr\/wp-json\/wp\/v2\/product_brand?post=258661"},{"taxonomy":"product_cat","embeddable":true,"href":"https:\/\/nefertiti-eg.com\/sr\/wp-json\/wp\/v2\/product_cat?post=258661"},{"taxonomy":"product_tag","embeddable":true,"href":"https:\/\/nefertiti-eg.com\/sr\/wp-json\/wp\/v2\/product_tag?post=258661"}],"curies":[{"name":"wp","href":"https:\/\/api.w.org\/{rel}","templated":true}]}}