{"id":258677,"date":"2015-05-29T15:43:12","date_gmt":"2015-05-29T13:43:12","guid":{"rendered":"https:\/\/nefertiti-eg.com\/shop\/\u043d\u0435\u043a\u0430\u0442\u0435\u0433\u043e\u0440\u0438\u0437\u043e\u0432\u0430\u043d\u043e\/carrot-seed-oil-1\/"},"modified":"2023-05-25T15:51:44","modified_gmt":"2023-05-25T12:51:44","slug":"carrot-seed-oil-1","status":"publish","type":"product","link":"https:\/\/nefertiti-eg.com\/sr\/shop\/natural-health-care-sr\/carrot-seed-oil-1\/","title":{"rendered":"Prirodno ulje semena \u0161argarepe."},"content":{"rendered":"<p><img fetchpriority=\"high\" decoding=\"async\" class=\"alignnone wp-image-60354 size-full\" src=\"https:\/\/nefertiti-eg.com\/wp-content\/uploads\/2015\/05\/carrot-Seed-discribe.jpg\" alt=\"\" width=\"900\" height=\"500\" title=\"\" srcset=\"https:\/\/nefertiti-eg.com\/wp-content\/uploads\/2015\/05\/carrot-Seed-discribe.jpg 900w, https:\/\/nefertiti-eg.com\/wp-content\/uploads\/2015\/05\/carrot-Seed-discribe-130x72.jpg 130w, https:\/\/nefertiti-eg.com\/wp-content\/uploads\/2015\/05\/carrot-Seed-discribe-700x389.jpg 700w, https:\/\/nefertiti-eg.com\/wp-content\/uploads\/2015\/05\/carrot-Seed-discribe-300x167.jpg 300w, https:\/\/nefertiti-eg.com\/wp-content\/uploads\/2015\/05\/carrot-Seed-discribe-768x427.jpg 768w, https:\/\/nefertiti-eg.com\/wp-content\/uploads\/2015\/05\/carrot-Seed-discribe-600x333.jpg 600w, https:\/\/nefertiti-eg.com\/wp-content\/uploads\/2015\/05\/carrot-Seed-discribe-150x83.jpg 150w\" sizes=\"(max-width: 900px) 100vw, 900px\" \/><\/p>\n<h3><b>Prednosti ulja semena \u0161argarepe<\/b><\/h3>\n<p><span style=\"font-weight: 400;\">Prirodno ulje semena \u0161argarepe odli\u010dno je za vid, ja\u010da imuni sistem, efikasan je diuretik, poma\u017ee u uklanjanju kamena iz bubrega i obnavljanju c\u0301elija jetre.<\/span><\/p>\n<p><span style=\"font-weight: 400;\">Ulje semena \u0161argarepe poma\u017ee u \u010di\u0161c\u0301enju krvi i limfnog sistema, uklanja toksine i efikasno je u le\u010denju artritisa, gihta i reumatizma. \u0160titi organizam od radijacije i duvanskog dima, simptomatski ubla\u017eava probavne smetnje, posebno je najefikasniji kod problema sa funkcionisanjem creva. Pored mnogih zdravih komponenti, ulje semena \u0161argarepe je bogato karotenom i vitaminom A, od kojih su oba veoma korisna za zdravlje o\u010diju i poznata su po tome \u0161to su moc\u0301ni antioksidansi. Nau\u010dna istra\u017eivanja su pokazala da antioksidansi mogu popraviti \u0161tetu koju ljudskim tkivima nanesu oksidanti (slobodni radikali) i pomoc\u0301i u za\u0161titi od daljeg o\u0161tec\u0301enja. Ulje semena \u0161argarepe aktivira intracelularne redoks procese, \u010dime se pobolj\u0161ava protok kiseonika u c\u0301elije i doprinosi njihovom obnavljanju. Redovnom konzumacijom ovog ulja reguli\u0161e se metabolizam vode i soli i ugljenih hidrata, pobolj\u0161ava se stvaranje proteinskih jedinjenja, a samim tim obnavlja organizam iscrpljen bolestima.<\/span><\/p>\n<h3><b>Ulje semena \u0161argarepe kao antioksidans<\/b><\/h3>\n<p><span style=\"font-weight: 400;\">Prirodno ulje semena \u0161argarepe bogato je karotenoidima koji \u0161tite ljudski organizam od \u0161tetnog dejstva slobodnih radikala i \u0161tetnog dejstva duvanskog dima. Antioksidansi mogu pomoc\u0301i da se popravi o\u0161tec\u0301enje koje su va\u0161im tkivima naneli oksidanti i da za\u0161tite va\u0161e telo blokiranjem njihovih daljih efekata. Ulje semena \u0161argarepe aktivira intracelularne redoks procese, \u0161to pobolj\u0161ava protok kiseonika do c\u0301elija i podsti\u010de obnavljanje c\u0301elija. Ovo ulje je veoma korisno za obnavljanje snage i telesnih funkcija nakon te\u0161kih bolesti, anemije i nedostatka vitamina, posebno nedostatka vitamina A, i nakon operacija.<\/span><\/p>\n<h3><b>Ulje semena \u0161argarepe za bubrege i jetru<\/b><\/h3>\n<p><span style=\"font-weight: 400;\">Ulje semena \u0161argarepe obezbe\u0111uje dobro funkcionisanje \u0161titne \u017elezde, bubrega, nadbubre\u017enih \u017elezda, jetre, digestivnog trakta i urinarnog trakta. Prirodno ulje semena \u0161argarepe se koristi za uklanjanje kamena iz bubrega tako \u0161to poma\u017ee u izbacivanju peska i sitnog kamenja iz bubrega, kao i za \u010di\u0161c\u0301enje jetre i unapre\u0111enje zdravlja c\u0301elija jetre.<\/span><\/p>\n<h3><b>Ulje semena \u0161argarepe za o\u010di<\/b><\/h3>\n<p><span style=\"font-weight: 400;\">Ulje semena \u0161argarepe je posebno korisno kod katarakte i starosne makularne degeneracije o\u010diju, pobolj\u0161ava vid u sumrak i osec\u0301aj svetlosti, normalizuje glaukom i pobolj\u0161ava stanje sluzoko\u017ee o\u010diju. Koristan je za kancelarijske radnike i sve koji provode mnogo vremena za ra\u010dunarom, povec\u0301avajuc\u0301i o\u0161trinu vida, omoguc\u0301avajuc\u0301i o\u010dima da se bolje prilagode razli\u010ditom osvetljenju i ubla\u017eavajuc\u0301i zamor o\u010diju.<\/span><\/p>\n<h3><b>Ulje semena \u0161argarepe za ko\u017eu<\/b><\/h3>\n<p><span style=\"font-weight: 400;\">Ulje semena \u0161argarepe pozitivno uti\u010de na regeneraciju epitela ko\u017ee, zarastanje rana, ubla\u017eava osip. Me\u0161anjem ulja semena \u0161argarepe sa bilo kojim proizvodom za tamnjenje koje koristite, pobolj\u0161ava se tonus ko\u017ee i promovi\u0161e zdrav bronzani ten koji traje mnogo du\u017ee na va\u0161oj ko\u017ei. Ulje semena \u0161argarepe se \u0161iroko koristi u proizvodnji kozmetike protiv starenja i prepoznato je kao prirodno sredstvo protiv starenja. Deluje podmla\u0111ujuc\u0301i i zate\u017ee mlohavu ko\u017eu bez tona koja postaje primetno \u010dvr\u0161c\u0301a i elasti\u010dnija.<\/span><\/p>\n<h3><b>Ulje semena \u0161argarepe za kosu<\/b><\/h3>\n<p><span style=\"font-weight: 400;\">Poznati vitamini mladosti A i E, kao i druge hranljive materije koje su u izobilju prisutne u ulju semena \u0161argarepe, doprinose ja\u010danju i zdravlju kose. Maske za kosu koje koriste ulje semena \u0161argarepe stimuli\u0161u rast kose, spre\u010davaju gubitak kose i odr\u017eavaju njenu prirodnu boju, pobolj\u0161avaju strukturu kose, \u010dinec\u0301i je svilenkastom. Redovna upotreba ulja semena \u0161argarepe ja\u010da kosu i daje joj zdrav sjaj. Ulje semena \u0161argarepe ima odli\u010dna hidratantna svojstva.<\/span><\/p>\n<h3><b>Ulje semena \u0161argarepe za lice<\/b><\/h3>\n<p><span style=\"font-weight: 400;\">Prirodno ulje semena \u0161argarepe pobolj\u0161ava ten, stara\u010dke pege i pege postaju primetno svetlije. Aktivno se bori protiv suvoc\u0301e i lju\u0161tenja ko\u017ee. Podsti\u010de regeneraciju ko\u017ee lica, podsti\u010de obnavljanje c\u0301elija, podsti\u010de zarastanje malih rana, pobolj\u0161ava elasti\u010dnost i \u010dvrstoc\u0301u ko\u017ee lica i \u010dini ko\u017eu glatkom i elasti\u010dnom. Zahvaljujuc\u0301i visokom sadr\u017eaju vitamina A i E, hrani ko\u017eu, le\u010di akne i daje zdrav ten.<\/span><\/p>\n<p><b>Ulje semena \u0161argarepe za akne<\/b><\/p>\n<p><span style=\"font-weight: 400;\">Ulje semena \u0161argarepe je idealno re\u0161enje za borbu protiv osipa na ko\u017ei. Ima antiinflamatorna svojstva, normalizuje funkcionisanje lojnih \u017elezda i stoga mo\u017ee uspe\u0161no ubla\u017eiti akne.<\/span><\/p>\n<p><img decoding=\"async\" class=\"alignnone wp-image-125558 size-full\" src=\"https:\/\/nefertiti-eg.com\/wp-content\/uploads\/2015\/05\/Carrot-Seeds-BenfitsEnglish.png\" alt=\"\" width=\"1318\" height=\"1384\" title=\"\" srcset=\"https:\/\/nefertiti-eg.com\/wp-content\/uploads\/2015\/05\/Carrot-Seeds-BenfitsEnglish.png 1318w, https:\/\/nefertiti-eg.com\/wp-content\/uploads\/2015\/05\/Carrot-Seeds-BenfitsEnglish-130x137.png 130w, https:\/\/nefertiti-eg.com\/wp-content\/uploads\/2015\/05\/Carrot-Seeds-BenfitsEnglish-700x735.png 700w, https:\/\/nefertiti-eg.com\/wp-content\/uploads\/2015\/05\/Carrot-Seeds-BenfitsEnglish-286x300.png 286w, https:\/\/nefertiti-eg.com\/wp-content\/uploads\/2015\/05\/Carrot-Seeds-BenfitsEnglish-975x1024.png 975w, https:\/\/nefertiti-eg.com\/wp-content\/uploads\/2015\/05\/Carrot-Seeds-BenfitsEnglish-768x806.png 768w, https:\/\/nefertiti-eg.com\/wp-content\/uploads\/2015\/05\/Carrot-Seeds-BenfitsEnglish-990x1040.png 990w, https:\/\/nefertiti-eg.com\/wp-content\/uploads\/2015\/05\/Carrot-Seeds-BenfitsEnglish-441x463.png 441w\" sizes=\"(max-width: 1318px) 100vw, 1318px\" \/><\/p>\n","protected":false},"excerpt":{"rendered":"<p><span style=\"font-weight: 400;\"><strong>Brend<\/strong>: Nefertiti prirodna ulja i bilje<br \/>\n<\/span><span style=\"font-weight: 400;\"><strong>Zemlja porekla<\/strong>: Egipat<br \/>\n<\/span><span style=\"font-weight: 400;\"><strong>Botani\u010dki naziv<\/strong>: Daucus carota subsp. sativus L.<br \/>\n<\/span><span style=\"font-weight: 400;\"><strong>Prezime<\/strong>: Apiaceae<br \/>\n<\/span><span style=\"font-weight: 400;\">INCI: Daucus carota Sativa Seed Oil<br \/>\n<\/span><span style=\"font-weight: 400;\"><strong>Sinonimi<\/strong>: \u0160argarepa, jzr, Morkov\u02b9, Morkva, Carotte, Carota, h\u00fa lu\u00f3 bo<br \/>\n<\/span><span style=\"font-weight: 400;\"><strong>Kori\u0161c\u0301eni delovi<\/strong>: Seme<br \/>\n<\/span><span style=\"font-weight: 400;\"><strong>Metoda ekstrakcije<\/strong>: Hladno ce\u0111eno<br \/>\n<\/span><span style=\"font-weight: 400;\"><strong>Miris<\/strong>: zemljano gorak miris<br \/>\n<\/span><span style=\"font-weight: 400;\"><strong>Izgled<\/strong>: boje c\u0301ilibara do bledo narand\u017easto-braon<br \/>\n<\/span><span style=\"font-weight: 400;\"><strong>Fizi\u010dko stanje<\/strong>: Te\u010dnost<br \/>\n<\/span><span style=\"font-weight: 400;\"><strong>Prirodno<\/strong>: Da<br \/>\n<\/span><span style=\"font-weight: 400;\"><strong>\u010cistoc\u0301a<\/strong>: 100% \u010distoc\u0301a<br \/>\n<\/span><span style=\"font-weight: 400;\"><strong>Sertifikati<\/strong>: ISO, COA &amp; MSDS<br \/>\n<\/span><span style=\"font-weight: 400;\"><strong>Sastav<\/strong>: Vitamini: A, B i E, karotol, pinen, limonen, geraniol, daukol, geranil acetat, euganol, asaron<br \/>\n<\/span><span style=\"font-weight: 400;\"><strong>Dostava<\/strong>: Izra\u010dunava se na blagajni<\/span><\/p>\n","protected":false},"featured_media":274518,"comment_status":"open","ping_status":"closed","template":"","meta":[],"product_brand":[],"product_cat":[1084,1091],"product_tag":[],"class_list":{"0":"post-258677","1":"product","2":"type-product","3":"status-publish","4":"has-post-thumbnail","6":"product_cat-natural-health-care-sr","7":"product_cat-natural-oils-sr","8":"pa_bottle-size-11-1000-ml-sr","9":"pa_bottle-size-11-500-ml-sr","10":"pa_bottle-size-1000-ml-2-sr","11":"pa_bottle-size-125-ml-sr-2","12":"pa_bottle-size-200-ml","13":"pa_bottle-size-300-ml","14":"pa_bottle-size-500-ml","16":"first","17":"instock","18":"sale","19":"shipping-taxable","20":"purchasable","21":"product-type-variable","22":"has-default-attributes"},"_links":{"self":[{"href":"https:\/\/nefertiti-eg.com\/sr\/wp-json\/wp\/v2\/product\/258677","targetHints":{"allow":["GET"]}}],"collection":[{"href":"https:\/\/nefertiti-eg.com\/sr\/wp-json\/wp\/v2\/product"}],"about":[{"href":"https:\/\/nefertiti-eg.com\/sr\/wp-json\/wp\/v2\/types\/product"}],"replies":[{"embeddable":true,"href":"https:\/\/nefertiti-eg.com\/sr\/wp-json\/wp\/v2\/comments?post=258677"}],"wp:featuredmedia":[{"embeddable":true,"href":"https:\/\/nefertiti-eg.com\/sr\/wp-json\/wp\/v2\/media\/274518"}],"wp:attachment":[{"href":"https:\/\/nefertiti-eg.com\/sr\/wp-json\/wp\/v2\/media?parent=258677"}],"wp:term":[{"taxonomy":"product_brand","embeddable":true,"href":"https:\/\/nefertiti-eg.com\/sr\/wp-json\/wp\/v2\/product_brand?post=258677"},{"taxonomy":"product_cat","embeddable":true,"href":"https:\/\/nefertiti-eg.com\/sr\/wp-json\/wp\/v2\/product_cat?post=258677"},{"taxonomy":"product_tag","embeddable":true,"href":"https:\/\/nefertiti-eg.com\/sr\/wp-json\/wp\/v2\/product_tag?post=258677"}],"curies":[{"name":"wp","href":"https:\/\/api.w.org\/{rel}","templated":true}]}}