{"id":258718,"date":"2015-06-08T17:00:58","date_gmt":"2015-06-08T15:00:58","guid":{"rendered":"https:\/\/nefertiti-eg.com\/shop\/\u043d\u0435\u043a\u0430\u0442\u0435\u0433\u043e\u0440\u0438\u0437\u043e\u0432\u0430\u043d\u043e\/flax-seed-oil\/"},"modified":"2023-05-25T16:45:28","modified_gmt":"2023-05-25T13:45:28","slug":"flax-seed-oil","status":"publish","type":"product","link":"https:\/\/nefertiti-eg.com\/sr\/shop\/natural-health-care-sr\/flax-seed-oil\/","title":{"rendered":"Prirodno ulje lanenog semena"},"content":{"rendered":"<p><img fetchpriority=\"high\" decoding=\"async\" class=\"alignnone wp-image-56306 size-full\" src=\"https:\/\/nefertiti-eg.com\/wp-content\/uploads\/2015\/06\/flax-seed-discrib.jpg\" alt=\"\" width=\"900\" height=\"500\" title=\"\" srcset=\"https:\/\/nefertiti-eg.com\/wp-content\/uploads\/2015\/06\/flax-seed-discrib.jpg 900w, https:\/\/nefertiti-eg.com\/wp-content\/uploads\/2015\/06\/flax-seed-discrib-130x72.jpg 130w, https:\/\/nefertiti-eg.com\/wp-content\/uploads\/2015\/06\/flax-seed-discrib-700x389.jpg 700w, https:\/\/nefertiti-eg.com\/wp-content\/uploads\/2015\/06\/flax-seed-discrib-300x167.jpg 300w, https:\/\/nefertiti-eg.com\/wp-content\/uploads\/2015\/06\/flax-seed-discrib-768x427.jpg 768w, https:\/\/nefertiti-eg.com\/wp-content\/uploads\/2015\/06\/flax-seed-discrib-600x333.jpg 600w, https:\/\/nefertiti-eg.com\/wp-content\/uploads\/2015\/06\/flax-seed-discrib-150x83.jpg 150w\" sizes=\"(max-width: 900px) 100vw, 900px\" \/><\/p>\n<h3><b>Prednosti i hemijski sastav lanenog ulja<\/b><\/h3>\n<p><span style=\"font-weight: 400;\">Laneno ulje je bogato dijetalnim vlaknima, mineralima u tragovima i omega-3 masnim kiselinama. Tako\u0111e je bogat vitaminima A i E, plus vitaminima B grupe, kalijumom, magnezijumom, fosforom, proteinima i cinkom. Istra\u017eivanja su pokazala da laneno seme mo\u017ee sniziti nivo holesterola u krvi i stabilizovati nivo \u0161ec\u0301era u krvi. Tako\u0111e mo\u017ee pomoc\u0301i u prevenciji nekih hroni\u010dnih bolesti, uklju\u010dujuc\u0301i odre\u0111ene vrste raka, bolesti srca, aritmije i artritisa. Redovna konzumacija lanenog ulja mo\u017ee smanjiti rizik od mo\u017edanog udara i smanjiti lo\u0161 holesterol u krvi.<\/span><\/p>\n<h3><b>Laneno ulje za prevenciju raka<\/b><\/h3>\n<p><span style=\"font-weight: 400;\">Ulje od lanenog semena mo\u017ee pomoc\u0301i u spre\u010davanju rasta tumora dojke i koristi se za za\u0161titu od raka dojke i debelog creva.<\/span><\/p>\n<h3><b>Laneno ulje \u2013 izvor omega masnih kiselina<\/b><\/h3>\n<p><span style=\"font-weight: 400;\">Laneno ulje sadr\u017ei omega-3 polinezasic\u0301ene masne kiseline koje poma\u017eu u smanjenju upale i omega-6, koje ljudsko telo nije u stanju da sinteti\u0161e. Ulje lanenog semena ima dvostruko vi\u0161e omega-3 od druge hrane i bogato je esencijalnim masnim kiselinama kao \u0161to su alfa-linolenska kiselina (ALA), koje se u telu pretvaraju u eikozapentaensku kiselinu (EPA) i dokozaheksaensku kiselinu (DHA) koja se nalazi u ribljem ulju.<\/span><\/p>\n<h3><b>Laneno ulje za gojaznost<\/b><\/h3>\n<p><span style=\"font-weight: 400;\">Uz redovnu konzumaciju lanenog ulja, gubitak te\u017eine je izra\u017eeniji. Ovo je uglavnom zbog \u010dinjenice da ovaj proizvod poma\u017ee u normalizaciji metabolizma masti i \u010di\u0161c\u0301enju organizma, a pored toga poma\u017ee u regulisanju apetita. Posle dva meseca redovnog unosa lanenog ulja, vi\u0161ak kilograma c\u0301e po\u010deti da nestaje br\u017ee nego ranije.<\/span><\/p>\n<h3><b>Prednosti lanenog ulja za telo<\/b><\/h3>\n<p><span style=\"font-weight: 400;\">Kozmeti\u010dari preporu\u010duju laneno ulje za pro\u0161irene pore, povec\u0301anu masnu ko\u017eu i ko\u017eu sa tendencijom upale. Ovo ulje normalizuje rad lojnih \u017elezda i ujedna\u010dava ten. Rutinsko trljanje ulja na nokatnu plo\u010du i kutikulu c\u0301e smanjiti suvu ko\u017eu i pomoc\u0301i u izbegavanju pucanja i lomljivosti noktiju. Redovna konzumacija lanenog ulja pobolj\u0161ava stanje kod dijabetesa, smanjuje te\u017einu upale kod bolesti zglobova, sni\u017eava holesterol i viskozitet krvi, odr\u017eava normalan krvni pritisak, povec\u0301ava elasti\u010dnost krvnih sudova i smanjuje rizik od nastanka krvnih ugru\u0161aka, \u0161to na kraju spre\u010dava nastanak krvnih ugru\u0161aka, infarkt miokarda, ateroskleroza, hipertenzija i mo\u017edani udar. Pored toga, poma\u017ee u odr\u017eavanju zdravlja nervnog sistema, bori se protiv oksidativnog stresa u telu, ima za\u0161titni efekat na jetru, pobolj\u0161ava funkcionisanje crevnog trakta, elimini\u0161uc\u0301i \u017egaravicu.<\/span><\/p>\n<p><img decoding=\"async\" class=\"alignnone wp-image-125513 size-full\" src=\"https:\/\/nefertiti-eg.com\/wp-content\/uploads\/2015\/06\/Flax-Oil-BenfitsEnglish.jpg\" alt=\"\" width=\"1318\" height=\"1384\" title=\"\" srcset=\"https:\/\/nefertiti-eg.com\/wp-content\/uploads\/2015\/06\/Flax-Oil-BenfitsEnglish.jpg 1318w, https:\/\/nefertiti-eg.com\/wp-content\/uploads\/2015\/06\/Flax-Oil-BenfitsEnglish-130x137.jpg 130w, https:\/\/nefertiti-eg.com\/wp-content\/uploads\/2015\/06\/Flax-Oil-BenfitsEnglish-700x735.jpg 700w, https:\/\/nefertiti-eg.com\/wp-content\/uploads\/2015\/06\/Flax-Oil-BenfitsEnglish-286x300.jpg 286w, https:\/\/nefertiti-eg.com\/wp-content\/uploads\/2015\/06\/Flax-Oil-BenfitsEnglish-975x1024.jpg 975w, https:\/\/nefertiti-eg.com\/wp-content\/uploads\/2015\/06\/Flax-Oil-BenfitsEnglish-768x806.jpg 768w, https:\/\/nefertiti-eg.com\/wp-content\/uploads\/2015\/06\/Flax-Oil-BenfitsEnglish-990x1040.jpg 990w, https:\/\/nefertiti-eg.com\/wp-content\/uploads\/2015\/06\/Flax-Oil-BenfitsEnglish-441x463.jpg 441w\" sizes=\"(max-width: 1318px) 100vw, 1318px\" \/><\/p>\n","protected":false},"excerpt":{"rendered":"<p><strong>Brend<\/strong>: Nefertiti prirodna ulja i biljke<br \/>\n<strong>Zemlja porekla<\/strong>: Egipat<br \/>\n<strong>Botani\u010dki naziv<\/strong>: Linum Usitatissimum L.<br \/>\n<strong>Porodica<\/strong>: Linaceae<br \/>\n<strong>INCI<\/strong>: Linum Usitatissimum (laneno seme) ulje semena<br \/>\n<strong>Sinonimi<\/strong>: Laneno seme, bd\u1e96wr \u1ea1lkt\u1ea1n, L\u02b9nanoe sema, Nasinna l\u02b9onu, y\u00e0 m\u00e1 zh\u01d2ng zi<br \/>\n<strong>Kori\u0161c\u0301eni delovi<\/strong>: Seme<br \/>\n<strong>Metoda ekstrakcije<\/strong>: Hladno ce\u0111eno<br \/>\n<strong>Miris<\/strong>: Ora\u0161ast, blago slatkast ukus<br \/>\n<strong>Izgled<\/strong>: Bledo \u017euta<br \/>\n<strong>Fizi\u010dko stanje<\/strong>: Te\u010dnost<br \/>\n<strong>Prirodno<\/strong>: Da<br \/>\n<strong>\u010cistoc\u0301a<\/strong>: 100% \u010distoc\u0301a<br \/>\n<strong>ISO sertifikat<\/strong>: ISO, COA &amp; MSDS<br \/>\n<strong>Sastojci<\/strong>: trigliceridi, nezasic\u0301ene masne kiseline, omega-3, linolenska, linolna i oleinska kiselina<br \/>\n<strong>Dostava<\/strong>: Izra\u010dunava se na blagajni<\/p>\n","protected":false},"featured_media":284010,"comment_status":"open","ping_status":"closed","template":"","meta":[],"product_brand":[],"product_cat":[1084,1091],"product_tag":[],"class_list":{"0":"post-258718","1":"product","2":"type-product","3":"status-publish","4":"has-post-thumbnail","6":"product_cat-natural-health-care-sr","7":"product_cat-natural-oils-sr","8":"pa_bottle-size-200-ml","9":"pa_bottle-size-300-ml","10":"pa_bottle-size-500-ml","12":"first","13":"outofstock","14":"shipping-taxable","15":"purchasable","16":"product-type-variable"},"_links":{"self":[{"href":"https:\/\/nefertiti-eg.com\/sr\/wp-json\/wp\/v2\/product\/258718","targetHints":{"allow":["GET"]}}],"collection":[{"href":"https:\/\/nefertiti-eg.com\/sr\/wp-json\/wp\/v2\/product"}],"about":[{"href":"https:\/\/nefertiti-eg.com\/sr\/wp-json\/wp\/v2\/types\/product"}],"replies":[{"embeddable":true,"href":"https:\/\/nefertiti-eg.com\/sr\/wp-json\/wp\/v2\/comments?post=258718"}],"wp:featuredmedia":[{"embeddable":true,"href":"https:\/\/nefertiti-eg.com\/sr\/wp-json\/wp\/v2\/media\/284010"}],"wp:attachment":[{"href":"https:\/\/nefertiti-eg.com\/sr\/wp-json\/wp\/v2\/media?parent=258718"}],"wp:term":[{"taxonomy":"product_brand","embeddable":true,"href":"https:\/\/nefertiti-eg.com\/sr\/wp-json\/wp\/v2\/product_brand?post=258718"},{"taxonomy":"product_cat","embeddable":true,"href":"https:\/\/nefertiti-eg.com\/sr\/wp-json\/wp\/v2\/product_cat?post=258718"},{"taxonomy":"product_tag","embeddable":true,"href":"https:\/\/nefertiti-eg.com\/sr\/wp-json\/wp\/v2\/product_tag?post=258718"}],"curies":[{"name":"wp","href":"https:\/\/api.w.org\/{rel}","templated":true}]}}