{"id":258724,"date":"2019-05-30T20:22:39","date_gmt":"2019-05-30T18:22:39","guid":{"rendered":"https:\/\/nefertiti-eg.com\/shop\/\u043d\u0435\u043a\u0430\u0442\u0435\u0433\u043e\u0440\u0438\u0437\u043e\u0432\u0430\u043d\u043e\/helba-fenugreek-oil\/"},"modified":"2023-05-25T16:50:44","modified_gmt":"2023-05-25T13:50:44","slug":"helba-fenugreek-oil","status":"publish","type":"product","link":"https:\/\/nefertiti-eg.com\/sr\/shop\/natural-health-care-sr\/helba-fenugreek-oil\/","title":{"rendered":"Prirodno ulje helbe (piskavice)"},"content":{"rendered":"<h3><img fetchpriority=\"high\" decoding=\"async\" class=\"alignnone wp-image-56290 size-full\" src=\"https:\/\/nefertiti-eg.com\/wp-content\/uploads\/2019\/05\/Helba-discrib.jpg\" alt=\"\" width=\"900\" height=\"500\" title=\"\" srcset=\"https:\/\/nefertiti-eg.com\/wp-content\/uploads\/2019\/05\/Helba-discrib.jpg 900w, https:\/\/nefertiti-eg.com\/wp-content\/uploads\/2019\/05\/Helba-discrib-130x72.jpg 130w, https:\/\/nefertiti-eg.com\/wp-content\/uploads\/2019\/05\/Helba-discrib-700x389.jpg 700w, https:\/\/nefertiti-eg.com\/wp-content\/uploads\/2019\/05\/Helba-discrib-300x167.jpg 300w, https:\/\/nefertiti-eg.com\/wp-content\/uploads\/2019\/05\/Helba-discrib-768x427.jpg 768w, https:\/\/nefertiti-eg.com\/wp-content\/uploads\/2019\/05\/Helba-discrib-600x333.jpg 600w, https:\/\/nefertiti-eg.com\/wp-content\/uploads\/2019\/05\/Helba-discrib-150x83.jpg 150w\" sizes=\"(max-width: 900px) 100vw, 900px\" \/><\/h3>\n<h3><b>Prednosti ulja piskavice<\/b><\/h3>\n<p><span style=\"font-weight: 400;\">Korisna svojstva helbinog ulja i njegove razli\u010dite primene zasnovane su na njegovom biohemijskom sastavu vitamina A, C, E i grupe B, plus folna kiselina, kompleks makro i mikroelemenata uklju\u010dujuc\u0301i gvo\u017e\u0111e, selen, bakar, magnezijum, kalijum, kalcijum , cink, jod, fluor itd., pored fitosterola, esencijalnih masnih kiselina, antioksidanata i korisnih lipida. Piskavica (trigonella foenum-graecum L.) je jedan od najboljih re\u0161enja za prehlade i pluc\u0301ne bolesti, koristi se za grip, bronhitis, laringitis, sinusitis, upalu pluc\u0301a, bronhijalnu astmu, dugotrajan hroni\u010dni ka\u0161alj. Ulje piskavice \u010disti stomak, creva i bubrege od toksina, a o\u0161tec\u0301ene zidove \u017eeluca i creva ne\u017eno prekriva za\u0161titnim filmom. Neophodan je za dijabeti\u010dare jer prirodno sni\u017eava \u0161ec\u0301er u krvi. Ulje piskavice preporu\u010duje se i kod anemije i fizi\u010dke iscrpljenosti, a odli\u010dan je lek za osobe koje su slabe i oporavljaju se nakon bolesti. Ima jaka antiinflamatorna svojstva.<\/span><\/p>\n<h3><b>Ulje piskavice za zdravlje \u017eena<\/b><\/h3>\n<p><span style=\"font-weight: 400;\">Savremena istra\u017eivanja su potvrdila da je ulje piskavice odli\u010dno re\u0161enje za \u017eenske bolesti. Seme piskavice sadr\u017ei diosgenin, koji je po strukturi i delovanju sli\u010dan \u017eenskom polnom hormonu estrogenu. Stabilizuje nivo \u017eenskih hormona. Ulje piskavice je sna\u017ean stimulans i doprinosi normalizaciji menstrualnog ciklusa. Poma\u017ee u smanjenju nelagodnosti tokom PMS-a i ubla\u017eava bol tokom menstruacije. U isto\u010dnim zemljama, \u017eene su tradicionalno koristile ulje piskavice nakon poro\u0111aja da bi obnovile iscrpljeno telo i povec\u0301ale laktaciju, a ova praksa se nastavlja i u modernim vremenima. Ulje piskavice se preporu\u010duje kod neplodnosti, koja je uzrokovana \u017eenskim hormonskim poremec\u0301ajima, aktivira proizvodnju fitoestrogena i stabilizuje hormone. Tako\u0111e povec\u0301ava libido.<\/span><\/p>\n<h3><b>Eteri\u010dno ulje piskavice za povec\u0301anje grudi<\/b><\/h3>\n<p><span style=\"font-weight: 400;\">Tokom drevnih vremena, \u017eene u isto\u010dnom haremu koristile su ulje piskavice za pobolj\u0161anje oblika tela i za povec\u0301anje grudi. Ulje piskavice je trenutno najpopularniji prirodni izvor za povec\u0301anje grudi, za u\u010dvr\u0161c\u0301ivanje i ukupan izgled.<\/span><\/p>\n<h3><b>Ulje piskavice za menopauzu<\/b><\/h3>\n<p><span style=\"font-weight: 400;\">Ulje piskavice je jednostavno nezamenljivo tokom perimenopauze i menopauze. Savr\u0161eno odr\u017eava\u00a0 zdravlje \u017eena, olak\u0161ava prelazni period i elimini\u0161e nelagodnost menopauze. Dobro izbalansirani \u017eenski hormoni odr\u017eavaju stabilnost nervnog sistema i tako\u0111e pobolj\u0161avaju privla\u010dnost i zdrav izgled ko\u017ee. Smanjena nelagodnost ubla\u017eava stres i pobolj\u0161ava kvalitet \u017eivota.<\/span><\/p>\n<h3><img decoding=\"async\" class=\"alignnone wp-image-125531 size-full\" src=\"https:\/\/nefertiti-eg.com\/wp-content\/uploads\/2019\/05\/Fenugreek-Oil-BenfitsEnglish-1.jpg\" alt=\"\" width=\"1318\" height=\"1384\" title=\"\" srcset=\"https:\/\/nefertiti-eg.com\/wp-content\/uploads\/2019\/05\/Fenugreek-Oil-BenfitsEnglish-1.jpg 1318w, https:\/\/nefertiti-eg.com\/wp-content\/uploads\/2019\/05\/Fenugreek-Oil-BenfitsEnglish-1-130x137.jpg 130w, https:\/\/nefertiti-eg.com\/wp-content\/uploads\/2019\/05\/Fenugreek-Oil-BenfitsEnglish-1-700x735.jpg 700w, https:\/\/nefertiti-eg.com\/wp-content\/uploads\/2019\/05\/Fenugreek-Oil-BenfitsEnglish-1-286x300.jpg 286w, https:\/\/nefertiti-eg.com\/wp-content\/uploads\/2019\/05\/Fenugreek-Oil-BenfitsEnglish-1-975x1024.jpg 975w, https:\/\/nefertiti-eg.com\/wp-content\/uploads\/2019\/05\/Fenugreek-Oil-BenfitsEnglish-1-768x806.jpg 768w, https:\/\/nefertiti-eg.com\/wp-content\/uploads\/2019\/05\/Fenugreek-Oil-BenfitsEnglish-1-990x1040.jpg 990w, https:\/\/nefertiti-eg.com\/wp-content\/uploads\/2019\/05\/Fenugreek-Oil-BenfitsEnglish-1-441x463.jpg 441w\" sizes=\"(max-width: 1318px) 100vw, 1318px\" \/><\/h3>\n","protected":false},"excerpt":{"rendered":"<p style=\"font-weight: initial; font-size: 20px;\"><strong>Brend<\/strong>: Nefertiti prirodna ulja i bilje<br \/>\n<strong>Zemlja porekla<\/strong>: Egipat<br \/>\n<strong>Botani\u010dki naziv<\/strong>: Trigonella foenum-graecum.<br \/>\n<strong>Porodica<\/strong>: Fabacae<br \/>\n<strong>INCI<\/strong>: Trigonella Foenum Graecum<br \/>\n<strong>Sinonimi<\/strong>: piskavica, nb\u1ea1t \u1ea1l\u1e25lb\u1e97, piskavica, pa\u017eitnik, pa\u017eitnik, piskavica, fieno greco, h\u00fa l\u00fa b\u0101<br \/>\n<strong>Kori\u0161c\u0301eni delovi<\/strong>: Seme<br \/>\n<strong>Metoda ekstrakcije<\/strong>: hladno ce\u0111eno<br \/>\n<strong>Miris<\/strong>: Slabi ora\u0161asti<br \/>\n<strong>Izgled<\/strong>: \u017euc\u0301kasto-zlatna<br \/>\n<strong>Fizi\u010dko stanje<\/strong>: Te\u010dnost<br \/>\n<strong>Prirodno<\/strong>: Da<br \/>\n<strong>\u010cistoc\u0301a<\/strong>: 100% \u010distoc\u0301a<br \/>\n<strong>Sertifikati<\/strong>: ISO, COA &amp; MSDS<br \/>\n<strong>Sastav<\/strong>: proteini, lipidi, polisaharidi sluzi, steroidni saponini, aminokiseline, trigonelin<br \/>\n<strong>Dostava<\/strong>: Obra\u010dunava se na kasi<\/p>\n","protected":false},"featured_media":274779,"comment_status":"open","ping_status":"closed","template":"","meta":[],"product_brand":[],"product_cat":[1084,1091],"product_tag":[],"class_list":{"0":"post-258724","1":"product","2":"type-product","3":"status-publish","4":"has-post-thumbnail","6":"product_cat-natural-health-care-sr","7":"product_cat-natural-oils-sr","8":"pa_bottle-size-11-1000-ml-sr","9":"pa_bottle-size-11-300-ml-sr","10":"pa_bottle-size-11-500-ml-sr","11":"pa_bottle-size-1000-ml-2-sr","12":"pa_bottle-size-125-ml-sr-2","13":"pa_bottle-size-200-ml","14":"pa_bottle-size-300-ml","15":"pa_bottle-size-500-ml","16":"pa_bottle-size-60-ml-sr","18":"first","19":"instock","20":"sale","21":"shipping-taxable","22":"purchasable","23":"product-type-variable","24":"has-default-attributes"},"_links":{"self":[{"href":"https:\/\/nefertiti-eg.com\/sr\/wp-json\/wp\/v2\/product\/258724","targetHints":{"allow":["GET"]}}],"collection":[{"href":"https:\/\/nefertiti-eg.com\/sr\/wp-json\/wp\/v2\/product"}],"about":[{"href":"https:\/\/nefertiti-eg.com\/sr\/wp-json\/wp\/v2\/types\/product"}],"replies":[{"embeddable":true,"href":"https:\/\/nefertiti-eg.com\/sr\/wp-json\/wp\/v2\/comments?post=258724"}],"wp:featuredmedia":[{"embeddable":true,"href":"https:\/\/nefertiti-eg.com\/sr\/wp-json\/wp\/v2\/media\/274779"}],"wp:attachment":[{"href":"https:\/\/nefertiti-eg.com\/sr\/wp-json\/wp\/v2\/media?parent=258724"}],"wp:term":[{"taxonomy":"product_brand","embeddable":true,"href":"https:\/\/nefertiti-eg.com\/sr\/wp-json\/wp\/v2\/product_brand?post=258724"},{"taxonomy":"product_cat","embeddable":true,"href":"https:\/\/nefertiti-eg.com\/sr\/wp-json\/wp\/v2\/product_cat?post=258724"},{"taxonomy":"product_tag","embeddable":true,"href":"https:\/\/nefertiti-eg.com\/sr\/wp-json\/wp\/v2\/product_tag?post=258724"}],"curies":[{"name":"wp","href":"https:\/\/api.w.org\/{rel}","templated":true}]}}