{"id":258762,"date":"2015-06-15T00:39:56","date_gmt":"2015-06-14T22:39:56","guid":{"rendered":"https:\/\/nefertiti-eg.com\/shop\/\u043d\u0435\u043a\u0430\u0442\u0435\u0433\u043e\u0440\u0438\u0437\u043e\u0432\u0430\u043d\u043e\/sesame-oil\/"},"modified":"2023-05-30T13:19:52","modified_gmt":"2023-05-30T10:19:52","slug":"sesame-oil","status":"publish","type":"product","link":"https:\/\/nefertiti-eg.com\/sr\/shop\/natural-oils-sr\/sesame-oil\/","title":{"rendered":"Prirodno susamovo ulje"},"content":{"rendered":"<h3><img fetchpriority=\"high\" decoding=\"async\" class=\"alignnone wp-image-56317 size-full\" src=\"https:\/\/nefertiti-eg.com\/wp-content\/uploads\/2015\/06\/Sesame-discrib.jpg\" alt=\"\" width=\"900\" height=\"500\" title=\"\" srcset=\"https:\/\/nefertiti-eg.com\/wp-content\/uploads\/2015\/06\/Sesame-discrib.jpg 900w, https:\/\/nefertiti-eg.com\/wp-content\/uploads\/2015\/06\/Sesame-discrib-130x72.jpg 130w, https:\/\/nefertiti-eg.com\/wp-content\/uploads\/2015\/06\/Sesame-discrib-700x389.jpg 700w, https:\/\/nefertiti-eg.com\/wp-content\/uploads\/2015\/06\/Sesame-discrib-300x167.jpg 300w, https:\/\/nefertiti-eg.com\/wp-content\/uploads\/2015\/06\/Sesame-discrib-768x427.jpg 768w, https:\/\/nefertiti-eg.com\/wp-content\/uploads\/2015\/06\/Sesame-discrib-600x333.jpg 600w, https:\/\/nefertiti-eg.com\/wp-content\/uploads\/2015\/06\/Sesame-discrib-150x83.jpg 150w\" sizes=\"(max-width: 900px) 100vw, 900px\" \/><\/h3>\n<h3><b>Prednosti susamovog ulja<\/b><\/h3>\n<p><span style=\"font-weight: 400;\">Susamovo ulje je posebno bogato vitaminima A, B, C, D, E i K, plus kalcijumom, bakrom, fosforom, gvo\u017e\u0111em, magnezijumom i cinkom, kao i velikom koli\u010dinom omega-3 i omega-6 kiselina, i zasic\u0301eno , mononezasic\u0301ene i polinezasic\u0301ene masne kiseline. Susamovo ulje je prirodni izvor vitamina E, koji je posebno sna\u017ean antioksidans i savr\u0161eno \u010disti organizam od slobodnih radikala koji o\u0161tec\u0301uju ljudski organizam. Pobolj\u0161ava funkcionisanje reproduktivnog, endokrinog i nervnog sistema, normalizuje metabolizam masti, ja\u010da imuni sistem, smanjuje rizik od razvoja raka.<\/span><\/p>\n<p><span style=\"font-weight: 400;\">Susamovo ulje usporava starenje c\u0301elija ko\u017ee, pobolj\u0161ava zgru\u0161avanje krvi, sni\u017eava holesterol, \u010disti sistem za varenje od toksina i soli, stimuli\u0161e varenje, ja\u010da zubnu gle\u0111 i desni. Koristi se za le\u010denje gastritisa sa visokom kiselinom, kao i za prevenciju \u017eu\u010dnih kamenaca, masno\u0107e u jetri i anemije.<\/span><\/p>\n<h3><b>Susamovo ulje za jake kosti i zube<\/b><\/h3>\n<p><span style=\"font-weight: 400;\">Me\u0111u ostalim biljnim uljima, susamovo ulje prednja\u010di po koli\u010dini kalcijuma u \u200b\u200bsvom sastavu. Kalcijum poma\u017ee u popravljanju o\u0161tec\u0301enih kostiju i popravljanju i odr\u017eava strukturu kostiju pogo\u0111enih nekoliko vrsta bolesti skeleta ili promenama u vezi sa uzrastom. Susamovo ulje se koristi u kompleksnom le\u010denju mnogih poremec\u0301aja strukture kostiju, uklju\u010dujuc\u0301i osteoporozu, osteohondrozu, giht, artritis, artrozu, reumatoidni artritis, karijes, parodontalnu bolest i parodontitis. Hladno ce\u0111eno susamovo ulje, uzeto u koli\u010dini od samo jedne supene ka\u0161ike dnevno, u stanju je da obezbedi organizmu preporu\u010deni dnevni unos kalcijuma i najbolje je prirodno re\u0161enje za prevenciju i le\u010denje osteoporoze. Redovna konzumacija prirodnog susamovog ulja obnavlja i odr\u017eava strukturu kostiju. Preporu\u010duje se posle povreda kostiju, starijim osobama, deci i adolescentima tokom razvoja i telesnog rasta.<\/span><\/p>\n<h3><b>Susamovo ulje za oralno zdravlje<\/b><\/h3>\n<p><span style=\"font-weight: 400;\">Susamovo ulje ima antibakterijska i antiinflamatorna svojstva za za\u0161titu i ubla\u017eavanje simptoma gingivitisa, parodontitisa i stomatitisa. U slu\u010dajevima infekcija usta i grla, susamovo ulje se koristi za ispiranje grla.<\/span><\/p>\n<h3><b>Susamovo ulje za ko\u017eu<\/b><\/h3>\n<p><span style=\"font-weight: 400;\">Susamovo ulje savr\u0161eno omek\u0161ava i hrani ko\u017eu, idealno je bazno ulje za masa\u017eu, a posebno se preporu\u010duje za osetljivu ko\u017eu beba. Hladno ce\u0111eno susamovo ulje koristi se za obnavljanje strukture ko\u017ee o\u0161tec\u0301ene opekotinama. Pospe\u0161uje zarastanje rana i pukotina na ko\u017ei i lako umiruje iritiranu ko\u017eu. Susamovo ulje poma\u017ee u regulisanju rada lojnih \u017elezda, pa c\u0301e redovnom primenom, a nakon jedne do dve nedelje upotrebe, vi\u0161ak masnoc\u0301e na povr\u0161ini ko\u017ee po\u010deti da se iskorenjuje. Ulje ima antiinflamatorna, antibakterijska, antifungalna svojstva i zarastanje rana. Blagotvorno uti\u010de na stanje ko\u017ee, noktiju i kose.<\/span><\/p>\n<h3><b>Susamovo ulje za kosu<\/b><\/h3>\n<p><span style=\"font-weight: 400;\">Po\u0161to veoma lako prodire u ko\u017eu glave, susamovo ulje podsti\u010de cirkulaciju, i kao rezultat stimuli\u0161e rast kose. \u010cak i ako je kosa te\u0161ko o\u0161tec\u0301ena hemikalijama, susamovo ulje mo\u017ee pomoc\u0301i u njenoj regeneraciji. Susamovo ulje je veoma popularan i \u0161iroko kori\u0161c\u0301en proizvod za negu kose. Redovna upotreba susamovog ulja kao hranljive maske za kosu spre\u010dava da se prerano posedi.<\/span><\/p>\n<h3><img decoding=\"async\" class=\"alignnone wp-image-122495 size-full\" style=\"font-size: 16px;\" src=\"https:\/\/nefertiti-eg.com\/wp-content\/uploads\/2015\/06\/Sesame-Oil-BenfitsEnglish.jpg\" alt=\"\" width=\"1318\" height=\"1384\" title=\"\" srcset=\"https:\/\/nefertiti-eg.com\/wp-content\/uploads\/2015\/06\/Sesame-Oil-BenfitsEnglish.jpg 1318w, https:\/\/nefertiti-eg.com\/wp-content\/uploads\/2015\/06\/Sesame-Oil-BenfitsEnglish-130x137.jpg 130w, https:\/\/nefertiti-eg.com\/wp-content\/uploads\/2015\/06\/Sesame-Oil-BenfitsEnglish-700x735.jpg 700w, https:\/\/nefertiti-eg.com\/wp-content\/uploads\/2015\/06\/Sesame-Oil-BenfitsEnglish-286x300.jpg 286w, https:\/\/nefertiti-eg.com\/wp-content\/uploads\/2015\/06\/Sesame-Oil-BenfitsEnglish-975x1024.jpg 975w, https:\/\/nefertiti-eg.com\/wp-content\/uploads\/2015\/06\/Sesame-Oil-BenfitsEnglish-768x806.jpg 768w, https:\/\/nefertiti-eg.com\/wp-content\/uploads\/2015\/06\/Sesame-Oil-BenfitsEnglish-300x315.jpg 300w, https:\/\/nefertiti-eg.com\/wp-content\/uploads\/2015\/06\/Sesame-Oil-BenfitsEnglish-600x630.jpg 600w, https:\/\/nefertiti-eg.com\/wp-content\/uploads\/2015\/06\/Sesame-Oil-BenfitsEnglish-150x158.jpg 150w\" sizes=\"(max-width: 1318px) 100vw, 1318px\" \/><\/h3>\n","protected":false},"excerpt":{"rendered":"<p><span style=\"font-weight: 400;\"><strong>Brend<\/strong>: Nefertiti prirodna ulja i biljke<br \/>\n<\/span><span style=\"font-weight: 400;\"><strong>Zemlja porekla<\/strong>: Egipat<br \/>\n<\/span><span style=\"font-weight: 400;\"><strong>Botani\u010dki naziv<\/strong>: Sesamum indicum<br \/>\n<\/span><span style=\"font-weight: 400;\"><strong>Porodica<\/strong>: Pedaliaceae<br \/>\n<\/span><span style=\"font-weight: 400;\"><strong>INCI<\/strong>: Sesamum Indicum (susam) Seed Oil<br \/>\n<\/span><span style=\"font-weight: 400;\"><strong>Sinonim<\/strong>: Sesame, smsm, Sesam, kun\u017eut, Kun\u017eutnij, Sesame Sesamo, zh\u012b m\u00e1<br \/>\n<\/span><span style=\"font-weight: 400;\"><strong>Kori\u0161c\u0301eni delovi<\/strong>: Seme<br \/>\n<\/span><span style=\"font-weight: 400;\"><strong>Metoda ekstrakcije<\/strong>: Hladno ce\u0111eno<br \/>\n<\/span><span style=\"font-weight: 400;\"><strong>Miris<\/strong>: Ora\u0161ast ukus<br \/>\n<\/span><span style=\"font-weight: 400;\"><strong>Izgled<\/strong>: Bledo \u017euta<br \/>\n<\/span><span style=\"font-weight: 400;\"><strong>Fizi\u010dko stanje<\/strong>: Te\u010dnost<br \/>\n<\/span><span style=\"font-weight: 400;\"><strong>Prirodno<\/strong>: Da<br \/>\n<\/span><span style=\"font-weight: 400;\"><strong>\u010cistoc\u0301a<\/strong>: 100% \u010distoc\u0301a<br \/>\n<\/span><span style=\"font-weight: 400;\"><strong>Sertifikati<\/strong>: ISO, COA &amp; MSDS<br \/>\n<\/span><span style=\"font-weight: 400;\"><strong>Sastav<\/strong>: Vitamini A, B, C, E, K, kalcijum, bakar, gvo\u017e\u0111e, magnezijum, cink, omega 3 masne kiseline, nezasic\u0301ene, polinezasic\u0301ene i zasic\u0301ene masne kiseline<br \/>\n<\/span><span style=\"font-weight: 400;\"><strong>Dostava<\/strong>: Izra\u010dunava se na blagajni<\/span><\/p>\n","protected":false},"featured_media":275224,"comment_status":"open","ping_status":"closed","template":"","meta":[],"product_brand":[],"product_cat":[1091],"product_tag":[],"class_list":{"0":"post-258762","1":"product","2":"type-product","3":"status-publish","4":"has-post-thumbnail","6":"product_cat-natural-oils-sr","7":"pa_bottle-size-125-ml-sr-2","8":"pa_bottle-size-200-ml","9":"pa_bottle-size-300-ml","10":"pa_bottle-size-500-ml","12":"first","13":"instock","14":"sale","15":"shipping-taxable","16":"purchasable","17":"product-type-variable","18":"has-default-attributes"},"_links":{"self":[{"href":"https:\/\/nefertiti-eg.com\/sr\/wp-json\/wp\/v2\/product\/258762","targetHints":{"allow":["GET"]}}],"collection":[{"href":"https:\/\/nefertiti-eg.com\/sr\/wp-json\/wp\/v2\/product"}],"about":[{"href":"https:\/\/nefertiti-eg.com\/sr\/wp-json\/wp\/v2\/types\/product"}],"replies":[{"embeddable":true,"href":"https:\/\/nefertiti-eg.com\/sr\/wp-json\/wp\/v2\/comments?post=258762"}],"wp:featuredmedia":[{"embeddable":true,"href":"https:\/\/nefertiti-eg.com\/sr\/wp-json\/wp\/v2\/media\/275224"}],"wp:attachment":[{"href":"https:\/\/nefertiti-eg.com\/sr\/wp-json\/wp\/v2\/media?parent=258762"}],"wp:term":[{"taxonomy":"product_brand","embeddable":true,"href":"https:\/\/nefertiti-eg.com\/sr\/wp-json\/wp\/v2\/product_brand?post=258762"},{"taxonomy":"product_cat","embeddable":true,"href":"https:\/\/nefertiti-eg.com\/sr\/wp-json\/wp\/v2\/product_cat?post=258762"},{"taxonomy":"product_tag","embeddable":true,"href":"https:\/\/nefertiti-eg.com\/sr\/wp-json\/wp\/v2\/product_tag?post=258762"}],"curies":[{"name":"wp","href":"https:\/\/api.w.org\/{rel}","templated":true}]}}