{"id":258771,"date":"2019-05-25T21:59:41","date_gmt":"2019-05-25T19:59:41","guid":{"rendered":"https:\/\/nefertiti-eg.com\/shop\/\u043d\u0435\u043a\u0430\u0442\u0435\u0433\u043e\u0440\u0438\u0437\u043e\u0432\u0430\u043d\u043e\/castor-seeds-oil\/"},"modified":"2023-05-30T13:26:47","modified_gmt":"2023-05-30T10:26:47","slug":"castor-seeds-oil","status":"publish","type":"product","link":"https:\/\/nefertiti-eg.com\/sr\/shop\/natural-hair-care-sr\/castor-seeds-oil\/","title":{"rendered":"Prirodno ricinusovo ulje"},"content":{"rendered":"<h3><img fetchpriority=\"high\" decoding=\"async\" class=\"alignnone wp-image-56302 size-full\" src=\"https:\/\/nefertiti-eg.com\/wp-content\/uploads\/2019\/05\/castor-discrib.jpg\" alt=\"\" width=\"900\" height=\"500\" title=\"\" srcset=\"https:\/\/nefertiti-eg.com\/wp-content\/uploads\/2019\/05\/castor-discrib.jpg 900w, https:\/\/nefertiti-eg.com\/wp-content\/uploads\/2019\/05\/castor-discrib-130x72.jpg 130w, https:\/\/nefertiti-eg.com\/wp-content\/uploads\/2019\/05\/castor-discrib-700x389.jpg 700w, https:\/\/nefertiti-eg.com\/wp-content\/uploads\/2019\/05\/castor-discrib-300x167.jpg 300w, https:\/\/nefertiti-eg.com\/wp-content\/uploads\/2019\/05\/castor-discrib-768x427.jpg 768w, https:\/\/nefertiti-eg.com\/wp-content\/uploads\/2019\/05\/castor-discrib-600x333.jpg 600w, https:\/\/nefertiti-eg.com\/wp-content\/uploads\/2019\/05\/castor-discrib-150x83.jpg 150w\" sizes=\"(max-width: 900px) 100vw, 900px\" \/><\/h3>\n<h3><b>Upotreba ricinusovog ulja<\/b><\/h3>\n<p><span style=\"font-weight: 400;\">Ricinusovo ulje se koristi kao laksativ za pro\u010di\u0161c\u0301avanje creva \u2013 sa preporu\u010denom dozom od 1-2 ka\u0161ike, a efekat se javlja nakon 2-6 sati\u00a0 i mo\u017ee da se koristi za \u010di\u0161c\u0301enje pre operacije ili pregleda creva. Ricinusovo ulje poma\u017ee kod kongestivnog zatvora, iako se ne preporu\u010duje kod hroni\u010dnog zatvora, te kod enterokolitisa i upale debelog creva.<\/span><\/p>\n<h3><b>Svojstva ricinusovog ulja<\/b><\/h3>\n<p><span style=\"font-weight: 400;\">Spolja, ricinusovo ulje se koristi za le\u010denje erozije grlic\u0301a materice, hemoroida i analnih fisura. Zbog svog blagog zagrevajuc\u0301eg dejstva, ricinusovo ulje se koristi za kompleksan tretman zglobova, jer smanjuje oticanje zglobova, kao i za ubla\u017eavanje bolesti krvnih sudova. Duboko se upija u ko\u017eu i tako ubla\u017eava bolove u zglobovima, vrac\u0301a fleksibilnost i pobolj\u0161ava kvalitet pokreta. Hladno ce\u0111eno prirodno ricinusovo ulje se tako\u0111e koristi za razne bolesti kao \u0161to su uko\u010denost mi\u0161ic\u0301a, povrede le\u0111a, bolesti zglobova i deformiteti ki\u010dme.<\/span><\/p>\n<h3><b>Ricinusovo ulje za \u010di\u0161c\u0301enje creva i creva<\/b><\/h3>\n<p><span style=\"font-weight: 400;\">Ricinusovo ulje je efikasno kao laksativ i ima direktan efekat na tanko crevo. Ponekad se koristi i pre interne operacije, jer brzo i efikasno \u010disti creva.<\/span><\/p>\n<h3><b>Prirodno ricinusovo ulje za ko\u017eu<\/b><\/h3>\n<p><span style=\"font-weight: 400;\">Ricinusovo ulje je odli\u010dno za omek\u0161avanje o\u0161tec\u0301enog ro\u017enatog sloja ko\u017ee i koristi se za negu ko\u017ee nogu, kolena, laktova i ko\u017ee zahvac\u0301ene psorijazom. Za zdravlje ko\u017ee preporu\u010duje se lokalna primena ricinusovog ulja, koja je korisna kod razli\u010ditih stanja ko\u017ee uklju\u010dujuc\u0301i keratoze, dermatoze, zarastanje malih rana, akni, li\u0161ajeva, bradavica i drugih ko\u017enih infekcija, kao i lojnih cista. Ricin oleinska kiselina koja je prisutna u ricinusovom ulju pobolj\u0161ava apsorpciju ko\u017ee drugih korisnih sastojaka. Ricinusovo ulje poma\u017ee u le\u010denju gnojnih akni, infekcija ko\u017ee i spre\u010dava nastanak o\u017eiljaka.<\/span><\/p>\n<h3><b>Prirodno ricinusovo ulje za kosu<\/b><\/h3>\n<p><span style=\"font-weight: 400;\">Ricinusovo ulje ima mnoga lekovita i stimulativna svojstva koja ga defini\u0161u kao odli\u010dan izbor za odr\u017eavanje lepe i zdrave kose. Tako\u0111e hrani obrve i trepavice i stimuli\u0161e njihov rast. Maske za kosu sa ricinusovim uljem \u010dine kosu mekom i sjajnom, obnavljaju strukturu kose, stimuli\u0161u rast kose i poma\u017eu u spre\u010davanju opadanja i prevremenog\u00a0 sedenja kose.<\/span><\/p>\n<h3><img decoding=\"async\" class=\"alignnone wp-image-125539 size-full\" src=\"https:\/\/nefertiti-eg.com\/wp-content\/uploads\/2019\/05\/Castor-Oil-BenfitsEnglish.jpg\" alt=\"\" width=\"1318\" height=\"1384\" title=\"\" srcset=\"https:\/\/nefertiti-eg.com\/wp-content\/uploads\/2019\/05\/Castor-Oil-BenfitsEnglish.jpg 1318w, https:\/\/nefertiti-eg.com\/wp-content\/uploads\/2019\/05\/Castor-Oil-BenfitsEnglish-130x137.jpg 130w, https:\/\/nefertiti-eg.com\/wp-content\/uploads\/2019\/05\/Castor-Oil-BenfitsEnglish-700x735.jpg 700w, https:\/\/nefertiti-eg.com\/wp-content\/uploads\/2019\/05\/Castor-Oil-BenfitsEnglish-286x300.jpg 286w, https:\/\/nefertiti-eg.com\/wp-content\/uploads\/2019\/05\/Castor-Oil-BenfitsEnglish-975x1024.jpg 975w, https:\/\/nefertiti-eg.com\/wp-content\/uploads\/2019\/05\/Castor-Oil-BenfitsEnglish-768x806.jpg 768w, https:\/\/nefertiti-eg.com\/wp-content\/uploads\/2019\/05\/Castor-Oil-BenfitsEnglish-990x1040.jpg 990w, https:\/\/nefertiti-eg.com\/wp-content\/uploads\/2019\/05\/Castor-Oil-BenfitsEnglish-441x463.jpg 441w\" sizes=\"(max-width: 1318px) 100vw, 1318px\" \/><\/h3>\n","protected":false},"excerpt":{"rendered":"<p><span style=\"font-weight: 400;\"><strong>Brend<\/strong>: Nefertiti prirodna ulja i biljke<br \/>\n<\/span><span style=\"font-weight: 400;\"><strong>Zemlja porekla<\/strong>: Egipat<br \/>\n<\/span><span style=\"font-weight: 400;\"><strong>Botani\u010dki naziv<\/strong>: Ricinus Communis L.<br \/>\n<\/span><span style=\"font-weight: 400;\"><strong>Porodica<\/strong>: Porodica Spurge, Euphorbiacae<br \/>\n<\/span><span style=\"font-weight: 400;\"><strong>INCI<\/strong>: Ricinus communis Seed Oil.<br \/>\n<\/span><span style=\"font-weight: 400;\"><strong>Sinonimi<\/strong>: Castor, k\u1e96rw\u02bf, klesevina, ricina, rotellea, b\u00ec m\u00e1.<br \/>\n<\/span><span style=\"font-weight: 400;\"><strong>Kori\u0161c\u0301eni delovi<\/strong>: Pasulj<br \/>\n<\/span><span style=\"font-weight: 400;\"><strong>Metoda ekstrakcije<\/strong>: Hladno ce\u0111eno<br \/>\n<\/span><span style=\"font-weight: 400;\"><strong>Miris<\/strong>: Izrazit ukus i miris<br \/>\n<\/span><span style=\"font-weight: 400;\"><strong>Izgled<\/strong>: Bledo \u017euta<br \/>\n<\/span><span style=\"font-weight: 400;\"><strong>Fizi\u010dko stanje<\/strong>: Te\u010dnost<br \/>\n<\/span><span style=\"font-weight: 400;\"><strong>Prirodno<\/strong>: Da<br \/>\n<\/span><span style=\"font-weight: 400;\"><strong>\u010cistoc\u0301a<\/strong>: 100% \u010distoc\u0301a<br \/>\n<\/span><span style=\"font-weight: 400;\"><strong>ISO sertifikat<\/strong>: ISO, COA &amp; MSDS<br \/>\n<\/span><span style=\"font-weight: 400;\"><strong>Sastojci<\/strong>: ricinolna, linolna, palmitinsko i stearinsko ulje, arahin, izoteni, alfa linolenska kiselina<br \/>\n<\/span><span style=\"font-weight: 400;\"><strong>Dostava<\/strong>: Izra\u010dunava se na blagajni<\/span><\/p>\n","protected":false},"featured_media":141934,"comment_status":"open","ping_status":"closed","template":"","meta":[],"product_brand":[],"product_cat":[1089,1091],"product_tag":[],"class_list":{"0":"post-258771","1":"product","2":"type-product","3":"status-publish","4":"has-post-thumbnail","6":"product_cat-natural-hair-care-sr","7":"product_cat-natural-oils-sr","8":"pa_bottle-size-200-ml","9":"pa_bottle-size-300-ml","10":"pa_bottle-size-500-ml","12":"first","13":"outofstock","14":"shipping-taxable","15":"purchasable","16":"product-type-variable"},"_links":{"self":[{"href":"https:\/\/nefertiti-eg.com\/sr\/wp-json\/wp\/v2\/product\/258771","targetHints":{"allow":["GET"]}}],"collection":[{"href":"https:\/\/nefertiti-eg.com\/sr\/wp-json\/wp\/v2\/product"}],"about":[{"href":"https:\/\/nefertiti-eg.com\/sr\/wp-json\/wp\/v2\/types\/product"}],"replies":[{"embeddable":true,"href":"https:\/\/nefertiti-eg.com\/sr\/wp-json\/wp\/v2\/comments?post=258771"}],"wp:featuredmedia":[{"embeddable":true,"href":"https:\/\/nefertiti-eg.com\/sr\/wp-json\/wp\/v2\/media\/141934"}],"wp:attachment":[{"href":"https:\/\/nefertiti-eg.com\/sr\/wp-json\/wp\/v2\/media?parent=258771"}],"wp:term":[{"taxonomy":"product_brand","embeddable":true,"href":"https:\/\/nefertiti-eg.com\/sr\/wp-json\/wp\/v2\/product_brand?post=258771"},{"taxonomy":"product_cat","embeddable":true,"href":"https:\/\/nefertiti-eg.com\/sr\/wp-json\/wp\/v2\/product_cat?post=258771"},{"taxonomy":"product_tag","embeddable":true,"href":"https:\/\/nefertiti-eg.com\/sr\/wp-json\/wp\/v2\/product_tag?post=258771"}],"curies":[{"name":"wp","href":"https:\/\/api.w.org\/{rel}","templated":true}]}}