{"id":258777,"date":"2015-05-29T15:33:00","date_gmt":"2015-05-29T13:33:00","guid":{"rendered":"https:\/\/nefertiti-eg.com\/shop\/\u043d\u0435\u043a\u0430\u0442\u0435\u0433\u043e\u0440\u0438\u0437\u043e\u0432\u0430\u043d\u043e\/olive-oil\/"},"modified":"2024-12-10T16:47:40","modified_gmt":"2024-12-10T14:47:40","slug":"olive-oil","status":"publish","type":"product","link":"https:\/\/nefertiti-eg.com\/sr\/shop\/natural-health-care-sr\/olive-oil\/","title":{"rendered":"Prirodno maslinovo ulje"},"content":{"rendered":"<h3><b>Prednosti prirodnog maslinovog ulja<\/b><\/h3>\n<p><span style=\"font-weight: 400;\">Prirodno maslinovo ulje je dobro poznato i koristi se u gotovo svim svetskim kuhinjama. Bogatije antioksidansima od bilo kog drugog ulja, maslinovo ulje pru\u017ea za\u0161titni efekat protiv nekoliko karcinoma, uklju\u010dujuc\u0301i rak dojke, prostate i karcinoma digestivnog trakta.<\/span><\/p>\n<h3><b>Prirodna lekovita svojstva maslinovog ulja<\/b><\/h3>\n<p><span style=\"font-weight: 400;\">Redovna konzumacija prirodnog maslinovog ulja sni\u017eava nivo holesterola i poma\u017ee u regulisanju i sistolnog (maksimalnog) i dijastolnog (minimalnog) krvnog pritiska. Preporu\u010duje se dijabeti\u010darima kao idealan dijetetski proizvod i poma\u017ee u pobolj\u0161anju kontrole \u0161ec\u0301era u krvi. Maslinovo ulje se koristi u kompleksnom le\u010denju osteoporoze. Povec\u0301ava apsorpciju kalcijuma i pobolj\u0161ava mineralizaciju i kalcifikacija kostiju.<\/span><\/p>\n<h3><b>Svojstva i sastav prirodnog maslinovog ulja<\/b><\/h3>\n<p><span style=\"font-weight: 400;\">Maslinovo ulje je bogato polinezasic\u0301enim kiselinama i polifenolima. Zna\u010dajno je obogac\u0301en mononezasic\u0301enim mastima, prvenstveno oleinskom kiselinom, \u0161to mo\u017ee pomoc\u0301i u smanjenju rizika od raka dojke. Osim toga, \u010disto maslinovo ulje sadr\u017ei veliku koli\u010dinu antioksidanata koji se ne nalaze u drugim uljima, a poznato je da su izuzetno efikasni. Idealan sastav zasic\u0301enih i nezasic\u0301enih masnih kiselina garantuje odli\u010dan efekat u prevenciji kardiovaskularnih bolesti.<\/span><\/p>\n<h3><b>Maslinovo ulje u kozmetologiji<\/b><\/h3>\n<p><span style=\"font-weight: 400;\">Prirodno maslinovo ulje je jedno od najpopularnijih ulja u kozmeti\u010dkoj industriji i \u0161iroko se koristi u me\u0161avinama prirodnih ulja za negu ko\u017ee i kose. Maslinovo ulje je odli\u010dan sastojak koji se dodaje kremama, \u0161amponima, losionima i sredstvima za \u010di\u0161c\u0301enje lica i tela i \u010desto se koristi u proizvodnji prirodnih sapuna. Nutritivni sadr\u017eaj ulja, uklju\u010dujuc\u0301i vitamine A i E, pru\u017ea odli\u010dnu negu ko\u017ee celog tela, uklju\u010dujuc\u0301i lice, vrat i dekolte, i podsti\u010de glatkoc\u0301u i svilenkastost. Jedinstveni sastav maslinovog ulja ne za\u010depljuje pore ko\u017ee i zadr\u017eava dovoljnu koli\u010dinu vlage u c\u0301elijama ko\u017ee.<\/span><\/p>\n<h3><b>Maslinovo ulje za kuvanje<\/b><\/h3>\n<p><span style=\"font-weight: 400;\">Prirodno maslinovo ulje je osnovna namirnica u mediteranskoj ishrani. Dodaje se u hladno meso, odli\u010dan je dodatak salatama, a koristi se u \u010dorbama, testeninama i pirin\u010du. Od rafinisanog maslinovog ulja mo\u017ee se napraviti domac\u0301i majonez (bez karakteristi\u010dne arome). Maslinovo ulje je pogodno i za pr\u017eenje i mo\u017ee se zagrejati na visokim temperaturama do 200 \u00b0C.<\/span><\/p>\n<h3><b>Prirodno maslinovo ulje za kosu<\/b><\/h3>\n<p><span style=\"font-weight: 400;\">Maslinovo ulje ima blagotvorno delovanje i na kosu, poma\u017ee da je oja\u010da, pru\u017ei zdrav sjaj, smanji ispucale vrhove i \u0161titi od opadanja kose.<\/span><\/p>\n<h3><b>Prirodno maslinovo ulje za ko\u017eu<\/b><\/h3>\n<p><span style=\"font-weight: 400;\">Maslinovo ulje je idealno sredstvo za \u010di\u0161c\u0301enje lica \u2013 mo\u017eete efikasno o\u010distiti lice od vodootporne \u0161minke i vi\u0161ka sebuma, pa \u010dak i o\u010distiti pore na ko\u017ei.<\/span><\/p>\n<h3><b><img fetchpriority=\"high\" decoding=\"async\" class=\"alignnone wp-image-125496 size-full\" src=\"https:\/\/nefertiti-eg.com\/wp-content\/uploads\/2015\/05\/Olive-Oil-BenfitsEnglish.jpg\" alt=\"\" width=\"1318\" height=\"1384\" title=\"\" srcset=\"https:\/\/nefertiti-eg.com\/wp-content\/uploads\/2015\/05\/Olive-Oil-BenfitsEnglish.jpg 1318w, https:\/\/nefertiti-eg.com\/wp-content\/uploads\/2015\/05\/Olive-Oil-BenfitsEnglish-130x137.jpg 130w, https:\/\/nefertiti-eg.com\/wp-content\/uploads\/2015\/05\/Olive-Oil-BenfitsEnglish-700x735.jpg 700w, https:\/\/nefertiti-eg.com\/wp-content\/uploads\/2015\/05\/Olive-Oil-BenfitsEnglish-286x300.jpg 286w, https:\/\/nefertiti-eg.com\/wp-content\/uploads\/2015\/05\/Olive-Oil-BenfitsEnglish-975x1024.jpg 975w, https:\/\/nefertiti-eg.com\/wp-content\/uploads\/2015\/05\/Olive-Oil-BenfitsEnglish-768x806.jpg 768w, https:\/\/nefertiti-eg.com\/wp-content\/uploads\/2015\/05\/Olive-Oil-BenfitsEnglish-990x1040.jpg 990w, https:\/\/nefertiti-eg.com\/wp-content\/uploads\/2015\/05\/Olive-Oil-BenfitsEnglish-441x463.jpg 441w\" sizes=\"(max-width: 1318px) 100vw, 1318px\" \/><\/b><\/h3>\n","protected":false},"excerpt":{"rendered":"<p><span style=\"font-weight: 400;\"><strong>Brend<\/strong>: Nefertiti prirodna ulja i biljke<br \/>\n<\/span><span style=\"font-weight: 400;\"><strong>Zemlja porekla<\/strong>: Egipat<br \/>\n<\/span><span style=\"font-weight: 400;\"><strong>Botani\u010dki naziv<\/strong>: Olea europaea<br \/>\n<\/span><span style=\"font-weight: 400;\"><strong>Porodica<\/strong>: Oleaceae<br \/>\n<\/span><span style=\"font-weight: 400;\"><strong>INCI<\/strong>: Olea europaea (maslinovo) voc\u0301no ulje<br \/>\n<\/span><span style=\"font-weight: 400;\"><strong>Sinonimi<\/strong>: Olive, zytwn, olivkovij, Olivkova, Oliva, g\u01cen l\u01cen<br \/>\n<\/span><span style=\"font-weight: 400;\"><strong>Kori\u0161c\u0301eni delovi<\/strong>: voc\u0301e<br \/>\n<\/span><span style=\"font-weight: 400;\"><strong>Metoda ekstrakcije<\/strong>: Hladno ce\u0111eno<br \/>\n<\/span><span style=\"font-weight: 400;\"><strong>Miris<\/strong>: mekog gorkog i za\u010dinskog ukusa<br \/>\n<\/span><span style=\"font-weight: 400;\"><strong>Izgled<\/strong>: zemljano \u017euta<br \/>\n<\/span><span style=\"font-weight: 400;\"><strong>Fizi\u010dko stanje<\/strong>: Te\u010dnost<\/span><span style=\"font-weight: 400;\">Prirodno: Da<br \/>\n<\/span><span style=\"font-weight: 400;\"><strong>\u010cistoc\u0301a<\/strong>: 100% \u010distoc\u0301a<br \/>\n<\/span><span style=\"font-weight: 400;\"><strong>ISO sertifikat<\/strong>: ISO, COA &amp; MSDS<br \/>\n<\/span><span style=\"font-weight: 400;\"><strong>Sastojci<\/strong>: polinezasic\u0301ene masne kiseline, polifenoli, vredni antioksidansi<br \/>\n<\/span><span style=\"font-weight: 400;\"><strong>Dostava<\/strong>: Izra\u010dunava se na blagajni<\/span><\/p>\n","protected":false},"featured_media":283957,"comment_status":"open","ping_status":"closed","template":"","meta":[],"product_brand":[],"product_cat":[1084,1089,1091],"product_tag":[],"class_list":{"0":"post-258777","1":"product","2":"type-product","3":"status-publish","4":"has-post-thumbnail","6":"product_cat-natural-health-care-sr","7":"product_cat-natural-hair-care-sr","8":"product_cat-natural-oils-sr","9":"pa_bottle-size-300-ml","10":"pa_bottle-size-500-ml","12":"first","13":"outofstock","14":"shipping-taxable","15":"purchasable","16":"product-type-variable","17":"has-default-attributes"},"_links":{"self":[{"href":"https:\/\/nefertiti-eg.com\/sr\/wp-json\/wp\/v2\/product\/258777","targetHints":{"allow":["GET"]}}],"collection":[{"href":"https:\/\/nefertiti-eg.com\/sr\/wp-json\/wp\/v2\/product"}],"about":[{"href":"https:\/\/nefertiti-eg.com\/sr\/wp-json\/wp\/v2\/types\/product"}],"replies":[{"embeddable":true,"href":"https:\/\/nefertiti-eg.com\/sr\/wp-json\/wp\/v2\/comments?post=258777"}],"wp:featuredmedia":[{"embeddable":true,"href":"https:\/\/nefertiti-eg.com\/sr\/wp-json\/wp\/v2\/media\/283957"}],"wp:attachment":[{"href":"https:\/\/nefertiti-eg.com\/sr\/wp-json\/wp\/v2\/media?parent=258777"}],"wp:term":[{"taxonomy":"product_brand","embeddable":true,"href":"https:\/\/nefertiti-eg.com\/sr\/wp-json\/wp\/v2\/product_brand?post=258777"},{"taxonomy":"product_cat","embeddable":true,"href":"https:\/\/nefertiti-eg.com\/sr\/wp-json\/wp\/v2\/product_cat?post=258777"},{"taxonomy":"product_tag","embeddable":true,"href":"https:\/\/nefertiti-eg.com\/sr\/wp-json\/wp\/v2\/product_tag?post=258777"}],"curies":[{"name":"wp","href":"https:\/\/api.w.org\/{rel}","templated":true}]}}