{"id":258789,"date":"2015-06-15T00:30:39","date_gmt":"2015-06-14T22:30:39","guid":{"rendered":"https:\/\/nefertiti-eg.com\/shop\/\u043d\u0435\u043a\u0430\u0442\u0435\u0433\u043e\u0440\u0438\u0437\u043e\u0432\u0430\u043d\u043e\/wheat-germ-oil\/"},"modified":"2025-05-26T13:25:02","modified_gmt":"2025-05-26T10:25:02","slug":"wheat-germ-oil","status":"publish","type":"product","link":"https:\/\/nefertiti-eg.com\/sr\/shop\/natural-health-care-sr\/wheat-germ-oil\/","title":{"rendered":"Prirodno ulje p\u0161eni\u010dnih klica"},"content":{"rendered":"<h3><span style=\"font-size: 12pt;\"><img fetchpriority=\"high\" decoding=\"async\" class=\"alignnone wp-image-56281 size-full\" style=\"font-size: 1.14286rem;\" title=\"Wheat Germ Oil\" src=\"https:\/\/nefertiti-eg.com\/wp-content\/uploads\/2015\/06\/wheat-germ-discribe.jpg\" alt=\"\" width=\"900\" height=\"500\" srcset=\"https:\/\/nefertiti-eg.com\/wp-content\/uploads\/2015\/06\/wheat-germ-discribe.jpg 900w, https:\/\/nefertiti-eg.com\/wp-content\/uploads\/2015\/06\/wheat-germ-discribe-130x72.jpg 130w, https:\/\/nefertiti-eg.com\/wp-content\/uploads\/2015\/06\/wheat-germ-discribe-700x389.jpg 700w, https:\/\/nefertiti-eg.com\/wp-content\/uploads\/2015\/06\/wheat-germ-discribe-300x167.jpg 300w, https:\/\/nefertiti-eg.com\/wp-content\/uploads\/2015\/06\/wheat-germ-discribe-768x427.jpg 768w, https:\/\/nefertiti-eg.com\/wp-content\/uploads\/2015\/06\/wheat-germ-discribe-600x333.jpg 600w, https:\/\/nefertiti-eg.com\/wp-content\/uploads\/2015\/06\/wheat-germ-discribe-150x83.jpg 150w\" sizes=\"(max-width: 900px) 100vw, 900px\" \/><\/span><\/h3>\n<h3><b>Zdravstvene prednosti ulja p\u0161eni\u010dnih klica<\/b><\/h3>\n<p><span style=\"font-weight: 400;\">Kada se koristi interno, ulje p\u0161eni\u010dnih klica pobolj\u0161ava op\u0161te zdravlje i aktivnost imunog sistema. Utvr\u0111eno je da je ovo ulje izuzetno cenjeno jer efikasno poma\u017ee u podizanju nivoa \u201edobrog\u201c holesterola i smanjenju nivoa \u201elo\u0161eg\u201c holesterola. Tako\u0111e sadr\u017ei izuzetno veliku koli\u010dinu vitamina E, koji je poznat kao vitamin mladosti i sna\u017ean je prirodni antioksidans.<\/span><\/p>\n<h3><b>Ulje p\u0161eni\u010dnih klica za zdravlje srca<\/b><\/h3>\n<p><span style=\"font-weight: 400;\">Ulje p\u0161eni\u010dnih klica je va\u017eno za funkcionisanje srca i krvnih sudova. Poma\u017ee u spre\u010davanju stvaranja krvnih ugru\u0161aka i pobolj\u0161ava metabolizam. Istra\u017eivanja su pokazala korisne efekte oktakozanola i posebno polikosanola na pobolj\u0161anje kardiovaskularnih funkcija i op\u0161te zdravlje srca.<\/span><\/p>\n<h3><b>Prednosti ulja p\u0161eni\u010dnih klica protiv starenja ko\u017ee i nege<\/b><\/h3>\n<p><span style=\"font-weight: 400;\">Prednosti upotrebe ulja p\u0161eni\u010dnih klica uklju\u010duju olak\u0161anje ko\u017enih bolesti poput psorijaze i ekcema. Ovo ulje tako\u0111e deluje efikasno za tretiranje opekotina i malih \u010direva na ko\u017ei. Kada se koristi spolja, savr\u0161eno je za suvu i dehidriranu ko\u017eu. Ulje p\u0161eni\u010dnih klica je korisno za op\u0161te zdravlje ko\u017ee jer pobolj\u0161ava cirkulaciju krvi u slojevima ko\u017ee. Tako\u0111e, ulje p\u0161eni\u010dnih klica poma\u017ee u obnavljanju i spre\u010davanju o\u0161tec\u0301enja ko\u017ee, ubla\u017eava dermatitis i smanjuje o\u017eiljke, a isto tako poma\u017ee i u spre\u010davanju znakova starenja ko\u017ee, elimini\u0161e bore i reguli\u0161e proces pigmentacije ko\u017ee.<\/span><\/p>\n<h3><b>Ulje p\u0161eni\u010dnih klica protiv celulita<\/b><\/h3>\n<p><span style=\"font-weight: 400;\">Istra\u017eivanja su pokazala da prirodno ulje p\u0161eni\u010dnih klica zna\u010dajno smanjuje strije na ko\u017ei. Mo\u017ee se koristiti i za anticelulit masa\u017eu. Kori\u0161c\u0301enje ulja p\u0161eni\u010dnih klica obezbe\u0111uje hidrataciju i promovi\u0161e intenzivno delovanje u najdubljim slojevima tkiva.<\/span><\/p>\n<h3><b>Ulje p\u0161eni\u010dnih klica za kosu<\/b><\/h3>\n<p><span style=\"font-weight: 400;\">Ulje p\u0161eni\u010dnih klica kada se koristi kao maska za kosu poma\u017ee da se obnovi struktura o\u0161tec\u0301ene, obojene ili slabe kose. Tako\u0111e mo\u017ee da se koristi i kao balsam za kosu, jer poma\u017ee u smanjenju ispucalih vrhova i pru\u017ea za\u0161titu od \u0161tetnih uticaja okoline.<\/span><\/p>\n<h3><img decoding=\"async\" class=\"alignnone wp-image-122545 size-full\" style=\"font-size: 12pt;\" src=\"https:\/\/nefertiti-eg.com\/wp-content\/uploads\/2015\/06\/Wheat-germ-Oil-BenfitsEnglish.jpg\" alt=\"\" width=\"1318\" height=\"1384\" title=\"\" srcset=\"https:\/\/nefertiti-eg.com\/wp-content\/uploads\/2015\/06\/Wheat-germ-Oil-BenfitsEnglish.jpg 1318w, https:\/\/nefertiti-eg.com\/wp-content\/uploads\/2015\/06\/Wheat-germ-Oil-BenfitsEnglish-130x137.jpg 130w, https:\/\/nefertiti-eg.com\/wp-content\/uploads\/2015\/06\/Wheat-germ-Oil-BenfitsEnglish-700x735.jpg 700w, https:\/\/nefertiti-eg.com\/wp-content\/uploads\/2015\/06\/Wheat-germ-Oil-BenfitsEnglish-286x300.jpg 286w, https:\/\/nefertiti-eg.com\/wp-content\/uploads\/2015\/06\/Wheat-germ-Oil-BenfitsEnglish-975x1024.jpg 975w, https:\/\/nefertiti-eg.com\/wp-content\/uploads\/2015\/06\/Wheat-germ-Oil-BenfitsEnglish-768x806.jpg 768w, https:\/\/nefertiti-eg.com\/wp-content\/uploads\/2015\/06\/Wheat-germ-Oil-BenfitsEnglish-300x315.jpg 300w, https:\/\/nefertiti-eg.com\/wp-content\/uploads\/2015\/06\/Wheat-germ-Oil-BenfitsEnglish-600x630.jpg 600w, https:\/\/nefertiti-eg.com\/wp-content\/uploads\/2015\/06\/Wheat-germ-Oil-BenfitsEnglish-150x158.jpg 150w\" sizes=\"(max-width: 1318px) 100vw, 1318px\" \/><\/h3>\n","protected":false},"excerpt":{"rendered":"<p><span style=\"font-weight: 400;\"><strong>Brend<\/strong>: Nefertiti prirodna ulja i biljke<br \/>\n<\/span><span style=\"font-weight: 400;\"><strong>Zemlja porekla<\/strong>: Egipat<br \/>\n<\/span><span style=\"font-weight: 400;\"><strong>Botani\u010dki naziv<\/strong>: Triticum Vulgare<br \/>\n<\/span><span style=\"font-weight: 400;\"><strong>Porodica<\/strong>: Gramineae<br \/>\n<\/span><span style=\"font-weight: 400;\"><strong>INCI<\/strong>: Triticum Vulgare (ulje p\u0161eni\u010dnih) klica<br \/>\n<\/span><span style=\"font-weight: 400;\"><strong>Sinonimi<\/strong>: p\u0161eni\u010dne klice, jnyn \u1ea1lqm\u1e25, zarodi\u0161 p\u0161enici, p\u0161eni\u010dnij zarodok, germe de ble, germe di grano, xi\u01ceo m\u00e0i p\u0113i y\u00e1.<br \/>\n<\/span><span style=\"font-weight: 400;\"><strong>Kori\u0161c\u0301eni delovi<\/strong>: zrno p\u0161enice<br \/>\n<\/span><span style=\"font-weight: 400;\"><strong>Metoda ekstrakcije<\/strong>: Hladno ce\u0111eno<br \/>\n<\/span><span style=\"font-weight: 400;\"><strong>Miris<\/strong>: slab zemljan.<br \/>\n<\/span><span style=\"font-weight: 400;\"><strong>Izgled<\/strong>: c\u0301ilibar do braon<br \/>\n<\/span><span style=\"font-weight: 400;\"><strong>Fizi\u010dko stanje<\/strong>: Te\u010dnost<br \/>\n<\/span><span style=\"font-weight: 400;\"><strong>Prirodno<\/strong>: Da<br \/>\n<\/span><span style=\"font-weight: 400;\"><strong>\u010cistoc\u0301a<\/strong>: 100% \u010disto<br \/>\n<\/span><span style=\"font-weight: 400;\"><strong>ISO<\/strong> sertifikat: ISO, COA &amp; MSDS<br \/>\n<\/span><span style=\"font-weight: 400;\"><strong>Sastav<\/strong>: Nezasic\u0301ene masne kiseline, vitamini A, B D i E, magnezijum, kalcijum i elementi u tragovima<br \/>\n<\/span><span style=\"font-weight: 400;\"><strong>Dostava<\/strong>: Izra\u010dunava se na blagajni<\/span><\/p>\n","protected":false},"featured_media":275906,"comment_status":"open","ping_status":"closed","template":"","meta":[],"product_brand":[],"product_cat":[1084,1089,1091],"product_tag":[],"class_list":{"0":"post-258789","1":"product","2":"type-product","3":"status-publish","4":"has-post-thumbnail","6":"product_cat-natural-health-care-sr","7":"product_cat-natural-hair-care-sr","8":"product_cat-natural-oils-sr","9":"pa_bottle-size-125-ml-sr-2","10":"pa_bottle-size-60-ml-sr","12":"first","13":"instock","14":"sale","15":"shipping-taxable","16":"purchasable","17":"product-type-variable","18":"has-default-attributes"},"_links":{"self":[{"href":"https:\/\/nefertiti-eg.com\/sr\/wp-json\/wp\/v2\/product\/258789","targetHints":{"allow":["GET"]}}],"collection":[{"href":"https:\/\/nefertiti-eg.com\/sr\/wp-json\/wp\/v2\/product"}],"about":[{"href":"https:\/\/nefertiti-eg.com\/sr\/wp-json\/wp\/v2\/types\/product"}],"replies":[{"embeddable":true,"href":"https:\/\/nefertiti-eg.com\/sr\/wp-json\/wp\/v2\/comments?post=258789"}],"wp:featuredmedia":[{"embeddable":true,"href":"https:\/\/nefertiti-eg.com\/sr\/wp-json\/wp\/v2\/media\/275906"}],"wp:attachment":[{"href":"https:\/\/nefertiti-eg.com\/sr\/wp-json\/wp\/v2\/media?parent=258789"}],"wp:term":[{"taxonomy":"product_brand","embeddable":true,"href":"https:\/\/nefertiti-eg.com\/sr\/wp-json\/wp\/v2\/product_brand?post=258789"},{"taxonomy":"product_cat","embeddable":true,"href":"https:\/\/nefertiti-eg.com\/sr\/wp-json\/wp\/v2\/product_cat?post=258789"},{"taxonomy":"product_tag","embeddable":true,"href":"https:\/\/nefertiti-eg.com\/sr\/wp-json\/wp\/v2\/product_tag?post=258789"}],"curies":[{"name":"wp","href":"https:\/\/api.w.org\/{rel}","templated":true}]}}