{"id":260799,"date":"2020-12-26T12:35:29","date_gmt":"2020-12-26T10:35:29","guid":{"rendered":"https:\/\/nefertiti-eg.com\/shop\/\u043d\u0435\u043a\u0430\u0442\u0435\u0433\u043e\u0440\u0438\u0437\u043e\u0432\u0430\u043d\u043e\/pomegranate-and-peach-cream\/"},"modified":"2023-07-30T13:31:20","modified_gmt":"2023-07-30T10:31:20","slug":"pomegranate-and-peach-cream","status":"publish","type":"product","link":"https:\/\/nefertiti-eg.com\/sr\/shop\/creams-sr\/pomegranate-and-peach-cream\/","title":{"rendered":"Krema od nara i breskve"},"content":{"rendered":"<p><span style=\"font-weight: 400;\">Ova vrhunska me\u0161avina nara i breskve je idealna kombinacija za potpuno podmla\u0111ivanje ko\u017ee, puna zdravih vitamina, antioksidanata, minerala i esencijalnih masnih kiselina za potpunu podr\u0161ku ko\u017ee, podsti\u010duc\u0301i stvaranje kolagena, smanjujuc\u0301i upale i obnavljajuc\u0301i ko\u017eu. Umanjite o\u0161tec\u0301enu i umornu ko\u017eu bez sjaja i zamenite je sve\u017eom i zategnutom ko\u017eom.<\/span><\/p>\n<p><span style=\"font-weight: 400;\">Nar je supervoc\u0301e, puno vitamina C i E, antocijana, elagitanina, elaginske kiseline, folne kiseline i mnogih drugih biljnih polifenola; dok je breskva tako\u0111e prepuna hranljivih materija i vitamina koji vole ko\u017eu, uklju\u010dujuc\u0301i kalijum, cink, beta karoten, selen i magnezijum, zajedno sa vitaminima K, A i C. Zajedno obezbe\u0111uju sjajno partnerstvo koje je moc\u0301an antioksidans, antiinflamatorno, antikancerogeno i antimikrobno, podsti\u010duc\u0301i preporod ko\u017ee, borec\u0301i se protiv slobodnih radikala i vrac\u0301ajuc\u0301i prirodnu PH ravnote\u017eu ko\u017ee. Pogodno za bilo koji tip ko\u017ee za popravku, podmla\u0111ivanje i obnavljanje, odr\u017eavajuc\u0301i ko\u017eu u vrhunskom stanju.<\/span><\/p>\n<h3><b>Dodaje vlagu, posvetljava, obnavlja i \u0161titi<\/b><\/h3>\n<p><span style=\"font-weight: 400;\">Prodire duboko u ko\u017eu, obezbe\u0111ujuc\u0301i potpunu ishranu i zadr\u017eavanje vlage, obnavljajuc\u0301i suvu ili ljuskavu ko\u017eu, a u isto vreme kontroli\u0161e proizvodnju sebuma, suzbijaju\u0107i masnu ko\u017eu. Sadr\u017ei visoko aktivne antioksidante koji spre\u010davaju degradaciju ko\u017enog tkiva i podsti\u010du proizvodnju kolagena i elastina kako bi ko\u017eu u\u010dinili podatnijom i \u010dvr\u0161c\u0301om, i smanjili opu\u0161tenu ko\u017eu i spre\u010dili znake starenja.\u00a0<\/span><\/p>\n<h3><b>Tretira upalna stanja ko\u017ee<\/b><\/h3>\n<p><span style=\"font-weight: 400;\">Anti-inflamatorna i antimikrobna svojstva u kombinaciji sa cinkom i kalijumom smanjuju upalu dok \u0161tite i obnavljaju o\u0161tec\u0301enu ko\u017eu i podsti\u010du obnavljanje ko\u017ee. Stanja ko\u017ee kao \u0161to su ekcem i rozacea \u010desto su uzrokovana o\u0161tec\u0301enjem slobodnih radikala, bogata antioksidansima, ova krema mo\u017ee smanjiti i spre\u010diti dalje simptome, dok podsti\u010de rast novih c\u0301elija ko\u017ee kako bi pomogla popravku o\u0161tec\u0301enih c\u0301elija ko\u017ee.<\/span><\/p>\n<h3><b>Ko\u017ea bez infekcije<\/b><\/h3>\n<p><span style=\"font-weight: 400;\">Prirodni antimikrobni efekat c\u0301e umiriti iritacije, a ujedno se bore i uni\u0161tavaju bakterije ili gljivice na ko\u017ei. Akne, \u010desto uzrokovane za\u010depljenim porama koje se inficiraju, smiric\u0301e se antiinflamatornim svojstvima. Bakterije su uni\u0161tene, a proizvodnja sebuma regulisana, \u010dime se spre\u010dava dalje izbijanje. Pospe\u0161uje se regeneracija ko\u017ee, povec\u0301ava se cirkulacija i zapo\u010dinje oporavak ko\u017ee i zarastanje rana.<\/span><\/p>\n<h3><b>Bledi fleke, pigmentaciju i o\u017eiljke<\/b><\/h3>\n<p><span style=\"font-weight: 400;\">Poma\u017ee regeneraciju ko\u017ee, spre\u010davajuc\u0301i mrtve c\u0301elije da ostaju na povr\u0161ini ko\u017ee. Poma\u017ee u zarastanju o\u017eiljaka i bledenju fleka i nesavr\u0161enosti ko\u017ee, dok tonizira ko\u017eu, \u0161to rezultira svetlijom i \u010distijom ko\u017eom sa zdravim sjajem.<\/span><\/p>\n<h3><b>Za\u0161tita od UV zraka<\/b><\/h3>\n<p><span style=\"font-weight: 400;\">Antioksidativna i antikancerogena svojstva poma\u017eu da se minimiziraju efekti UV zraka, stvarajuc\u0301i radikalnu neutralizujuc\u0301u barijeru u koju sunce ne mo\u017ee da prodre. Tako\u0111e \u0161titi od pigmentacije izazvane suncem, stara\u010dkih pega povezanih sa suncem, opekotina od sunca i starenja. Imajte na umu da ovo ne negira potrebu za adekvatnom SPF za\u0161titom tokom du\u017eeg izlaganja suncu.<\/span><\/p>\n","protected":false},"excerpt":{"rendered":"<p><span style=\"font-weight: 400;\">Duboka, kompletna nega ko\u017ee sa dva super voc\u0301a koja odr\u017eavaju ko\u017eu u vrhunskom obliku. Suva ko\u017ea koja se lju\u0161ti, bez sjaja je stvar pro\u0161losti, vreme je za popravku i obnovu ko\u017ee, podmla\u0111ivanje i zdravu blistavu ko\u017eu.<\/span><\/p>\n","protected":false},"featured_media":274849,"comment_status":"open","ping_status":"closed","template":"","meta":[],"product_brand":[],"product_cat":[1200,1088],"product_tag":[],"class_list":{"0":"post-260799","1":"product","2":"type-product","3":"status-publish","4":"has-post-thumbnail","6":"product_cat-creams-sr","7":"product_cat-natural-cosmetics-sr","9":"first","10":"instock","11":"shipping-taxable","12":"purchasable","13":"product-type-simple"},"_links":{"self":[{"href":"https:\/\/nefertiti-eg.com\/sr\/wp-json\/wp\/v2\/product\/260799","targetHints":{"allow":["GET"]}}],"collection":[{"href":"https:\/\/nefertiti-eg.com\/sr\/wp-json\/wp\/v2\/product"}],"about":[{"href":"https:\/\/nefertiti-eg.com\/sr\/wp-json\/wp\/v2\/types\/product"}],"replies":[{"embeddable":true,"href":"https:\/\/nefertiti-eg.com\/sr\/wp-json\/wp\/v2\/comments?post=260799"}],"wp:featuredmedia":[{"embeddable":true,"href":"https:\/\/nefertiti-eg.com\/sr\/wp-json\/wp\/v2\/media\/274849"}],"wp:attachment":[{"href":"https:\/\/nefertiti-eg.com\/sr\/wp-json\/wp\/v2\/media?parent=260799"}],"wp:term":[{"taxonomy":"product_brand","embeddable":true,"href":"https:\/\/nefertiti-eg.com\/sr\/wp-json\/wp\/v2\/product_brand?post=260799"},{"taxonomy":"product_cat","embeddable":true,"href":"https:\/\/nefertiti-eg.com\/sr\/wp-json\/wp\/v2\/product_cat?post=260799"},{"taxonomy":"product_tag","embeddable":true,"href":"https:\/\/nefertiti-eg.com\/sr\/wp-json\/wp\/v2\/product_tag?post=260799"}],"curies":[{"name":"wp","href":"https:\/\/api.w.org\/{rel}","templated":true}]}}