{"id":260800,"date":"2020-12-26T12:57:58","date_gmt":"2020-12-26T10:57:58","guid":{"rendered":"https:\/\/nefertiti-eg.com\/shop\/\u043d\u0435\u043a\u0430\u0442\u0435\u0433\u043e\u0440\u0438\u0437\u043e\u0432\u0430\u043d\u043e\/lemon-cream\/"},"modified":"2023-07-30T13:34:49","modified_gmt":"2023-07-30T10:34:49","slug":"lemon-cream","status":"publish","type":"product","link":"https:\/\/nefertiti-eg.com\/sr\/shop\/creams-sr\/lemon-cream\/","title":{"rendered":"Krema od limuna"},"content":{"rendered":"<p><span style=\"font-weight: 400;\">Limun je magi\u010dna kombinacija esencijalnih vitamina i minerala, koja sadr\u017ei sastojke kao \u0161to su beta-karoten, vitamini B, C, K, folna kiselina, kalijum, kalcijum, natrijum, fosfor, magnezijum, cink, gvo\u017e\u0111e, mangan, bakar, nikl i selen i citronol, kamfen, citral, aldehidi, terpineol, limonen i linalil acetat, neophodni za blistavu zdravu ko\u017eu. Zajedno pru\u017eaju antiinflamatorne, antimikrobne, antibakterijske, antisepti\u010dke, antireumatske, antivirusne i antiskleroti\u010dne.<\/span><\/p>\n<p><span style=\"font-weight: 400;\">Savr\u0161en za masnu ko\u017eu, reguli\u0161e proizvodnju sebuma i deluje kao prirodni adstringent, zatvarajuc\u0301i pore i elimini\u0161uc\u0301i za\u010depljene pore \u2013 savr\u0161eno sredstvo protiv akni. Tako\u0111e krema je pogodna za sve tipove ko\u017ee.\u00a0 Magi\u010dna svojstva limuna c\u0301e uravnote\u017eiti pH ko\u017ee, pobolj\u0161ati elasti\u010dnost ko\u017ee, boriti se protiv slobodnih radikala kako bi pobolj\u0161ali kiseonik u ko\u017ei, umanjili pigmentaciju ko\u017ee i o\u017eiljke, umiric\u0301e i tonizirati ko\u017eu, uklju\u010dujuc\u0301i, celulit, pro\u0161irene vene i paukove vene i deluje kao tonik protiv starenja.<\/span><\/p>\n<h3><b>Uklanjanje akni i mrlja<\/b><\/h3>\n<p><span style=\"font-weight: 400;\">Limun je prirodni adstringent sa antibakterijskim i antigljivi\u010dnim svojstvima i odli\u010dan je tretman za ko\u017eu sklonu aknama, podsti\u010duc\u0301i zatvaranje pora. L-askorbinska kiselina koja isu\u0161uje ko\u017eu, uklanja vi\u0161ak masnoc\u0301e i na taj na\u010din smanjuje verovatnoc\u0301a da c\u0301e pore biti za\u010depljene i inficirane. A uz to ova kiselina ubija sve bakterije koje su vec\u0301 prisutne u ko\u017ei, i uklanja upalu i mrtve c\u0301elije ko\u017ee. Antifungalna svojstva tako\u0111e se bave bilo kojim osipom od kandide.<\/span><\/p>\n<h3><b>Le\u010denje ko\u017ee<\/b><\/h3>\n<p><span style=\"font-weight: 400;\">Zarastanje ko\u017ee se ubrzava radikalnim ja\u010danjem cirkulacije krvi ispod ko\u017ee, podsti\u010duc\u0301i zarastanje rana, \u0161to je posebno korisno za one koji pate od bolova u dijabeti\u010dkom stopalu i \u010direva.<\/span><\/p>\n<h3><b>Uklanja fleke, o\u017eiljke i pigmentaciju<\/b><\/h3>\n<p><span style=\"font-weight: 400;\">Vitamin C i limunska kiselina su odli\u010dna kombinacija za posvetljivanje ko\u017ee, bledenje pega i fleka usled starosti ili sunca. Antioksidant, vitamin C neutrali\u0161e slobodne radikale i podsti\u010de proizvodnju kolagena, podsti\u010duc\u0301i podmla\u0111ivanje ko\u017ee, dok limunska kiselina vr\u0161i piling i ujedna\u010dava ton ko\u017ee.<\/span><\/p>\n<h3><b>Spre\u010dava starenje<\/b><\/h3>\n<p><span style=\"font-weight: 400;\">Svojstva pilinga i povec\u0301anja kolagena vitamina C i limunske kiseline tako\u0111e su moc\u0301ni sastojci protiv starenja, tako\u0111e popravljaju i obnavljaju ko\u017eu, zate\u017eu ko\u017eu na licu, vratu, grudima, nogama i rukama.<\/span><\/p>\n<h3><b>Borite se protiv celulita i umirite pro\u0161irene vene<\/b><\/h3>\n<p><span style=\"font-weight: 400;\">Limun podsti\u010de cirkulaciju i ubrzava lipoliti\u010dki proces, aktivno stimuli\u0161uc\u0301i razgradnju celulitnih naslaga za \u010dvr\u0161c\u0301u i glatkiju ko\u017eu. Vitamin K c\u0301e pomoc\u0301i da se izbledi pojava pau\u010dinastih vena. Tako\u0111e mo\u017ee ubla\u017eiti pojavu pro\u0161irenih vena.<\/span><\/p>\n","protected":false},"excerpt":{"rendered":"<p><span style=\"font-weight: 400;\">Limun je prirodni adstringent koji stimuli\u0161e cirkulaciju krvi i reguli\u0161e proizvodnju sebuma. Podsti\u010de zarastanje rana, dok efekat pilinga ujedna\u010dava ton ko\u017ee. Poma\u017ee podmla\u0111ivanje u\u010dvr\u0161c\u0301ivanjem, podizanjem i zatezanjem ko\u017ee.<\/span><\/p>\n","protected":false},"featured_media":274841,"comment_status":"open","ping_status":"closed","template":"","meta":[],"product_brand":[],"product_cat":[1200,1088],"product_tag":[],"class_list":{"0":"post-260800","1":"product","2":"type-product","3":"status-publish","4":"has-post-thumbnail","6":"product_cat-creams-sr","7":"product_cat-natural-cosmetics-sr","9":"first","10":"instock","11":"shipping-taxable","12":"purchasable","13":"product-type-simple"},"_links":{"self":[{"href":"https:\/\/nefertiti-eg.com\/sr\/wp-json\/wp\/v2\/product\/260800","targetHints":{"allow":["GET"]}}],"collection":[{"href":"https:\/\/nefertiti-eg.com\/sr\/wp-json\/wp\/v2\/product"}],"about":[{"href":"https:\/\/nefertiti-eg.com\/sr\/wp-json\/wp\/v2\/types\/product"}],"replies":[{"embeddable":true,"href":"https:\/\/nefertiti-eg.com\/sr\/wp-json\/wp\/v2\/comments?post=260800"}],"wp:featuredmedia":[{"embeddable":true,"href":"https:\/\/nefertiti-eg.com\/sr\/wp-json\/wp\/v2\/media\/274841"}],"wp:attachment":[{"href":"https:\/\/nefertiti-eg.com\/sr\/wp-json\/wp\/v2\/media?parent=260800"}],"wp:term":[{"taxonomy":"product_brand","embeddable":true,"href":"https:\/\/nefertiti-eg.com\/sr\/wp-json\/wp\/v2\/product_brand?post=260800"},{"taxonomy":"product_cat","embeddable":true,"href":"https:\/\/nefertiti-eg.com\/sr\/wp-json\/wp\/v2\/product_cat?post=260800"},{"taxonomy":"product_tag","embeddable":true,"href":"https:\/\/nefertiti-eg.com\/sr\/wp-json\/wp\/v2\/product_tag?post=260800"}],"curies":[{"name":"wp","href":"https:\/\/api.w.org\/{rel}","templated":true}]}}