{"id":260802,"date":"2020-12-26T12:50:27","date_gmt":"2020-12-26T10:50:27","guid":{"rendered":"https:\/\/nefertiti-eg.com\/shop\/\u043d\u0435\u043a\u0430\u0442\u0435\u0433\u043e\u0440\u0438\u0437\u043e\u0432\u0430\u043d\u043e\/yoghurt-and-cucumber-cream\/"},"modified":"2023-07-30T13:39:49","modified_gmt":"2023-07-30T10:39:49","slug":"yoghurt-and-cucumber-cream","status":"publish","type":"product","link":"https:\/\/nefertiti-eg.com\/sr\/shop\/creams-sr\/yoghurt-and-cucumber-cream\/","title":{"rendered":"Krema od jogurta i krastavca"},"content":{"rendered":"<p><span style=\"font-weight: 400;\">Savr\u0161ena me\u0161avina za bilo koji tip ko\u017ee, ugodna svojstva jogurta i krastavca \u010dine ga posebno korisnim za sve koji pate od problema akni i pigmentacije, ili kod upaljene, iritirane ili osetljive ko\u017ee.<\/span><\/p>\n<p><span style=\"font-weight: 400;\">Jogurt i krastavac rade na pilingu ko\u017ee, kako bi uklonili prljav\u0161tinu i mrtve c\u0301elije, o\u010distili i hidrirali. Krastavac sa svojim adstringentnim, antiinflamatornim svojstvima c\u0301e podstac\u0301i regeneraciju c\u0301elija, dok c\u0301e jogurt umiriti i vla\u017eiti, neutralisati bakterije, vratiti PH ravnote\u017eu i ostaviti va\u0161u ko\u017eu pozitivno blistavom.<\/span><\/p>\n<p><span style=\"font-weight: 400;\">Jogurt sadr\u017ei visok nivo cinka: deluje protiv zapaljenja i podsti\u010de reprodukciju c\u0301elija i regeneraciju tkiva, a istovremeno reguli\u0161e sebum i tako le\u010di akne i fleke; kalcijum, od kojeg se sastoji vec\u0301ina epidermisa, spre\u010davajuc\u0301i da ko\u017ea postane suva i dehidrirana; B vitamini B2, B5 i B12: oni obezbe\u0111uju blistavu i zdravu ko\u017eu, hidriraju, \u0161tite od slobodnih radikala i tako\u0111e poma\u017eu u regeneraciji c\u0301elija; mle\u010dna kiselina. Ova\u00a0 krema, tako\u0111e deluje kao za\u0161tita od starenja, smanjujuc\u0301i bore i spre\u010davajuc\u0301i stvaranje novih bora i finih linija.<\/span><\/p>\n<p><span style=\"font-weight: 400;\">Krastavac sadr\u017ei visok nivo vitamina C, koji podsti\u010de proizvodnju kolagena, a tako\u0111e je pun hranljivih materija kao \u0161to su voda, kalijum, sulfat i vitamini A, antioksidansi i polisaharidi, koji zajedno deluju kako bi ubla\u017eili opekotinu od sunca ili iritiranu ko\u017eu, podmladili ko\u017eu, o\u017eiveli ten, izbledeli fleke, o\u017eiljke i pege i dali celokupno pobolj\u0161anje teksture ko\u017ee.<\/span><\/p>\n<h3><b>Dodaje vlagu, posvetljava i obnavlja<\/b><\/h3>\n<p><span style=\"font-weight: 400;\">Daje vlagu, pobolj\u0161avajuc\u0301i elasti\u010dnost i \u010dvrstoc\u0301u, tako\u0111e trenutno posvetli i udahne \u017eivot dosadnoj i be\u017eivotnoj ko\u017ei, pored toga \u0161titi od o\u0161tec\u0301enja slobodnih radikala. Tako\u0111e se obnavlja proizvodnja kolagena, \u0161titec\u0301i ko\u017eu od preranog starenja.<\/span><\/p>\n<h3><b>Tretira upalna stanja ko\u017ee<\/b><\/h3>\n<p><span style=\"font-weight: 400;\">Anti-inflamatorna i blaga adstringentna svojstva, u kombinaciji sa velikom koli\u010dinom cinka, smanjuju otok, crvenilo i nadutost. Iritirana, o\u0161tec\u0301ena, ispucala, ko\u017ea ope\u010dena od sunca\/vetra, kao i ko\u017ena stanja kao \u0161to su ekcem i rozacea su umireni do najdubljeg nivoa.<\/span><\/p>\n<h3><b>Ko\u017ea bez infekcije<\/b><\/h3>\n<p><span style=\"font-weight: 400;\">Antifungalna i antibakterijska svojstva neutrali\u0161u svaku gljivi\u010dnu infekciju. Akne se smiruju antiinflamatornim svojstvima, bakterije se uni\u0161tavaju, a koli\u010dina ulja koju proizvode lojne \u017elezde izbalansirana, \u010dime se spre\u010dava dalje izbijanje. Pored toga, sitne pore postaju zategnute, \u010dime se smanjuje njihova veli\u010dina u celokupnom izgledu i dalje spre\u010dava za\u010depljenje velikih pora, \u010dime se dobija ko\u017ea bez fleka.<\/span><\/p>\n<h3><b>Bledi fleke, pigmentaciju i o\u017eiljke<\/b><\/h3>\n<p><span style=\"font-weight: 400;\">Prirodna ne\u017ena svojstva pilinga poma\u017eu u uklanjanju gornjeg sloja ko\u017ee, obezbe\u0111ujuc\u0301i pravilno uklanjanje mrtvih c\u0301elija ko\u017ee i efikasno smanjujuc\u0301i i poni\u0161tavajuc\u0301i pojavu fleka, pega od sunca ili staranja, o\u017eiljaka i pigmentacije, dok stimuli\u0161u regeneraciju c\u0301elija, zagla\u0111uju i posvetljuju ko\u017eu.<\/span><\/p>\n<h3><b>Za\u0161tita od UV zraka<\/b><\/h3>\n<p><span style=\"font-weight: 400;\">Poma\u017ee da se minimiziraju efekti UV zraka, stvarajuc\u0301i radikalnu neutrali\u0161uc\u0301u barijeru u koju sunce ne mo\u017ee da prodre i \u0161titi od stara\u010dkih pega povezanih sa suncem, opekotina od sunca i starenja. Imajte na umu da ovo ne negira potrebu za adekvatnom SPF za\u0161titom tokom du\u017eeg izlaganja suncu.<\/span><\/p>\n","protected":false},"excerpt":{"rendered":"<p><span style=\"font-weight: 400;\">Jogurt i krastavac, savr\u0161ena kombinacija, \u010di\u0161c\u0301enje, vla\u017eenje i piling ko\u017ee. S jedne strane, adstringentno i antiinflamatorno, istovremeno umirujuc\u0301e, antibakterijsko i obnavljanje pH ravnote\u017ee.\u00a0<\/span><\/p>\n","protected":false},"featured_media":276099,"comment_status":"open","ping_status":"closed","template":"","meta":[],"product_brand":[],"product_cat":[1200,1088],"product_tag":[],"class_list":{"0":"post-260802","1":"product","2":"type-product","3":"status-publish","4":"has-post-thumbnail","6":"product_cat-creams-sr","7":"product_cat-natural-cosmetics-sr","9":"first","10":"instock","11":"shipping-taxable","12":"purchasable","13":"product-type-simple"},"_links":{"self":[{"href":"https:\/\/nefertiti-eg.com\/sr\/wp-json\/wp\/v2\/product\/260802","targetHints":{"allow":["GET"]}}],"collection":[{"href":"https:\/\/nefertiti-eg.com\/sr\/wp-json\/wp\/v2\/product"}],"about":[{"href":"https:\/\/nefertiti-eg.com\/sr\/wp-json\/wp\/v2\/types\/product"}],"replies":[{"embeddable":true,"href":"https:\/\/nefertiti-eg.com\/sr\/wp-json\/wp\/v2\/comments?post=260802"}],"wp:featuredmedia":[{"embeddable":true,"href":"https:\/\/nefertiti-eg.com\/sr\/wp-json\/wp\/v2\/media\/276099"}],"wp:attachment":[{"href":"https:\/\/nefertiti-eg.com\/sr\/wp-json\/wp\/v2\/media?parent=260802"}],"wp:term":[{"taxonomy":"product_brand","embeddable":true,"href":"https:\/\/nefertiti-eg.com\/sr\/wp-json\/wp\/v2\/product_brand?post=260802"},{"taxonomy":"product_cat","embeddable":true,"href":"https:\/\/nefertiti-eg.com\/sr\/wp-json\/wp\/v2\/product_cat?post=260802"},{"taxonomy":"product_tag","embeddable":true,"href":"https:\/\/nefertiti-eg.com\/sr\/wp-json\/wp\/v2\/product_tag?post=260802"}],"curies":[{"name":"wp","href":"https:\/\/api.w.org\/{rel}","templated":true}]}}