{"id":260804,"date":"2020-12-26T13:02:57","date_gmt":"2020-12-26T11:02:57","guid":{"rendered":"https:\/\/nefertiti-eg.com\/shop\/\u043d\u0435\u043a\u0430\u0442\u0435\u0433\u043e\u0440\u0438\u0437\u043e\u0432\u0430\u043d\u043e\/chocolate-cream\/"},"modified":"2023-07-30T13:42:44","modified_gmt":"2023-07-30T10:42:44","slug":"chocolate-cream","status":"publish","type":"product","link":"https:\/\/nefertiti-eg.com\/sr\/shop\/creams-sr\/chocolate-cream\/","title":{"rendered":"Krema od \u010dokolade"},"content":{"rendered":"<p><span style=\"font-weight: 400;\">\u010cokolada se pravi od kakao zrna, koja su su\u0161ena, fermentisano seme kakao drveta (Theobroma cacao).<\/span><\/p>\n<p><span style=\"font-weight: 400;\">Prepuna vitamina B1, B2, B3, B5, B9 i E, esencijalnih minerala uklju\u010dujuc\u0301i magnezijum, kalcijum, sumpor, cink, gvo\u017e\u0111e, bakar, kalijum, plus beta-karoten, omega 6 masne kiseline i polifenole zvane flavonoidi (sa ogromnim antioksidativnim svojstvima ), \u010dokolada nije samo superhrana za telo, vec\u0301 i moc\u0301 za ko\u017eu.<\/span><\/p>\n<p><span style=\"font-weight: 400;\">Posebno je pogodna za suvu ko\u017eu.<\/span><\/p>\n<p><span style=\"font-weight: 400;\">Stimulativno deluje na nervni sistem, smanjuje hormone stresa i donosi osec\u0301aj blagostanja.<\/span><\/p>\n<h3><b>Vla\u017ei i o\u017eivljava dosadnu ko\u017eu<\/b><\/h3>\n<p><span style=\"font-weight: 400;\">Opterec\u0301en masnim kiselinama za ishranu ko\u017ee iznutra, protok krvi je povec\u0301an, obnavljanje ko\u017ee stimulisano, a njegova emolijentna svojstva c\u0301e o\u010duvati ravnote\u017eu vlage i oja\u010dati ko\u017enu barijeru, \u010dine\u0107i ko\u017eu mekom, razma\u017eenom i blistavom.<\/span><\/p>\n<h3><b>Smanjite pojavu celulita<\/b><\/h3>\n<p><span style=\"font-weight: 400;\">Poja\u010dani dotok krvi u ko\u017eu u\u010dvr\u0161c\u0301uje ko\u017eu i poma\u017ee u razgradnji masnog tkiva, smanjujuc\u0301i tako pojavu celulita.<\/span><\/p>\n<h3><b>Umiruje iritaciju ko\u017ee<\/b><\/h3>\n<p><span style=\"font-weight: 400;\">Prirodno antiinflamatorno, \u010dokolada je pogodna za najosetljiviju ko\u017eu i mo\u017ee pomoc\u0301i u ubla\u017eavanju bilo kakve iritacije. Prirodni vitamin E c\u0301e uravnote\u017eiti i hidratizovati, poma\u017euc\u0301i u le\u010denju ko\u017ee o\u0161tec\u0301ene ekcemom ili dermatitisom. Magnezijum c\u0301e pomoc\u0301i da se smiri i crvenilo, a cink je poznat po svojim umirujuc\u0301im svojstvima ko\u017ee, tako da su i akne tako\u0111e dobro tretirane.<\/span><\/p>\n<h3><b>Moc\u0301an antioksidans<\/b><\/h3>\n<p><span style=\"font-weight: 400;\">\u010cokolada je jedan od najbogatijih izvora antioksidanata. Ova krema c\u0301e za\u0161tititi ko\u017eu od o\u0161tec\u0301enja izazvanih slobodnim radikalima, spre\u010diti o\u0161tec\u0301enje c\u0301elija ko\u017ee, elastina, poja\u010dati protok krvi i regeneraciju novih c\u0301elija ko\u017ee i vratiti zdrav izgled. Kakao, od kojeg se pravi \u010dokolada, tako\u0111e je bolji od drugih antioksidanata za za\u0161titu ko\u017ee od plave svetlosti (svetlosti koje emituju na\u0161i telefoni, ra\u010dunari, tableti, televizori, itd.).<\/span><\/p>\n<h3><b>\u0160titi od o\u0161tec\u0301enja od sunca<\/b><\/h3>\n<p><span style=\"font-weight: 400;\">Flavonoli nude prirodnu za\u0161titu od \u0161tetnih UV zraka, ograni\u010davajuc\u0301i o\u0161tec\u0301enja uklju\u010dujuc\u0301i pigmentne mrlje, kancer i starenje.<\/span><\/p>\n<h3><b>Spre\u010dava starenje<\/b><\/h3>\n<p><span style=\"font-weight: 400;\">\u010cokolada poma\u017ee da se spre\u010di prevremeno starenje i da se uhvati u ko\u0161tac sa vec\u0301 nanetom \u0161tetom. Tako\u0111e podsti\u010de rast c\u0301elija, proizvodnju kolagena i elastina, smanje bore, a tako\u0111e deluje i kao vazodilatator koji poma\u017ee da se povec\u0301a protok krvi na povr\u0161ini ko\u017ee podsti\u010duc\u0301i zarastanje i obnavljanje, dajuc\u0301i blistaviji i mladala\u010dki izgled. Studija nau\u010dnika sa Nacionalnog univerziteta u Seulu u Koreji koja je testirala sposobnost kakaa da pomogne u spre\u010davanju bora dala je veoma pozitivne rezultate koji su objavljeni u Journal of Investigative Dermatologi, potvr\u0111ujuc\u0301i da mo\u017ee pomoc\u0301i u regulisanju zdravlja ko\u017ee i zna\u010dajnom smanjenju bora. \u0160tavi\u0161e, potvrdili su da je povec\u0301ao protok krvi i pobolj\u0161ao gustinu i hidrataciju ko\u017ee.<\/span><\/p>\n<h3><b>Smanjite pigmentaciju, o\u017eiljke i strije<\/b><\/h3>\n<p><span style=\"font-weight: 400;\">Povec\u0301anje obnove c\u0301elija poma\u017ee u regeneraciji povr\u0161ine ko\u017ee, efikasno smanjujuc\u0301i pigmentaciju, o\u017eiljke i strije.<\/span><\/p>\n","protected":false},"excerpt":{"rendered":"<p><span style=\"font-weight: 400;\">\u010cokolada, prava moc\u0301 me\u0111u proizvodima za negu ko\u017ee, puna vitamina, minerala i sastojaka koji vole ko\u017eu. Deluje kao stimulans za nervni sistem, sni\u017eava nivo hormona stresa i daje osec\u0301aj blagostanja.<\/span><\/p>\n","protected":false},"featured_media":276082,"comment_status":"open","ping_status":"closed","template":"","meta":[],"product_brand":[],"product_cat":[1200,1088],"product_tag":[],"class_list":{"0":"post-260804","1":"product","2":"type-product","3":"status-publish","4":"has-post-thumbnail","6":"product_cat-creams-sr","7":"product_cat-natural-cosmetics-sr","8":"pa_bottle-size-1000-ml-2-sr","9":"pa_bottle-size-500-ml","10":"pa_bottle-size-75-g-sr","12":"first","13":"instock","14":"shipping-taxable","15":"purchasable","16":"product-type-variable","17":"has-default-attributes"},"_links":{"self":[{"href":"https:\/\/nefertiti-eg.com\/sr\/wp-json\/wp\/v2\/product\/260804","targetHints":{"allow":["GET"]}}],"collection":[{"href":"https:\/\/nefertiti-eg.com\/sr\/wp-json\/wp\/v2\/product"}],"about":[{"href":"https:\/\/nefertiti-eg.com\/sr\/wp-json\/wp\/v2\/types\/product"}],"replies":[{"embeddable":true,"href":"https:\/\/nefertiti-eg.com\/sr\/wp-json\/wp\/v2\/comments?post=260804"}],"wp:featuredmedia":[{"embeddable":true,"href":"https:\/\/nefertiti-eg.com\/sr\/wp-json\/wp\/v2\/media\/276082"}],"wp:attachment":[{"href":"https:\/\/nefertiti-eg.com\/sr\/wp-json\/wp\/v2\/media?parent=260804"}],"wp:term":[{"taxonomy":"product_brand","embeddable":true,"href":"https:\/\/nefertiti-eg.com\/sr\/wp-json\/wp\/v2\/product_brand?post=260804"},{"taxonomy":"product_cat","embeddable":true,"href":"https:\/\/nefertiti-eg.com\/sr\/wp-json\/wp\/v2\/product_cat?post=260804"},{"taxonomy":"product_tag","embeddable":true,"href":"https:\/\/nefertiti-eg.com\/sr\/wp-json\/wp\/v2\/product_tag?post=260804"}],"curies":[{"name":"wp","href":"https:\/\/api.w.org\/{rel}","templated":true}]}}