{"id":260806,"date":"2021-08-26T11:06:13","date_gmt":"2021-08-26T09:06:13","guid":{"rendered":"https:\/\/nefertiti-eg.com\/shop\/\u043d\u0435\u043a\u0430\u0442\u0435\u0433\u043e\u0440\u0438\u0437\u043e\u0432\u0430\u043d\u043e\/handal-ointment-colocynth\/"},"modified":"2023-07-30T13:44:51","modified_gmt":"2023-07-30T10:44:51","slug":"handal-ointment-colocynth","status":"publish","type":"product","link":"https:\/\/nefertiti-eg.com\/sr\/shop\/creams-sr\/handal-ointment-colocynth\/","title":{"rendered":"Handal mast (Colocinth)"},"content":{"rendered":"<h3><b>Koristi se za:<\/b><\/h3>\n<ul>\n<li><span style=\"font-weight: 400;\"> Inflamatorne bolesti zglobova (artritis, poliartritis, artroza, giht, osteoartritis, osteohondroza).<\/span><\/li>\n<li><span style=\"font-weight: 400;\"> I\u0161ijas, lumbago.<\/span><\/li>\n<li><span style=\"font-weight: 400;\"> Bolesti ekstraartikularnih tkiva (tendovaginitis, burzitis, reumatske lezije mekih tkiva), neuralgija, mijalgija.<\/span><\/li>\n<li><span style=\"font-weight: 400;\"> Intervertebralna kila.<\/span><\/li>\n<li><span style=\"font-weight: 400;\"> Sportske povrede (uganuc\u0301a, uganuc\u0301a, rupture ligamenata, modrice).<\/span><\/li>\n<li><span style=\"font-weight: 400;\"> Bolovi i gr\u010devi u mi\u0161ic\u0301ima.<\/span><\/li>\n<li><span style=\"font-weight: 400;\"> Umor pri velikom fizi\u010dkom naporu.<\/span><\/li>\n<\/ul>\n<h3><b>Na\u010din upotrebe<\/b><\/h3>\n<p><span style=\"font-weight: 400;\">Nanesite na bolno mesto i masirajte nekoliko minuta. Preporu\u010duje se upotreba 2-3 puta dnevno.<\/span><\/p>\n<h3><b>Aktivni sastojci<\/b><\/h3>\n<p><span style=\"font-weight: 400;\">Handal (kolocint, kolokvint), shea puter, ulje crnog kima, ulje majorana, ulje eukaliptusa, ulje komora\u010da, ulje senfa, ulje \u010dili paprike.<\/span><\/p>\n","protected":false},"excerpt":{"rendered":"<p><span style=\"font-weight: 400;\">Kolocint je biljka \u010diji plodovi podsec\u0301aju na male bundeve. Biljka je otrovna i koristi se samo za spoljnu upotrebu.<br \/>\n<\/span><span style=\"font-weight: 400;\">Mast iz ove biljke je 100% prirodan proizvod koji sadr\u017ei samo prirodna i eteri\u010dna ulja. Veoma je efikasan u smanjenju bolova i upale u zglobovima i mi\u0161ic\u0301ima.<\/span><\/p>\n","protected":false},"featured_media":282595,"comment_status":"open","ping_status":"closed","template":"","meta":[],"product_brand":[],"product_cat":[1200,1135,1088],"product_tag":[],"class_list":{"0":"post-260806","1":"product","2":"type-product","3":"status-publish","4":"has-post-thumbnail","6":"product_cat-creams-sr","7":"product_cat-butter-uk-sr","8":"product_cat-natural-cosmetics-sr","9":"pa_bottle-size-50-g-sr","11":"first","12":"instock","13":"shipping-taxable","14":"purchasable","15":"product-type-variable","16":"has-default-attributes"},"_links":{"self":[{"href":"https:\/\/nefertiti-eg.com\/sr\/wp-json\/wp\/v2\/product\/260806","targetHints":{"allow":["GET"]}}],"collection":[{"href":"https:\/\/nefertiti-eg.com\/sr\/wp-json\/wp\/v2\/product"}],"about":[{"href":"https:\/\/nefertiti-eg.com\/sr\/wp-json\/wp\/v2\/types\/product"}],"replies":[{"embeddable":true,"href":"https:\/\/nefertiti-eg.com\/sr\/wp-json\/wp\/v2\/comments?post=260806"}],"wp:featuredmedia":[{"embeddable":true,"href":"https:\/\/nefertiti-eg.com\/sr\/wp-json\/wp\/v2\/media\/282595"}],"wp:attachment":[{"href":"https:\/\/nefertiti-eg.com\/sr\/wp-json\/wp\/v2\/media?parent=260806"}],"wp:term":[{"taxonomy":"product_brand","embeddable":true,"href":"https:\/\/nefertiti-eg.com\/sr\/wp-json\/wp\/v2\/product_brand?post=260806"},{"taxonomy":"product_cat","embeddable":true,"href":"https:\/\/nefertiti-eg.com\/sr\/wp-json\/wp\/v2\/product_cat?post=260806"},{"taxonomy":"product_tag","embeddable":true,"href":"https:\/\/nefertiti-eg.com\/sr\/wp-json\/wp\/v2\/product_tag?post=260806"}],"curies":[{"name":"wp","href":"https:\/\/api.w.org\/{rel}","templated":true}]}}