{"id":260808,"date":"2023-03-04T16:12:43","date_gmt":"2023-03-04T14:12:43","guid":{"rendered":"https:\/\/nefertiti-eg.com\/shop\/\u043d\u0435\u043a\u0430\u0442\u0435\u0433\u043e\u0440\u0438\u0437\u043e\u0432\u0430\u043d\u043e\/shea-butter-soap\/"},"modified":"2023-07-30T13:47:44","modified_gmt":"2023-07-30T10:47:44","slug":"shea-butter-soap","status":"publish","type":"product","link":"https:\/\/nefertiti-eg.com\/sr\/shop\/soaps-sr\/shea-butter-soap\/","title":{"rendered":"Shea buter sapun"},"content":{"rendered":"<p><span style=\"font-weight: 400;\">Nefertiti sapuni sadr\u017ee samo prirodne sastojke i ne sadr\u017ee boje, mirise, parabene, sinteti\u010dki silikon ili mineralna ulja\/naftne proizvode. \u0160tavi\u0161e, za razliku od sinteti\u010dkih sapuna, oni su biorazgradivi i nec\u0301e \u0161tetiti \u017eivotnoj sredini. Po\u0161to na\u0161i sapuni ne sadr\u017ee jake deterd\u017eente ili hemikalije, pogodni su za upotrebu na licu, telu i kosi.<\/span><\/p>\n<h3><b>ZA\u0160TO ODABRATI SAPUN SHEA BUTER?<\/b><\/h3>\n<p><span style=\"font-weight: 400;\">Shea buter je pun masnih kiselina zbog \u010dega je tako odli\u010dan hidratant. Hemijski sastav uklju\u010duje stearinsku kiselinu, linolnu kiselinu, palmitinsku kiselinu, alantoin, cimetnu kiselinu, beta-karotin i vitamine A, E, F. Od hidratacije do prevencije akni, Shea Butter Sapun je jedan od najboljih prirodnih lekova za ko\u017ena oboljenja, poma\u017ee da umiruje i regeneri\u0161e o\u0161tec\u0301enu ko\u017eu, umanjuje i \u0161titi od znakova preranog starenja, plus poma\u017ee da se tamne mrlje i o\u017eiljci minimiziraju. Elimini\u0161e perut, pored toga \u0161to hidrira i hrani ko\u017eu glave i kosu kako bi revitalizovao dosadnu ili lomljivu kosu i za\u0161titio od daljeg o\u0161tec\u0301enja.<\/span><\/p>\n<h3><b>KOJE SU PREDNOSTI SAPUNA SA SHEA BUTEROM?<\/b><\/h3>\n<h3><b><i>SHEA BUTER SAPUN ODLI\u010cNO HIDRIRA<\/i><\/b><\/h3>\n<p><span style=\"font-weight: 400;\">Hranljive masne kiseline pru\u017eaju ekstremnu hidrataciju i lako upijaju u ko\u017eu. Kao prirodni emolijens poma\u017ee u stvaranju za\u0161titne barijere na ko\u017ei koja zadr\u017eava vlagu. Redovna upotreba Shea Butter sapuna c\u0301e zadr\u017eati ko\u017eu hidriranom i delova\u0107e na svim suvim delovima kao \u0161to su kolena i laktovi.<\/span><\/p>\n<h3><b><i>SAPUN SHEA BUTER SMIRUJE O\u0160TEC\u0301ENU KO\u017dU<\/i><\/b><\/h3>\n<p><span style=\"font-weight: 400;\">Shea buter je dobro poznat po svojim lekovitim svojstvima i sposobnosti da izazove regeneraciju ko\u017ee, \u0161to ga \u010dini savr\u0161enim za o\u0161tec\u0301enu ili osetljivu ko\u017eu. Njegova antiinflamatorna svojstva mogu pomoc\u0301i u ubla\u017eavanju crvenila, iritacije i svraba za ubla\u017eavanje psorijaze, ekcema, dermatitisa i alergijskih reakcija, dok stimuli\u0161e zarastanje ili ispucalu, ispucalu ili izgorenu ko\u017eu (uklju\u010dujuc\u0301i opekotine od vetra\/sunca i blage opekotine u domac\u0301instvu). Shea buter sapun je tako\u0111e prirodni lek za akne i akne, ispira prljav\u0161tinu i ne\u010distoc\u0301e iz pora, dok njegova antibakterijska svojstva i svojstva balansiranja sebuma poma\u017eu u spre\u010davanju infekcija i prekomerne proizvodnje ulja. Tako\u0111e je idealan za re\u0161avanje osipa od pelena kod beba i za ubla\u017eavanje pucanja na delikatnim mestima.<\/span><\/p>\n<h3><b><i>SAPUN SHEA BUTER UJEDNA\u010cAVA TEN<\/i><\/b><\/h3>\n<p><span style=\"font-weight: 400;\">Cimetna kiselina u sapunu od \u0161i putera mo\u017ee pomoc\u0301i da se promeni na\u010din na koji c\u0301elije reaguju na UV zrake i produ\u017ei vreme koje je potrebno za razvoj pega od sunca i stara\u010dkih pega, pored toga \u0161to smanjuje zatamnjenje o\u017eiljaka kao \u0161to su tragovi akni. Stimulisanjem regeneracije ko\u017ee tako\u0111e mo\u017ee pomoc\u0301i da se minimizira postojec\u0301a promena boje i podstakne ujedna\u010den ton ko\u017ee.<\/span><\/p>\n<h3><b><i>SAPUN SHEA BUTER REGENERI\u0160E KO\u017dU<\/i><\/b><\/h3>\n<p><span style=\"font-weight: 400;\">Shea butter sapun povec\u0301ava cirkulaciju, pru\u017ea ogromnu ishranu i podsti\u010de regeneraciju ko\u017ee i stoga je lek za tupu ko\u017eu, pru\u017eajuc\u0301i zdrav blistav sjaj.<\/span><\/p>\n<h3><b><i>SAPUN SHEA BUTER SMANJUJE PODO\u010cNJAKE<\/i><\/b><\/h3>\n<p><span style=\"font-weight: 400;\">Shea buter sapun je dovoljno ne\u017ean za kori\u0161c\u0301enje na licu i oko osetljivog podru\u010dja oko o\u010diju. Anti-inflamatorna i antioksidativna svojstva sapuna od \u0161i putera, plus njegova sposobnost da poja\u010da cirkulaciju krvi, zadr\u017ei vlagu i podstakne regeneraciju c\u0301elija, poma\u017eu u smanjenju tamnih krugova i nadutosti ispod o\u010diju.<\/span><\/p>\n<h3><b><i>SHEA BUTER SAPUN JE ODLI\u010cAN ZA BRIJANJE<\/i><\/b><\/h3>\n<p><span style=\"font-weight: 400;\">Shea buter sapun je savr\u0161en za brijanje. Omek\u0161ava grubu i suvu ko\u017eu, elimini\u0161e sve bakterije na ko\u017ei, plus smiruje posekotine ili upale i \u0161titi od infekcije.<\/span><\/p>\n<h3><b><i>SHEA BUTER SAPUN PROTIV STARENJA<\/i><\/b><\/h3>\n<p><span style=\"font-weight: 400;\">Shea buter sapun pobolj\u0161ava nivo hidratacije, povec\u0301ava mekoc\u0301u i fleksibilnost ko\u017ee, promovi\u0161e kolagen, podr\u017eava elasti\u010dnost ko\u017ee, povec\u0301ava cirkulaciju krvi i podsti\u010de regeneraciju c\u0301elija ko\u017ee, \u010dime poma\u017ee u smanjenju pojave bora i finih linija. Tako\u0111e se mo\u017ee pohvaliti sna\u017enim antioksidativnim delovanjem za za\u0161titu od slobodnih radikala i ranog starenja.<\/span><\/p>\n<h3><b><i>SAPUN SHEA BUTER ZA ZDRAVU KOSU<\/i><\/b><\/h3>\n<p><span style=\"font-weight: 400;\">Shea buter sapun pru\u017ea hidrataciju vlasi\u0161tu i elimini\u0161e svrab, iritaciju, suvoc\u0301u i lju\u0161tenje. Antifungalna svojstva tako\u0111e mogu da otklone perut. Tako\u0111e hrani i vla\u017ei kosu od korena do vrhova i mo\u017ee da popravi, spre\u010di ili smanji suvoc\u0301u i lomljivost i kontroli\u0161e kovrd\u017eanje.<\/span><\/p>\n","protected":false},"excerpt":{"rendered":"<p><span style=\"font-weight: 400;\">Koristi se ve\u0107 vekovima od strane \u017eena Afrike za za\u0161titu i tretiranje \u0161tetnih efekata sunca i surovih pustinjskih uslova, Shea buter je melem za kosu i ko\u017eu. Duboko hidrira, ima umirujuc\u0301a, antiinflamatorna i regenerativna svojstva i mo\u017ee pomoc\u0301i kod brojnih stanja ko\u017ee. Smiruje i regeneri\u0161e o\u0161tec\u0301enu ko\u017eu, osim \u0161to pru\u017ea za\u0161titu od oksidativnog stresa, akni, dehidrirane, suve i ispucale ko\u017ee i ekcema. Sli\u010dno, hidrira i revitalizuje dosadnu ili lomljivu kosu.<\/span><\/p>\n","protected":false},"featured_media":274076,"comment_status":"open","ping_status":"closed","template":"","meta":[],"product_brand":[],"product_cat":[1136],"product_tag":[],"class_list":{"0":"post-260808","1":"product","2":"type-product","3":"status-publish","4":"has-post-thumbnail","6":"product_cat-soaps-sr","7":"pa_bottle-size-100-g-sr","9":"first","10":"outofstock","11":"shipping-taxable","12":"purchasable","13":"product-type-variable"},"_links":{"self":[{"href":"https:\/\/nefertiti-eg.com\/sr\/wp-json\/wp\/v2\/product\/260808","targetHints":{"allow":["GET"]}}],"collection":[{"href":"https:\/\/nefertiti-eg.com\/sr\/wp-json\/wp\/v2\/product"}],"about":[{"href":"https:\/\/nefertiti-eg.com\/sr\/wp-json\/wp\/v2\/types\/product"}],"replies":[{"embeddable":true,"href":"https:\/\/nefertiti-eg.com\/sr\/wp-json\/wp\/v2\/comments?post=260808"}],"wp:featuredmedia":[{"embeddable":true,"href":"https:\/\/nefertiti-eg.com\/sr\/wp-json\/wp\/v2\/media\/274076"}],"wp:attachment":[{"href":"https:\/\/nefertiti-eg.com\/sr\/wp-json\/wp\/v2\/media?parent=260808"}],"wp:term":[{"taxonomy":"product_brand","embeddable":true,"href":"https:\/\/nefertiti-eg.com\/sr\/wp-json\/wp\/v2\/product_brand?post=260808"},{"taxonomy":"product_cat","embeddable":true,"href":"https:\/\/nefertiti-eg.com\/sr\/wp-json\/wp\/v2\/product_cat?post=260808"},{"taxonomy":"product_tag","embeddable":true,"href":"https:\/\/nefertiti-eg.com\/sr\/wp-json\/wp\/v2\/product_tag?post=260808"}],"curies":[{"name":"wp","href":"https:\/\/api.w.org\/{rel}","templated":true}]}}