{"id":260810,"date":"2023-03-16T16:02:30","date_gmt":"2023-03-16T14:02:30","guid":{"rendered":"https:\/\/nefertiti-eg.com\/shop\/\u043d\u0435\u043a\u0430\u0442\u0435\u0433\u043e\u0440\u0438\u0437\u043e\u0432\u0430\u043d\u043e\/rose-soap\/"},"modified":"2023-07-30T13:50:31","modified_gmt":"2023-07-30T10:50:31","slug":"rose-soap","status":"publish","type":"product","link":"https:\/\/nefertiti-eg.com\/sr\/shop\/soaps-sr\/rose-soap\/","title":{"rendered":"Sapun od ru\u017ee"},"content":{"rendered":"<p><span style=\"font-weight: 400;\">Nefertiti sapuni sadr\u017ee samo prirodne sastojke i ne sadr\u017ee boje, mirise, parabene, sinteti\u010dki silikon ili mineralna ulja\/naftne proizvode. \u0160tavi\u0161e, za razliku od sinteti\u010dkih sapuna, oni su biorazgradivi i nec\u0301e \u0161tetiti \u017eivotnoj sredini. Po\u0161to na\u0161i sapuni ne sadr\u017ee jake deterd\u017eente ili hemikalije, pogodni su za upotrebu na licu, telu i kosi.<\/span><\/p>\n<h3><b>ZA\u0160TO ODABRATI RU\u017dIN SAPUN?<\/b><\/h3>\n<p><span style=\"font-weight: 400;\">Ru\u017ein sapun je bogat terpenima, glikozidima, flavonoidima i antocijaninima i sadr\u017ei karboksilnu kiselinu, mircen, vitamine A, C i K plus vitamine B, kempferol, kvercetin, beta-karoten, likopen i omega-6 i omega-9 masne kiseline u kao dodatak visokim nivoima minerala, kao \u0161to su kalijum i gvo\u017e\u0111e. Glavne komponente ulja su b-citronelol (14,5-47,5%), nonadekan (10,5-40,5%), geraniol (5,5-18%) i nerol. Prema istra\u017eivanju Tehnolo\u0161kog univerziteta Sharif, ru\u017ea sadr\u017ei 95 makro- i mikro komponenti. Obilje fenolnih jedinjenja daju ru\u017ei lekovite prednosti i \u010dine je idealnim proizvodom za negu ko\u017ee.<\/span><\/p>\n<h3><b>KOJE SU PREDNOSTI SAPUNA OD RU\u017dE?<\/b><\/h3>\n<h3><b><i>AROMA RU\u017dE PODI\u017dE RASPOLO\u017dENJE<\/i><\/b><\/h3>\n<p><span style=\"font-weight: 400;\">Aroma ru\u017ee je moc\u0301an poja\u010diva\u010d raspolo\u017eenja. Smirujuc\u0301i i umirujuc\u0301i, poznato je da smanjuje nivo hormona stresa kortizola u krvi, kao i da stimuli\u0161e osloba\u0111anje hemikalije zvane dopamin za koju se veruje da je klju\u010dna u smanjenju simptoma depresije. Dalje stimuli\u0161e mozak da osloba\u0111a endorfine, hormone za \u201edobar osec\u0301aj\u201c. Aroma ru\u017ee poma\u017ee u otklanjanju depresije, stresa, nervne napetosti i mentalnog umora, podi\u017ee samopouzdanje i balansira emocije.<\/span><\/p>\n<h3><b><i>RU\u017dIN SAPUN POMA\u017dE O\u0160TEC\u0301ENOJ KO\u017dI<\/i><\/b><\/h3>\n<p><span style=\"font-weight: 400;\">Ru\u017ein sapun ne\u017eno eksfolira i uklanja prljav\u0161tinu i druge ne\u010distoc\u0301e sa ko\u017ee. Stimuli\u0161e mikrocirkulaciju kako bi se povec\u0301ala ishrana ko\u017ee i efikasno hrani, omek\u0161ava i tonizira ko\u017eu i uklanja svaki osec\u0301aj suvoc\u0301e. Ru\u017ein sapun poma\u017ee u le\u010denju i popravljanju stanja ko\u017ee kao \u0161to su ekcem, rozacea, psorijaza, osip i infekcije, ubla\u017eava crvenilo, upalu i iritaciju ko\u017ee, plus njegov emolijentni efekat je savr\u0161en za rehidrataciju suve ko\u017ee. Ja\u010da i stimuli\u0161e c\u0301elije ko\u017ee i podsti\u010de regeneraciju ko\u017ee.<\/span><\/p>\n<p><span style=\"font-weight: 400;\">Osetljivost ko\u017ee ili izbijanje \u010desto mo\u017ee biti izazvano poremec\u0301enom pH ravnote\u017eom na ko\u017ei. Ru\u017ein sapun poma\u017ee u odr\u017eavanju prirodne pH ravnote\u017ee ko\u017ee, dok baktericidna i antisepti\u010dka svojstva \u0161tite od infekcije.<\/span><\/p>\n<h3><b><i>RU\u017dIN SAPUN DELUJE NA AKNE<\/i><\/b><\/h3>\n<p><span style=\"font-weight: 400;\">Ru\u017ein sapun je efikasan \u010dista\u010d i adstringent za uklanjanje vi\u0161ka ulja i prljav\u0161tine sa ko\u017ee, \u010di\u0161c\u0301enje za\u010depljenih pora i toniranje ko\u017ee. Poma\u017ee u balansiranju proizvodnje sebuma, dok antiinflamatorno, antibakterijsko i zarastanje rana umiruje i le\u010di ko\u017eu sklonu aknama i uni\u0161tava bakterije propionibacterium acnes koje izazivaju akne.<\/span><\/p>\n<h3><b><i>RU\u017dIN SAPUN KORISTI ZRELOJ KO\u017dI<\/i><\/b><\/h3>\n<p><span style=\"font-weight: 400;\">Ru\u017ein sapun sadr\u017ei jake antioksidante koji mogu pomoc\u0301i u za\u0161titi od preranog starenja. Stimuli\u0161e proizvodnju kolagena, odr\u017eava i pobolj\u0161ava elasti\u010dnost ko\u017ee i nivoe hidratacije i ima laganu akciju podizanja koja poma\u017ee u smanjenju pojave finih linija i bora.<\/span><\/p>\n<h3><b><i>SAPUN OD RU\u017dE UMANJUJE PODO\u010cNJAKE<\/i><\/b><\/h3>\n<p><span style=\"font-weight: 400;\">Anti-inflamatorni efekti u kombinaciji sa sposobno\u0161c\u0301u da stimuli\u0161u mikrocirkulaciju mogu pomoc\u0301i da se uklone podo\u010dnjaci, kao i da se doda zdrav sjaj ko\u017ei i posvetli ceo ten.<\/span><\/p>\n<h3><b><i>SAPUN OD RU\u017dE ZA UKO\u010cENE ILI BOLNE MI\u0160IC\u0301E<\/i><\/b><\/h3>\n<p><span style=\"font-weight: 400;\">Ru\u017ein sapun ima sna\u017eno antiinflamatorno dejstvo i mo\u017ee pomoc\u0301i u ubla\u017eavanju uko\u010denih i bolnih mi\u0161ic\u0301a kada se umasira u zahvac\u0301eno podru\u010dje tokom tople kupke ili tu\u0161iranja.<\/span><\/p>\n<h3><b><i>RU\u017dIN SAPUN ZA ZDRAVU KOSU<\/i><\/b><\/h3>\n<p><span style=\"font-weight: 400;\">Ru\u017ein sapun c\u0301e pomoc\u0301i da se ubla\u017ei suvoc\u0301a, masnoc\u0301a ili infekcija vlasi\u0161ta, uklju\u010dujuc\u0301i perut i dermatitis. Hrani kosu iz folikula i poma\u017ee u deblokiranju folikula koji bi ina\u010de mogli da dovedu do opadanja ili gubitka kose, promovi\u0161uc\u0301i zdraviju i ja\u010du kosu sa dodatnim volumenom. Ne\u017eno umasiranje sapuna u ko\u017eu glave tako\u0111e c\u0301e povec\u0301ati cirkulaciju krvi kako bi se podstakao rast.<\/span><\/p>\n","protected":false},"excerpt":{"rendered":"<p><span style=\"font-weight: 400;\">Ru\u017ea, poznata i kao Kraljica ba\u0161te i nebeski cvet, kori\u0161c\u0301ena je od davnina zbog svojih terapeutskih svojstava. Divna aroma ubla\u017eava depresiju i stres. Ru\u017ein sapun umiruje i hrani ko\u017eu, smanjuje upale, podsti\u010de proizvodnju kolagena i regeneraciju ko\u017ee, plus ima efekat laganog podizanja.<\/span><\/p>\n","protected":false},"featured_media":274092,"comment_status":"open","ping_status":"closed","template":"","meta":[],"product_brand":[],"product_cat":[1136],"product_tag":[],"class_list":{"0":"post-260810","1":"product","2":"type-product","3":"status-publish","4":"has-post-thumbnail","6":"product_cat-soaps-sr","7":"pa_bottle-size-100-g-sr","9":"first","10":"instock","11":"shipping-taxable","12":"purchasable","13":"product-type-variable"},"_links":{"self":[{"href":"https:\/\/nefertiti-eg.com\/sr\/wp-json\/wp\/v2\/product\/260810","targetHints":{"allow":["GET"]}}],"collection":[{"href":"https:\/\/nefertiti-eg.com\/sr\/wp-json\/wp\/v2\/product"}],"about":[{"href":"https:\/\/nefertiti-eg.com\/sr\/wp-json\/wp\/v2\/types\/product"}],"replies":[{"embeddable":true,"href":"https:\/\/nefertiti-eg.com\/sr\/wp-json\/wp\/v2\/comments?post=260810"}],"wp:featuredmedia":[{"embeddable":true,"href":"https:\/\/nefertiti-eg.com\/sr\/wp-json\/wp\/v2\/media\/274092"}],"wp:attachment":[{"href":"https:\/\/nefertiti-eg.com\/sr\/wp-json\/wp\/v2\/media?parent=260810"}],"wp:term":[{"taxonomy":"product_brand","embeddable":true,"href":"https:\/\/nefertiti-eg.com\/sr\/wp-json\/wp\/v2\/product_brand?post=260810"},{"taxonomy":"product_cat","embeddable":true,"href":"https:\/\/nefertiti-eg.com\/sr\/wp-json\/wp\/v2\/product_cat?post=260810"},{"taxonomy":"product_tag","embeddable":true,"href":"https:\/\/nefertiti-eg.com\/sr\/wp-json\/wp\/v2\/product_tag?post=260810"}],"curies":[{"name":"wp","href":"https:\/\/api.w.org\/{rel}","templated":true}]}}