{"id":260814,"date":"2023-03-04T16:21:45","date_gmt":"2023-03-04T14:21:45","guid":{"rendered":"https:\/\/nefertiti-eg.com\/shop\/\u043d\u0435\u043a\u0430\u0442\u0435\u0433\u043e\u0440\u0438\u0437\u043e\u0432\u0430\u043d\u043e\/mint-soap\/"},"modified":"2023-07-30T13:56:00","modified_gmt":"2023-07-30T10:56:00","slug":"mint-soap","status":"publish","type":"product","link":"https:\/\/nefertiti-eg.com\/sr\/shop\/soaps-sr\/mint-soap\/","title":{"rendered":"Sapun od nane"},"content":{"rendered":"<p><span style=\"font-weight: 400;\">Nefertiti sapuni sadr\u017ee samo prirodne sastojke i ne sadr\u017ee boje, mirise, parabene, sinteti\u010dki silikon ili mineralna ulja\/naftne proizvode. \u0160tavi\u0161e, za razliku od sinteti\u010dkih sapuna, oni su biorazgradivi i nec\u0301e \u0161tetiti \u017eivotnoj sredini. Po\u0161to na\u0161i sapuni ne sadr\u017ee jake deterd\u017eente ili hemikalije, pogodni su za upotrebu na licu, telu i kosi.<\/span><\/p>\n<h3><b>ZA\u0160TO ODABRATI SAPUN OD NANE?<\/b><\/h3>\n<p><span style=\"font-weight: 400;\">Ulje nane sadr\u017ei velike koli\u010dine vitamina A, C, B12, folne kiseline, tiamina i riboflavina, kao i minerale uklju\u010dujuc\u0301i kalcijum, bakar, folat, fluor, gvo\u017e\u0111e, mangan, fosfor, kalijum, selen i cink, plus omega-3 masne kiseline kiseline. Glavni hemijski sastojci su mentol, menton, (+\/-)-mentil acetat, 1,8-cineol, izovalerat, limonen, beta-pinen i beta-kariofilen, pri \u010demu su najaktivniji sastojci mentol i menton. Ove prirodne komponente obezbe\u0111uju antibakterijsko (uklju\u010dujuc\u0301i Staphilococcus aureus), antivirusno, antifungalno, parazitcidno (\u0161uga), antiinflamatorno, rashla\u0111ujuc\u0301e dejstvo, deluje protiv svraba i obnavlja ko\u017eu.<\/span><\/p>\n<h3><b>KOJE SU PREDNOSTI SAPUNA NANE?<\/b><\/h3>\n<h3><b><i>SAPUN OD NANE PRU\u017dA SAVR\u0160EN JUTARNJI POZIV ZA BU\u0110ENJE<\/i><\/b><\/h3>\n<p><span style=\"font-weight: 400;\">Sve\u017ea energizirajuc\u0301a aroma sapuna od nane uklanja osec\u0301aj umora i o\u017eivljava um i telo, pru\u017eajuc\u0301i sna\u017ean efekat bu\u0111enja. Pobolj\u0161ava mentalnu jasnoc\u0301u i smiruje osec\u0301aj stresa i anksioznosti.<\/span><\/p>\n<h3><b><i>SAPUN OD NANE SMIRUJE OSIPE I ZAPALJENA KO\u017dE<\/i><\/b><\/h3>\n<p><span style=\"font-weight: 400;\">Pepermint hladi i umiruje ko\u017eu i deluje na sli\u010dan na\u010din kao i antihistaminici za smirivanje alergijskih osipa kao \u0161to su osip od koprive i kontaktni dermatitis. \u010cisti ko\u017eu, smanjuje otok i crvenilo i ubla\u017eava svrab. Mentol je odgovoran za osec\u0301aj hla\u0111enja i posebno je koristan za ubla\u017eavanje toplotnog osipa, opekotina od sunca i vodenih boginja. Mala studija je pokazala efikasnost ulja od peperminta da mo\u017ee da pru\u017ei olak\u0161anje kod hroni\u010dnog svraba. Tako\u0111e olak\u0161ava ujede insekata i poznat je kao prirodno re\u0161enje za ujede stenica i \u0161uge. \u0160tavi\u0161e, efikasan je i protiv virusa herpes simpleksa koji izaziva herpes.<\/span><\/p>\n<h3><b><i>SAPUN OD NANE \u010cISTI KO\u017dU<\/i><\/b><\/h3>\n<p><span style=\"font-weight: 400;\">Sapun od nane ima adstringentno dejstvo, efikasno \u010disti i pro\u010di\u0161c\u0301ava ko\u017eu. Ot\u010depljuje pore, efikasno uklanja prljav\u0161tinu, sebum i druge ne\u010distoc\u0301e, a tako\u0111e poma\u017ee da se minimiziraju velike ili otvorene pore. Svojim antibakterijskim i antisepti\u010dkim svojstvima elimini\u0161e bakterije koje izazivaju akne, dok antiinflamatorno dejstvo smanjuje otok i crvenilo. Prirodne komponente salicilne kiseline i vitamina A poma\u017eu u regulisanju proizvodnje sebuma, spre\u010davajuc\u0301i na taj na\u010din nakupljanje koje mo\u017ee dovesti do izbijanja akni. Pepermint podsti\u010de zarastanje i mo\u017ee pomoc\u0301i u smanjenju o\u017eiljaka.<\/span><\/p>\n<h3><b><i>SAPUN OD NANE HIDRIRA KO\u017dU<\/i><\/b><\/h3>\n<p><span style=\"font-weight: 400;\">Ovaj sapun efikasno hidrira ko\u017eu, plus mo\u017ee pomoc\u0301i da se zadr\u017ei vlaga, kao i da reguli\u0161e kontrolu sebuma kako bi ko\u017ea bila adekvatno hidrirana.<\/span><\/p>\n<h3><b><i>SAPUN OD NANE PROTIV STARENJA<\/i><\/b><\/h3>\n<p><span style=\"font-weight: 400;\">Mint sapun sadr\u017ei antioksidante koji mogu za\u0161tititi od o\u0161tec\u0301enja slobodnih radikala i pobolj\u0161ati cirkulaciju krvi. Tako\u0111e poma\u017ee u toniziranju ko\u017ee, usporavajuc\u0301i stvaranje finih linija i bora i smanjujuc\u0301i njihov izgled.<\/span><\/p>\n<h3><b><i>SAPUN OD NANE POSVETLJUJE TEN<\/i><\/b><\/h3>\n<p><span style=\"font-weight: 400;\">Sapun od mente ima energi\u010dan efekat na ko\u017eu, kao i na um, i mo\u017ee da smanji dosadnu umornu ko\u017eu i podstakne svetliji ten.<\/span><\/p>\n<h3><b><i>SAPUN OD NANE PODSTI\u010cE ZACELJENJE RANA<\/i><\/b><\/h3>\n<p><span style=\"font-weight: 400;\">Antibakterijska, antisepti\u010dka, antiinflamatorna i zaceljiva\u010dka svojstva sapuna od mente su savr\u0161ena za ko\u017eu koja pati od posekotina i ogrebotina, ko\u017enih tegoba, manjih opekotina u domac\u0301instvu ili opekotina od sunca, dok svojstvo hla\u0111enja deluje kao analgetik za smanjenje nelagodnosti.<\/span><\/p>\n<h3><b><i>SAPUN OD NANE JE IDEALAN ZA BRIJANJE<\/i><\/b><\/h3>\n<p><span style=\"font-weight: 400;\">Sapun od nane prirodno hladi i tonira ko\u017eu, \u0161to ga, uz njegova antiinflamatorna, antifungalna, antimikrobna i lekovita svojstva, \u010dini idealnim sapunom za brijanje. Tako\u0111e mo\u017ee pomoc\u0301i u spre\u010davanju uraslih dla\u010dica, smirivanju iritacije ko\u017ee i za\u0161titi od infekcije u slu\u010daju bilo kakvih rana ili posekotina.<\/span><\/p>\n<h3><b><i>SAPUN OD NANE ZA ZDRAVU KOSU<\/i><\/b><\/h3>\n<p><span style=\"font-weight: 400;\">Sapun od nane mo\u017ee ohladiti i umiriti ko\u017eu glave, i ubla\u017eava svrab. Ne\u017eno \u010disti ko\u017eu glave, uklanja ne\u010distoc\u0301e, prljav\u0161tinu, plus spre\u010dava suvoc\u0301u, perut i seboroi\u010dni dermatitis. Stimuli\u0161e ko\u017eu glave i povec\u0301ava cirkulaciju krvi, ja\u010da koren kose, smanjuje gubitak kose i pobolj\u0161ava rast i debljinu kose. <\/span><\/p>\n","protected":false},"excerpt":{"rendered":"<p><span style=\"font-weight: 400;\">Sapun od nane je savr\u0161en na\u010din da zapo\u010dnete dan jer ima sna\u017ean efekat energije i o\u017eivljavanja. Smiruje, osve\u017eava i tonira ko\u017eu, smiruje upalna stanja ko\u017ee, smanjuje otok, pospe\u0161uje zarastanje rana i ubla\u017eava svrab, alergijske osip i akne.<\/span><\/p>\n","protected":false},"featured_media":274116,"comment_status":"open","ping_status":"closed","template":"","meta":[],"product_brand":[],"product_cat":[1136],"product_tag":[],"class_list":{"0":"post-260814","1":"product","2":"type-product","3":"status-publish","4":"has-post-thumbnail","6":"product_cat-soaps-sr","7":"pa_bottle-size-100-g-sr","9":"first","10":"instock","11":"shipping-taxable","12":"purchasable","13":"product-type-variable"},"_links":{"self":[{"href":"https:\/\/nefertiti-eg.com\/sr\/wp-json\/wp\/v2\/product\/260814","targetHints":{"allow":["GET"]}}],"collection":[{"href":"https:\/\/nefertiti-eg.com\/sr\/wp-json\/wp\/v2\/product"}],"about":[{"href":"https:\/\/nefertiti-eg.com\/sr\/wp-json\/wp\/v2\/types\/product"}],"replies":[{"embeddable":true,"href":"https:\/\/nefertiti-eg.com\/sr\/wp-json\/wp\/v2\/comments?post=260814"}],"wp:featuredmedia":[{"embeddable":true,"href":"https:\/\/nefertiti-eg.com\/sr\/wp-json\/wp\/v2\/media\/274116"}],"wp:attachment":[{"href":"https:\/\/nefertiti-eg.com\/sr\/wp-json\/wp\/v2\/media?parent=260814"}],"wp:term":[{"taxonomy":"product_brand","embeddable":true,"href":"https:\/\/nefertiti-eg.com\/sr\/wp-json\/wp\/v2\/product_brand?post=260814"},{"taxonomy":"product_cat","embeddable":true,"href":"https:\/\/nefertiti-eg.com\/sr\/wp-json\/wp\/v2\/product_cat?post=260814"},{"taxonomy":"product_tag","embeddable":true,"href":"https:\/\/nefertiti-eg.com\/sr\/wp-json\/wp\/v2\/product_tag?post=260814"}],"curies":[{"name":"wp","href":"https:\/\/api.w.org\/{rel}","templated":true}]}}