{"id":260816,"date":"2023-03-04T16:30:54","date_gmt":"2023-03-04T14:30:54","guid":{"rendered":"https:\/\/nefertiti-eg.com\/shop\/\u043d\u0435\u043a\u0430\u0442\u0435\u0433\u043e\u0440\u0438\u0437\u043e\u0432\u0430\u043d\u043e\/lemon-soap\/"},"modified":"2023-07-30T13:58:31","modified_gmt":"2023-07-30T10:58:31","slug":"lemon-soap","status":"publish","type":"product","link":"https:\/\/nefertiti-eg.com\/sr\/shop\/soaps-sr\/lemon-soap\/","title":{"rendered":"Sapun od limuna"},"content":{"rendered":"<p><span style=\"font-weight: 400;\">Nefertiti sapuni sadr\u017ee samo prirodne sastojke i ne sadr\u017ee boje, mirise, parabene, sinteti\u010dki silikon ili mineralna ulja\/naftne proizvode. \u0160tavi\u0161e, za razliku od sinteti\u010dkih sapuna, oni su biorazgradivi i nec\u0301e \u0161tetiti \u017eivotnoj sredini. Po\u0161to na\u0161i sapuni ne sadr\u017ee jake deterd\u017eente ili hemikalije, pogodni su za upotrebu na licu, telu i kosi.<\/span><\/p>\n<h3><b>ZA\u0160TO ODABRATI SAPUN OD LIMUNA?<\/b><\/h3>\n<p><span style=\"font-weight: 400;\">Limun je magi\u010dna kombinacija esencijalnih vitamina i minerala, koja sadr\u017ei divne komponente kao \u0161to su beta-karoten, vitamini B, C, K, folna kiselina, kalijum, kalcijum, natrijum, fosfor, magnezijum, cink, gvo\u017e\u0111e, mangan, bakar i selen, plus citronal, kamfen, citral, aldehidi, terpineol, limonen i linalil acetat &#8211; epska me\u0161avina za blistavu zdravu ko\u017eu. Zajedno pru\u017eaju slede\u0107a dejstva &#8211; antiinflamatorne, antimikrobne, antibakterijske, antisepti\u010dke, antireumatske, antivirusne i antiskleroti\u010dne.<\/span><\/p>\n<h3><b><i>SAPUN OD LIMUNA PODI\u017dE RASPOLO\u017dENJE I UBLA\u017dAVA STRES<\/i><\/b><\/h3>\n<p><span style=\"font-weight: 400;\">Osve\u017eavajuc\u0301i i o\u017eivljavajuc\u0301i, limunov sapun ima dezodorirajuc\u0301a svojstva i odr\u017eavac\u0301e vas sve\u017eim tokom celog dana. \u0160tavi\u0161e, energizirajuc\u0301a aroma citrusa c\u0301e pobolj\u0161ati i podic\u0301i raspolo\u017eenje, elimini\u0161uc\u0301i umor i smirujuc\u0301i anksioznost, stres i iritaciju.<\/span><\/p>\n<h3><b><i>SAPUN OD LIMUNA POSVTLJUJE KO\u017dU<\/i><\/b><\/h3>\n<p><span style=\"font-weight: 400;\">Limunski sapun ima ne\u017eno dejstvo pilinga za uklanjanje prljav\u0161tine i mrtvih c\u0301elija ko\u017ee. Hrani ko\u017eu i podr\u017eava zdravu ko\u017eu kako bi dao efekat posvetljivanja otkrivanjem prirodnog sjaja ko\u017ee.<\/span><\/p>\n<h3><b><i>SAPUN OD LIMUNA SMIRUJE AKNE<\/i><\/b><\/h3>\n<p><span style=\"font-weight: 400;\">Limunski sapun je prirodni adstringent sa antibakterijskim i antifungalnim svojstvima. Ne\u017eno eksfolira i \u010disti ko\u017eu, ispira prljav\u0161tinu, bakterije, sebum i druge ne\u010distoc\u0301e iz pora, a tako\u0111e smanjuje velike ili otvorene pore. Dalje sadr\u017ei L-askorbinsku kiselinu koja isu\u0161uje ko\u017eu od vi\u0161ka masnoc\u0301e i reguli\u0161e proizvodnju sebuma. Limunski sapun smiruje upale i crvenilo, uravnote\u017euje pH nivo ko\u017ee i elimini\u0161e bakterije, smanjujuc\u0301i tako akne i fleke, i ujedno \u0161titi od daljeg izbijanja akni. \u0160tavi\u0161e, podsti\u010de zarastanje rana i tako\u0111e ima efekat osvetljavanja na postojec\u0301e o\u017eiljke od akni.<\/span><\/p>\n<h3><b><i>SAPUN OD LIMUNA UJEDNA\u010cAVA TEN\u00a0<\/i><\/b><\/h3>\n<p><span style=\"font-weight: 400;\">Vitamin C i limunska kiselina u sapunu od limuna su savr\u0161eni duo za posvetljivanje ko\u017ee i ujedna\u010davanje tena, bledi fleke i smanjuje pigmentacije izazvanih godinama ili suncem. Vitamin C je moc\u0301an antioksidans za neutralizaciju slobodnih radikala i podsticanje proizvodnje kolagena i podmla\u0111ivanje ko\u017ee, dok limunska kiselina eksfolira i ujedna\u010dava ten.<\/span><\/p>\n<h3><b><i>SAPUN OD LIMUNA ZATE\u017dE KO\u017dU<\/i><\/b><\/h3>\n<p><span style=\"font-weight: 400;\">Svojstva pilinga i povec\u0301anja kolagena vitamina C i limunske kiseline ih tako\u0111e \u010dine moc\u0301nim sastojcima protiv starenja jer \u0161tite od o\u0161tec\u0301enja slobodnih radikala i spre\u010davaju prerano starenje, pored popravljanja i obnavljanja ko\u017ee i ja\u010danja proizvodnje kolagena za pobolj\u0161anje elasti\u010dnosti i \u010dvrstine, podignite i zategnite ko\u017eu na licu, vratu, grudima, nogama i rukama, efikasno smanjujuc\u0301i opu\u0161tenu ko\u017eu i pojavu linija i bora.<\/span><\/p>\n<h3><b><i>SAPUN OD LIMUNA SMANJUJE POJAVU CELULITA<\/i><\/b><\/h3>\n<p><span style=\"font-weight: 400;\">Pospe\u0161ujuc\u0301i cirkulaciju i ubrzavajuc\u0301i lipoliti\u010dki proces, limunov sapun mo\u017ee aktivno stimulisati razgradnju celulitnih naslaga za \u010dvr\u0161c\u0301u i glatkiju ko\u017eu. Tako\u0111e mo\u017ee pomoc\u0301i u smanjenju pojave pau\u010dinastih i pro\u0161irenih vena.<\/span><\/p>\n<h3><b><i>SAPUN OD LIMUNA POMA\u017dE KOD GLJIVI\u010cNIH INFEKCIJA<\/i><\/b><\/h3>\n<p><span style=\"font-weight: 400;\">Limunski sapun je antifungalni i efikasan je protiv candide albicans, tako da le\u010di atletsko stopalo i drozd, kao i druge gljivi\u010dne infekcije.<\/span><\/p>\n<h3><b><i>SAPUN OD LIMUNA KORISTI ZA ZDRAVU KOSU<\/i><\/b><\/h3>\n<p><span style=\"font-weight: 400;\">Limunski sapun efikasno \u010disti ko\u017eu glave, ubla\u017eavajuc\u0301i suvoc\u0301u, masnoc\u0301u, perut, dermatitis i druge gljivi\u010dne ili bakterijske infekcije. Uravnote\u017euje proizvodnju sebuma i pH nivo vlasi\u0161ta, i stimuli\u0161e cirkulaciju, regeneri\u0161e folikule dlake i obnavlja dlaku kako bi podstakao rast i promovisao jaku, zdravu, sjajnu kosu.<\/span><\/p>\n","protected":false},"excerpt":{"rendered":"<p><span style=\"font-weight: 400;\">Limun ima sna\u017ene antimikrobne sposobnosti i milenijumima se koristi za tretiranje brojnih bolesti. Osna\u017eujuc\u0301i, \u010distec\u0301i i pro\u010di\u0161c\u0301avajuc\u0301i, podi\u017ee energiju i podi\u017ee raspolo\u017eenje, smiruje upale i podmla\u0111uje ko\u017eu, le\u010di i popravlja o\u0161tec\u0301enu ko\u017eu, smiruje akne i smanjuje pojavu celulita, finih linija i bora. Limun se \u010desto koristi u kozmeti\u010dkoj industriji za ujedna\u010davanje tona ko\u017ee.<\/span><\/p>\n","protected":false},"featured_media":274132,"comment_status":"open","ping_status":"closed","template":"","meta":[],"product_brand":[],"product_cat":[1136],"product_tag":[],"class_list":{"0":"post-260816","1":"product","2":"type-product","3":"status-publish","4":"has-post-thumbnail","6":"product_cat-soaps-sr","7":"pa_bottle-size-100-g-sr","9":"first","10":"instock","11":"shipping-taxable","12":"purchasable","13":"product-type-variable"},"_links":{"self":[{"href":"https:\/\/nefertiti-eg.com\/sr\/wp-json\/wp\/v2\/product\/260816","targetHints":{"allow":["GET"]}}],"collection":[{"href":"https:\/\/nefertiti-eg.com\/sr\/wp-json\/wp\/v2\/product"}],"about":[{"href":"https:\/\/nefertiti-eg.com\/sr\/wp-json\/wp\/v2\/types\/product"}],"replies":[{"embeddable":true,"href":"https:\/\/nefertiti-eg.com\/sr\/wp-json\/wp\/v2\/comments?post=260816"}],"wp:featuredmedia":[{"embeddable":true,"href":"https:\/\/nefertiti-eg.com\/sr\/wp-json\/wp\/v2\/media\/274132"}],"wp:attachment":[{"href":"https:\/\/nefertiti-eg.com\/sr\/wp-json\/wp\/v2\/media?parent=260816"}],"wp:term":[{"taxonomy":"product_brand","embeddable":true,"href":"https:\/\/nefertiti-eg.com\/sr\/wp-json\/wp\/v2\/product_brand?post=260816"},{"taxonomy":"product_cat","embeddable":true,"href":"https:\/\/nefertiti-eg.com\/sr\/wp-json\/wp\/v2\/product_cat?post=260816"},{"taxonomy":"product_tag","embeddable":true,"href":"https:\/\/nefertiti-eg.com\/sr\/wp-json\/wp\/v2\/product_tag?post=260816"}],"curies":[{"name":"wp","href":"https:\/\/api.w.org\/{rel}","templated":true}]}}