{"id":260824,"date":"2023-02-09T15:13:08","date_gmt":"2023-02-09T13:13:08","guid":{"rendered":"https:\/\/nefertiti-eg.com\/shop\/\u043d\u0435\u043a\u0430\u0442\u0435\u0433\u043e\u0440\u0438\u0437\u043e\u0432\u0430\u043d\u043e\/jojoba-soap\/"},"modified":"2023-07-30T14:10:07","modified_gmt":"2023-07-30T11:10:07","slug":"jojoba-soap","status":"publish","type":"product","link":"https:\/\/nefertiti-eg.com\/sr\/shop\/soaps-sr\/jojoba-soap\/","title":{"rendered":"Sapun od jojobe"},"content":{"rendered":"<p><span style=\"font-weight: 400;\">Nefertiti sapuni sadr\u017ee samo prirodne sastojke i ne sadr\u017ee boje, mirise, parabene, sinteti\u010dki silikon ili mineralna ulja\/naftne proizvode. \u0160tavi\u0161e, za razliku od sinteti\u010dkih sapuna, oni su biorazgradivi i nec\u0301e \u0161tetiti \u017eivotnoj sredini. Po\u0161to na\u0161i sapuni ne sadr\u017ee jake deterd\u017eente ili hemikalije, pogodni su za upotrebu na licu, telu i kosi.<\/span><\/p>\n<h3><b>ZA\u0160TO ODABRATI JOJOBA SAPUN?<\/b><\/h3>\n<p><span style=\"font-weight: 400;\">Ulje jojobe je bogato vitaminom E, plus vitaminima A i D, pored omega 6 i 9 masnih kiselina, i mineralima uklju\u010dujuc\u0301i hrom, bakar i cink. Njegova svojstva uklju\u010duju hidratantna, antiinflamatorna, antioksidativna, antibakterijska, hipoalergena, humektantna, balansiraju sebum, uz pomo\u0107 njega lak\u0161e zarastaju rane i podsti\u010de sintezu kolagena. Savr\u0161eno c\u0301e nahraniti i hidrirati ko\u017eu i kosu.<\/span><\/p>\n<h3><b><i>JOJOBA SAPUN VLA\u017dI KO\u017dU<\/i><\/b><\/h3>\n<p><span style=\"font-weight: 400;\">Jojoba je humektant, \u0161to zna\u010di da zadr\u017eava vlagu ko\u017ee i formira za\u0161titnu barijeru. Ovo je posebno korisno za one sa suvom ko\u017eom, uklju\u010dujuc\u0301i ko\u017eu o\u0161tec\u0301enu ekcemom ili psorijazom. Za\u0161titna barijera tako\u0111e poma\u017ee u za\u0161titi od bakterijskih infekcija. Hidratantna svojstva su tako\u0111e va\u017ena za ko\u017eu sklonu aknama i masnoc\u0301i, po\u0161to je toliko sli\u010dna sopstvenom sebumu ko\u017ee, ko\u017ea dobija signal da je ko\u017ea adekvatno hidrirana i da sama ne proizvodi vi\u0161ak ulja kako bi ubla\u017eila uo\u010denu suvoc\u0301u.<\/span><\/p>\n<h3><b><i>JOJOBA SAPUN DELUJE NA AKNE<\/i><\/b><\/h3>\n<p><span style=\"font-weight: 400;\">Pored toga \u0161to kontroli\u0161e proizvodnju sebuma, Jojoba sapun je tako\u0111e antiinflamatoran, poma\u017ee u smanjenju otoka i crvenila. Antibakterijska svojstva mogu da spre\u010de nastanak bakterija koje izazivaju akne, a njegova upotreba c\u0301e ukloniti ne\u010distoc\u0301e, prljav\u0161tinu i sebum sa ko\u017ee i pora. Jojoba podsti\u010de zarastanje rana i tako\u0111e mo\u017ee pomoc\u0301i u spre\u010davanju o\u017eiljaka od akni.<\/span><\/p>\n<h3><b><i>JOJOBA SAPUN JE ANTIBAKTERIJSKI<\/i><\/b><\/h3>\n<p><span style=\"font-weight: 400;\">Jojoba sapun ima antimikrobna i antifungalna svojstva i mo\u017ee da spre\u010di odre\u0111ene bakterije i gljivice, uklju\u010dujuc\u0301i i one koje mogu izazvati salmonelu i kandidu. Kori\u0161c\u0301enje ovog sapuna na nogama mo\u017ee pomoc\u0301i kod atletskog stopala, kao i da ubije bakterije koje izazivaju neprijatne mirise.<\/span><\/p>\n<h3><b><i>JOJOBA SAPUN POMA\u017dE ZACELJENJE RANA I SMANJUJE O\u017dILJKE<\/i><\/b><\/h3>\n<p><span style=\"font-weight: 400;\">Jojoba sapun sa svojim antibakterijskim svojstvima i svojstvima zaceljivanja mo\u017ee pomoc\u0301i u le\u010denju rana i ogrebotina. Ulje jojobe je pokazalo da aktivno podsti\u010de c\u0301elije ko\u017ee da se spajaju i, podsti\u010duc\u0301i zarastanje, te tako\u0111e mo\u017ee smanjiti o\u017eiljke i minimizirati postojec\u0301e strije.<\/span><\/p>\n<h3><b><i>JOJOBA SAPUN SMIRUJE EKCEME I PSORIJAZU<\/i><\/b><\/h3>\n<p><span style=\"font-weight: 400;\">Jojoba sapun mo\u017ee pomoc\u0301i u ubla\u017eavanju suvoc\u0301e ko\u017ee, perutanja, svraba i povezanih simptoma. Tako\u0111e ima pozitivan efekat na stanja ko\u017ee kao \u0161to su ekcem i psorijaza.<\/span><\/p>\n<h3><b><i>JOJOBA SAPUN SMIRUJE OPEKOTINE<\/i><\/b><\/h3>\n<p><span style=\"font-weight: 400;\">Ulje jojobe je popularan sastojak raznih proizvoda za za\u0161titu od sunca. Jojoba sapun mo\u017ee pomoc\u0301i da umiri i rehidrira ko\u017eu o\u0161tec\u0301enu suncem, smanji suvoc\u0301u i perutanje i podstakne zarastanje o\u0161tec\u0301ene ko\u017ee.<\/span><\/p>\n<h3><b><i>JOJOBA SAPUN \u0160TITI OD HERPESA<\/i><\/b><\/h3>\n<p><span style=\"font-weight: 400;\">Jojoba sapun mo\u017ee pomoc\u0301i u za\u0161titi od pojave herpesa. Ulje jojobe sadr\u017ei aktivni sastojak zvan dokozanol, aktivni sastojak u mnogim tretmanima herpesa, koji spre\u010dava virus da inficira zdrave c\u0301elije ko\u017ee i tera ga da se povu\u010de.<\/span><\/p>\n<h3><b><i>JOJOBA SAPUN ZA NEGU BEBE<\/i><\/b><\/h3>\n<p><span style=\"font-weight: 400;\">Ulje jojobe je zapravo etar voska i ne razlikuje se od verniksa, za\u0161titne supstance nalik vosku koja pokriva bebu pri ro\u0111enju. Bebe su sklone suvoj ko\u017ei ili lju\u0161tenju ko\u017ee jer se prilago\u0111avaju \u017eivotu van materice i, kao prirodni ovla\u017eiva\u010d. Sapun od jojobe mo\u017ee pomoc\u0301i u nezi njihove delikatne ko\u017ee, zadr\u017eavajuc\u0301i vlagu, stavljajuc\u0301i za\u0161titni omota\u010d na ko\u017eu i ubla\u017eavajuc\u0301i ekceme, akne kod beba i pelenski osip.<\/span><\/p>\n<h3><b><i>JOJOBA SAPUN ZA ZDRAVU KOSU<\/i><\/b><\/h3>\n<p><span style=\"font-weight: 400;\">Jojoba je prvi put postala poznata po svojoj upotrebi u proizvodima za negu kose, \u0161to nije iznena\u0111ujuc\u0301e s obzirom na to da mo\u017ee pomoc\u0301i u balansiranju proizvodnje ulja na ko\u017ei glave, suzbijanju suvoc\u0301e ili masnoc\u0301e i tretiranju peruti, pored toga \u0161to pru\u017ea ishranu i hidrataciju kosi i folikulima. Mo\u017ee pomoc\u0301i u uklanjanju blokada u porama i folikulima, \u010dime se podsti\u010de rast kose i smanjuje opadanje kose. Jojoba sapun tako\u0111e mo\u017ee pomoc\u0301i da kosa izgleda gu\u0161c\u0301a i zdravija, kao i da zagladi kosu i smanji kovrd\u017eavost i opadanje.<\/span><\/p>\n","protected":false},"excerpt":{"rendered":"<p><span style=\"font-weight: 400;\">Jojoba je savr\u0161en proizvod za negu ko\u017ee jer je toliko sli\u010dan prirodnom sebumu ko\u017ee i prirodni je hidratant koji mo\u017ee pomoc\u0301i u popravljanju velikom broju stanja ko\u017ee.<\/span><\/p>\n","protected":false},"featured_media":299392,"comment_status":"open","ping_status":"closed","template":"","meta":[],"product_brand":[],"product_cat":[1136],"product_tag":[],"class_list":{"0":"post-260824","1":"product","2":"type-product","3":"status-publish","4":"has-post-thumbnail","6":"product_cat-soaps-sr","7":"pa_bottle-size-100-g-sr","9":"first","10":"instock","11":"shipping-taxable","12":"purchasable","13":"product-type-variable"},"_links":{"self":[{"href":"https:\/\/nefertiti-eg.com\/sr\/wp-json\/wp\/v2\/product\/260824","targetHints":{"allow":["GET"]}}],"collection":[{"href":"https:\/\/nefertiti-eg.com\/sr\/wp-json\/wp\/v2\/product"}],"about":[{"href":"https:\/\/nefertiti-eg.com\/sr\/wp-json\/wp\/v2\/types\/product"}],"replies":[{"embeddable":true,"href":"https:\/\/nefertiti-eg.com\/sr\/wp-json\/wp\/v2\/comments?post=260824"}],"wp:featuredmedia":[{"embeddable":true,"href":"https:\/\/nefertiti-eg.com\/sr\/wp-json\/wp\/v2\/media\/299392"}],"wp:attachment":[{"href":"https:\/\/nefertiti-eg.com\/sr\/wp-json\/wp\/v2\/media?parent=260824"}],"wp:term":[{"taxonomy":"product_brand","embeddable":true,"href":"https:\/\/nefertiti-eg.com\/sr\/wp-json\/wp\/v2\/product_brand?post=260824"},{"taxonomy":"product_cat","embeddable":true,"href":"https:\/\/nefertiti-eg.com\/sr\/wp-json\/wp\/v2\/product_cat?post=260824"},{"taxonomy":"product_tag","embeddable":true,"href":"https:\/\/nefertiti-eg.com\/sr\/wp-json\/wp\/v2\/product_tag?post=260824"}],"curies":[{"name":"wp","href":"https:\/\/api.w.org\/{rel}","templated":true}]}}