{"id":260826,"date":"2023-03-16T15:37:55","date_gmt":"2023-03-16T13:37:55","guid":{"rendered":"https:\/\/nefertiti-eg.com\/shop\/\u043d\u0435\u043a\u0430\u0442\u0435\u0433\u043e\u0440\u0438\u0437\u043e\u0432\u0430\u043d\u043e\/strawberry-soap\/"},"modified":"2023-07-30T14:15:30","modified_gmt":"2023-07-30T11:15:30","slug":"strawberry-soap","status":"publish","type":"product","link":"https:\/\/nefertiti-eg.com\/sr\/shop\/soaps-sr\/strawberry-soap\/","title":{"rendered":"Sapun od jagode"},"content":{"rendered":"<p><span style=\"font-weight: 400;\">Nefertiti sapuni sadr\u017ee samo prirodne sastojke, ne sadr\u017ee boje, mirise, parabene, sinteti\u010dki silikon ili mineralna ulja\/naftne proizvode. \u0160tavi\u0161e, za razliku od sinteti\u010dkih sapuna, oni su biorazgradivi i nec\u0301e \u0161tetiti \u017eivotnoj sredini. Po\u0161to na\u0161i sapuni ne sadr\u017ee jake deterd\u017eente ili hemikalije, pogodni su za upotrebu na licu, telu i kosi.<\/span><\/p>\n<h3><b>ZA\u0160TO ODABRATI SAPUN OD JAGODE?<\/b><\/h3>\n<p><span style=\"font-weight: 400;\">Jagoda je jedan od najja\u010dih antioksidanata i prirodni je hidratant sa visokim sadr\u017eajem linolenske (Omega-3) i linolne kiseline (Omega-6), kao i re\u0111e elagi\u010dne kiseline. Bogat vitaminima A, B, C, K i E i mineralima uklju\u010dujuc\u0301i kalcijum, fluor, magnezijum, fosfor i kalijum, sadr\u017ei i esencijalnu folnu kiselinu, salicilnu kiselinu i taninsku kiselinu i svojim lekovitim dejstvom je idealan za negu ko\u017ee.<\/span><\/p>\n<h3><b>KOJE SU PREDNOSTI SAPUNA OD JAGODE?<\/b><\/h3>\n<h3><b><i>SAPUN OD JAGODE VLA\u017dI KO\u017dU<\/i><\/b><\/h3>\n<p><span style=\"font-weight: 400;\">Sapun od jagode je prepun vitamina, minerala i masnih kiselina da dubinski neguje i vla\u017ee ko\u017eu, popravlja barijeru ko\u017ee, zadr\u017eava vlagu i odr\u017eava ko\u017eu bujnom i hidratizovanom.<\/span><\/p>\n<h3><b><i>SAPUN OD JAGODE DAJE PRIRODAN SJAJ<\/i><\/b><\/h3>\n<p><span style=\"font-weight: 400;\">Sapun od jagode je prirodni piling i uklanja mrtve c\u0301elije ko\u017ee koje \u010dine da ko\u017ea izgleda dosadno. Tako\u0111e su\u017eava pore i spre\u010dava dalje stvaranje fleka.<\/span><\/p>\n<h3><b><i>SAPUN OD JAGODE SMIRUJE O\u0160TEC\u0301ENU KO\u017dU<\/i><\/b><\/h3>\n<p><span style=\"font-weight: 400;\">Sapun od jagode ne\u017eno umiruje o\u0161tec\u0301enu ko\u017eu i odli\u010dan je za tretiranja ko\u017enih oboljenja kao \u0161to su ekcem, dermatitis i psorijaza, tako\u0111e omek\u0161ava ko\u017eu, vla\u017ei, smanjuje simptome upale kao \u0161to su otok, crvenilo i svrab, i podsti\u010de obnavljanje ko\u017ee. Ujedno, visok antioksidativni efekat mo\u017ee pomoc\u0301i u spre\u010davanju dalje upale.<\/span><\/p>\n<h3><b><i>SAPUN OD JAGODE SMANJUJE AKNE<\/i><\/b><\/h3>\n<p><span style=\"font-weight: 400;\">Sapun od jagode je efikasan prirodni lek za ko\u017eu sklonu aknama. Lagano lju\u0161ti ko\u017eu, a kao prirodni adstringent poma\u017ee u \u010di\u0161c\u0301enju i su\u017eavanju pora, ispiranju prljav\u0161tine, vi\u0161ka sebuma i drugih ne\u010distoc\u0301a. Tako\u0111e reguli\u0161e proizvodnju sebuma i svojim antibakterijskim svojstvima mo\u017ee eliminisati bakterije koje uzrokuju akne.<\/span><\/p>\n<h3><b><i>SAPUN OD JAGODE UJEDNA\u010cAVA IZGLED KO\u017dE<\/i><\/b><\/h3>\n<p><span style=\"font-weight: 400;\">Sapun od jagode je bogat salicilnom kiselinom, koja je keratoliti\u010dka i mo\u017ee pomoc\u0301i u razgradnji keratina, minimizirajuc\u0301i hiperpigmentaciju, stara\u010dke pege, pege i o\u017eiljke od akni. Tako\u0111e vrac\u0301ajuc\u0301i ko\u017ei elasti\u010dnost, jagoda sapun mo\u017ee dodatno pomoc\u0301i u smanjenju pojave o\u017eiljaka i strija.<\/span><\/p>\n<h3><b><i>SAPUN OD JAGODE ODR\u017dAVA KO\u017dU MLADOM<\/i><\/b><\/h3>\n<p><span style=\"font-weight: 400;\">Sapun od jagode ima regenerativna svojstva i svojstva za za\u0161titu c\u0301elija. Inhibira enzime zvane kolagenaze koji razgra\u0111uju kolagen, istovremeno aktivno stimuli\u0161uc\u0301i obnovu novog kolagena, promovi\u0161uc\u0301i elasti\u010dnost. Sapun od jagode poma\u017ee ko\u017ei da vrati glatkoc\u0301u i gipkost, ukloni fine linije i bore i \u0161titi od stvaranja novih i obnavlja.<\/span><\/p>\n<h3><b><i>SAPUN OD JAGODE SMANJUJE TAMNE PODO\u010cNJAKE<\/i><\/b><\/h3>\n<p><span style=\"font-weight: 400;\">Tamni krugovi ili nate\u010denost ispod o\u010diju su uobi\u010dajena ko\u017ena tegoba koja poga\u0111a sve uzraste. Nedostatak sna, prirodna sun\u010deva svetlost, nezdrava ishrana, hiperpigmentacija ili previ\u0161e vremena provedenog na ra\u010dunaru, mobilnom telefonu ili pred televizorom mogu pogor\u0161ati problem. Kao antiinflamatorno sredstvo koje tako\u0111e podsti\u010de cirkulaciju krvi, sapun od jagode mo\u017ee pomoc\u0301i, poma\u017euc\u0301i da se ko\u017ea posvetli i ubla\u017ei nate\u010denost.<\/span><\/p>\n<h3><b><i>SAPUN OD JAGODE ZA ZDRAVU KOSU\u00a0<\/i><\/b><\/h3>\n<p><span style=\"font-weight: 400;\">Sapun od jagode poma\u017ee u promovisanju zdrave ko\u017ee glave koja je prvi korak ka prelepoj zdravoj kosi. Uravnote\u017euje proizvodnju sebuma na ko\u017ei glave, re\u0161avajuc\u0301i suvoc\u0301u ili masnoc\u0301u i ne\u017eno eksfolira i vla\u017ei kako bi spre\u010dio lju\u0161tenje. Njegova antibakterijska i antivirusna svojstva mogu eliminisati perut i druga stanja ko\u017ee glave. Ne\u017eno \u010di\u0161c\u0301enje c\u0301e tako\u0111e spre\u010diti blokiranje folikula dlake, minimizirajuc\u0301i opadanje kose. Sapun od jagode c\u0301e dubinski nahraniti kosu, podsti\u010duc\u0301i snagu, smanjujuc\u0301i kovrd\u017eanje i dodajuc\u0301i kosi blistav sjaj.<\/span><\/p>\n","protected":false},"excerpt":{"rendered":"<p><span style=\"font-weight: 400;\">Sapun od jagode savr\u0161eno \u010disti, vla\u017ei i obnavlja ko\u017eu. Ima ne\u017eno dejstvo pilinga, umiruje o\u0161tec\u0301enu ko\u017eu, kontroli\u0161e nivo sebuma i pobolj\u0161ava elasti\u010dnost i \u010dvrstoc\u0301u ko\u017ee, \u0161to je \u010dini veoma pogodnom za sve tipove ko\u017ee. Ima efekat posvetljivanja te poma\u017ee uklanjanje dosadne i umorne ko\u017ee.<\/span><\/p>\n","protected":false},"featured_media":274068,"comment_status":"open","ping_status":"closed","template":"","meta":[],"product_brand":[],"product_cat":[1136],"product_tag":[],"class_list":{"0":"post-260826","1":"product","2":"type-product","3":"status-publish","4":"has-post-thumbnail","6":"product_cat-soaps-sr","7":"pa_bottle-size-100-g-sr","9":"first","10":"instock","11":"shipping-taxable","12":"purchasable","13":"product-type-variable"},"_links":{"self":[{"href":"https:\/\/nefertiti-eg.com\/sr\/wp-json\/wp\/v2\/product\/260826","targetHints":{"allow":["GET"]}}],"collection":[{"href":"https:\/\/nefertiti-eg.com\/sr\/wp-json\/wp\/v2\/product"}],"about":[{"href":"https:\/\/nefertiti-eg.com\/sr\/wp-json\/wp\/v2\/types\/product"}],"replies":[{"embeddable":true,"href":"https:\/\/nefertiti-eg.com\/sr\/wp-json\/wp\/v2\/comments?post=260826"}],"wp:featuredmedia":[{"embeddable":true,"href":"https:\/\/nefertiti-eg.com\/sr\/wp-json\/wp\/v2\/media\/274068"}],"wp:attachment":[{"href":"https:\/\/nefertiti-eg.com\/sr\/wp-json\/wp\/v2\/media?parent=260826"}],"wp:term":[{"taxonomy":"product_brand","embeddable":true,"href":"https:\/\/nefertiti-eg.com\/sr\/wp-json\/wp\/v2\/product_brand?post=260826"},{"taxonomy":"product_cat","embeddable":true,"href":"https:\/\/nefertiti-eg.com\/sr\/wp-json\/wp\/v2\/product_cat?post=260826"},{"taxonomy":"product_tag","embeddable":true,"href":"https:\/\/nefertiti-eg.com\/sr\/wp-json\/wp\/v2\/product_tag?post=260826"}],"curies":[{"name":"wp","href":"https:\/\/api.w.org\/{rel}","templated":true}]}}