{"id":260828,"date":"2023-02-09T16:03:49","date_gmt":"2023-02-09T14:03:49","guid":{"rendered":"https:\/\/nefertiti-eg.com\/shop\/\u043d\u0435\u043a\u0430\u0442\u0435\u0433\u043e\u0440\u0438\u0437\u043e\u0432\u0430\u043d\u043e\/black-seed-soap\/"},"modified":"2023-07-30T14:18:27","modified_gmt":"2023-07-30T11:18:27","slug":"black-seed-soap","status":"publish","type":"product","link":"https:\/\/nefertiti-eg.com\/sr\/shop\/soaps-sr\/black-seed-soap\/","title":{"rendered":"Sapun od crnog semena"},"content":{"rendered":"<p><span style=\"font-weight: 400;\">Nefertiti sapuni sadr\u017ee samo prirodne sastojke i ne sadr\u017ee boje, mirise, parabene, sinteti\u010dki silikon ili mineralna ulja\/naftne proizvode. \u0160tavi\u0161e, za razliku od sinteti\u010dkih sapuna, oni su biorazgradivi i nec\u0301e \u0161tetiti \u017eivotnoj sredini. Po\u0161to na\u0161i sapuni ne sadr\u017ee jake deterd\u017eente ili hemikalije, pogodni su za upotrebu na licu, telu i kosi.<\/span><\/p>\n<h3><b>ZA\u0160TO ODABRATI SAPUN OD CRNOG SEMENA?<\/b><\/h3>\n<p><span style=\"font-weight: 400;\">Ulje crnog semena sadr\u017ei preko 100 razli\u010ditih elemenata, a nau\u010dnici zaklju\u010duju da je to jedinstvena kombinacija proteina, saponina, alkaloida, flavonoida i drugih jedinjenja, od kojih mnogi imaju ogromna svojstva uklanjanja slobodnih radikala, koji proizvode njegovo fenomenalno isceljenje. Timohinon, sna\u017eno aktivno jedinjenje u crnom semenu, bio je predmet preko 400 objavljenih studija poslednjih godina i veruje se da je klju\u010dan za neverovatna terapeutska svojstva ulja crnog semena. Neki od va\u017enih hranljivih sastojaka koje sadr\u017ei za negu kose i ko\u017ee su vitamini A, B, C i E, pored kalcijuma, fosfora, cinka, gvo\u017e\u0111a, magnezijuma, mangana, eteri\u010dnih ulja, esencijalnih aminokiselina i omega- 3,6,9.<\/span><\/p>\n<h3><b>KOJE SU PREDNOSTI SAPUNA OD CRNOG SEMENA?<\/b><\/h3>\n<h3><b><i>SAPUN OD ULJA CRNOG SEMENA JE POGODAN ZA SVE TIPOVE KO\u017dE<\/i><\/b><\/h3>\n<p><span style=\"font-weight: 400;\">Sapun od crnog semena je veoma ne\u017ean i umirujuc\u0301i sapun, i izuzetno je pogodan za osetljivu ko\u017eu. Sna\u017ean je antioksidans, koji obezbe\u0111uje za\u0161titu od o\u0161tec\u0301enja ko\u017ee izazvanih slobodnim radikalima. Sapun od ulja crnog semena mo\u017ee povec\u0301ati zadr\u017eavanje vlage u ko\u017ei, \u0161to je posebno korisno za one sa suvom ko\u017eom, ili za one koji pate od ekcema ili psorijaze, kao i za re\u0161avanje bakterijskih infekcija, uravnote\u017euje sebum i podr\u017eava zarastanje rana kako bi se smanjile akne i fleke na ko\u017ei. Za zreliju ko\u017eu, mo\u017ee pomoc\u0301i tako \u0161to podsti\u010de stvaranje novih c\u0301elija ko\u017ee, stimuli\u0161e kolagen i elastin, smanjuje crvenilo i umanjuje pojavu bora, ostavljajuc\u0301i ko\u017eu vidljivo svetlijom, zategnutijom i mla\u0111om.<\/span><\/p>\n<p><b><i>SAPUN OD ULJA CRNOG SEMENA SMANJUJE AKNE I ZA\u010cEPLJENE PORE<\/i><\/b><\/p>\n<p><span style=\"font-weight: 400;\">Antibakterijska i antiinflamatorna svojstva sapuna od ulja crnog semena su savr\u0161ena za borbu protiv akni i fleka tako \u0161to smanjuju za\u010depljene pore, ubijaju bakterije, kontroli\u0161u proizvodnju sebuma i smiruju crvenilo i iritaciju. Pospe\u0161uje zarastanje rana i regeneraciju ko\u017ee, tako\u0111e mo\u017ee pomoc\u0301i u za\u0161titi od o\u017eiljaka od akni.<\/span><\/p>\n<h3><b><i>SAPUN OD ULJA CRNOG SEMENA SMIRUJE EKCEME I DERMATITIS<\/i><\/b><\/h3>\n<p><span style=\"font-weight: 400;\">Sapun od ulja crnog semena je koristan za ekcem i dermatitis. Ulje crnog semena je moc\u0301an lek za zarastanje rana i regenerator ko\u017ee, a studije su potvrdile da mo\u017ee da umiri i ubla\u017ei simptome ekcema i dermatitisa, kao i da potencijalno za\u0161titi od ko\u017enih infekcija zbog svojih sna\u017enih antibakterijskih svojstava. Sapun od ulja crnog semena hidrira i mo\u017ee pomoc\u0301i da se zadr\u017ei lipidna barijera ko\u017ee kako bi se dodatno za\u0161titila od isu\u0161ivanja.<\/span><\/p>\n<h3><b><i>SAPUN OD ULJA CRNOG SEMENA SMIRUJE PSORIJAZU<\/i><\/b><\/h3>\n<p><span style=\"font-weight: 400;\">Psorijaza je autoimuna bolest, \u0161to zna\u010di da abnormalni imuni sistem napada normalno tkivo u ko\u017ei, \u0161to u ovom slu\u010daju dovodi do upale i pojave debele ljuskave ko\u017ee. Redovna upotreba sapuna crnog semena mo\u017ee pomoc\u0301i u smanjenju upale, regulaciji aktivnosti imunolo\u0161kih c\u0301elija i smanjenju abnormalne proliferacije c\u0301elija. \u0160tavi\u0161e, pomoc\u0301i c\u0301e da se hidrira, umiri i neguje ko\u017ea, podsti\u010de zarastanje i podr\u017eava obnavljanje o\u0161tec\u0301ene strukture ko\u017ee.<\/span><\/p>\n<h3><b><i>SAPUN OD ULJA CRNOG SEMENA BLEDI FLEKE I O\u017dILJKE<\/i><\/b><\/h3>\n<p><span style=\"font-weight: 400;\">Sapun od ulja crnog semena podr\u017eava regeneraciju ko\u017ee i uz kontinuiranu upotrebu mo\u017ee pomoc\u0301i u smanjenju pigmentacije i promene boje ko\u017ee, uklju\u010dujuc\u0301i vitiligo, o\u0161tec\u0301enja od sunca i stara\u010dke pege, promovi\u0161uc\u0301i ujedna\u010deniji ton ko\u017ee i \u010dinec\u0301i ko\u017eu svetlijom.<\/span><\/p>\n<h3><b><i>SAPUN OD ULJA CRNOG SEMENA SMANJUJE BORE<\/i><\/b><\/h3>\n<p><span style=\"font-weight: 400;\">Sapun od ulja crnog semena sadr\u017ei impresivan niz hranljivih sastojaka koji imaju sposobnost da regeneri\u0161u ko\u017eu, o\u010duvaju vlagu, stimuli\u0161u kolagen, odr\u017eavaju elasti\u010dnost i \u0161tite od dejstva slobodnih radikala, smanjujuc\u0301i tako pojavu bora i \u0161titi od preranog starenje. Sve u svemu, ko\u017ea c\u0301e izgledati punije i mla\u0111e.<\/span><\/p>\n<h3><b><i>SAPUN OD ULJA CRNOG SEMENA POSPE\u0160UJE ZACELJENJE RANA<\/i><\/b><\/h3>\n<p><span style=\"font-weight: 400;\">Sapun od crnog semena mo\u017ee pomoc\u0301i da se ubrza zarastanje rana. Veruje se da je timohinon u crnom semenu zaslu\u017ean za antioksidativna i antiinflamatorna svojstava plus ima sposobnosti da povec\u0301a formiranje kolagena i stimuli\u0161e rast tkiva. Sapun mo\u017ee pomoc\u0301i da se ubrza zarastanje posekotina i ogrebotina, dijabeti\u010dkih rana i opekotina.<\/span><\/p>\n<h3><b><i>SAPUN OD ULJA CRNOG SEMENA ELIMINI\u0160E \u0160TETNE BAKTERIJE I GLJIVICE<\/i><\/b><\/h3>\n<p><span style=\"font-weight: 400;\">Sapun od ulja crnog semena mo\u017ee da oslobodi ko\u017eu \u0161tetnih bakterija i gljivica i savr\u0161en je za upotrebu kod drozda, atletskog stopala i drugih gljivi\u010dnih i bakterijskih stanja. U stvari, antibakterijski efekti ulja crnog semena su toliko jaki da je u stanju da elimini\u0161e superbakterije, pa ga nau\u010dnici upore\u0111uju sa 5 najboljih antibiotika na svetu. Potpuni efekat je prikazan u jednoj studiji kada su testirana 144 soja, od kojih je vec\u0301ina bila otporna na antibiotike koji su tako\u0111e uklju\u010deni u studiju, ali impresivnih 97 je bilo inhibirano uljem crnog semena. Veruje se da je ovaj neverovatan rezultat kombinovana snaga jedinjenja timohinona, timohidrokinona i timola, koja se nalaze u ulju crnog semena. Antimikrobni efekat je tako\u0111e imao 100% uspeha za \u010ditavih 30 vrsta gljivica i plesni na koje je testiran.<\/span><\/p>\n<h3><b><i>SAPUN OD ULJA CRNOG SEMENA ZA ZDRAVU KOSU\u00a0<\/i><\/b><\/h3>\n<p><span style=\"font-weight: 400;\">Anti-inflamatorna, antibakterijska i antifungalna svojstva sapuna od ulja crnog semena poma\u017eu u odr\u017eavanju zdravlja vlasi\u0161ta, normalizaciji proizvodnje ulja i nivoa vlage, umiruju iritaciju i stanja kao \u0161to su ekcem i psorijaza i elimini\u0161u perut i seborei\u010dni dermatitis.<\/span><\/p>\n<p><span style=\"font-weight: 400;\">Sapun od ulja crnog semena sadr\u017ei va\u017ena jedinjenja koja poma\u017eu u usporavanju procesa starenja folikula, smanjujuc\u0301i stanjivanje, opadanje kose i gubitak kose i sistematski ja\u010dajuc\u0301i folikule dlake. Dalje promovi\u0161e cirkulaciju krvi na ko\u017ei glave, za koju se zna da podsti\u010de rast.<\/span><\/p>\n<p><span style=\"font-weight: 400;\">Na isti na\u010din na koji ulje crnog semena poma\u017ee kod vitiliga, tako\u0111e mo\u017ee pomoc\u0301i da se pigmentacija u folikulima dlake zadr\u017ei du\u017ee, zadr\u017eavajuc\u0301i prirodnu boju kose.<\/span><\/p>\n","protected":false},"excerpt":{"rendered":"<p><span style=\"font-weight: 400;\">Ulje crnog semena se vekovima koristi za negu ko\u017ee i kose, a veruje se da je jedan od tajnih sastojaka legendarne lepote Kleopatre i Nefertiti. Sapun od ulja crnog semena hidrira, umiruje i hrani ko\u017eu, elimini\u0161e gljivi\u010dne i bakterijske infekcije i poma\u017ee u le\u010denju ekcema, psorijaze, peruti i akni, podsti\u010duc\u0301i regeneraciju i zarastanje ko\u017ee. Tako\u0111e poma\u017ee u ja\u010danju folikula dlake, smanjenju gubitka kose i podsticanju rasta.<\/span><\/p>\n","protected":false},"featured_media":274011,"comment_status":"open","ping_status":"closed","template":"","meta":[],"product_brand":[],"product_cat":[1136],"product_tag":[],"class_list":{"0":"post-260828","1":"product","2":"type-product","3":"status-publish","4":"has-post-thumbnail","6":"product_cat-soaps-sr","7":"pa_bottle-size-100-g-sr","9":"first","10":"outofstock","11":"shipping-taxable","12":"purchasable","13":"product-type-variable"},"_links":{"self":[{"href":"https:\/\/nefertiti-eg.com\/sr\/wp-json\/wp\/v2\/product\/260828","targetHints":{"allow":["GET"]}}],"collection":[{"href":"https:\/\/nefertiti-eg.com\/sr\/wp-json\/wp\/v2\/product"}],"about":[{"href":"https:\/\/nefertiti-eg.com\/sr\/wp-json\/wp\/v2\/types\/product"}],"replies":[{"embeddable":true,"href":"https:\/\/nefertiti-eg.com\/sr\/wp-json\/wp\/v2\/comments?post=260828"}],"wp:featuredmedia":[{"embeddable":true,"href":"https:\/\/nefertiti-eg.com\/sr\/wp-json\/wp\/v2\/media\/274011"}],"wp:attachment":[{"href":"https:\/\/nefertiti-eg.com\/sr\/wp-json\/wp\/v2\/media?parent=260828"}],"wp:term":[{"taxonomy":"product_brand","embeddable":true,"href":"https:\/\/nefertiti-eg.com\/sr\/wp-json\/wp\/v2\/product_brand?post=260828"},{"taxonomy":"product_cat","embeddable":true,"href":"https:\/\/nefertiti-eg.com\/sr\/wp-json\/wp\/v2\/product_cat?post=260828"},{"taxonomy":"product_tag","embeddable":true,"href":"https:\/\/nefertiti-eg.com\/sr\/wp-json\/wp\/v2\/product_tag?post=260828"}],"curies":[{"name":"wp","href":"https:\/\/api.w.org\/{rel}","templated":true}]}}