{"id":260830,"date":"2023-03-04T16:36:18","date_gmt":"2023-03-04T14:36:18","guid":{"rendered":"https:\/\/nefertiti-eg.com\/shop\/\u043d\u0435\u043a\u0430\u0442\u0435\u0433\u043e\u0440\u0438\u0437\u043e\u0432\u0430\u043d\u043e\/almond-soap\/"},"modified":"2023-07-30T14:20:33","modified_gmt":"2023-07-30T11:20:33","slug":"almond-soap","status":"publish","type":"product","link":"https:\/\/nefertiti-eg.com\/sr\/shop\/soaps-sr\/almond-soap\/","title":{"rendered":"Sapun od badema"},"content":{"rendered":"<p><span style=\"font-weight: 400;\">Nefertiti sapuni sadr\u017ee samo prirodne sastojke i ne sadr\u017ee boje, mirise, parabene, sinteti\u010dki silikon ili mineralna ulja\/naftne proizvode. \u0160tavi\u0161e, za razliku od sinteti\u010dkih sapuna, oni su biorazgradivi i nec\u0301e \u0161tetiti \u017eivotnoj sredini. Po\u0161to na\u0161i sapuni ne sadr\u017ee jake deterd\u017eente ili hemikalije, pogodni su za upotrebu na licu, telu i kosi.<\/span><\/p>\n<h3><b>ZA\u0160TO ODABRATI SAPUN OD BADEMA?<\/b><\/h3>\n<p><span style=\"font-weight: 400;\">Nije iznena\u0111ujuc\u0301e \u0161to se badem \u010desto naziva \u201ekraljem ora\u0161astih plodova\u201c s obzirom na to da je prepun vitamina, minerala, zdravih masti i fitokemikalija. Bademovo ulje je jedan od najbogatijih prirodnih izvora E, a ima i obilne izvore vitamina A, magnezijuma, fosfora, kalcijuma, bakra, cinka i masnih kiselina, pored biotina, tiamina, riboflavina i vitamina D i K. Cenjen zbog svojih antioksidativnih i antiinflamatornih svojstava, i moc\u0301an je kada je u pitanju pobolj\u0161anje stanja kose i ko\u017ee.<\/span><\/p>\n<h3><b>PREDNOSTI SAPUNA OD BADEMA<\/b><\/h3>\n<h3><b><i>SAPUN OD BADEMA \u010cISTI<\/i><\/b><\/h3>\n<p><span style=\"font-weight: 400;\">Bademov sapun deluje blago kao piling, uklanjajuc\u0301i suvu, mrtvu ko\u017eu. Otapa \u0161minku i poma\u017ee u otvaranju i deblokiranju pora rastvarajuc\u0301i vi\u0161ak sebuma, prljav\u0161tine i mrtve ko\u017ee. Umesto da peruta i iritira ko\u017eu, ko\u017ea se hrani va\u017enim hranljivim materijama.<\/span><\/p>\n<h3><b><i>SAPUN OD BADEMA VLA\u017dI<\/i><\/b><\/h3>\n<p><span style=\"font-weight: 400;\">Bademi sadr\u017ee puno zdravih prirodnih masnih kiselina i imaju odli\u010dne hidratantne i emolijentne efekte. Sapun od badema savr\u0161eno hidrira i hrani ko\u017eu, elimini\u0161ei smanjuje osec\u0301aj zatezanja, svrab i upale povezane sa suvom i ljuskavom ko\u017eom, a tako\u0111e c\u0301e zaceliti sve pukotine, omek\u0161ati i podmladiti ko\u017eu, kao i popraviti barijeru ko\u017ee, i smanjenjiti dalji gubitak vlage i dati za\u0161titu od o\u0161tec\u0301enja.<\/span><\/p>\n<h3><b><i>SAPUN OD BADEMA JE MOC\u0301AN ANTIOKSIDANT<\/i><\/b><\/h3>\n<p><span style=\"font-weight: 400;\">Bademov sapun sadr\u017ei vitamin D, a pored toga je izuzetno bogat vitaminom E koji mu omoguc\u0301ava da neutrali\u0161e slobodne radikale i upravlja oksidativnim stresom, \u010dime poma\u017ee u za\u0161titi od upale, pojavi fleka\u00a0 i finih linija i bora.<\/span><\/p>\n<h3><b><i>SAPUN OD BADEMA JE NE\u017dAN<\/i><\/b><\/h3>\n<p><span style=\"font-weight: 400;\">Bademov sapun je izuzetno ne\u017ean i pogodan je za osetljivu ili iritiranu ko\u017eu, smiruje upale, iritaciju i svrab i obezbe\u0111uje niz hranljivih materija neophodnih za dobro zdravlje ko\u017ee.<\/span><\/p>\n<h3><b><i>SAPUN OD BADEMA NEGUJE O\u0160TEC\u0301ENU KO\u017dU<\/i><\/b><\/h3>\n<p><span style=\"font-weight: 400;\">Bademi su se vekovima koristili u drevnim kineskim i ajurvedskim praksama za razna ko\u017ena oboljenja, uklju\u010dujuc\u0301i ekcem, dermatitis, psorijazu i akne. Alergijske reakcije mogu biti okida\u010d za neka stanja ko\u017ee, ali bademov sapun nec\u0301e iritirati ko\u017eu i umesto toga c\u0301e obezbediti zarastanje rana i umirujuc\u0301a svojstva u ubla\u017eavanju crvenila, svraba i op\u0161te suvoc\u0301e. Pored toga \u0161to omek\u0161ava ko\u017eu, poma\u017ee joj da se obnavlja i regeneri\u0161e. Tako\u0111e c\u0301e pomoc\u0301i da se ot\u010depe za\u010depljene pore, rastvori vi\u0161ak sebuma, normalizuje proizvodnja sebuma i za\u0161titi od bakterijskih infekcija i pro\u0161irenih pora, te c\u0301e pogodovati ko\u017ei sklonoj aknama i spre\u010diti dalje izbijanje. Bademov sapun tako\u0111e mo\u017ee biti koristan nakon izlaganja suncu, poma\u017euc\u0301i da se ubla\u017ei o\u0161tec\u0301enje ko\u017ee kao rezultat izlaganja UV zra\u010denju.<\/span><\/p>\n<h3><b><i>SAPUN OD BADEMA POMA\u017dE DA SE ODR\u017dI MLADOST<\/i><\/b><\/h3>\n<p><span style=\"font-weight: 400;\">Bademov sapun mo\u017ee pomoc\u0301i va\u0161oj ko\u017ei da zadr\u017ei ili \u010dak povrati taj mladala\u010dki sjaj. Kao antioksidans mo\u017ee pomoc\u0301i u borbi protiv slobodnih radikala kako bi spre\u010dio prerano starenje. Bogata lepeza hranljivih materija poma\u017ee u ubrzavanju regeneracije c\u0301elija ko\u017ee, stimuli\u0161e proizvodnju kolagena i elastina i obnavlja za\u0161titnu barijeru ko\u017ee, pobolj\u0161avajuc\u0301i elasti\u010dnost ko\u017ee, ujedna\u010davajuc\u0301i ton, smanjujuc\u0301i opu\u0161tenu ko\u017eu i minimizirajuc\u0301i pojavu finih bora i bore.<\/span><\/p>\n<h3><b><i>SAPUN OD BADEMA SMANJUJE PODO\u010cNJAKE<\/i><\/b><\/h3>\n<p><span style=\"font-weight: 400;\">Bademov sapun je dovoljno ne\u017ean da se koristi na osetljivom podru\u010dju ispod o\u010diju i mo\u017ee pomoc\u0301i u smanjenju nadutosti o\u010diju i tamnih krugova zbog svojih antiinflamatornih i antioksidativnih svojstava, kao i sposobnosti da poja\u010da cirkulaciju krvi.<\/span><\/p>\n<h3><b><i>SAPUN OD BADEMA JE SAVR\u0160EN NAKON BRIJANJA<\/i><\/b><\/h3>\n<p><span style=\"font-weight: 400;\">Hidratantna, omek\u0161avajuc\u0301a i antiinflamatorna svojstva poma\u017eu u smanjenju gubitka vlage nakon brijanja. Sapun smiruje suvu, crvenu ko\u017eu, upalu, o\u0161te\u0107enja od brija\u010da i druge iritacije, dok njegova antibakterijska svojstva \u0161tite od infekcije bilo kakvih posekotina ili povreda. \u0160tavi\u0161e, \u0161titic\u0301e od urastanja dla\u010dica.<\/span><\/p>\n<h3><b><i>SAPUN OD BADEMA OMEK\u0160AVA RUKE I STOPALA<\/i><\/b><\/h3>\n<p><span style=\"font-weight: 400;\">Bademov sapun je bogat masnim kiselinama i cinkom za borbu protiv suvih, grubih ruku i stopala. Poma\u017ee u hidrataciji, zadr\u017eavanju vlage i omek\u0161avanju grubih \u017euljeva, dok istovremeno \u0161titi od gljivi\u010dnih infekcija i spre\u010dava zarazu pukotina i posekotina.<\/span><\/p>\n<h3><b><i>SAPUN OD BADEMA ZA ZDRAVU KOSU<\/i><\/b><\/h3>\n<p><span style=\"font-weight: 400;\">Bademov sapun smiruje upalu, iritaciju i svrab na ko\u017ei glave, smanjujuc\u0301i simptome peruti, seboroi\u010dnog dermatitisa (uklju\u010dujuc\u0301i i psorijazu glave), psorijazu vlasi\u0161ta i poma\u017ee u odr\u017eavanju proizvodnje sebuma, deluju\u0107i na masno ili previ\u0161e suvo vlasi\u0161te. Vitaminski kompleks poma\u017ee vla\u017eenju i za\u0161titi kose. Ja\u010da folikule dlake, zadr\u017eavajuc\u0301i elasti\u010dnost, smanjujuc\u0301i kovrd\u017eavost i vrac\u0301a zdrav sjaj. Tako\u0111e, bademov sapun ima pozitivan efekat na stanje obrva.<\/span><\/p>\n","protected":false},"excerpt":{"rendered":"<p><span style=\"font-weight: 400;\">Bademov sapun je izuzetno ne\u017ean i lako se apsorbuje. Obnavlja prirodni za\u0161titni film ko\u017ee kako bi za\u0161titio od oksidativnog o\u0161tec\u0301enja i spre\u010dio prerano starenje i upalu, poma\u017ee u stimulaciji prirodne proizvodnje kolagena i elastina, ubrzava obnavljanje ko\u017ee, popravlja o\u0161tec\u0301enja ko\u017ee i normalizuje proizvodnju sebuma kako bi uravnote\u017eio sadr\u017eaj ulja u ko\u017ei . Pogodan je za sve tipove ko\u017ee, \u010dak i za najosetljiviju, uklju\u010dujuc\u0301i i ne\u017enu ko\u017eu beba.<\/span><\/p>\n","protected":false},"featured_media":274001,"comment_status":"open","ping_status":"closed","template":"","meta":[],"product_brand":[],"product_cat":[1136],"product_tag":[],"class_list":{"0":"post-260830","1":"product","2":"type-product","3":"status-publish","4":"has-post-thumbnail","6":"product_cat-soaps-sr","7":"pa_bottle-size-100-g-sr","9":"first","10":"instock","11":"shipping-taxable","12":"purchasable","13":"product-type-variable"},"_links":{"self":[{"href":"https:\/\/nefertiti-eg.com\/sr\/wp-json\/wp\/v2\/product\/260830","targetHints":{"allow":["GET"]}}],"collection":[{"href":"https:\/\/nefertiti-eg.com\/sr\/wp-json\/wp\/v2\/product"}],"about":[{"href":"https:\/\/nefertiti-eg.com\/sr\/wp-json\/wp\/v2\/types\/product"}],"replies":[{"embeddable":true,"href":"https:\/\/nefertiti-eg.com\/sr\/wp-json\/wp\/v2\/comments?post=260830"}],"wp:featuredmedia":[{"embeddable":true,"href":"https:\/\/nefertiti-eg.com\/sr\/wp-json\/wp\/v2\/media\/274001"}],"wp:attachment":[{"href":"https:\/\/nefertiti-eg.com\/sr\/wp-json\/wp\/v2\/media?parent=260830"}],"wp:term":[{"taxonomy":"product_brand","embeddable":true,"href":"https:\/\/nefertiti-eg.com\/sr\/wp-json\/wp\/v2\/product_brand?post=260830"},{"taxonomy":"product_cat","embeddable":true,"href":"https:\/\/nefertiti-eg.com\/sr\/wp-json\/wp\/v2\/product_cat?post=260830"},{"taxonomy":"product_tag","embeddable":true,"href":"https:\/\/nefertiti-eg.com\/sr\/wp-json\/wp\/v2\/product_tag?post=260830"}],"curies":[{"name":"wp","href":"https:\/\/api.w.org\/{rel}","templated":true}]}}