{"id":260833,"date":"2023-02-16T13:11:14","date_gmt":"2023-02-16T11:11:14","guid":{"rendered":"https:\/\/nefertiti-eg.com\/shop\/\u043d\u0435\u043a\u0430\u0442\u0435\u0433\u043e\u0440\u0438\u0437\u043e\u0432\u0430\u043d\u043e\/moringa-soap\/"},"modified":"2023-07-30T14:23:34","modified_gmt":"2023-07-30T11:23:34","slug":"moringa-soap","status":"publish","type":"product","link":"https:\/\/nefertiti-eg.com\/sr\/shop\/soaps-sr\/moringa-soap\/","title":{"rendered":"Moringa sapun"},"content":{"rendered":"<p><span style=\"font-weight: 400;\">Nefertiti sapuni sadr\u017ee samo prirodne sastojke i ne sadr\u017ee boje, mirise, parabene, sinteti\u010dki silikon ili mineralna ulja\/naftne proizvode. \u0160tavi\u0161e, za razliku od sinteti\u010dkih sapuna, oni su biorazgradivi i nec\u0301e \u0161tetiti \u017eivotnoj sredini. Po\u0161to na\u0161i sapuni ne sadr\u017ee jake deterd\u017eente ili hemikalije, pogodni su za upotrebu na licu, telu i kosi.<\/span><\/p>\n<h3><b>ZA\u0160TO ODABRATI MORINGA SAPUN?<\/b><\/h3>\n<p><span style=\"font-weight: 400;\">Verovatno najhranljivija biljka poznata \u010doveku, koja bez napora pobe\u0111uje kelj, spanac\u0301 i spirulinu, Moringa je superhrana koja sadr\u017ei vi\u0161e od 90 hranljivih materija, 46 antioksidanata, 36 antiinflamatornih jedinjenja i 18 aminokiselina, uklju\u010dujuc\u0301i svih 9 esencijalnih aminokiselina koje na\u0161a tela zahtevaju, ali ne mogu da proizvedu. Sadr\u017ei va\u017ene citokinine (posebno zeatin), fenole, masne kiseline, vitamine A, B6, B7, B2, B3, C, D, E i K, plus kalcijum, kalijum, cink, magnezijum, gvo\u017e\u0111e i bakar, sumpor , cink, azot, fosfor, cink, mangan i proteini. Superhrana za telo, obilje dobrote za ko\u017eu, vla\u017ei, smiruje i re\u0161ava ko\u017ene poremec\u0301aje, ubla\u017eava starenje i fleke, zagla\u0111uje i ima efekat posvetljavanja. Sapun je podjednako koristan za kosu, re\u0161avajuc\u0301i probleme vlasi\u0161ta, podsti\u010duc\u0301i rast i pobolj\u0161avajuc\u0301i elasti\u010dnost i sjaj.<\/span><\/p>\n<h3><b>PREDNOSTI MORINGA SAPUNA<\/b><\/h3>\n<h3><b><i>MORINGA SAPUN VLA\u017dI I JA\u010cA BARIJERU KO\u017dE<\/i><\/b><\/h3>\n<p><span style=\"font-weight: 400;\">Moringa ulje se sastoji od 40% mononezasic\u0301enih masnih kiselina, od kojih je 70% oleinske kiseline. To je odli\u010dno za ko\u017eu, jer joj daje fantasti\u010dna hidratantna svojstva (omek\u0161avanje i umirivanje), poma\u017euc\u0301i u smirivanju stanja suve ko\u017ee kao \u0161to su psorijaza, dermatitis i ekcem. Deluje i kao emolijens, ja\u010da ko\u017enu barijeru, smanjuje gubitak vlage i \u0161titi od zaga\u0111iva\u010da i o\u0161tec\u0301enja slobodnih radikala.<\/span><\/p>\n<h3><b><i>MORINGA SAPUN \u010cISTI KO\u017dU<\/i><\/b><\/h3>\n<p><span style=\"font-weight: 400;\">Moringa sadr\u017ei oko 45 vrsta antioksidanata koji mogu pomoc\u0301i da se ko\u017ea oslobodi toksina. Tako\u0111e ima ne\u017eno dejstvo pilinga i u kombinaciji sa svojim antibakterijskim, antimikrobnim, adstringentnim svojstvima i svojstvima balansiranja sebuma, predstavlja prirodno re\u0161enje za akne. Poma\u017ee u \u010di\u0161\u0107enju i otvaranju pora, uklanja mrtve c\u0301elije i prljav\u0161tinu sa ko\u017ee, povec\u0301ava proizvodnju kolagena \u0161to dovodi do\u00a0 pobolj\u0161anja elasti\u010dnost, tako\u0111e elimini\u0161e sve bakterije i isu\u0161uje infekcije, \u010dime efikasno kontroli\u0161e akne i njihovo izbijanje.<\/span><\/p>\n<h3><b><i>MORINGA SAPUN ZACELJUJE RANE<\/i><\/b><\/h3>\n<p><span style=\"font-weight: 400;\">Moringa smanjuje upalu, pobolj\u0161ava zgru\u0161avanje krvi i promovi\u0161e proliferaciju ljudskih dermalnih fibroblasta, \u010dime se pospe\u0161uje zarastanje ogrebotina, posekotina i drugih rana, i smanjuje o\u017eiljke. Odli\u010dno \u0161titi i od bakterijskih infekcija.<\/span><\/p>\n<h3><b><i>MORINGA SAPUN IMA ANTIBAKTERIJSKA, ANTEGUNICALNA I ANTIMIKROBNA SVOJSTVA<\/i><\/b><\/h3>\n<p><span style=\"font-weight: 400;\">Moringa sapun mo\u017ee pomoc\u0301i u uklanjanju patogena, uklju\u010dujuc\u0301i bakterije, gljivice i viruse. Uspe\u0161no se pokazao efikasnim protiv nekoliko vrsta bakterija Staphilococcus, e-coli, gljivi\u010dnih infekcija izazvanih kandidom albicans i gljivi\u010dnih infekcija uklju\u010dujuc\u0301i atletsko stopalo i li\u0161aj.<\/span><\/p>\n<h3><b><i>MORINGA SAPUN ODR\u017dAVA KO\u017dU MLA\u0110OM<\/i><\/b><\/h3>\n<p><span style=\"font-weight: 400;\">Moringa sapun ima nekoliko prednosti kako bi ko\u017ea izgledala mla\u0111e. Pre svega, ima sna\u017ena antioksidativna svojstva koja spre\u010davaju uni\u0161tavanje ko\u017ee slobodnim radikalima koji uzrokuju prevremeno starenje. Sadr\u017ei biljne hormone zvane citokinini, uklju\u010dujuc\u0301i moc\u0301ni hormon rasta biljaka zvan zeatin, koji poma\u017ee da se promovi\u0161e c\u0301elijski rast i podr\u017eava i hrani c\u0301elijsko tkivo kako bi se odlo\u017eio proces starenja. \u0160tavi\u0161e, dubinski hidrirajuc\u0301i ko\u017eu i pobolj\u0161avajuc\u0301i njenu prirodnu barijeru, moringa sapun odr\u017eava ko\u017eu punom. Niz prirodnih vitamina i hranljivih materija u sapunu tako\u0111e poma\u017ee da se podstakne proizvodnja kolagena, pobolj\u0161avajuc\u0301i elasti\u010dnost, zagla\u0111ujuc\u0301i ko\u017eu i omoguc\u0301avajuc\u0301i ko\u017ei da se samopopravlja, \u010dime se smanjuje opu\u0161tena ko\u017ea i pobolj\u0161ava izgled postojec\u0301ih finih linija i bora, plus ubla\u017eava tamne mrlje.<\/span><\/p>\n<h3><b><i>MORINGA SAPUN ZA ZDRAVU KOSU<\/i><\/b><\/h3>\n<p><span style=\"font-weight: 400;\">Sadr\u017ei vitamine A i B i nenadma\u0161ne koli\u010dine masnih kiselina. Moringa sapun je savr\u0161en za ishranu i vla\u017eenje kose. Daje vlagu i mo\u017ee pomoc\u0301i u balansiranju nivoa vlage u kosi i vlasi\u0161tu \u0161to, zajedno sa antimikrobnim, antibakterijskim i antigljivi\u010dnim svojstvima, mo\u017ee osigurati zdravu ko\u017eu glave, otklanjajuc\u0301i svrab, suvoc\u0301u, masnoc\u0301u, perut, dermatitis i smirujuc\u0301i psorijazu vlasi\u0161ta. Pobolj\u0161ava cirkulaciju krvi kako bi se osiguralo da se kiseonik i hranljive materije prenose do folikula dlake kako bi se promovisala jaka i zdrava kosa i pobolj\u0161ao rast. Moringa sapun se udru\u017euje sa antioksidansima u borbi protiv o\u0161tec\u0301enja slobodnih radikala koji tako\u0111e mogu dovesti do preranog pojavljivanja sedih vlasi. Tako\u0111e, visok sadr\u017eaj proteina poma\u017ee u popravljanju o\u0161tec\u0301enja i restrukturiranju kose, pobolj\u0161avajuc\u0301i sjaj, elasti\u010dnost i sjaj i o\u017eivljavaju\u0107i dosadnu i be\u017eivotnu kosu.<\/span><\/p>\n","protected":false},"excerpt":{"rendered":"<p><span style=\"font-weight: 400;\">Tako\u0111e poznata kao \u201eDrvo \u017eivota\u201c ili \u201e\u010cudesno drvo\u201c, Moringa je kori\u0161c\u0301ena u biljnim indijskim lekovima pre oko 5000 godina, kao i od strane starih Egipc\u0301ana, Grka i Rimljana za mnoga pitanja, uklju\u010dujuc\u0301i ko\u017ene tegobe. Veoma je hranljivo, a ekstrahovano ulje je cenjeno zbog svog dubokog dejstva na ko\u017eu, ne\u017eno re\u0161ava mnoge probleme sa ko\u017eom i promovi\u0161e \u010distu zdravu ko\u017eu.<\/span><\/p>\n","protected":false},"featured_media":274108,"comment_status":"open","ping_status":"closed","template":"","meta":[],"product_brand":[],"product_cat":[1136],"product_tag":[],"class_list":{"0":"post-260833","1":"product","2":"type-product","3":"status-publish","4":"has-post-thumbnail","6":"product_cat-soaps-sr","7":"pa_bottle-size-100-g-sr","9":"first","10":"outofstock","11":"shipping-taxable","12":"purchasable","13":"product-type-variable"},"_links":{"self":[{"href":"https:\/\/nefertiti-eg.com\/sr\/wp-json\/wp\/v2\/product\/260833","targetHints":{"allow":["GET"]}}],"collection":[{"href":"https:\/\/nefertiti-eg.com\/sr\/wp-json\/wp\/v2\/product"}],"about":[{"href":"https:\/\/nefertiti-eg.com\/sr\/wp-json\/wp\/v2\/types\/product"}],"replies":[{"embeddable":true,"href":"https:\/\/nefertiti-eg.com\/sr\/wp-json\/wp\/v2\/comments?post=260833"}],"wp:featuredmedia":[{"embeddable":true,"href":"https:\/\/nefertiti-eg.com\/sr\/wp-json\/wp\/v2\/media\/274108"}],"wp:attachment":[{"href":"https:\/\/nefertiti-eg.com\/sr\/wp-json\/wp\/v2\/media?parent=260833"}],"wp:term":[{"taxonomy":"product_brand","embeddable":true,"href":"https:\/\/nefertiti-eg.com\/sr\/wp-json\/wp\/v2\/product_brand?post=260833"},{"taxonomy":"product_cat","embeddable":true,"href":"https:\/\/nefertiti-eg.com\/sr\/wp-json\/wp\/v2\/product_cat?post=260833"},{"taxonomy":"product_tag","embeddable":true,"href":"https:\/\/nefertiti-eg.com\/sr\/wp-json\/wp\/v2\/product_tag?post=260833"}],"curies":[{"name":"wp","href":"https:\/\/api.w.org\/{rel}","templated":true}]}}