{"id":261355,"date":"2020-12-30T10:42:49","date_gmt":"2020-12-30T08:42:49","guid":{"rendered":"https:\/\/nefertiti-eg.com\/shop\/\u043d\u0435\u043a\u0430\u0442\u0435\u0433\u043e\u0440\u0438\u0437\u043e\u0432\u0430\u043d\u043e\/ylang-ylang-oil\/"},"modified":"2023-08-24T14:31:54","modified_gmt":"2023-08-24T11:31:54","slug":"ylang-ylang-oil","status":"publish","type":"product","link":"https:\/\/nefertiti-eg.com\/sr\/shop\/aroma-oils-uk-sr\/ylang-ylang-oil\/","title":{"rendered":"Ulje Ylang-Ylang"},"content":{"rendered":"<h3><b>Poreklo i karakteristike<\/b><\/h3>\n<p><span style=\"font-weight: 400;\">Ylang-Ylang je zimzeleno drvo koje dosti\u017ee visinu od 40 metara, sa deblom do 75 centimetara u pre\u010dniku. Cvetovi se nalaze na stabljici, a du\u017eina cveta je do 7,5 centimetara. Cvetovi su \u017eutozelene boje sa \u0161est latica i ljubi\u010dastom mrljom iznutra. Ylang-Ylang cveta skoro tokom cele godine. Cvetovi se beru u zoru kada sadr\u017ee maksimalnu koli\u010dinu eteri\u010dnih ulja i najintenzivnije miri\u0161u. Ylang-Ylang ulje se proizvodi destilacijom vodenom parom.<\/span><\/p>\n<p><span style=\"font-weight: 400;\">Predivan miris cvec\u0301a koristi se za kreiranje mnogih svetski poznatih parfema. Tako\u0111e, aroma ove biljke se koristi u aromaterapiji, kozmetologiji, u proizvodnji mirisa za sapune, kreme i druge proizvode.<\/span><\/p>\n<h3><b>Prednosti kori\u0161\u0107enja<\/b><\/h3>\n<p><span style=\"font-weight: 400;\">Ovo ulje se \u0161iroko koristi u industriji parfimerije i aromaterapije. U aromaterapiji, miris se koristi za ubla\u017eavanje napetosti i stresa i za stvaranje pozitivnog raspolo\u017eenja. Indikovan je za depresiju, apatiju, povec\u0301anu nervozu. Poma\u017ee u sni\u017eavanju visokog krvnog pritiska i pobolj\u0161anju sna, uklanjanju glavobolje i impotencije.<\/span><\/p>\n<p><span style=\"font-weight: 400;\">Ulje Ylang-Ylang-a, zbog svoje arome, kao i hranljivih i za\u0161titnih svojstava, uklju\u010deno je u sastav proizvoda za negu ko\u017ee i kose. Kao deo kozmetike, normalizuje rad lojnih \u017elezda, elimini\u0161e akne i osipe, spre\u010dava prerano starenje ko\u017ee, i stimuli\u0161e stvaranje novih c\u0301elija epiderme. U proizvodima za negu kose obnavlja strukturu i spre\u010dava gubitak kose. Pored toga, ulje se koristi kao lek za ujede insekata i zmija.<\/span><\/p>\n<p><span style=\"font-weight: 400;\">Glavne hemijske komponente ovog etarskog ulja su: linalol, geranil acetat, germakren-D, beta-kariofilen, benzil acetat, geraniol, metil benzoat, farnezen, eugenol, benzil benzoat, sadr\u017ei i kiseline (mravlju, sirc\u0301etnu, benzoetu). i druge valerijane) i druge supstance. Ovi sastojci daju ulju sledec\u0301a svojstva:<\/span><\/p>\n<p><span style=\"font-weight: 400;\">&#8211; Umiruje nervni sistem, antidepresiv je, anksiolitik i daje energiju<\/span><\/p>\n<p><span style=\"font-weight: 400;\">&#8211; Anti-inflamatorna sredstva i sredstva za ubla\u017eavanje bolova<\/span><\/p>\n<p><span style=\"font-weight: 400;\">&#8211; Antifungalni, antivirusni, antimikrobni, antibakterijski\u00a0<\/span><\/p>\n<p><span style=\"font-weight: 400;\">&#8211; Dekongestivi<\/span><\/p>\n<p><span style=\"font-weight: 400;\">&#8211; Insekticidno<\/span><\/p>\n<p><span style=\"font-weight: 400;\">&#8211; Dezinfekciono sredstvo<\/span><\/p>\n<p><span style=\"font-weight: 400;\">&#8211; Aromaterapija<\/span><\/p>\n<h3><b>Aromaterapija<\/b><\/h3>\n<p><span style=\"font-weight: 400;\">Udisanje arome Ylang-Ylang ulja dobro je za nesanicu, depresiju, apatiju, nervnu napetost i poma\u017ee u pobolj\u0161anju raspolo\u017eenja. Upotreba ovog ulja tako\u0111e pozitivno deluje na bolesti izazvane nervnim prenaprezanjem &#8211; astma, stres, gubitak snage, prekomerna pospanost.<\/span><\/p>\n<p><span style=\"font-weight: 400;\">Utvr\u0111eno je da udisanje ovog mirisa sni\u017eava krvni pritisak i nivo hormona stresa. Jedna studija je uporedila arome Ylang-Ylang-a i peperminta. Pokazalo se da menta pobolj\u0161ava pamc\u0301enje, dok Ylang-Ylang smiruje nerve, ali istovremeno smanjuje funkcionisanje pamc\u0301enja i usporava brzinu obrade informacija. Stoga, iako ovo ulje ima opu\u0161tajuc\u0301i efekat, bolje je ne koristiti ga pre ispita.<\/span><\/p>\n<h3><b>Fungicidna i antibakterijska svojstva<\/b><\/h3>\n<p><span style=\"font-weight: 400;\">Geranil acetat u ovom ulju ima antifungalna i antimikrobna svojstva, \u0161to ga \u010dini efikasnim tretmanom za gljivi\u010dne infekcije. Tako\u0111e, ovo ulje se koristi kao pomoc\u0301no re\u0161enje za dermatitis i ekcem.<\/span><\/p>\n<p><span style=\"font-weight: 400;\">Zahvaljujuc\u0301i svojim antiinflamatornim i antimikrobnim svojstvima, ovo eteri\u010dno ulje poma\u017ee u otklanjanju akni i drugih ko\u017enih osipa, stabilizuje lu\u010denje lojnih \u017elezda, usled \u010dega suva ko\u017ea postaje hidratizovanija, a masna gubi svoj masni sjaj i postaje sve\u017ea i mat.<\/span><\/p>\n<h3><b>Svojstva protiv starenja<\/b><\/h3>\n<p><span style=\"font-weight: 400;\">Ylang-Ylang je dobar za ko\u017eu lica. Upotreba ovog ulja spre\u010dava prerano starenje ko\u017ee, stimuli\u0161e rast novih c\u0301elija epidermisa, smanjuje ja\u010dinu bora i pora. Normalizuje rad lojnih \u017elezda, su\u017eava pore, vla\u017ei suvu ko\u017eu, tonizira, zagla\u0111uje bore, spre\u010dava pojavu novih bora, plus pobolj\u0161ava \u010dvrstoc\u0301u i elasti\u010dnost ko\u017ee.<\/span><\/p>\n<h3><b>Za ubla\u017eavanje bolova<\/b><\/h3>\n<p><span style=\"font-weight: 400;\">Ylang-Ylang ima sposobnost da elimini\u0161e migrene i glavobolje. Poma\u017ee da se olak\u0161a disanje, normalizuje stanje bronhopulmonalnog sistema nakon prele\u017eanih inflamatornih bolesti, ubla\u017eava ka\u0161alj pu\u0161a\u010da. Delujuc\u0301i kao antispazmodik, jer ubla\u017eava gr\u010deve i bol. Mo\u017ee da smanji menstrualni bol, normalizuje menstrualni ciklus i olak\u0161a menopauzu.<\/span><\/p>\n<h3><b>Normalizuje krvni pritisak<\/b><\/h3>\n<p><span style=\"font-weight: 400;\">Udisanje pare ovog ulja pobolj\u0161ava cirkulaciju krvi, normalizuje krvni pritisak i rad srca. Korisno je prskati ovo ulje 3 puta dnevno. Kombinovanje Ylang-Ylang ulja, limuna i lavande tako\u0111e dobro funkcioni\u0161e.<\/span><\/p>\n<h3><b>Prednosti za kosu<\/b><\/h3>\n<p><span style=\"font-weight: 400;\">Kada se ovo ulje doda \u0161amponima, balzamima i maskama, kosa postaje glatka i sjajna. Za intenzivnu negu kose, korisno je me\u0161ati ga sa kokosovim uljem ili uljem jojobe.<\/span><\/p>\n<h3><b>Prednosti za nokte<\/b><\/h3>\n<p><span style=\"font-weight: 400;\">Svi \u017eele da imaju lepe i jake nokte. Ulje Ylang-Ylang poma\u017ee u ja\u010danju noktiju. Uz redovno utrljavanje u nokatnu plo\u010du i zanoktice, nokti dobijaju sjaj i snagu, prestaju da se lome i listaju.\u00a0<\/span><\/p>\n<h3><b>Kao afrodizijak<\/b><\/h3>\n<p><span style=\"font-weight: 400;\">Ylang-Ylang je miris za medeni mesec i senzualnost. Elimini\u0161e kompleks inferiornosti i zbli\u017eava ljude. Erotski je stimulans koji promovi\u0161e seksualnu dugove\u010dnost.<\/span><\/p>\n<p><span style=\"font-weight: 400;\">Prijatan miris ulja odu\u0161evljava mnoge. Ima \u0161irok spektar upotreba, od umirujuc\u0301eg do o\u017eivljavanja. Isprobajte ga i prona\u0111ite nove moguc\u0301nosti za sebe. Napravite jedinstvenu kompoziciju dodavanjem ovog ulja va\u0161oj omiljenoj kremi.<\/span><\/p>\n<p><span style=\"font-weight: 400;\">Kao i svako eteri\u010dno ulje, treba ga koristiti samo razbla\u017eeno, ina\u010de bi zbog visoke koncentracije moglo doc\u0301i do iritacije ko\u017ee. Obi\u010dno treba ispo\u0161tovati odnos od 2 kapi na 5 ml odgovarajuc\u0301eg baznog ulja (kao \u0161to je ulje kokosa, badema ili jojobe).<\/span><\/p>\n","protected":false},"excerpt":{"rendered":"<p><span style=\"font-weight: 400;\"><strong>Brend<\/strong>: Nefertiti prirodna ulja i biljke<br \/>\n<\/span><span style=\"font-weight: 400;\"><strong>Zemlja porekla<\/strong>: Egipat<br \/>\n<\/span><span style=\"font-weight: 400;\"><strong>Botani\u010dki naziv<\/strong>: Cananga odorata<br \/>\n<\/span><span style=\"font-weight: 400;\"><strong>Porodica<\/strong>: Annonaceae<br \/>\n<\/span><span style=\"font-weight: 400;\"><strong>INCI<\/strong>: Cananga odorata Pure Aroma Oil<br \/>\n<\/span><span style=\"font-weight: 400;\"><strong>Kori\u0161c\u0301ene komponente<\/strong>: cvetovi<br \/>\n<\/span><span style=\"font-weight: 400;\"><strong>Metoda ekstrakcije<\/strong>: Destilacija vodenom parom<br \/>\n<\/span><span style=\"font-weight: 400;\"><strong>Miris<\/strong>: sladak, bogat, za\u010dinjen<br \/>\n<\/span><span style=\"font-weight: 400;\"><strong>Izgled<\/strong>: zlatno \u017euta<br \/>\n<\/span><span style=\"font-weight: 400;\"><strong>Agregatno stanje<\/strong>: Te\u010dnost<br \/>\n<\/span><span style=\"font-weight: 400;\"><strong>Prirodno<\/strong>: Da<br \/>\n<\/span><span style=\"font-weight: 400;\"><strong>\u010cistoc\u0301a<\/strong>: 100% \u010distoc\u0301a<br \/>\n<\/span><span style=\"font-weight: 400;\"><strong>Sertifikati<\/strong>: ISO &amp; MSDS<br \/>\n<\/span><span style=\"font-weight: 400;\"><strong>Sastav<\/strong>: \u010disto aroma ulje<br \/>\n<\/span><span style=\"font-weight: 400;\"><strong>Dostava<\/strong>: Izra\u010dunava se na blagajni<\/span><\/p>\n","protected":false},"featured_media":275675,"comment_status":"open","ping_status":"closed","template":"","meta":[],"product_brand":[],"product_cat":[1132],"product_tag":[],"class_list":{"0":"post-261355","1":"product","2":"type-product","3":"status-publish","4":"has-post-thumbnail","6":"product_cat-aroma-oils-uk-sr","7":"pa_bottle-size-10-ml-sr","8":"pa_bottle-size-1000-ml-2-sr","9":"pa_bottle-size-125-ml-sr-2","10":"pa_bottle-size-250ml-sr","11":"pa_bottle-size-50ml-sr","12":"pa_bottle-size-500-ml","14":"first","15":"instock","16":"sale","17":"shipping-taxable","18":"purchasable","19":"product-type-variable","20":"has-default-attributes"},"_links":{"self":[{"href":"https:\/\/nefertiti-eg.com\/sr\/wp-json\/wp\/v2\/product\/261355","targetHints":{"allow":["GET"]}}],"collection":[{"href":"https:\/\/nefertiti-eg.com\/sr\/wp-json\/wp\/v2\/product"}],"about":[{"href":"https:\/\/nefertiti-eg.com\/sr\/wp-json\/wp\/v2\/types\/product"}],"replies":[{"embeddable":true,"href":"https:\/\/nefertiti-eg.com\/sr\/wp-json\/wp\/v2\/comments?post=261355"}],"wp:featuredmedia":[{"embeddable":true,"href":"https:\/\/nefertiti-eg.com\/sr\/wp-json\/wp\/v2\/media\/275675"}],"wp:attachment":[{"href":"https:\/\/nefertiti-eg.com\/sr\/wp-json\/wp\/v2\/media?parent=261355"}],"wp:term":[{"taxonomy":"product_brand","embeddable":true,"href":"https:\/\/nefertiti-eg.com\/sr\/wp-json\/wp\/v2\/product_brand?post=261355"},{"taxonomy":"product_cat","embeddable":true,"href":"https:\/\/nefertiti-eg.com\/sr\/wp-json\/wp\/v2\/product_cat?post=261355"},{"taxonomy":"product_tag","embeddable":true,"href":"https:\/\/nefertiti-eg.com\/sr\/wp-json\/wp\/v2\/product_tag?post=261355"}],"curies":[{"name":"wp","href":"https:\/\/api.w.org\/{rel}","templated":true}]}}