{"id":261373,"date":"2015-07-24T18:16:21","date_gmt":"2015-07-24T16:16:21","guid":{"rendered":"https:\/\/nefertiti-eg.com\/shop\/\u043d\u0435\u043a\u0430\u0442\u0435\u0433\u043e\u0440\u0438\u0437\u043e\u0432\u0430\u043d\u043e\/peppermint-oil\/"},"modified":"2023-08-24T15:16:28","modified_gmt":"2023-08-24T12:16:28","slug":"peppermint-oil","status":"publish","type":"product","link":"https:\/\/nefertiti-eg.com\/sr\/shop\/aroma-oils-uk-sr\/peppermint-oil\/","title":{"rendered":"Pepermint ulje"},"content":{"rendered":"<p><span style=\"font-weight: 400;\">Rimski prirodni filozof Plinije je o pepermintu napisao da \u201epodsti\u010de um i apetit na pohlepnu \u017eudnju za hranom\u201c. Ali i da stimuli\u0161e um i du\u0161u vezivanjem nane u krunu oko glave. Plinije, Hipokrat i Aristotel su na mentu gledali kao na reproduktivno obeshrabrenje, govorec\u0301i da obeshrabruje seksualni odnos. Grci su, s druge strane, verovali da pepermint podsti\u010de seksualno pona\u0161anje i stoga su zabranili vojnicima da je koriste kako bi zadr\u017eali kontrolu.<\/span><\/p>\n<p><span style=\"font-weight: 400;\">Nana je jedna od najstarijih biljaka na svetu i zauzima va\u017eno mesto od davnina, kako u kulturi tako i u narodnim lekovima. Pepermintu su Grci koristili za tegobe stomaka i urinarnog trakta. Za glavobolju, listovi su stavljeni na slepoo\u010dnice i lice. U Starom Rimu i Egiptu menta je bila poznata po svom antispazmodi\u010dnom dejstvu na probavni sistem.<\/span><\/p>\n<p><span style=\"font-weight: 400;\">Pepermint se prvi put pominje kao biljni lek u islandskim farmakopejama jo\u0161 1240. godine nove ere, a popularnost je stekla u naredna dva veka. Poznato je da su monasi u srednjem veku koristili pepermint kao sredstvo za poliranje zuba. Tokom tog istog perioda, proizvo\u0111a\u010di sira su saznali da jak miris peperminta udaljava pacove i mi\u0161eve iz skladi\u0161ta.<\/span><\/p>\n<p><span style=\"font-weight: 400;\">U me\u0111uvremenu, antispazmodi\u010dna, rashladna i analgeti\u010dka svojstva peperminta su potvr\u0111ena istra\u017eivanjima. Njegov miris i efekti su u velikoj meri determinisani prisustvom mentola, glavnog jedinjenja (40 do 50%) u pepermintu. Osim toga, pepermint je jedan od najpopularnijih ukusa na svetu. Koristi se u hrani, pastama za zube, \u017evakac\u0301im gumama, proizvodima za \u010di\u0161c\u0301enje i pic\u0301ima (uklju\u010dujuc\u0301i kremu de menthe). Ovo ulje i miris se jedva koristi u industriji parfema.<\/span><\/p>\n<h3><b>Poreklo i karakteristike peperminta<\/b><\/h3>\n<p><span style=\"font-weight: 400;\">Mentha Piperita, poznatija kao Pepermint, duguje opisnu &#8222;piperitu&#8220; svojoj specifi\u010dnoj sna\u017enoj biberastoj aromi koja je izdvaja od ostalih \u010dlanova porodice mente. Vrste mente se lako ukr\u0161taju, stvarajuc\u0301i mnoge hibride. Pepermint je jedna od onih hibridnih biljaka nane, ukr\u0161tanje vodene metvice i metvice. Koliko je zaista opse\u017ena porodica Mentha ostaje nejasno, niti je moguc\u0301e utvrditi odakle je biljka prvobitno do\u0161la. Nana se danas uzgaja u mnogim delovima sveta zbog osve\u017eavajuc\u0301e arome i ukusa, kao i zbog mentola koji se dobija zamrzavanjem.<\/span><\/p>\n<p><span style=\"font-weight: 400;\">Pepermint je zeljasta rizomatozna vi\u0161egodi\u0161nja biljka. Mesnati rizomi su \u0161iroko rasprostranjeni i imaju vlaknaste korene. Tamnozeleni listovi peperminta, sa o\u0161trim vrhom i grubo nazubljenim ivicama, imaju crvenkaste vene. Listovi i stabljike su obi\u010dno malo nejasni. Cvetovi su mali, lila\/ljubi\u010daste boje i formiraju se u krugovima oko stabljike, formirajuc\u0301i debele, tupe klasove. Pepermint je biljka koja brzo raste &#8211; kada nikne, vrlo se brzo \u0161iri &#8211; i obi\u010dno se javlja u vla\u017enim stani\u0161tima, uklju\u010dujuc\u0301i strane potoka i drena\u017ene jarke. Buduc\u0301i da je hibrid, pepermint je sterilan, ne proizvodi seme i razmno\u017eava se samo vegetativno, \u0161irec\u0301i se putem svojih trka\u010da.<\/span><\/p>\n<p><span style=\"font-weight: 400;\">Sve\u017ei ili osu\u0161eni listovi nane se koriste za pravljenje \u010daja od nane, ili u kombinaciji sa drugim biljem u biljnim \u010dajevima. Pepermint se tako\u0111e koristi za aromatiziranje sladoleda, slatki\u0161a, konzerviranog voc\u0301a, alkoholnih pic\u0301a, \u017evakac\u0301e gume, paste za zube i nekih \u0161ampona, sapuna i proizvoda za negu ko\u017ee.<\/span><\/p>\n<p><span style=\"font-weight: 400;\">Ulje peperminta je eteri\u010dno ulje ekstrahovano iz stabljika i osu\u0161enih listova biljke peperminta. Ekstrahovano ulje se sastoji od 35-60% supstance levomentola (mentola) i prera\u0111uje se na brojne na\u010dine. Ulje mente stimuli\u0161e i revitalizira sa rashla\u0111ujuc\u0301im, ubla\u017eavajuc\u0301im i analgetskim svojstvima. Osve\u017eavajuc\u0301a, prodorna aroma mentola ulja peperminta \u010dini ga savr\u0161eno pogodnim za aromaterapiju.<\/span><\/p>\n<h3><b>Ulje peperminta i prednosti<\/b><\/h3>\n<p><span style=\"font-weight: 400;\">Ulje peperminta ima \u0161irok spektar delovanja. Deluje baktericidno (uklju\u010dujuc\u0301i Staphilococcus aureus), virucidno, blago fungicidno, parazitcidno (\u0161uga), antiinflamatorno (naro\u010dito creva, urinarnog trakta i respiratornog trakta), rashla\u0111uje, ubla\u017eava bol (uklju\u010dujuc\u0301i migrenu glavobolju), anti- antiemetik je (protiv mu\u010dnine), obnavlja, stimuli\u0161e i \u010disti ko\u017eu. Pepermint je ekspektorans i antispazmodik za respiratorna oboljenja kao \u0161to su prehlada, grip i (suvi) ka\u0161alj. U Rusiji se ulje mente povezuje sa borbom protiv tuberkuloze: isparavanje spre\u010dava ponovnu pojavu i pogor\u0161anje bolesti. Istra\u017eiva\u010di nazivaju inhalaciju pepermintom dobrim dodatkom tretmanu. \u010caj od nane i ulje od mente su staro re\u0161enje za mu\u010dninu i povrac\u0301anje tokom trudnoc\u0301e, posle operacije, tokom hemoterapije ili za mu\u010dninu.<\/span><\/p>\n<p><b><i>Nega ko\u017ee<\/i><\/b><i><span style=\"font-weight: 400;\"> &#8211;<\/span><\/i><span style=\"font-weight: 400;\"> Ovo eteri\u010dno ulje je pogodno za masnu ko\u017eu, hladi, ubla\u017eava svrab (koprivnja\u010da i ekcem) i umiruje. Ulje peperminta koje se koristi na ko\u017ei ima antiinflamatorno i lekovito dejstvo na inficirane rane i akne. Pepermint se tako\u0111e bori protiv virusa herpes simpleksa koji izaziva herpes. Nanesite kap ulja direktno na po\u010detnu herpes infekciju.<\/span><\/p>\n<p><span style=\"font-weight: 400;\">Ulje peperminta se \u010desto koristi u kozmeti\u010dkim proizvodima, iako su istra\u017eivanja o njegovim potencijalnim prednostima za kosu i ko\u017eu ograni\u010dena. Mala studija je otkrila da je lokalna primena ulja peperminta kod hroni\u010dnog svraba dovela do pobolj\u0161anja te\u017eine i trajanja svraba.<\/span><\/p>\n<p><b><i>Antimikrobno \u2013<\/i><\/b><span style=\"font-weight: 400;\"> ulje peperminta ima blaga antimikrobna svojstva. Sprovedene su razli\u010dite studije kako bi se utvrdila njegova efikasnost protiv razli\u010ditih vrsta bakterija i gljivica, sa razli\u010ditim rezultatima. Jedna studija je otkrila da inkubacija ulja od peperminta sa nekoliko sojeva Staphilococcus aureus (neki su otporni na antibiotike) inhibira proizvodnju va\u017enog bakterijskog toksina, a ovaj efekat se povec\u0301ava sa povec\u0301anjem doze ulja od peperminta. Ulje peperminta nije pokazalo antimikrobnu aktivnost protiv vrste Streptococcus u drugoj studiji.<\/span><\/p>\n<p><span style=\"font-weight: 400;\">Mentol aktivira receptore osetljive na hladnoc\u0301u u tkivima ko\u017ee i sluzoko\u017ee, \u0161to je primarni izvor osec\u0301aja hla\u0111enja koji prati lokalnu primenu ulja peperminta.<\/span><\/p>\n<p><b><i>Ubla\u017eava bol &#8211;<\/i><\/b><span style=\"font-weight: 400;\"> Zbog efekta hla\u0111enja ulja od peperminta, tako\u0111e ubla\u017eava bol. Ovaj dvostruki efekat je posebno koristan za (tenzijske) glavobolje, deluje \u010dak i br\u017ee od normalnih proizvoda bez recepta. Nano\u0161enjem peperminta na slepoo\u010dnice i \u010delo aktiviraju se senzori hladnoc\u0301e u ko\u017ei. Ovo ima analgeti\u010dki ne\u017eeljeni efekat koji tako\u0111e mo\u017ee pomoc\u0301i kod migrene i povezanih simptoma kao \u0161to su mu\u010dnina i fotosenzitivnost. \u010cak i nervni bol izazvan \u0161indrom (postherpeti\u010dna neuralgija) tako\u0111e se mo\u017ee le\u010diti \u010distim uljem mente.<\/span><\/p>\n<h3><b>Ulje peperminta i aromaterapija<\/b><\/h3>\n<p><span style=\"font-weight: 400;\">Sve\u017e i blago o\u0161tar miris peperminta deluje stimulativno na mozak. Ulje peperminta revitalizuje, daje energiju i sna\u017eno podi\u017ee. Povec\u0301ava koncentraciju tako \u0161to \u0161alje energiju u glavu i mozak.<\/span><\/p>\n<p><b><i>Osna\u017eujuc\u0301a kupka &#8211;<\/i><\/b><span style=\"font-weight: 400;\"> korisna kod respiratornih infekcija, bolova u nervima, glavobolje, svraba i lo\u0161eg funkcionisanja jetre i pankreasa. Za decu mla\u0111u od 6 godina, efekat hla\u0111enja u kadi mo\u017ee biti prejak.<\/span><\/p>\n<p><b><i>Aroma ispariva\u010d &#8211;<\/i><\/b><span style=\"font-weight: 400;\"> ulje peperminta donosi sve\u017e i \u010dist miris u prostoriju. Ulje se dobro me\u0161a sa drugim esencijalnim uljima poput limuna, eukaliptusa, lavande, narand\u017ee i ulja \u010dajevca. Pepermint deluje stimulativno, podi\u017ee budnost, podsti\u010de, podsti\u010de motivaciju i raspr\u0161uje mentalni umor, pobolj\u0161avajuc\u0301i koncentraciju. Ovo \u010dini pepermintu dobrim uljem za u\u010denje i rad. Ulje peperminta ima efekat sve\u017eine i pro\u010di\u0161c\u0301avanja vazduha.<\/span><\/p>\n<h3><b>Bezbedna upotreba ulja od peperminta<\/b><\/h3>\n<p><span style=\"font-weight: 400;\">Eteri\u010dno ulje mente je veoma koncentrovano ulje i zato ga uvek treba pravilno razbla\u017eiti pre lokalne upotrebe. Potrebno je samo nekoliko kapi u osnovno ulje, kao \u0161to je bademovo, jojobino ili arganovo ulje. Preporu\u010duje se da se prvo testira na malom delu ko\u017ee i sa\u010deka 24 sata da bi se identifikovale bilo kakve ko\u017ene reakcije kao \u0161to su osip ili iritacija. Kupke i masa\u017ee za osobe sa osetljivom ko\u017eom se ne preporu\u010duju.<\/span><\/p>\n<p><span style=\"font-weight: 400;\">Kao i druga esencijalna ulja, ulje peperminta ne treba da se uzima oralno.<\/span><\/p>\n","protected":false},"excerpt":{"rendered":"<p><span style=\"font-weight: 400;\"><strong>Brend<\/strong>: Nefertiti prirodna ulja i biljke<br \/>\n<\/span><span style=\"font-weight: 400;\"><strong>Zemlja porekla<\/strong>: Egipat<br \/>\n<\/span><span style=\"font-weight: 400;\"><strong>Botani\u010dki naziv<\/strong>: Mentha Piperata<br \/>\n<\/span><span style=\"font-weight: 400;\"><strong>Porodica<\/strong>: Lamiaceae<br \/>\n<\/span><span style=\"font-weight: 400;\"><strong>INCI:<\/strong> Mentha Piperata \u010disto aromati\u010dno ulje<br \/>\n<\/span><span style=\"font-weight: 400;\"><strong>Kori\u0161c\u0301ene komponente<\/strong>: listovi<br \/>\n<\/span><span style=\"font-weight: 400;\"><strong>Metoda<\/strong> ekstrakcije: destilacija parom<br \/>\n<\/span><span style=\"font-weight: 400;\"><strong>Miris<\/strong>: hladan i osve\u017eavajuc\u0301i<br \/>\n<\/span><span style=\"font-weight: 400;\"><strong>Izgled<\/strong>: bistra, bledo \u017euta do zelena<br \/>\n<\/span><span style=\"font-weight: 400;\"><strong>Agregatno stanje<\/strong>: Te\u010dnost<br \/>\n<\/span><span style=\"font-weight: 400;\"><strong>Prirodno<\/strong>: Da<br \/>\n<\/span><span style=\"font-weight: 400;\"><strong>\u010cistoc\u0301a<\/strong>: 100% \u010distoc\u0301a<br \/>\n<\/span><span style=\"font-weight: 400;\"><strong>Sertifikati<\/strong>: ISO &amp; MSDS<br \/>\n<\/span><span style=\"font-weight: 400;\"><strong>Sastav<\/strong>: \u010disto aroma ulje<br \/>\n<\/span><span style=\"font-weight: 400;\"><strong>Dostava<\/strong>: Izra\u010dunava se na blagajni<\/span><\/p>\n","protected":false},"featured_media":275582,"comment_status":"open","ping_status":"closed","template":"","meta":[],"product_brand":[],"product_cat":[1132],"product_tag":[],"class_list":{"0":"post-261373","1":"product","2":"type-product","3":"status-publish","4":"has-post-thumbnail","6":"product_cat-aroma-oils-uk-sr","7":"pa_bottle-size-125-ml-sr-2","8":"pa_bottle-size-250ml-sr","9":"pa_bottle-size-50ml-sr","11":"first","12":"instock","13":"sale","14":"shipping-taxable","15":"purchasable","16":"product-type-variable","17":"has-default-attributes"},"_links":{"self":[{"href":"https:\/\/nefertiti-eg.com\/sr\/wp-json\/wp\/v2\/product\/261373","targetHints":{"allow":["GET"]}}],"collection":[{"href":"https:\/\/nefertiti-eg.com\/sr\/wp-json\/wp\/v2\/product"}],"about":[{"href":"https:\/\/nefertiti-eg.com\/sr\/wp-json\/wp\/v2\/types\/product"}],"replies":[{"embeddable":true,"href":"https:\/\/nefertiti-eg.com\/sr\/wp-json\/wp\/v2\/comments?post=261373"}],"wp:featuredmedia":[{"embeddable":true,"href":"https:\/\/nefertiti-eg.com\/sr\/wp-json\/wp\/v2\/media\/275582"}],"wp:attachment":[{"href":"https:\/\/nefertiti-eg.com\/sr\/wp-json\/wp\/v2\/media?parent=261373"}],"wp:term":[{"taxonomy":"product_brand","embeddable":true,"href":"https:\/\/nefertiti-eg.com\/sr\/wp-json\/wp\/v2\/product_brand?post=261373"},{"taxonomy":"product_cat","embeddable":true,"href":"https:\/\/nefertiti-eg.com\/sr\/wp-json\/wp\/v2\/product_cat?post=261373"},{"taxonomy":"product_tag","embeddable":true,"href":"https:\/\/nefertiti-eg.com\/sr\/wp-json\/wp\/v2\/product_tag?post=261373"}],"curies":[{"name":"wp","href":"https:\/\/api.w.org\/{rel}","templated":true}]}}