{"id":261389,"date":"2020-08-13T12:39:00","date_gmt":"2020-08-13T10:39:00","guid":{"rendered":"https:\/\/nefertiti-eg.com\/shop\/\u043d\u0435\u043a\u0430\u0442\u0435\u0433\u043e\u0440\u0438\u0437\u043e\u0432\u0430\u043d\u043e\/mango-oil\/"},"modified":"2023-08-24T15:47:46","modified_gmt":"2023-08-24T12:47:46","slug":"mango-oil","status":"publish","type":"product","link":"https:\/\/nefertiti-eg.com\/sr\/shop\/aroma-oils-uk-sr\/mango-oil\/","title":{"rendered":"Ulje manga"},"content":{"rendered":"<p><span style=\"font-weight: 400;\">Kora, listovi, ko\u017ea, meso i jezgro manga vekovima se koriste u narodnim lekovima. U indijskim ajurvedskim tretmanima listovi manga se koriste hiljadama godina. Isparenja spaljenog li\u0161c\u0301a mogu se udisati za le\u010denje \u0161tucanja i upale grla, dok se prikupljeni pepeo koristi za pokrivanje rana.<\/span><\/p>\n<p><span style=\"font-weight: 400;\">Drvo manga se u Indiji smatra svetim, njegovo li\u0161c\u0301e je \u010desto oka\u010deno iznad vrata jer je simbol srec\u0301e i prosperiteta. Pejsli obrazac, razvijen u Indiji, zasnovan je na obliku manga.<\/span><\/p>\n<p><span style=\"font-weight: 400;\">Ime vrste manga je Mangifera Indica, \u0161to jednostavno zna\u010di \u201eindijska biljka koja nosi mango\u201c.<\/span><\/p>\n<h3><b>Poreklo i karakteristike manga<\/b><\/h3>\n<p><span style=\"font-weight: 400;\">Drvo manga je dugove\u010dno, a za neke primerke se zna da su stari 300 godina i jo\u0161 uvek donose plodove. Ovo zimzeleno drvo raste, do pribli\u017eno 10-30 m visine, sa \u0161irokom, zaobljenom kro\u0161njom koja sa godinama mo\u017ee dostic\u0301i 30-38 m \u0161irine. Listovi vise kao trake na vitkim peteljkama, nose se uglavnom u rozetama na vrhovima grana i brojnim gran\u010dicama. Novi listovi se pojavljuju periodi\u010dno i neredovno na nekoliko grana odjednom. Prvo su \u017euc\u0301kaste, ru\u017ei\u010daste ili vinsko crvene, a vremenom postaju tamnozelene i sjajne. Odrasli listovi mogu biti duga\u010dki 10-32 cm. Stotine, mo\u017eda \u010dak i do 4.000, malih, \u017euc\u0301kastih ili crvenkastih cvetova ra\u0111aju se u bogatim, upadljivim, uspravnim, piramidalnim, razgranatim grozdovima. 25% do 98% mu\u0161karaca, ostalo hermafroditi.<\/span><\/p>\n<p><span style=\"font-weight: 400;\">Plodovi manga dolaze u mnogim varijacijama u pogledu oblika, veli\u010dine, boje i sastava. Njihova prili\u010dno debela ko\u017ea je ko\u017easta, vo\u0161tana i glatka, a boja varira od svetlo ili tamnozelene do jarko \u017eute, \u017euto-narand\u017easte i crvenkasto ru\u017ei\u010daste, sa \u010desto (tamno) crvenim do ljubi\u010dasto-crvenim rumenilom. Neki imaju &#8222;terpentinski&#8220; miris i ukus, dok su drugi bogati i prijatnog mirisa. Meso nalik breskvi je vlaknasto (previ\u0161e \u201evlaknasto\u201c kod nekih sadnica), izuzetno so\u010dno, sa rasponom ukusa od veoma slatkog do kiselog.<\/span><\/p>\n<p><span style=\"font-weight: 400;\">Zanimljiva \u010dinjenica o drvetu manga je njegovo posebno svojstvo da njegov rast izaziva proces koji se zove sekvestracija ugljenika &#8211; proces uklanjanja ugljenika iz atmosfere. Drvec\u0301e apsorbuje ugljen-dioksid iz okoline i koristi ga za formiranje stabla, grana, li\u0161c\u0301a i plodova. Tokom ovog procesa, kiseonik se proizvodi i ispu\u0161ta u atmosferu. U meksi\u010dkoj dr\u017eavi \u010cijapas je otkriveno da prose\u010dno drvo manga mo\u017ee da apsorbuje sedam puta vi\u0161e ugljenika nego \u0161to se emituje.<\/span><\/p>\n<p><span style=\"font-weight: 400;\">Zbog ove jedinstvene sposobnosti da apsorbuje vi\u0161ak ugljen-dioksida, u hinduisti\u010dkim kulturama listovi manga (u kombinaciji sa cvetovima nevena) se koriste kao ukrasi poput venaca za ukra\u0161avanje vrata domova na svim glavnim hinduisti\u010dkim festivalima i tokom velikih verskih okupljanja i sve\u010danosti.<\/span><\/p>\n<p><span style=\"font-weight: 400;\">Tradicionalno, listovi manga se koriste za prirodne lekove kao \u0161to su le\u010denje dijareje, dizenterije, poremec\u0301aja gastrointestinalnog trakta, skorbuta, tifusne groznice, upale grla i kao sredstvo protiv groznice.<\/span><\/p>\n<p><span style=\"font-weight: 400;\">Istra\u017eivanja su pokazala antibakterijska i antisepti\u010dka svojstva listova manga i zaklju\u010dila da je upotreba listova manga dobar kuc\u0301ni lek za odr\u017eavanje oralne higijene.<\/span><\/p>\n<p><span style=\"font-weight: 400;\">Prijavljene aktivnosti uklju\u010duju antiinflamatorne, antioksidativne, antihiperglikemijske, antiulcerogene i antihipertenzivne agense. U narodnim lekovima, odvar od li\u0161c\u0301a je kori\u0161c\u0301en kao stoma\u010dni lek protiv dijareje i urogenitalnih upala, bronhitisa i astme, a za spolja\u0161nju upotrebu, za kupanje ili umivanje protiv \u0161uge i sifilisa.<\/span><\/p>\n<h3><b>Mango ulje i prednosti<\/b><\/h3>\n<p><span style=\"font-weight: 400;\">Listovi manga su bogati raznim hranljivim materijama. Sadr\u017ee tanine, antioksidante, flavonoide, vitamine A, B i C i fenolna jedinjenja koja mogu pomoc\u0301i u kontroli dijabetesa i smanjenju krvnog pritiska. Imaju moc\u0301na antioksidativna svojstva zbog visokog sadr\u017eaja flavonoida i fenola. Pored toga, pokazalo se da listovi manga imaju sna\u017ena anti-gljivi\u010dna i antiinflamatorna svojstva. Kada se zgnje\u010de, listovi emituju miris i ukus nalik terpentinu. Listovi manga se tako\u0111e mogu osu\u0161iti i koristiti za pravljenje \u010daja.<\/span><\/p>\n<p><span style=\"font-weight: 400;\">Ulje manga, koje se dobija parnom destilacijom listova, boje je bele do \u017euc\u0301kaste, i ima viskoznu strukturu na sobnoj temperaturi. Ovo prirodno ulje je ulje koje se ne su\u0161i, jer sadr\u017ei manje od 20% polinezasic\u0301enih masnih kiselina &#8211; \u0161to je vec\u0301i sadr\u017eaj polinezasic\u0301enih masnih kiselina (npr. linolna ili linolenska kiselina), to se ulje br\u017ee su\u0161i na vazduhu. Ovo \u010dini ulje manga pogodnijim za suvu, ispucalu i zrelu ko\u017eu. Za masniju ko\u017eu, ulje bi trebalo da vi\u0161e su\u0161i.<\/span><\/p>\n<h3><b>Mango ulje za negu ko\u017ee<\/b><\/h3>\n<p><span style=\"font-weight: 400;\">Mango ulje se koristi kao prirodna za\u0161tita i ishrana za ko\u017eu. Brzo upija i ne ostavlja mastan sjaj na ko\u017ei.<\/span><\/p>\n<p><span style=\"font-weight: 400;\">Kao va\u017ean deo op\u0161te nege ko\u017ee, ulje manga pru\u017ea optimalnu za\u0161titu za suvu i osetljivu ko\u017eu. Mango ulje je \u010dist i neprera\u0111en proizvod i stoga je pogodan i za preosetljivu ko\u017eu. Stanja ko\u017ee kao \u0161to su psorijaza i ekcem mogu imati velike koristi od upotrebe ulja od manga. Ulje hrani, \u0161titi i popravlja o\u0161tec\u0301enu ko\u017eu, i generalno je veoma pogodno za svakodnevnu negu i hidrataciju suve ko\u017ee, kao i za za\u0161titnu negu osetljivijih podru\u010dja kao \u0161to su usne.<\/span><\/p>\n<p><b><i>Inhibira akne &#8211;<\/i><\/b><span style=\"font-weight: 400;\"> Redovna upotreba esencijalnog ulja manga kao pilinga, mo\u017ee efikasno inhibirati akne. Kako se ulje upija u ko\u017eu, ono vla\u017ei bez za\u010depljenja pora.<\/span><\/p>\n<p><b><i>Umiruje ujede insekata &#8211;<\/i><\/b><span style=\"font-weight: 400;\"> Ujedi insekata se mogu efikasno le\u010diti eteri\u010dnim uljem manga. Poma\u017ee u ubla\u017eavanju upale i spre\u010davanju svraba ko\u017ee. \u0160tavi\u0161e, tako\u0111e je pogodno sredstvo za le\u010denje opekotina od sunca i manjih rana ili povreda.<\/span><\/p>\n<p><b><i>Protiv starenja &#8211;<\/i><\/b><span style=\"font-weight: 400;\"> Jo\u0161 jedna prednost antioksidativnog dejstva etarskog ulja manga je to \u0161to stimuli\u0161e proizvodnju zdravih c\u0301elija, vla\u017ei i zagla\u0111uje ko\u017eu i daje joj mladala\u010dki izgled.<\/span><\/p>\n<h3><b>Mango ulje za negu kose<\/b><\/h3>\n<p><span style=\"font-weight: 400;\">Masne kiseline sa vitaminima A, C i E, imaju sposobnost da hrane, vla\u017ee i \u010dak oja\u010davaju kosu. Vekovima se ulje koristi za ja\u010danje folikula kose, povec\u0301anje volumena i smanjenje gubitka kose. \u0160titi od \u0161tetnih UV zraka i o\u0161tec\u0301enja koja mogu biti prouzrokovana kosi i ko\u017ei glave. Eteri\u010dno ulje manga se preporu\u010duje za odr\u017eavanje zdrave kose i vlasi\u0161ta.<\/span><\/p>\n","protected":false},"excerpt":{"rendered":"<p><span style=\"font-weight: 400;\"><strong>Brend<\/strong>: Nefertiti prirodna ulja i biljke<br \/>\n<\/span><span style=\"font-weight: 400;\"><strong>Zemlja porekla<\/strong>: Egipat<br \/>\n<\/span><span style=\"font-weight: 400;\"><strong>Botani\u010dki naziv<\/strong>: Mangifera indica<br \/>\n<\/span><span style=\"font-weight: 400;\"><strong>Porodica:<\/strong> Anacardiaceae<br \/>\n<\/span><span style=\"font-weight: 400;\"><strong>INCI<\/strong>: Mangifera Indica \u010disto aromati\u010dno ulje<br \/>\n<\/span><span style=\"font-weight: 400;\"><strong>Kori\u0161c\u0301ene komponente<\/strong>: listovi<br \/>\n<\/span><span style=\"font-weight: 400;\"><strong>Metoda ekstrakcije:<\/strong> Destilacija vodenom parom<br \/>\n<\/span><span style=\"font-weight: 400;\"><strong>Miris<\/strong>: sladak i ukusno tropski<br \/>\n<\/span><span style=\"font-weight: 400;\"><strong>Izgled<\/strong>: Bela do \u017euc\u0301kasta<br \/>\n<\/span><span style=\"font-weight: 400;\"><strong>Agregatno stanje<\/strong>: Te\u010dnost<br \/>\n<\/span><span style=\"font-weight: 400;\"><strong>Prirodno<\/strong>: Da<br \/>\n<\/span><span style=\"font-weight: 400;\"><strong>\u010cistoc\u0301a<\/strong>: 100% \u010distoc\u0301a<br \/>\n<\/span><span style=\"font-weight: 400;\"><strong>Sertifikati<\/strong>: ISO &amp; MSDS<br \/>\n<\/span><span style=\"font-weight: 400;\"><strong>Sastav<\/strong>: \u010disto aroma ulje<br \/>\n<\/span><span style=\"font-weight: 400;\"><strong>Dostava<\/strong>: Izra\u010dunava se na blagajni<\/span><\/p>\n","protected":false},"featured_media":275496,"comment_status":"open","ping_status":"closed","template":"","meta":[],"product_brand":[],"product_cat":[1132],"product_tag":[],"class_list":{"0":"post-261389","1":"product","2":"type-product","3":"status-publish","4":"has-post-thumbnail","6":"product_cat-aroma-oils-uk-sr","7":"pa_bottle-size-125-ml-sr-2","8":"pa_bottle-size-250ml-sr","9":"pa_bottle-size-50ml-sr","11":"first","12":"instock","13":"sale","14":"shipping-taxable","15":"purchasable","16":"product-type-variable","17":"has-default-attributes"},"_links":{"self":[{"href":"https:\/\/nefertiti-eg.com\/sr\/wp-json\/wp\/v2\/product\/261389","targetHints":{"allow":["GET"]}}],"collection":[{"href":"https:\/\/nefertiti-eg.com\/sr\/wp-json\/wp\/v2\/product"}],"about":[{"href":"https:\/\/nefertiti-eg.com\/sr\/wp-json\/wp\/v2\/types\/product"}],"replies":[{"embeddable":true,"href":"https:\/\/nefertiti-eg.com\/sr\/wp-json\/wp\/v2\/comments?post=261389"}],"wp:featuredmedia":[{"embeddable":true,"href":"https:\/\/nefertiti-eg.com\/sr\/wp-json\/wp\/v2\/media\/275496"}],"wp:attachment":[{"href":"https:\/\/nefertiti-eg.com\/sr\/wp-json\/wp\/v2\/media?parent=261389"}],"wp:term":[{"taxonomy":"product_brand","embeddable":true,"href":"https:\/\/nefertiti-eg.com\/sr\/wp-json\/wp\/v2\/product_brand?post=261389"},{"taxonomy":"product_cat","embeddable":true,"href":"https:\/\/nefertiti-eg.com\/sr\/wp-json\/wp\/v2\/product_cat?post=261389"},{"taxonomy":"product_tag","embeddable":true,"href":"https:\/\/nefertiti-eg.com\/sr\/wp-json\/wp\/v2\/product_tag?post=261389"}],"curies":[{"name":"wp","href":"https:\/\/api.w.org\/{rel}","templated":true}]}}