{"id":261397,"date":"2019-08-23T19:36:27","date_gmt":"2019-08-23T17:36:27","guid":{"rendered":"https:\/\/nefertiti-eg.com\/shop\/\u043d\u0435\u043a\u0430\u0442\u0435\u0433\u043e\u0440\u0438\u0437\u043e\u0432\u0430\u043d\u043e\/violet-oil\/"},"modified":"2023-08-24T16:00:18","modified_gmt":"2023-08-24T13:00:18","slug":"violet-oil","status":"publish","type":"product","link":"https:\/\/nefertiti-eg.com\/sr\/shop\/aroma-oils-uk-sr\/violet-oil\/","title":{"rendered":"Ulje ljubi\u010dice"},"content":{"rendered":"<p><span style=\"font-weight: 400;\">Viola odorata, poznata i kao Slatka Ljubi\u010dica, Engleska Ljubi\u010dica, Drvena Ljubi\u010dica i Ba\u0161tenska Ljubi\u010dica, ima slatko umirujuc\u0301u, toplu, puderastu cvetnu aromu, za koju se zna da smanjuje stres i anksioznost, i simbolizuje skromnost, kao i istinu i odanost. Ljubi\u010dica je izvedena iz stare francuske re\u010di \u201eviolet\u201c, koja je sama po sebi bila od latinske re\u010di \u201eviola\u201c, \u0161to zna\u010di cvet ljubi\u010dice. Cvetovi viole odorate su tako\u0111e jestivi, a koriste se za ukra\u0161avanje deserta i salata, kandiranih ili za aromatiziranje sirupa i likera. Listovi se mogu dodati u salatu, a kada se dodaju u supu imaju efekat zgu\u0161njavanja. Prema legendi, Sveti Valentin je koristio mastilo napravljeno od ljubi\u010dica koje je uzgajao da bi napisao svoje ljubavne bele\u0161ke. Miris ljubi\u010dice bio je posebno popularan tokom kasnog viktorijanskog perioda, a ulje je \u201ezelena\u201c nota u parfemskoj paleti aromatika, i su\u0161tinska nota u svetu parfimerije. Ina\u010de, ljubi\u010dice su cvet meseca februara.<\/span><\/p>\n<h3><b>Poreklo ljubi\u010dice i karakteristike<\/b><\/h3>\n<p><span style=\"font-weight: 400;\">Postoji oko 500 vrsta ljubi\u010dica i za sve se ka\u017ee da imaju terapeutska svojstva, ali od svih njih najsla\u0111e miri\u0161e Viola Odorata ili Slatka ljubi\u010dica. Biljka je mala nisko rastuc\u0301a sa krznenim listovima u obliku srca, koji obi\u010dno nose ne\u017ene plavo-ljubi\u010daste cvetove sa pet ovalnih latica, iako cvetovi mogu biti i beli, lila ili ru\u017ei\u010dasti. Poreklom je iz Evrope, severne Afrike i zapadne Azije, iako se vec\u0301ina proizvodnje sada prvenstveno obavlja u Egiptu. Ulje ljubi\u010dice se proizvodi u Egiptu od po\u010detka 20. veka, a ljubi\u010dica se sadi pored kukuruza kako bi se za\u0161titila od jakog egipatskog sunca. Ulje se ekstrahuje iz cvetova i listova metodom parne destilacije.<\/span><\/p>\n<p><span style=\"font-weight: 400;\">Ka\u017eu da su ljubi\u010dicu prvobitno uzgajali stari Grci 500 godina pre nove ere, i koristili su je u receptima za hranu, vinu, ljubavnim napitcima i lekovima, a tako\u0111e su je u\u010dinili simbolom Atine. Ljubi\u010dicu su koristili srednjovekovni travari zbog njenih lekovitih svojstava, a stari Britanci kao kozmeti\u010dko sredstvo zbog svoje sposobnosti da poma\u017ee kod razli\u010ditih ko\u017enih oboljenja. Dobro je poznat u ajurvedskoj i unani medicini, a tradicionalno se koristio, i u Evropi, za le\u010denje velikog ka\u0161lja i drugih respiratornih tegoba, groznice, upale grla i upale krajnika. U staroj Gr\u010dkoj se koristio kao lek za glavobolju i vrtoglavicu, a od 16. veka njegova upotreba u pomo\u0107i protiv bolova bila je \u0161iroka, \u0161to nije iznena\u0111ujuc\u0301e jer sadr\u017ei salicilnu kiselinu, koja je glavni sastojak nekih od najpopularnijih lekova protiv bolova bez recepta.<\/span><\/p>\n<h3><b>Ulje ljubi\u010dice i njegove prednosti<\/b><\/h3>\n<p><span style=\"font-weight: 400;\">Ljubi\u010dica ima mno\u0161tvo upotreba i prednosti, jer je omek\u0161iva\u010d, analgetik, sedativ, ima antiinflamatorni, antioksidativni, antibakterijski, antifungalni efekat, tako\u0111e je i ekspektorans, dekongestiv, dijaforetik, antipiretik, febrifuga i repelent za insekte. Ulje ljubi\u010dice ne treba nanositi direktno na ko\u017eu, vec\u0301 ga treba razbla\u017eiti u osnovnom ulju, kao \u0161to je jojoba, kokosovo, bademovo ili maslinovo ulje.<\/span><\/p>\n<h3><b>Ulje ljubi\u010dice podsti\u010de zdravlje ko\u017ee<\/b><\/h3>\n<p><span style=\"font-weight: 400;\">Eteri\u010dno ulje ljubi\u010dice je veoma blago i ne\u017eno za ko\u017eu, a njegova umirujuc\u0301a, rashladna i antiinflamatorna svojstva poma\u017eu u le\u010denju razli\u010ditih stanja ko\u017ee. Kao hidratantno sredstvo i omek\u0161iva\u010d mo\u017ee pomoc\u0301i u smirivanju stanja kao \u0161to su ekcem, dermatitis, rozacea i psorijaza, suvoc\u0301a, svrab ili op\u0161te crvenilo i upala. U slu\u010daju akni, njegova antibakterijska i antimikrobna svojstva c\u0301e obezbediti da se svaka infekcija ukloni sa ko\u017ee i zate\u017ee pro\u0161irene pore. Ulje ljubi\u010dice mo\u017ee \u010dak efikasno smanjiti pojavu vena. Kako ovo ulje stimuli\u0161e cirkulaciju krvi, korisno je sredstvo u tretiranju i prevenciji celulita i edema, a rashla\u0111uje i umiruje modrice. Zbog svog umirujuc\u0301eg i opu\u0161tajuc\u0301eg dejstva, ulje ljubi\u010dice je veoma efikasno protiv ko\u017enih poremec\u0301aja povezanih sa stresom.<\/span><\/p>\n<h3><b>Ulje ljubi\u010dice olak\u0161ava respiratorni trakt<\/b><\/h3>\n<p><span style=\"font-weight: 400;\">Ulje ljubi\u010dice mo\u017ee biti od velike pomoc\u0301i za ubla\u017eavanje respiratornih simptoma povezanih sa prehladom, gripom, sinusitisom, bronhitisom i sezonskim alergijama kao \u0161to su astma i peludna groznica, istovremeno pru\u017eajuc\u0301i olak\u0161anje bolova. Kao prirodni ekspektorans i dekongestiv,\u00a0 pomoc\u0301i \u0107e i u osloba\u0111anju vi\u0161ka sluzi u disajnim i nazalnim putevima, i smanjiti upalu pluc\u0301a, \u010dime c\u0301e osigurati lak\u0161e disanje i smanjiti simptome kao \u0161to je ka\u0161alj.<\/span><\/p>\n<h3><b>Ulje ljubi\u010dice za stopala<\/b><\/h3>\n<p><span style=\"font-weight: 400;\">Rashla\u0111ujuc\u0301a, antiinflamatorna, antibakterijska, antigljivi\u010dna, hidratantna i umirujuc\u0301a svojstva ulja ljubi\u010dice mogu u\u010diniti \u010duda za stopala. Umorna i bolna stopala se trenutno osloba\u0111aju i umiruju. Suva, tvrda i o\u0161tec\u0301ena ko\u017ea se vla\u017ei, a atletsko stopalo, gljivi\u010dne infekcije noktiju, posekotine i ogrebotine se smiruju i prolaze.<\/span><\/p>\n<h3><b>Ulje ljubi\u010dice odbija komarce<\/b><\/h3>\n<p><span style=\"font-weight: 400;\">Istra\u017eivanja pokazuju da je ulje ljubi\u010dice zna\u010dajan repelent protiv testiranih vrsta komaraca, uklju\u010dujuc\u0301i Aedes aegipti (komarac koji nosi \u017eutu groznicu), Anopheles stephensi (komarac koji nosi malariju) i Culek kuinkuefasciatus (poznat kao komarac ju\u017ene kuc\u0301e i ozlogla\u0161en zbog svoje noc\u0301ne navike ujedanja). Pokazalo se da pru\u017ea za\u0161titu do 8 sati.<\/span><\/p>\n<h3><b>Kako koristiti eteri\u010dno ulje ljubi\u010dice<\/b><\/h3>\n<p><span style=\"font-weight: 400;\">Nau\u010dite kako da iskoristite prednosti ovog neverovatnog ulja tako \u0161to c\u0301ete ga raspr\u0161iti ili primeniti lokalno.<\/span><\/p>\n<p><b><i>Respiratorno olak\u0161anje:<\/i><\/b><span style=\"font-weight: 400;\"> Dodajte nekoliko kapi u ispariva\u010d ili difuzor. Dodajte nekoliko kapi u toplu kupku i udahnite paru, i u\u017eivajte u kadi smirujuc\u0301i telo i um. Dodajte nekoliko kapi u posudu sa vruc\u0301om vodom, stavite pe\u0161kir preko glave i udahnite, vodec\u0301i ra\u010duna da lice ne bude previ\u0161e blizu vruc\u0301e pare.<\/span><\/p>\n<p><b><i>Za olak\u0161anje bolova:<\/i><\/b><span style=\"font-weight: 400;\"> Dodajte nekoliko kapi ulja u vruc\u0301u kupku i dozvolite da analgetska svojstva umire bolove. Dodajte nekoliko kapi u osnovno ulje (kao \u0161to je jojoba, kokos, badem ili maslinovo) i ne\u017eno umasirajte u zahvac\u0301eno podru\u010dje. Dodajte nekoliko kapi u ispariva\u010d ili difuzor da biste ubla\u017eili glavobolju ili migrenu.<\/span><\/p>\n<p><b><i>Nega ko\u017ee:<\/i><\/b><span style=\"font-weight: 400;\"> Razbla\u017eite sa osnovnim uljem (kao \u0161to je jojoba, kokos ili badem) i nanesite na zahvac\u0301eno podru\u010dje. Tako\u0111e mo\u017eete dodati nekoliko kapi svom redovnom proizvodu za negu ko\u017ee.<\/span><\/p>\n<p><b><i>Za stopala:<\/i><\/b><span style=\"font-weight: 400;\"> Dodajte nekoliko kapi u osnovno ulje i umasirajte u tabane i zahvac\u0301ena podru\u010dja (pete, nokte, itd.). Dodajte nekoliko kapi u posudu tople vode i potopite stopala.<\/span><\/p>\n<h3><b>Ulje ljubi\u010dice i aromaterapija<\/b><\/h3>\n<p><span style=\"font-weight: 400;\">Ulje ljubi\u010dice izuzetno smiruje, umiruje, i balansira. Elimini\u0161e stres, smiruje nerve i otklanja mentalni umor. Promovi\u0161e inspiraciju i refleksiju. Poznat po tome \u0161to podsti\u010de mir i spokoj tokom meditacije. Smatra se da je ute\u0161no kada se nosite sa tugom ili gubitkom, podsti\u010duc\u0301i prihvatanje promene i nezavisnost.<\/span><\/p>\n<h3><b>Ulje ljubi\u010dice podsti\u010de mentalno zdravlje<\/b><\/h3>\n<p><span style=\"font-weight: 400;\">Svojim prirodnim umirujuc\u0301im i terapeutskim svojstvima, ulje ljubi\u010dice mo\u017ee pomoc\u0301i u ubla\u017eavanju stresa, umora, nivoa anksioznosti i iscrpljenosti, plus glavobolje, migrene i uko\u010denost vrata povezanih sa napeto\u0161c\u0301u. Promovi\u0161uc\u0301i smirenost, spokoj i opu\u0161tanje, mo\u017ee pobolj\u0161ati va\u0161e mentalno zdravlje.<\/span><\/p>\n<h3><b>Ulje ljubi\u010dice kao moc\u0301an afrodizijak<\/b><\/h3>\n<p><span style=\"font-weight: 400;\">Seksualna disfunkcija i problemi u spavac\u0301oj sobi \u010desto mogu biti posledica stresa. Emocionalno podi\u017euc\u0301i i stimuli\u0161uc\u0301i opu\u0161tanje, ulje ljubi\u010dice mo\u017ee pomoc\u0301i da pobolj\u0161ate va\u0161 libido i prevazi\u0111ete sve pote\u0161koc\u0301e uzrokovane stresom ili anksiozno\u0161c\u0301u.<\/span><\/p>\n<h3><b>Ulje ljubi\u010dice poma\u017ee u le\u010denju nesanice<\/b><\/h3>\n<p><span style=\"font-weight: 400;\">Dobar noc\u0301ni san je neophodan za odr\u017eavanje vitalnih organa i pravilno funkcionisanje tela, jer telo koristi sa\u010duvanu energiju da se popravi, oporavi i napun energijom. Miran san nam omoguc\u0301ava da budemo fizi\u010dki i mentalno sposobni za obavljanje svakodnevnih zadataka. Osloba\u0111anjem napetosti i stresa i promovisanjem smirenosti i opu\u0161tanja, aroma esencijalnog ulja ljubi\u010dice mo\u017ee pomoc\u0301i u mirnom noc\u0301nom snu i prirodni je lek za nesanicu ili poremec\u0301aje sna.<\/span><\/p>\n<p><b><i>Kako koristiti:<\/i><\/b><span style=\"font-weight: 400;\"> Dodajte nekoliko kapi u ispariva\u010d ili difuzor.<\/span><\/p>\n","protected":false},"excerpt":{"rendered":"<p><span style=\"font-weight: 400;\"><strong>Brend<\/strong>: Nefertiti prirodna ulja i biljke<br \/>\n<\/span><span style=\"font-weight: 400;\"><strong>Zemlja porekla<\/strong>: Egipat<br \/>\n<\/span><span style=\"font-weight: 400;\"><strong>Botani\u010dki naziv<\/strong>: Viola odorata<br \/>\n<\/span><span style=\"font-weight: 400;\"><strong>Porodica<\/strong>: Violaceae<br \/>\n<\/span><span style=\"font-weight: 400;\"><strong>INCI<\/strong>: Viola Odorata Pure Aroma Oil<br \/>\n<\/span><span style=\"font-weight: 400;\"><strong>Kori\u0161c\u0301ene komponente<\/strong>: cvetovi i koreni<br \/>\n<\/span><span style=\"font-weight: 400;\"><strong>Metoda ekstrakcije<\/strong>: Destilacija vodenom parom<br \/>\n<\/span><span style=\"font-weight: 400;\"><strong>Miris<\/strong>: Delikatan tipi\u010dno cvetni<br \/>\n<\/span><span style=\"font-weight: 400;\"><strong>Izgled<\/strong>: zelenkasto braon<br \/>\n<\/span><span style=\"font-weight: 400;\"><strong>Agregatno stanje<\/strong>: Te\u010dnost<br \/>\n<\/span><span style=\"font-weight: 400;\"><strong>Prirodno<\/strong>: Da<br \/>\n<\/span><span style=\"font-weight: 400;\"><strong>\u010cistoc\u0301a<\/strong>: 100% \u010distoc\u0301a<br \/>\n<\/span><span style=\"font-weight: 400;\"><strong>Sertifikati<\/strong>: ISO &amp; MSDS<br \/>\n<\/span><span style=\"font-weight: 400;\"><strong>Sastav<\/strong>: \u010disto aroma ulje<br \/>\n<\/span><span style=\"font-weight: 400;\"><strong>Dostava<\/strong>: Izra\u010dunava se na blagajni<\/span><\/p>\n","protected":false},"featured_media":275658,"comment_status":"open","ping_status":"closed","template":"","meta":[],"product_brand":[],"product_cat":[1132],"product_tag":[],"class_list":{"0":"post-261397","1":"product","2":"type-product","3":"status-publish","4":"has-post-thumbnail","6":"product_cat-aroma-oils-uk-sr","7":"pa_bottle-size-125-ml-sr-2","8":"pa_bottle-size-250ml-sr","9":"pa_bottle-size-50ml-sr","11":"first","12":"instock","13":"sale","14":"shipping-taxable","15":"purchasable","16":"product-type-variable","17":"has-default-attributes"},"_links":{"self":[{"href":"https:\/\/nefertiti-eg.com\/sr\/wp-json\/wp\/v2\/product\/261397","targetHints":{"allow":["GET"]}}],"collection":[{"href":"https:\/\/nefertiti-eg.com\/sr\/wp-json\/wp\/v2\/product"}],"about":[{"href":"https:\/\/nefertiti-eg.com\/sr\/wp-json\/wp\/v2\/types\/product"}],"replies":[{"embeddable":true,"href":"https:\/\/nefertiti-eg.com\/sr\/wp-json\/wp\/v2\/comments?post=261397"}],"wp:featuredmedia":[{"embeddable":true,"href":"https:\/\/nefertiti-eg.com\/sr\/wp-json\/wp\/v2\/media\/275658"}],"wp:attachment":[{"href":"https:\/\/nefertiti-eg.com\/sr\/wp-json\/wp\/v2\/media?parent=261397"}],"wp:term":[{"taxonomy":"product_brand","embeddable":true,"href":"https:\/\/nefertiti-eg.com\/sr\/wp-json\/wp\/v2\/product_brand?post=261397"},{"taxonomy":"product_cat","embeddable":true,"href":"https:\/\/nefertiti-eg.com\/sr\/wp-json\/wp\/v2\/product_cat?post=261397"},{"taxonomy":"product_tag","embeddable":true,"href":"https:\/\/nefertiti-eg.com\/sr\/wp-json\/wp\/v2\/product_tag?post=261397"}],"curies":[{"name":"wp","href":"https:\/\/api.w.org\/{rel}","templated":true}]}}